{"id":982,"date":"2012-10-18T10:02:18","date_gmt":"2012-10-18T08:02:18","guid":{"rendered":"http:\/\/www.survival.edu.pl\/wp-index.php\/?page_id=982"},"modified":"2017-10-09T12:30:31","modified_gmt":"2017-10-09T10:30:31","slug":"bol","status":"publish","type":"page","link":"https:\/\/www.survival.edu.pl\/wp-index.php\/?page_id=982","title":{"rendered":"B\u00f3l"},"content":{"rendered":"<p style=\"text-align: justify;\">B\u00f3l jest alarmem odbieranym przez m\u00f3zg i podawanym \u015bwiadomo\u015bci, \u017ce z jakim\u015b naszym kawa\u0142kiem jest co\u015b nie w porz\u0105dku. Trzeba si\u0119 zatrzyma\u0107 i po\u015bwi\u0119ci\u0107 temu chwil\u0119 czasu. Przynajmniej na pocz\u0105tek. Ten proces jest istotny ze wzgl\u0119du na proces gojenia. Zaniedbane uszkodzenie zwi\u0119ksza sw\u00f3j poziom, a\u017c do ca\u0142kowitej nieu\u017cyteczno\u015bci. Organizm sam chroni swoje najcenniejsze cz\u0119\u015bci przed tym, by sta\u0142y si\u0119 nieu\u017cyteczne w taki spos\u00f3b, \u017ce szczeg\u00f3lnych momentach nat\u0119\u017cenie b\u00f3lu ca\u0142kowicie nas parali\u017cuje.<\/p>\n<p style=\"text-align: justify;\">W niekt\u00f3rych przypadkach b\u00f3l potrafi si\u0119 zmniejszy\u0107 do takiego stopnia, by jakie\u015b narz\u0105dy mog\u0142y jednak popracowa\u0107 &#8222;na niskim biegu&#8221;. Wiele os\u00f3b jednak nie radzi sobie z b\u00f3lem. Czasem bol\u0105cy narz\u0105d potrafi zepsu\u0107 ca\u0142\u0105 akcj\u0119 ratownicz\u0105, bowiem nie jeste\u015bmy wstanie wykona\u0107 czynno\u015bci, kt\u00f3ra ostatecznie uratuje nam \u017cycie. Bywa, \u017ce niekt\u00f3re jednostki sta\u0107 na zrobienie tak olbrzymiego wysi\u0142ku swojej woli, \u017ce dzia\u0142aj\u0105 mimo piekielnego b\u00f3lu, ryzykuj\u0105c jeszcze wi\u0119ksze zniszczenia organizmu, ale zachowuj\u0105c swoje lub czyje\u015b \u017cycie.<\/p>\n<p style=\"text-align: justify;\">Innym problemem jest b\u00f3l mo\u017ce nie tak intensywny, ale za to <span style=\"color: #ff9900;\">chroniczny<\/span>, czyli bardzo d\u0142ugo trwaj\u0105cy. Taki b\u00f3l potrafi silnie os\u0142abi\u0107 nasze si\u0142y \u017cyciowe. Zw\u0142aszcza, \u017ce d\u0142ugotrwa\u0142y (np. ko\u0142o roku) b\u00f3l ma tendencje do utrwalania si\u0119 w pami\u0119ci neuron\u00f3w i cz\u0142owiek mo\u017ce go odczuwa\u0107, mimo \u017ce jego \u017ar\u00f3d\u0142o wygas\u0142o&#8230;<\/p>\n<hr width=\"50%\" \/>\n<p style=\"text-align: justify;\">Zawsze mo\u017cemy podj\u0105\u0107 podstawow\u0105 decyzj\u0119, czyli zaj\u0105\u0107 si\u0119 usuni\u0119ciem przyczyny b\u00f3lu. Bywa, \u017ce jest to bardzo trudne. Ot, cho\u0107by to, \u017ce aby znale\u017a\u0107 si\u0119 u lekarza musimy najpierw wydosta\u0107 si\u0119 z do\u0142u, do kt\u00f3rego wpadli\u015bmy, a potem przeby\u0107 ca\u0142\u0105, trudn\u0105 drog\u0119, aby tam w og\u00f3le trafi\u0107. Powinni\u015bmy zapewni\u0107 bol\u0105cemu miejscu brak kolejnych ura\u017ce\u0144 oraz maksymalne oszcz\u0119dzanie. No i dobrze by by\u0142o, zw\u0142aszcza przy braku \u015brodk\u00f3w przeciwb\u00f3lowych, aby <a href=\"http:\/\/www.survival.edu.pl\/wp-index.php\/?page_id=2753\"><span style=\"text-decoration: underline;\">wytrzyma\u0107 b\u00f3l<\/span><\/a>.<\/p>\n<hr width=\"50%\" \/>\n<p style=\"text-align: justify;\">Z drugiej strony&#8230; Czy rozumiemy fakt, \u017ce ogarni\u0119ci b\u00f3lem, skoncentrowani na b\u00f3lu, funkcjonujemy zupe\u0142nie inaczej?, \u017ce zupe\u0142nie inaczej my\u015blimy?<\/p>\n<p style=\"text-align: justify;\">Aby nie ponosi\u0107 pora\u017cek, aby nie przynosi\u0107 szkody &#8222;rzeczywisto\u015bci&#8221;, trzeba umie\u0107 zda\u0107 sobie spraw\u0119 z w\u0142asnego stanu, to za\u015b pomaga w tzw. &#8222;ogarni\u0119ciu si\u0119&#8221;. To wynik w\u0142asnej dojrza\u0142o\u015bci. Je\u017celi wykorzystujemy nasz b\u00f3l jako &#8222;spo\u0142eczny sygna\u0142&#8221; (zwracanie na siebie uwagi, oczekiwanie wsp\u00f3\u0142czucia, robienie z siebie bohatera), w\u00f3wczas \u2014 jedynie \u2014 dla samozaspokojenia zrzucamy z siebie odpowiedzialno\u015bc za dalsze wydarzenia&#8230;<\/p>\n","protected":false},"excerpt":{"rendered":"<p>B\u00f3l jest alarmem odbieranym przez m\u00f3zg i podawanym \u015bwiadomo\u015bci, \u017ce z jakim\u015b naszym kawa\u0142kiem jest co\u015b nie w porz\u0105dku. Trzeba si\u0119 zatrzyma\u0107 i po\u015bwi\u0119ci\u0107 temu chwil\u0119 czasu. Przynajmniej na pocz\u0105tek. Ten proces jest istotny ze wzgl\u0119du na proces gojenia. Zaniedbane &hellip; <a class=\"more-link\" href=\"https:\/\/www.survival.edu.pl\/wp-index.php\/?page_id=982\">Czytaj dalej <span class=\"meta-nav\">&rarr;<\/span><\/a><\/p>\n","protected":false},"author":2,"featured_media":0,"parent":957,"menu_order":0,"comment_status":"closed","ping_status":"closed","template":"","meta":[],"_links":{"self":[{"href":"https:\/\/www.survival.edu.pl\/wp-index.php\/index.php?rest_route=\/wp\/v2\/pages\/982"}],"collection":[{"href":"https:\/\/www.survival.edu.pl\/wp-index.php\/index.php?rest_route=\/wp\/v2\/pages"}],"about":[{"href":"https:\/\/www.survival.edu.pl\/wp-index.php\/index.php?rest_route=\/wp\/v2\/types\/page"}],"author":[{"embeddable":true,"href":"https:\/\/www.survival.edu.pl\/wp-index.php\/index.php?rest_route=\/wp\/v2\/users\/2"}],"replies":[{"embeddable":true,"href":"https:\/\/www.survival.edu.pl\/wp-index.php\/index.php?rest_route=%2Fwp%2Fv2%2Fcomments&post=982"}],"version-history":[{"count":17,"href":"https:\/\/www.survival.edu.pl\/wp-index.php\/index.php?rest_route=\/wp\/v2\/pages\/982\/revisions"}],"predecessor-version":[{"id":5992,"href":"https:\/\/www.survival.edu.pl\/wp-index.php\/index.php?rest_route=\/wp\/v2\/pages\/982\/revisions\/5992"}],"up":[{"embeddable":true,"href":"https:\/\/www.survival.edu.pl\/wp-index.php\/index.php?rest_route=\/wp\/v2\/pages\/957"}],"wp:attachment":[{"href":"https:\/\/www.survival.edu.pl\/wp-index.php\/index.php?rest_route=%2Fwp%2Fv2%2Fmedia&parent=982"}],"curies":[{"name":"wp","href":"https:\/\/api.w.org\/{rel}","templated":true}]}}