{"id":957,"date":"2012-10-18T09:34:52","date_gmt":"2012-10-18T07:34:52","guid":{"rendered":"http:\/\/www.survival.edu.pl\/wp-index.php\/?page_id=957"},"modified":"2015-12-24T13:42:44","modified_gmt":"2015-12-24T11:42:44","slug":"fizjologia","status":"publish","type":"page","link":"https:\/\/www.survival.edu.pl\/wp-index.php\/?page_id=957","title":{"rendered":"Fizjologia"},"content":{"rendered":"<p style=\"text-align: justify;\">To trudny dzia\u0142. Nie da si\u0119 ple\u015b\u0107 o fizjologii byle jak. \u017bycie naszego cia\u0142a zwi\u0105zane jest z mas\u0105 proces\u00f3w, kt\u00f3rymi zajmuj\u0105 si\u0119 rozmaite kom\u00f3rki, tkanki i organy. Ich te\u017c jest mn\u00f3stwo. Tylko g\u0142upcy nie interesuj\u0105 si\u0119 tym, jak dzia\u0142a ich cia\u0142o, co od czego zale\u017cy i po czym to pozna\u0107. Poniewa\u017c g\u0142upc\u00f3w jest wielu, dlatego inni musz\u0105 si\u0119 dodatkowo szkoli\u0107, by wydobywa\u0107 ich z tarapat\u00f3w wynikaj\u0105cych z ich nie\u015bwiadomo\u015bci&#8230;<\/p>\n<p style=\"text-align: justify;\">To tak\u017ce MY robimy&#8230;<\/p>\n<hr width=\"50%\" \/>\n<p style=\"text-align: justify;\">Fizjologia daje nam si\u0119 dobrze pozna\u0107, kiedy co\u015b si\u0119 dzieje. Kiedy skaleczymy palec, kiedy skr\u0119cimy stop\u0119, kiedy m\u0119czy nas kaszel&#8230; Nie zastanawiamy si\u0119 wcale nad tym, \u017ce kiedy si\u0119 denerwujemy \u2013\u00a0fizjologia zg\u0142asza si\u0119 od razu do roboty. Kiedy czujemy l\u0119k \u2013\u00a0tak\u017ce. Jest obecna, kiedy ma\u0142o pijemy p\u0142yn\u00f3w, kiedy s\u0142o\u0144ce nadto szaleje, kiedy jeste\u015bmy w ca\u0142kowitej ciemno\u015bci, kiedy s\u0142ycha\u0107, \u017ce kto\u015b si\u0119 zbli\u017ca po cichu, kiedy musimy podj\u0105\u0107 decyzj\u0119&#8230;<\/p>\n<hr width=\"50%\" \/>\n<p>&nbsp;<\/p>\n<p><span style=\"color: #ff0000;\">B\u0119dzie kontynuowane&#8230;<\/span><\/p>\n","protected":false},"excerpt":{"rendered":"<p>To trudny dzia\u0142. Nie da si\u0119 ple\u015b\u0107 o fizjologii byle jak. \u017bycie naszego cia\u0142a zwi\u0105zane jest z mas\u0105 proces\u00f3w, kt\u00f3rymi zajmuj\u0105 si\u0119 rozmaite kom\u00f3rki, tkanki i organy. Ich te\u017c jest mn\u00f3stwo. Tylko g\u0142upcy nie interesuj\u0105 si\u0119 tym, jak dzia\u0142a ich &hellip; <a class=\"more-link\" href=\"https:\/\/www.survival.edu.pl\/wp-index.php\/?page_id=957\">Czytaj dalej <span class=\"meta-nav\">&rarr;<\/span><\/a><\/p>\n","protected":false},"author":2,"featured_media":0,"parent":53,"menu_order":1,"comment_status":"closed","ping_status":"closed","template":"","meta":[],"_links":{"self":[{"href":"https:\/\/www.survival.edu.pl\/wp-index.php\/index.php?rest_route=\/wp\/v2\/pages\/957"}],"collection":[{"href":"https:\/\/www.survival.edu.pl\/wp-index.php\/index.php?rest_route=\/wp\/v2\/pages"}],"about":[{"href":"https:\/\/www.survival.edu.pl\/wp-index.php\/index.php?rest_route=\/wp\/v2\/types\/page"}],"author":[{"embeddable":true,"href":"https:\/\/www.survival.edu.pl\/wp-index.php\/index.php?rest_route=\/wp\/v2\/users\/2"}],"replies":[{"embeddable":true,"href":"https:\/\/www.survival.edu.pl\/wp-index.php\/index.php?rest_route=%2Fwp%2Fv2%2Fcomments&post=957"}],"version-history":[{"count":16,"href":"https:\/\/www.survival.edu.pl\/wp-index.php\/index.php?rest_route=\/wp\/v2\/pages\/957\/revisions"}],"predecessor-version":[{"id":2851,"href":"https:\/\/www.survival.edu.pl\/wp-index.php\/index.php?rest_route=\/wp\/v2\/pages\/957\/revisions\/2851"}],"up":[{"embeddable":true,"href":"https:\/\/www.survival.edu.pl\/wp-index.php\/index.php?rest_route=\/wp\/v2\/pages\/53"}],"wp:attachment":[{"href":"https:\/\/www.survival.edu.pl\/wp-index.php\/index.php?rest_route=%2Fwp%2Fv2%2Fmedia&parent=957"}],"curies":[{"name":"wp","href":"https:\/\/api.w.org\/{rel}","templated":true}]}}