{"id":915,"date":"2012-10-14T11:55:55","date_gmt":"2012-10-14T09:55:55","guid":{"rendered":"http:\/\/www.survival.edu.pl\/wp-index.php\/?page_id=915"},"modified":"2020-10-03T18:42:26","modified_gmt":"2020-10-03T16:42:26","slug":"wspomniano","status":"publish","type":"page","link":"https:\/\/www.survival.edu.pl\/wp-index.php\/?page_id=915","title":{"rendered":"Wspomniano"},"content":{"rendered":"<h3><span style=\"color: #ff9900;\">Wspomniano mnie&#8230;<\/span><\/h3>\n<p><em>(chronologicznie)<\/em><\/p>\n<ul>\n<li>Kawula S., Survival jako metoda resocjalizacji nieletnich przest\u0119pc\u00f3w, w: Zjawiskowe formy patologii spo\u0142ecznych oraz profilaktyka i resocjalizacja m\u0142odzie\u017cy, red: So\u0142tysiak T., Sudar Malukiewicz J. Bydgoszcz 2003<\/li>\n<li>Sporty ekstremalne w przygotowaniu \u017co\u0142nierzy i formacji antyterrorystycznych, tom 6, Index Copernicus, Warszawa 2003<\/li>\n<li>Kawula S., Cz\u0142owiek w relacjach socjopedagogicznych, akApit, Toru\u0144 2004<\/li>\n<li>Nalaskowski A., Dziko\u015b\u0107 i zdziczenie jako kontekst edukacji, Impuls, Krak\u00f3w 2006<\/li>\n<li>Pa\u0142kiewicz J., Sztuka podr\u00f3\u017cowania, Zysk i S-ka, Pozna\u0144 2008<\/li>\n<li>Kap\u0142anek A., Pa\u0142kiewicz. Droga odkrywcy, Zysk i S-ka, Pozna\u0144 2010<\/li>\n<li>B\u0105k A., Ba\u015b\u0144 i survival \u2014 w poszukiwaniu dojrza\u0142o\u015bci, w: Przygoda w edukacji, edukacja w przygodzie, Warszawa 2014<\/li>\n<li>Soko\u0142owski P., Piotrowska J., P\u0142awski T., Polska Po\u0142udnie-P\u00f3\u0142noc w 30 dni, Koby\u0142ka 2015<\/li>\n<li>Frankowski P., Rajchert W., Sztuczki survivalowe, Bielsko-Bia\u0142a 2016<\/li>\n<\/ul>\n","protected":false},"excerpt":{"rendered":"<p>Wspomniano mnie&#8230; (chronologicznie) Kawula S., Survival jako metoda resocjalizacji nieletnich przest\u0119pc\u00f3w, w: Zjawiskowe formy patologii spo\u0142ecznych oraz profilaktyka i resocjalizacja m\u0142odzie\u017cy, red: So\u0142tysiak T., Sudar Malukiewicz J. Bydgoszcz 2003 Sporty ekstremalne w przygotowaniu \u017co\u0142nierzy i formacji antyterrorystycznych, tom 6, Index &hellip; <a class=\"more-link\" href=\"https:\/\/www.survival.edu.pl\/wp-index.php\/?page_id=915\">Czytaj dalej <span class=\"meta-nav\">&rarr;<\/span><\/a><\/p>\n","protected":false},"author":2,"featured_media":0,"parent":871,"menu_order":1,"comment_status":"closed","ping_status":"closed","template":"","meta":[],"_links":{"self":[{"href":"https:\/\/www.survival.edu.pl\/wp-index.php\/index.php?rest_route=\/wp\/v2\/pages\/915"}],"collection":[{"href":"https:\/\/www.survival.edu.pl\/wp-index.php\/index.php?rest_route=\/wp\/v2\/pages"}],"about":[{"href":"https:\/\/www.survival.edu.pl\/wp-index.php\/index.php?rest_route=\/wp\/v2\/types\/page"}],"author":[{"embeddable":true,"href":"https:\/\/www.survival.edu.pl\/wp-index.php\/index.php?rest_route=\/wp\/v2\/users\/2"}],"replies":[{"embeddable":true,"href":"https:\/\/www.survival.edu.pl\/wp-index.php\/index.php?rest_route=%2Fwp%2Fv2%2Fcomments&post=915"}],"version-history":[{"count":11,"href":"https:\/\/www.survival.edu.pl\/wp-index.php\/index.php?rest_route=\/wp\/v2\/pages\/915\/revisions"}],"predecessor-version":[{"id":7664,"href":"https:\/\/www.survival.edu.pl\/wp-index.php\/index.php?rest_route=\/wp\/v2\/pages\/915\/revisions\/7664"}],"up":[{"embeddable":true,"href":"https:\/\/www.survival.edu.pl\/wp-index.php\/index.php?rest_route=\/wp\/v2\/pages\/871"}],"wp:attachment":[{"href":"https:\/\/www.survival.edu.pl\/wp-index.php\/index.php?rest_route=%2Fwp%2Fv2%2Fmedia&parent=915"}],"curies":[{"name":"wp","href":"https:\/\/api.w.org\/{rel}","templated":true}]}}