{"id":909,"date":"2012-10-14T11:46:35","date_gmt":"2012-10-14T09:46:35","guid":{"rendered":"http:\/\/www.survival.edu.pl\/wp-index.php\/?page_id=909"},"modified":"2016-01-23T12:45:00","modified_gmt":"2016-01-23T10:45:00","slug":"ksiazki-w-ktorych-jestem","status":"publish","type":"page","link":"https:\/\/www.survival.edu.pl\/wp-index.php\/?page_id=909","title":{"rendered":"Ksi\u0105\u017cki z artyku\u0142ami"},"content":{"rendered":"<ul>\n<li><span style=\"color: #ff9900;\"><em>Nauczyciele walcz\u0105 o przetrwanie<\/em><\/span> = Py\u017calski J. (red.), Ujarzmi\u0107 szkolne demony. \u0141ask 2006<\/li>\n<li><span style=\"color: #ff9900;\"><em>Survival, czyli sztuka przetrwania \u2013 mo\u017cliwo\u015bci wykorzystania programu w resocjalizacji<\/em> <\/span>= Pospiszyl I., Konopczy\u0144ski M. (red.), Resocjalizacja \u2013 w stron\u0119 \u015brodowiska otwartego, Pedagogium, APS, 2007<\/li>\n<li><em><span style=\"color: #ff9900;\">Inni \u2013 wyznania bardzo osobiste<\/span><\/em> = Chrzanowska I., Jachimczak B., Podg\u00f3rska-Jachnik D. (red.), Miejsce innego we wsp\u00f3\u0142czesnych naukach o wychowaniu. T. 3., WSP\/EGP \u0141\u00f3d\u017a 2009<\/li>\n<li><span style=\"color: #ff9900;\"><em>Sztuka przetrwania \u2013 modus vivendi<\/em> <\/span>= Bergier J., Sroka M. (red.), Survival w teorii i praktyce, Wyd. PWSZ im. Papie\u017ca Jana Paw\u0142a II Bia\u0142a Podlaska 2009<\/li>\n<li><span style=\"color: #ff9900;\"><em>Survivalowe rozmy\u015blania<\/em> <\/span>= Bergier J., Sroka M. (red.), Survival w teorii i praktyce, Wyd. PWSZ im. Papie\u017ca Jana Paw\u0142a II Bia\u0142a Podlaska 2009<\/li>\n<li><em><span style=\"color: #ff9900;\">Szerokie horyzonty survivalu<\/span><\/em> = Dycht M., Marsza\u0142ek L. (red.), Dylematy (niepe\u0142no)sprawno\u015bci \u2013 rozwa\u017cania na marginesie studi\u00f3w kulturowo-spo\u0142ecznych, , Wyd. Salezja\u0144skie, Uniwersytet Kardyna\u0142a Stefana Wyszy\u0144skiego 2009<\/li>\n<li><em><span style=\"color: #ff9900;\">Survival<\/span><\/em> = Rokicka B. (red.), Poradnik pedagoga szkolnego. Wyd. Raabe Warszawa 2010<\/li>\n<li><span style=\"color: #ff9900;\"><em>Zapomniane wp\u0142ywy natury. Survival drog\u0105 do samego siebie?<\/em><\/span> = Hirszel K., Szczepanik R., Zbonikowski A., Modrzejewska D. (red.), Psychospo\u0142eczne uwarunkowania defaworyzacji dzieci i m\u0142odzie\u017cy. Wyd. Engram\/Difin Warszawa 2010<\/li>\n<li><span style=\"color: #ff9900;\"><em>Tacy sami inni<\/em> <\/span>= Chrzanowska I., Jachimczak B., Podg\u00f3rska-Jachnik D. (red.), Miejsce innego we wsp\u00f3\u0142czesnych naukach o wychowaniu. T. 4., Wydawnictwo Naukowe WSP \u0141\u00f3d\u017a 2011<\/li>\n<li><span style=\"color: #ff9900;\">t<\/span><span style=\"color: #ff9900;\">eksty sygnowane<\/span><em><span style=\"color: #ff9900;\"> KK<\/span><\/em> = Magadalena Krzy\u017cosiak (red.), Kalendarz z lasu &#8211; 2012-2013, Centrum Informacyjne Las\u00f3w Pa\u0144stwowych, Warszawa 2012<\/li>\n<\/ul>\n","protected":false},"excerpt":{"rendered":"<p>Nauczyciele walcz\u0105 o przetrwanie = Py\u017calski J. (red.), Ujarzmi\u0107 szkolne demony. \u0141ask 2006 Survival, czyli sztuka przetrwania \u2013 mo\u017cliwo\u015bci wykorzystania programu w resocjalizacji = Pospiszyl I., Konopczy\u0144ski M. (red.), Resocjalizacja \u2013 w stron\u0119 \u015brodowiska otwartego, Pedagogium, APS, 2007 Inni \u2013 &hellip; <a class=\"more-link\" href=\"https:\/\/www.survival.edu.pl\/wp-index.php\/?page_id=909\">Czytaj dalej <span class=\"meta-nav\">&rarr;<\/span><\/a><\/p>\n","protected":false},"author":2,"featured_media":0,"parent":2461,"menu_order":0,"comment_status":"closed","ping_status":"closed","template":"","meta":[],"_links":{"self":[{"href":"https:\/\/www.survival.edu.pl\/wp-index.php\/index.php?rest_route=\/wp\/v2\/pages\/909"}],"collection":[{"href":"https:\/\/www.survival.edu.pl\/wp-index.php\/index.php?rest_route=\/wp\/v2\/pages"}],"about":[{"href":"https:\/\/www.survival.edu.pl\/wp-index.php\/index.php?rest_route=\/wp\/v2\/types\/page"}],"author":[{"embeddable":true,"href":"https:\/\/www.survival.edu.pl\/wp-index.php\/index.php?rest_route=\/wp\/v2\/users\/2"}],"replies":[{"embeddable":true,"href":"https:\/\/www.survival.edu.pl\/wp-index.php\/index.php?rest_route=%2Fwp%2Fv2%2Fcomments&post=909"}],"version-history":[{"count":8,"href":"https:\/\/www.survival.edu.pl\/wp-index.php\/index.php?rest_route=\/wp\/v2\/pages\/909\/revisions"}],"predecessor-version":[{"id":3236,"href":"https:\/\/www.survival.edu.pl\/wp-index.php\/index.php?rest_route=\/wp\/v2\/pages\/909\/revisions\/3236"}],"up":[{"embeddable":true,"href":"https:\/\/www.survival.edu.pl\/wp-index.php\/index.php?rest_route=\/wp\/v2\/pages\/2461"}],"wp:attachment":[{"href":"https:\/\/www.survival.edu.pl\/wp-index.php\/index.php?rest_route=%2Fwp%2Fv2%2Fmedia&parent=909"}],"curies":[{"name":"wp","href":"https:\/\/api.w.org\/{rel}","templated":true}]}}