{"id":725,"date":"2012-10-12T14:05:26","date_gmt":"2012-10-12T12:05:26","guid":{"rendered":"http:\/\/www.survival.edu.pl\/wp-index.php\/?page_id=725"},"modified":"2019-03-05T11:21:51","modified_gmt":"2019-03-05T09:21:51","slug":"czynniki-przetrwania","status":"publish","type":"page","link":"https:\/\/www.survival.edu.pl\/wp-index.php\/?page_id=725","title":{"rendered":"Czynniki przetrwania"},"content":{"rendered":"<p style=\"text-align: justify;\">Survival od zawsze \u2014\u00a0w ci\u0105gu ca\u0142ej historii ludzkiego gatunku \u2014 obejmowa\u0142 wszelkie dzia\u0142ania przetrwaniowe. Mie\u015bci si\u0119 w tym codzienne zdobywanie pokarmu i tworzenie zapas\u00f3w, budowanie schronie\u0144, gromadzenie opa\u0142u i\u00a0pilnowanie ognia, obrona przez atakiem z zewn\u0105trz, a nawet tworzenie spo\u0142ecznych system\u00f3w bezpiecze\u0144stwa (armia, ratownictwo, itp.).<\/p>\n<p style=\"text-align: justify;\">Survival, kt\u00f3ry nas interesuje, dotyczy powrotu do dawnej my\u015bli przetrwaniowej, tej zakodowanej w naszych instynktach i odruchach, w ludowym przekazie, w niekt\u00f3rych czynno\u015bciach rzemie\u015blniczych, a utraconej z\u00a0powodu naszego uzale\u017cnienia od czynnik\u00f3w i uwarunkowa\u0144 cywilizacji technicznej, automatycznej, masowej.<\/p>\n<p style=\"text-align: justify;\">W nast\u0119pstwie jeste\u015bmy uzale\u017cnieni od zmian w naszych, cz\u0142owieczych w\u0142a\u015bciwo\u015bciach \u2014 du\u017cego wzrostu poziomu\u00a0<span style=\"color: #ff9900;\">bezradno\u015bci wyuczonej<\/span> w spo\u0142ecze\u0144stwach w\u0142asnych i kooperuj\u0105cych.<\/p>\n<p style=\"text-align: justify;\">Mam nawet i tak\u0105 natr\u0119tn\u0105 my\u015bl, \u017ce wkr\u00f3tce, kiedy oprzytomniejemy, zaczniemy je\u017adzi\u0107 do &#8222;dzikich lud\u00f3w&#8221; nie po to, aby si\u0119 nacieszy\u0107 t\u0105 <span style=\"color: #ff9900;\">idiotyczn\u0105 &#8222;nasz\u0105 przewag\u0105 techniczn\u0105 i intelektualn\u0105&#8221;<\/span> (\u017ce nie wspomn\u0119 o tzw. regu\u0142ach dobrego wychowania, kt\u00f3re w sporej cz\u0119\u015bci nie s\u0142u\u017c\u0105 podnoszeniu warto\u015bci osobniczej, ale &#8222;wytresowaniu do \u017cycia w spo\u0142ecze\u0144stwie&#8221;).<\/p>\n<p><span style=\"color: #ff9900;\"><strong>B\u0119dziemy wymyka\u0107 si\u0119 ukradkiem do nich, by uratowa\u0107 w sobie co si\u0119 da&#8230;<\/strong><\/span><\/p>\n<hr \/>\n<h1><a href=\"http:\/\/www.survival.edu.pl\/wp-content\/uploads\/2012\/09\/need-head.jpg\"><img loading=\"lazy\" class=\"alignright\" title=\"caput indigebat\" src=\"http:\/\/www.survival.edu.pl\/wp-content\/uploads\/2012\/09\/need-head-150x150.jpg\" alt=\"potrzebna g\u0142owa\" width=\"58\" height=\"58\" \/><\/a><\/h1>\n<p style=\"text-align: justify;\">Kiedy pisz\u0119 poni\u017cej <em>&#8222;Survival sta\u0142 si\u0119&#8221;<\/em>, mam na my\u015bli nie zjawisko zabawy w traper\u00f3w lub jednostki specjalne, lecz \u015bwiadome przetwarzanie osobnika z-typowego-poziomu na tego z-wy\u017cszego-poziomu. Kto nie wyczuwa r\u00f3\u017cnicy, ten b\u0119dzie si\u0119 nadal bawi\u0142. Mimo, \u017ce zabawa daje pozytywne skutki, brak jej g\u0142\u0119bszej my\u015bli&#8230; Poniewa\u017c nie znam g\u0142\u0119bszych my\u015bli moich Rodak\u00f3w, uznaj\u0119 wi\u0119c, \u017ce zwrot\u00a0<em>&#8222;Survival sta\u0142 si\u0119&#8221; <\/em>oznacza moj\u0105 nadziej\u0119, \u017ce tak jest. Wyobra\u017cam sobie moj\u0105 rado\u015b\u0107, kiedy o tym si\u0119 przekonam.<\/p>\n<p style=\"text-align: justify;\">Survival ponowoczesny (w \u015bwiecie <em>high-tec<\/em>h) sta\u0142 si\u0119 rodzajem dzia\u0142alno\u015bci cz\u0142owieka nastawionej\u00a0na przetrwanie w ekstremalnych warunkach dzi\u0119ki do\u015bwiadczeniu, przewidywaniu, aktywno\u015bci, przemy\u015blno\u015bci, wiedzy. Jego istot\u0105 jest proces przygotowuj\u0105cy do ochrony siebie. Zatem interesuje nas ta forma uprawiania survivalu, kt\u00f3ra wynika z dzia\u0142ania \u015bwiadomego i celowego, nastawionego na doskonalenie siebie samego oraz na zdeterminowane dzia\u0142anie w sytuacjach opresyjnych.<\/p>\n<p style=\"text-align: justify;\">Survival oznacza sytuacj\u0119 czyjego\u015b pozostania przy \u017cyciu, z tym, \u017ce istot\u0105 tego zdarzenia jest jego jednostkowy i\u00a0indywidualny charakter. Inaczej m\u00f3wi\u0105c \u2014\u00a0<span style=\"color: #ff9900;\">z naszym losem jeste\u015bmy pozostawieni sami sobie<\/span>. Wykorzystanie wszelkich czynnik\u00f3w przetrwania jest tylko w naszej gestii. <span style=\"color: #ff9900;\">Zrozumienie tego decyduje o naszym przetrwaniu.<\/span><\/p>\n<p style=\"text-align: left;\"><span style=\"color: #ffffff;\"><em>&#8211; Czy survival oznacza sytuacj\u0119 czyjego\u015b pozostania przy \u017cyciu w stanie wegetatywnym?<\/em><\/span><br \/>\n<span style=\"color: #ffffff;\"><em>&#8211;\u00a0A sytuacj\u0119 czyjego\u015b pozostania przy \u017cyciu jako zaburzonego psychicznie?<\/em><\/span><br \/>\n<span style=\"color: #ffffff;\"><em>&#8211; A pozostanie przy \u017cyciu, lecz bez zdolno\u015bci do prawid\u0142owego funkcjonowania spo\u0142ecznego?<\/em><\/span><\/p>\n<p style=\"text-align: justify;\">Uznajmy, \u017ce survival oznacza sytuacj\u0119 czyjego\u015b pozostania przy \u017cyciu w mo\u017cliwie najlepszym stanie fizycznym, psychicznym, spo\u0142ecznym&#8230;\u00a0Oznacza to wi\u0119c: <span style=\"color: #ff9900;\">zachowanie \u017cycia i jego optymalnych parametr\u00f3w.<\/span><\/p>\n<p style=\"text-align: justify;\">Post\u0119powanie przetrwaniowe oznacza sytuacj\u0119 czyich\u015b d\u0105\u017ce\u0144 do:<\/p>\n<ul style=\"text-align: justify;\">\n<li><span style=\"color: #ffffff;\">poznania siebie samego jako obiektu zagro\u017ce\u0144<\/span><\/li>\n<li><span style=\"color: #ffffff;\">poznania typ\u00f3w i rodzaj\u00f3w zagro\u017ce\u0144<\/span><\/li>\n<li><span style=\"color: #ffffff;\">poznania technik przetrwaniowych<\/span><\/li>\n<li><span style=\"color: #ffffff;\">poznania siebie samego jako skutecznie dzia\u0142aj\u0105cego w ramach osobistej ochrony w sytuacji przygody<\/span><br \/>\n<span style=\"color: #ffffff;\"> oraz treningu (w sytuacji antycypowania realnych zdarze\u0144)<\/span><\/li>\n<li><span style=\"color: #ffffff;\">dzia\u0142ania w sytuacjach opresyjnych zgodnie z wypracowanymi regu\u0142ami<\/span><\/li>\n<\/ul>\n<hr \/>\n<h1><a href=\"http:\/\/www.survival.edu.pl\/wp-content\/uploads\/2012\/09\/need-head.jpg\"><img loading=\"lazy\" class=\"alignright\" title=\"caput indigebat\" src=\"http:\/\/www.survival.edu.pl\/wp-content\/uploads\/2012\/09\/need-head-150x150.jpg\" alt=\"potrzebna g\u0142owa\" width=\"58\" height=\"58\" \/><\/a><\/h1>\n<p style=\"text-align: justify;\">Istniej\u0105 element\u00f3w rzeczywisto\u015bci, kt\u00f3re maj\u0105 dla cz\u0142owieka istotne znaczenie. Szczeg\u00f3lnym fenomenem jest \u017cycie i to ono jest g\u0142\u00f3wnym punktem zainteresowania. Przez wieki badaj\u0105c je \u2014 okre\u015blili\u015bmy warunki, kt\u00f3rych spe\u0142nienie gwarantowa\u0142o, \u017ce \u017cycie nie sko\u0144czy si\u0119 przedwcze\u015bnie. One s\u0105 czynnikami decyduj\u0105cymi.<\/p>\n<ul style=\"text-align: justify;\">\n<li><span style=\"color: #ff9900;\">czas<\/span>\u00a0\u2014 jest zarazem naszym odchodzeniem z tego \u015bwiata (kr\u00f3tki czas \u017cycia, czas tracony), jak i okresem do dyspozycji <em>(musz\u0119 to sko\u0144czy\u0107 do pi\u0105tku; mam du\u017co czasu)<\/em>, czasem jest \u015bci\u015ble dopasowany do czynno\u015bci <em>(wej\u015bcie na szczyt ok. 5 godzin)<\/em>, do rozwoju zjawiska<em> (wiosn\u0105 si\u0119 zazieleni)<\/em>, ale te\u017c wyzwaniem <em>(musisz si\u0119 zmie\u015bci\u0107 w 4-5 sekundach&#8230;!)<\/em><\/li>\n<li><span style=\"color: #ff9900;\">przestrze\u0144<\/span>\u00a0\u2014 nasz habitat (np. step), nasza twierdza (os\u0142ona, dach nad g\u0142ow\u0105), nasz kraj (sp\u00f3jna struktura spo\u0142eczna na okre\u015blonym obszarze), ograniczenie mo\u017cliwo\u015bci szybkiego poruszania si\u0119 (szmat drogi; trzeba przej\u015b\u0107 przez g\u00f3ry), ale te\u017c mo\u017cno\u015b\u0107 oddalenia si\u0119, zmiany miejsca na lepsze<\/li>\n<li><span style=\"color: #ff9900;\">zasoby i zjawiska naturalne<\/span>\u00a0\u2014 tlen, ciep\u0142o dnia, woda i ogie\u0144, bezpieczne schronienie, mo\u017cliwa do zdobycia \u017cywno\u015b\u0107, itp.<\/li>\n<li><span style=\"color: #ff9900;\">zasoby ludzkie<\/span>\u00a0\u2014 liczba wrog\u00f3w, liczba oddanych sojusznik\u00f3w, liczba ch\u0119tnych do zdobycia jednego zasobu (kromka chleba), ilo\u015b\u0107 r\u0105k do pracy, solidna wsp\u00f3\u0142praca, wymiana zasob\u00f3w; ci, kt\u00f3rzy b\u0119d\u0105 przeszkadza\u0107, ci, kt\u00f3rzy pomog\u0105, ci, kt\u00f3rych brak, najbli\u017csi<\/li>\n<li><span style=\"color: #ff9900;\">zasoby w\u0142asne<\/span>\u00a0\u2014 co\u015b, czego jestem pewien, co mam dla siebie, co mam schowane do swojej dyspozycji, co mog\u0119 wymienia\u0107 na inne dobro; ja sam, moja energia, moja odporno\u015b\u0107, moja wiedza, moje do\u015bwiadczenie, moje zdolno\u015bci, moi bliscy, moje przyja\u017anie, moje kontakty i mo\u017cliwo\u015bci. B\u0119d\u0105 to nasze zbiory ksi\u0105\u017cek oraz film\u00f3w, kt\u00f3re nas wspieraj\u0105 i inspiruj\u0105; nasze przedmioty i narz\u0119dzia, kt\u00f3re nigdy nie zawiod\u0105 w potrzebie. W\u00a0ramach tych zasob\u00f3w w\u0142asnych znajduj\u0105 si\u0119 nasze naturalne <span style=\"color: #ff9900;\">potrzeby<\/span> (i te wytworzone przez nas, jak na przyk\u0142ad upodobanie do muzyki Bacha, piwo lub jedzenie frytek), zbi\u00f3r og\u00f3lnej i specjalistycznej wiedzy zestawionej z naszym osobistym do\u015bwiadczeniem, itd. Od tego wszystkiego zale\u017c\u0105 nasze <span style=\"color: #ff9900;\"><strong>decyzje i wybory<\/strong><\/span><\/li>\n<\/ul>\n<p style=\"text-align: justify;\">Uwzgl\u0119dniaj\u0105c czynnik czasu survival dotyczy sytuacji by\u0142ych, obecnych i przysz\u0142ych. Bowiem sytuacja:<\/p>\n<ul>\n<li><span style=\"color: #ffffff;\"><span style=\"color: #ffff99;\">by\u0142a<\/span>\u00a0\u2014 jest naszym ju\u017c zdobytym do\u015bwiadczeniem<\/span><\/li>\n<li><span style=\"color: #ffffff;\"><span style=\"color: #ffff99;\">obecna<\/span>\u00a0\u2014 zadaniem stoj\u0105cym przed nami tu i teraz (nasza wiedza, do\u015bwiadczenie, ocena sytuacji, nastawienie zadecyduj\u0105 czy wygramy, czy te\u017c nie)<\/span><\/li>\n<li><span style=\"color: #ffffff;\"><span style=\"color: #ffff99;\">przysz\u0142a<\/span>\u00a0\u2014 wiedz\u0105 do zdobycia i&#8230; zarazem wielk\u0105 nieznan\u0105.<\/span><\/li>\n<\/ul>\n<p>&nbsp;<\/p>\n","protected":false},"excerpt":{"rendered":"<p>Survival od zawsze \u2014\u00a0w ci\u0105gu ca\u0142ej historii ludzkiego gatunku \u2014 obejmowa\u0142 wszelkie dzia\u0142ania przetrwaniowe. Mie\u015bci si\u0119 w tym codzienne zdobywanie pokarmu i tworzenie zapas\u00f3w, budowanie schronie\u0144, gromadzenie opa\u0142u i\u00a0pilnowanie ognia, obrona przez atakiem z zewn\u0105trz, a nawet tworzenie spo\u0142ecznych system\u00f3w &hellip; <a class=\"more-link\" href=\"https:\/\/www.survival.edu.pl\/wp-index.php\/?page_id=725\">Czytaj dalej <span class=\"meta-nav\">&rarr;<\/span><\/a><\/p>\n","protected":false},"author":2,"featured_media":0,"parent":715,"menu_order":0,"comment_status":"closed","ping_status":"closed","template":"","meta":[],"_links":{"self":[{"href":"https:\/\/www.survival.edu.pl\/wp-index.php\/index.php?rest_route=\/wp\/v2\/pages\/725"}],"collection":[{"href":"https:\/\/www.survival.edu.pl\/wp-index.php\/index.php?rest_route=\/wp\/v2\/pages"}],"about":[{"href":"https:\/\/www.survival.edu.pl\/wp-index.php\/index.php?rest_route=\/wp\/v2\/types\/page"}],"author":[{"embeddable":true,"href":"https:\/\/www.survival.edu.pl\/wp-index.php\/index.php?rest_route=\/wp\/v2\/users\/2"}],"replies":[{"embeddable":true,"href":"https:\/\/www.survival.edu.pl\/wp-index.php\/index.php?rest_route=%2Fwp%2Fv2%2Fcomments&post=725"}],"version-history":[{"count":53,"href":"https:\/\/www.survival.edu.pl\/wp-index.php\/index.php?rest_route=\/wp\/v2\/pages\/725\/revisions"}],"predecessor-version":[{"id":7288,"href":"https:\/\/www.survival.edu.pl\/wp-index.php\/index.php?rest_route=\/wp\/v2\/pages\/725\/revisions\/7288"}],"up":[{"embeddable":true,"href":"https:\/\/www.survival.edu.pl\/wp-index.php\/index.php?rest_route=\/wp\/v2\/pages\/715"}],"wp:attachment":[{"href":"https:\/\/www.survival.edu.pl\/wp-index.php\/index.php?rest_route=%2Fwp%2Fv2%2Fmedia&parent=725"}],"curies":[{"name":"wp","href":"https:\/\/api.w.org\/{rel}","templated":true}]}}