{"id":70,"date":"2012-09-25T19:29:44","date_gmt":"2012-09-25T17:29:44","guid":{"rendered":"http:\/\/www.survival.edu.pl\/wp-index.php\/?page_id=70"},"modified":"2017-02-04T11:36:04","modified_gmt":"2017-02-04T09:36:04","slug":"wola-przetrwania","status":"publish","type":"page","link":"https:\/\/www.survival.edu.pl\/wp-index.php\/?page_id=70","title":{"rendered":"Wola przetrwania"},"content":{"rendered":"<p style=\"text-align: justify;\"><span style=\"color: #ff9900;\">Wola przetrwania<\/span> jest wynikiem istnienia instynktu przetrwania. Sam instynkt to pot\u0119\u017cna si\u0142a i ka\u017cdy \u017cywy organizm przejawia mechanizmy maj\u0105ce zadba\u0107 o zachowanie w\u0142asnego funkcjonowania. Owo funkcjonowanie jest&#8230; \u017cyciem. Kiedy mowa jest o wszystkich organizmach, to z pewno\u015bci\u0105 mamy na my\u015bli ka\u017cd\u0105 \u017cyciow\u0105 form\u0119. Podobnie jak ziarno, ka\u017cdy pozostawiony pod ziemi\u0105 korze\u0144 dysponuje si\u0142\u0105, kt\u00f3ra ka\u017ce mu wypuszcza\u0107 nowe p\u0119dy. Powszechnie znane jest zjawisko, \u017ce ro\u015blina jest zdolna rozsadzi\u0107 asfaltowa pokryw\u0119, \u017ce drzewo rosn\u0105c \u2014\u00a0rozwala pot\u0119\u017cny mur. To jest &#8222;jedynie&#8221; forma ro\u015blinna, kt\u00f3rej niekt\u00f3rzy nie uznaj\u0105 za \u017cycie, s\u0105dz\u0105c, \u017ce \u017cycie musi oznacza\u0107 mo\u017cliwo\u015b\u0107 swobodnego, intencjonalnego ruchu (\u015bwiat zwierz\u0119cy), a przede wszystkim samo\u015bwiadomo\u015b\u0107 (<em>homo sapiens<\/em>).<\/p>\n<p style=\"text-align: justify;\">U dysponuj\u0105cego \u015bwiadomo\u015bci\u0105 cz\u0142owieka wp\u0142yw na jego instynkt przetrwania ma w\u0142a\u015bnie ten wyr\u00f3\u017cniony czynnik. <span style=\"color: #ff9900;\"><strong>Wola<\/strong> oznacza mo\u017cliwo\u015b\u0107 podejmowania w\u0142asnych, niezale\u017cnych decyzji<\/span>. W ramach tych decyzji jest istotne miejsce dla \u015bwiadomego podtrzymywania swego istnienia w formie \u017cywej. Nie interesuje nas my\u015bl, \u017ce nasze atomy nadal b\u0119d\u0105 istnie\u0107 mimo naszego zgonu. W\u0142asne istnienie musi by\u0107 przez nas do\u015bwiadczane, odbierane przez receptory, analizowane. My musimy mie\u0107 wp\u0142yw. My musimy wiedzie\u0107 o tym, stwierdza\u0107 to. Ale&#8230; r\u00f3wnie\u017c to wola ludzka decyduje czasem o odebraniu sobie \u017cycia&#8230;<\/p>\n<p style=\"text-align: justify;\">Owe mo\u017cliwo\u015bci s\u0105 zmniejszane przez wiele czynnik\u00f3w wewn\u0119trznych oraz zewn\u0119trznych (wp\u0142ywaj\u0105cych na\u00a0te\u00a0wewn\u0119trzne). Czynniki te ulokowane s\u0105 w warunkach spostrzeganych jako nasza fizyczno\u015b\u0107 umieszczona w\u00a0rzeczywisto\u015bci, psychiczno\u015b\u0107 komunikuj\u0105ca si\u0119 z rzeczywisto\u015bci\u0105 oraz zdolno\u015b\u0107 do dokonywania zmian w sobie i\u00a0zewn\u0119trznej rzeczywisto\u015bci.<\/p>\n<p style=\"text-align: justify;\"><span style=\"color: #ff9900;\">Wola przetrwania nie jest to\u017csama z instynktem przetrwania<\/span>. Poj\u0119cie \u201ewoli\u201d wi\u0105\u017ce si\u0119 ze \u015bwiadomo\u015bci\u0105 wp\u0142ywania na sytuacj\u0119, jej nast\u0119pstwem jest \u201epodejmowanie decyzji\u201d. Dlatego warto pomy\u015ble\u0107 o niej inaczej. Wola przetrwania jest zjawiskiem wypracowanym przez w\u0142asne \u017cycie i pojawia si\u0119 na szczycie piramidy jako nowy, dojrza\u0142y tw\u00f3r. Jest on zdecydowanie zwi\u0105zany z samo\u015bwiadomo\u015bci\u0105. Czynnikami wewn\u0119trznymi s\u0105 takie elementy, jak nasze zmys\u0142y, temperament, do\u015bwiadczenie; zewn\u0119trznymi \u2014\u00a0na przyk\u0142ad zgromadzony sprz\u0119t.<\/p>\n<p style=\"text-align: justify;\"><img loading=\"lazy\" class=\"wp-image-2116 alignleft\" src=\"http:\/\/www.survival.edu.pl\/wp-content\/uploads\/PIRAMIDA-PRZETRWANIA.jpg\" alt=\"PIRAMIDA PRZETRWANIA\" width=\"436\" height=\"250\" \/>Piramida z lewej strony (zwana <em>piramid\u0105 Pa\u0142kiewicza<\/em>) ukazuje znaczenie\u00a0woli przetrwania w postaci skali warto\u015bci: a wi\u0119c fundamentu. Wszystkie nast\u0119pne elementy s\u0105 \u00a0dodatkiem, odzwierciedleniem sytuacji oraz\u00a0tego, czym cz\u0142owiek w niej dysponuje. Piramida po prawej odnosi si\u0119 do piramidy potrzeb Maslowa, gdzie podstaw\u0105 s\u0105 najbardziej wrodzone cechy, szczytem za\u015b \u2014\u00a0zesp\u00f3\u0142 ukszta\u0142towanych w ci\u0105gu \u017cycia cech sk\u0142adaj\u0105cych si\u0119 na wol\u0119 przetrwania. Inaczej m\u00f3wi\u0105c, wola przetrwania wynika z osobniczego rozwoju, a\u00a0zatem wyst\u0119puj\u0105 tu czas oraz proces zwi\u0105zany z przemianami. Zatem to, co tu jest fundamentem towarzyszy nam od samego urodzenia, jako nierozerwalna cecha. Kolejne elementy kszta\u0142tuj\u0105 si\u0119 z naszym rozwojem i\u00a0do\u015bwiadczeniem.<\/p>\n<p style=\"text-align: justify;\">Pomi\u0119dzy instynktem przetrwania, a \u015bwiadom\u0105 wol\u0105, istnieje ca\u0142e mn\u00f3stwo okoliczno\u015bci, kt\u00f3re decyduj\u0105 o\u00a0mo\u017cliwo\u015bciach cz\u0142owieka. Sk\u0142adaj\u0105 si\u0119 one z wewn\u0119trznych i zewn\u0119trznych czynnik\u00f3w. Czynniki zewn\u0119trzne, to og\u00f3lna sytuacja cz\u0142owieka wraz z jego zasobami materialnymi, wsparciem ze strony innych, z\u00a0up\u0142ywem czasu i\u00a0nast\u0119puj\u0105cymi przemianami lokalnymi. Czynniki wewn\u0119trzne to elementy fizjologiczne, intelektualne, osobowo\u015bciowe oraz wszelkie powi\u0105zania i relacje z rzeczywisto\u015bci\u0105. I one wszystkie kszta\u0142tuj\u0105 aktualny poziom woli przetrwania oraz jej jako\u015b\u0107. Nawet panika \u2014 mam nadziej\u0119 \u2014\u00a0w przypadku survivalowca b\u0119dzie mia\u0142a zwi\u0105zek z wyuczonymi odruchami, z zakorzenion\u0105 wiedz\u0105.<\/p>\n<p style=\"text-align: justify;\">W podstawowym znaczeniu <strong><span style=\"color: #ff9900;\">reakcje survivalowca powinny pojawia\u0107 si\u0119 po pierwszych odruchach (kt\u00f3rych nie wolno lekcewa\u017cy\u0107) i by\u0107 pozbawione cech odruchu<\/span><\/strong>, czyli sta\u0107 si\u0119 \u015bwiadomym podj\u0119ciem decyzji. Ten element winien decydowa\u0107 o zachowaniach cz\u0142owieka poza nag\u0142ymi zdarzeniami, a wi\u0119c w\u00a0sytuacjach d\u0142ugotrwa\u0142ego zagro\u017cenia, zw\u0142aszcza wobec stopniowego zmniejszania si\u0119 si\u0142 witalnych.<\/p>\n<p style=\"text-align: justify;\">Nasze reakcje \u2014\u00a0ich wyb\u00f3r \u2014\u00a0zale\u017ce\u0107 b\u0119d\u0105 od wszystkich uwarunkowa\u0144 powi\u0105zanych z nasz\u0105 osobowo\u015bci\u0105, a\u00a0szczeg\u00f3lnie z nasz\u0105 <span style=\"text-decoration: underline;\"><a href=\"http:\/\/www.survival.edu.pl\/wp-index.php\/?page_id=940\">to\u017csamo\u015bci\u0105<\/a><\/span>. To\u017csamo\u015b\u0107 jest wizj\u0105 siebie: w\u0142asnych cech osobowych, wygl\u0105du, zachowa\u0144, pozycji spo\u0142ecznej, r\u00f3l pe\u0142nionych w \u017cyciu itp. Aktywno\u015b\u0107 i bierno\u015b\u0107, stawianie oporu lub poddanie si\u0119 wydarzeniom zale\u017cne jest bowiem tak\u017ce od tego, czy nasza to\u017csamo\u015b\u0107 wi\u0105\u017ce si\u0119 z\u00a0poczuciem wp\u0142ywu na sytuacj\u0119, pe\u0142nienia roli przewodniej, elastyczno\u015bci\u0105 mi\u0119dzy narzucaniem swoich rozwi\u0105za\u0144 a podporz\u0105dkowaniem si\u0119 wymogom chwili.<\/p>\n<p style=\"text-align: justify;\">Istotne znaczenie ma nasza wolno\u015b\u0107 od bezradno\u015bci wyuczonej. Nasze odruchy oraz \u015bwiadome strategie radzenia sobie z sytuacjami stresowymi bywaj\u0105 kluczem do przetrwania. To cechy wy\u0107wiczalne. Wymagaj\u0105 jednego \u2014\u00a0znajomo\u015bci siebie. I to nie w postaci tzw. mniemania o sobie, ale jako solidnej wiedzy. A to oznacza, \u017ce\u00a0jeste\u015bmy zwi\u0105zani z <span style=\"color: #ff9900;\"><strong>odpowiedzialno\u015bci\u0105<\/strong> <strong>za swoje czyny<\/strong><\/span>. Tym samym \u2014\u00a0z <span style=\"color: #ff9900;\"><strong>odpowiedzialno\u015bci\u0105 za swoje zobowi\u0105zana<\/strong><\/span> z\u0142o\u017cone (obietnice i zapewnienia) oraz natywne (zwi\u0105zki rodzinne, mi\u0119dzyludzkie, \u017cywotne), a\u00a0w\u00a0tym za <span style=\"color: #ff9900;\"><strong><span style=\"text-decoration: underline;\"><a href=\"http:\/\/www.survival.edu.pl\/wp-index.php\/?page_id=2700\">pe\u0142noludzki<\/a><\/span>\u00a0kszta\u0142t samego siebie<\/strong><\/span>.<\/p>\n","protected":false},"excerpt":{"rendered":"<p>Wola przetrwania jest wynikiem istnienia instynktu przetrwania. Sam instynkt to pot\u0119\u017cna si\u0142a i ka\u017cdy \u017cywy organizm przejawia mechanizmy maj\u0105ce zadba\u0107 o zachowanie w\u0142asnego funkcjonowania. Owo funkcjonowanie jest&#8230; \u017cyciem. Kiedy mowa jest o wszystkich organizmach, to z pewno\u015bci\u0105 mamy na my\u015bli &hellip; <a class=\"more-link\" href=\"https:\/\/www.survival.edu.pl\/wp-index.php\/?page_id=70\">Czytaj dalej <span class=\"meta-nav\">&rarr;<\/span><\/a><\/p>\n","protected":false},"author":2,"featured_media":0,"parent":480,"menu_order":50,"comment_status":"closed","ping_status":"closed","template":"","meta":[],"_links":{"self":[{"href":"https:\/\/www.survival.edu.pl\/wp-index.php\/index.php?rest_route=\/wp\/v2\/pages\/70"}],"collection":[{"href":"https:\/\/www.survival.edu.pl\/wp-index.php\/index.php?rest_route=\/wp\/v2\/pages"}],"about":[{"href":"https:\/\/www.survival.edu.pl\/wp-index.php\/index.php?rest_route=\/wp\/v2\/types\/page"}],"author":[{"embeddable":true,"href":"https:\/\/www.survival.edu.pl\/wp-index.php\/index.php?rest_route=\/wp\/v2\/users\/2"}],"replies":[{"embeddable":true,"href":"https:\/\/www.survival.edu.pl\/wp-index.php\/index.php?rest_route=%2Fwp%2Fv2%2Fcomments&post=70"}],"version-history":[{"count":36,"href":"https:\/\/www.survival.edu.pl\/wp-index.php\/index.php?rest_route=\/wp\/v2\/pages\/70\/revisions"}],"predecessor-version":[{"id":5077,"href":"https:\/\/www.survival.edu.pl\/wp-index.php\/index.php?rest_route=\/wp\/v2\/pages\/70\/revisions\/5077"}],"up":[{"embeddable":true,"href":"https:\/\/www.survival.edu.pl\/wp-index.php\/index.php?rest_route=\/wp\/v2\/pages\/480"}],"wp:attachment":[{"href":"https:\/\/www.survival.edu.pl\/wp-index.php\/index.php?rest_route=%2Fwp%2Fv2%2Fmedia&parent=70"}],"curies":[{"name":"wp","href":"https:\/\/api.w.org\/{rel}","templated":true}]}}