{"id":6765,"date":"2018-05-18T07:55:42","date_gmt":"2018-05-18T05:55:42","guid":{"rendered":"http:\/\/www.survival.edu.pl\/wp-index.php\/?page_id=6765"},"modified":"2018-05-18T08:34:28","modified_gmt":"2018-05-18T06:34:28","slug":"sedno","status":"publish","type":"page","link":"https:\/\/www.survival.edu.pl\/wp-index.php\/?page_id=6765","title":{"rendered":"Sedno"},"content":{"rendered":"<h3 style=\"text-align: center;\"><span style=\"color: #ff6600;\">Uprawianie sztuki przetrwania<\/span><br \/>\n<span style=\"color: #ff6600;\"> polega na poszukiwaniu najbardziej uniwersalnego<\/span><br \/>\n<span style=\"color: #ff6600;\"> oraz skutecznego sposobu zarz\u0105dzania zasobami,<br \/>\nkt\u00f3rymi si\u0119 w naturalny spos\u00f3b dysponuje,<\/span><br \/>\n<span style=\"color: #ff6600;\"> a tak\u017ce na zwi\u0119kszaniu wp\u0142ywu na zasoby<\/span><br \/>\n<span style=\"color: #ff6600;\"> ma\u0142o podatne na wp\u0142ywy.<\/span><\/h3>\n<p>&nbsp;<\/p>\n<p style=\"text-align: justify;\">1. Dysponuje si\u0119 samym sob\u0105 czyli swoimi cechami fizycznymi, psychik\u0105, intelektem, wiedz\u0105, zdrowiem oraz odporno\u015bci\u0105, si\u0142ami \u017cyciowymi, umiej\u0119tno\u015bci\u0105 radzenia sobie z\u00a0przeciwno\u015bciami losu, umiej\u0119tno\u015bciami spo\u0142ecznymi, poznanymi sztuczkami zmieniaj\u0105cymi sytuacj\u0119&#8230; (mamy to zawsze ze sob\u0105, lecz&#8230; to jest bardzo kruche \u2014 wystarczy nieszcz\u0119\u015bliwie potkn\u0105\u0107 si\u0119 na schodach). Dysponuje si\u0119 te\u017c rzecz\u0105 najwa\u017cniejsz\u0105, bo spinaj\u0105c\u0105 to w ca\u0142o\u015b\u0107 \u2014 znajomo\u015bci\u0105 siebie.<\/p>\n<p style=\"text-align: justify;\">2. Dysponuje si\u0119 tak\u017ce tym, co\u00a0woko\u0142o siebie si\u0119 nagromadzi\u0142o, czyli mieszkaniem, rzeczami osobistymi, relacjami z\u00a0osobami bliskimi (oraz cz\u0119sto spotykanymi lud\u017ami), uk\u0142adem spo\u0142eczno-ekonomicznym (<span style=\"text-decoration: underline;\">uwaga: to wszystko si\u0119 \u0142atwiej traci<\/span>).<\/p>\n<p>Tymi drugimi zasobami s\u0105:<\/p>\n<ul>\n<li style=\"text-align: left;\">up\u0142yw czasu,<\/li>\n<li style=\"text-align: left;\">ogromny \u015bwiat: martwy i \u017cywy,<\/li>\n<li style=\"text-align: left;\">wszelkie samoistne przemiany.<\/li>\n<\/ul>\n<p style=\"text-align: justify;\"><span style=\"color: #ff9900;\">Rzadko my\u015blimy nad tym, \u017ce te wszystkie elementy istniej\u0105 w dw\u00f3ch wersjach, a wi\u0119c w postaci obiektywnej, ale te\u017c w postaci tego, w jaki spos\u00f3b MY to spostrzegamy oraz jak MY to rozumiemy. Im bardziej obie wersje s\u0105 podobne do siebie, tym wi\u0119ksze nasze szanse&#8230;<\/span><\/p>\n","protected":false},"excerpt":{"rendered":"<p>Uprawianie sztuki przetrwania polega na poszukiwaniu najbardziej uniwersalnego oraz skutecznego sposobu zarz\u0105dzania zasobami, kt\u00f3rymi si\u0119 w naturalny spos\u00f3b dysponuje, a tak\u017ce na zwi\u0119kszaniu wp\u0142ywu na zasoby ma\u0142o podatne na wp\u0142ywy. &nbsp; 1. Dysponuje si\u0119 samym sob\u0105 czyli swoimi cechami fizycznymi, &hellip; <a class=\"more-link\" href=\"https:\/\/www.survival.edu.pl\/wp-index.php\/?page_id=6765\">Czytaj dalej <span class=\"meta-nav\">&rarr;<\/span><\/a><\/p>\n","protected":false},"author":2,"featured_media":0,"parent":38,"menu_order":0,"comment_status":"closed","ping_status":"closed","template":"","meta":[],"_links":{"self":[{"href":"https:\/\/www.survival.edu.pl\/wp-index.php\/index.php?rest_route=\/wp\/v2\/pages\/6765"}],"collection":[{"href":"https:\/\/www.survival.edu.pl\/wp-index.php\/index.php?rest_route=\/wp\/v2\/pages"}],"about":[{"href":"https:\/\/www.survival.edu.pl\/wp-index.php\/index.php?rest_route=\/wp\/v2\/types\/page"}],"author":[{"embeddable":true,"href":"https:\/\/www.survival.edu.pl\/wp-index.php\/index.php?rest_route=\/wp\/v2\/users\/2"}],"replies":[{"embeddable":true,"href":"https:\/\/www.survival.edu.pl\/wp-index.php\/index.php?rest_route=%2Fwp%2Fv2%2Fcomments&post=6765"}],"version-history":[{"count":29,"href":"https:\/\/www.survival.edu.pl\/wp-index.php\/index.php?rest_route=\/wp\/v2\/pages\/6765\/revisions"}],"predecessor-version":[{"id":6794,"href":"https:\/\/www.survival.edu.pl\/wp-index.php\/index.php?rest_route=\/wp\/v2\/pages\/6765\/revisions\/6794"}],"up":[{"embeddable":true,"href":"https:\/\/www.survival.edu.pl\/wp-index.php\/index.php?rest_route=\/wp\/v2\/pages\/38"}],"wp:attachment":[{"href":"https:\/\/www.survival.edu.pl\/wp-index.php\/index.php?rest_route=%2Fwp%2Fv2%2Fmedia&parent=6765"}],"curies":[{"name":"wp","href":"https:\/\/api.w.org\/{rel}","templated":true}]}}