{"id":6618,"date":"2018-03-27T20:22:54","date_gmt":"2018-03-27T18:22:54","guid":{"rendered":"http:\/\/www.survival.edu.pl\/wp-index.php\/?page_id=6618"},"modified":"2018-05-30T13:13:20","modified_gmt":"2018-05-30T11:13:20","slug":"tv-krakow-download","status":"publish","type":"page","link":"https:\/\/www.survival.edu.pl\/wp-index.php\/?page_id=6618","title":{"rendered":"TV Krak\u00f3w &#8211; wywiad"},"content":{"rendered":"<p>Film z 2018 roku zrobiony przez TV Krak\u00f3w w cyklu <strong><em>Humanistyka ma przysz\u0142o\u015b\u0107<\/em><\/strong>&#8230; <span style=\"text-decoration: underline;\"><a href=\"https:\/\/krakow.tvp.pl\/36157249\/24022018\" target=\"_blank\" rel=\"noopener\">obejrzyj&#8230;<\/a><\/span><\/p>\n<p>Ten odcinek opowiada o dw\u00f3ch ludziach, kt\u00f3rzy sko\u0144czyli studia humanistyczne a nast\u0119pnie podj\u0119li prac\u0119 zgodnie z wykszta\u0142ceniem. I znale\u017ali w tym spe\u0142nienie, ale i uzyskali sukces. Jednym z tych ludzi jest Micha\u0142 Olsza\u0144ski, wykszta\u0142cony pedagog, kt\u00f3ry zacz\u0105\u0142 p\u00f3\u017aniej prac\u0119 w III Programie Polskiego Radia, drugim \u2014 okaza\u0142o si\u0119: ja&#8230;<\/p>\n","protected":false},"excerpt":{"rendered":"<p>Film z 2018 roku zrobiony przez TV Krak\u00f3w w cyklu Humanistyka ma przysz\u0142o\u015b\u0107&#8230; obejrzyj&#8230; Ten odcinek opowiada o dw\u00f3ch ludziach, kt\u00f3rzy sko\u0144czyli studia humanistyczne a nast\u0119pnie podj\u0119li prac\u0119 zgodnie z wykszta\u0142ceniem. I znale\u017ali w tym spe\u0142nienie, ale i uzyskali sukces. &hellip; <a class=\"more-link\" href=\"https:\/\/www.survival.edu.pl\/wp-index.php\/?page_id=6618\">Czytaj dalej <span class=\"meta-nav\">&rarr;<\/span><\/a><\/p>\n","protected":false},"author":2,"featured_media":0,"parent":5807,"menu_order":30,"comment_status":"closed","ping_status":"closed","template":"","meta":[],"_links":{"self":[{"href":"https:\/\/www.survival.edu.pl\/wp-index.php\/index.php?rest_route=\/wp\/v2\/pages\/6618"}],"collection":[{"href":"https:\/\/www.survival.edu.pl\/wp-index.php\/index.php?rest_route=\/wp\/v2\/pages"}],"about":[{"href":"https:\/\/www.survival.edu.pl\/wp-index.php\/index.php?rest_route=\/wp\/v2\/types\/page"}],"author":[{"embeddable":true,"href":"https:\/\/www.survival.edu.pl\/wp-index.php\/index.php?rest_route=\/wp\/v2\/users\/2"}],"replies":[{"embeddable":true,"href":"https:\/\/www.survival.edu.pl\/wp-index.php\/index.php?rest_route=%2Fwp%2Fv2%2Fcomments&post=6618"}],"version-history":[{"count":7,"href":"https:\/\/www.survival.edu.pl\/wp-index.php\/index.php?rest_route=\/wp\/v2\/pages\/6618\/revisions"}],"predecessor-version":[{"id":6876,"href":"https:\/\/www.survival.edu.pl\/wp-index.php\/index.php?rest_route=\/wp\/v2\/pages\/6618\/revisions\/6876"}],"up":[{"embeddable":true,"href":"https:\/\/www.survival.edu.pl\/wp-index.php\/index.php?rest_route=\/wp\/v2\/pages\/5807"}],"wp:attachment":[{"href":"https:\/\/www.survival.edu.pl\/wp-index.php\/index.php?rest_route=%2Fwp%2Fv2%2Fmedia&parent=6618"}],"curies":[{"name":"wp","href":"https:\/\/api.w.org\/{rel}","templated":true}]}}