{"id":6366,"date":"2018-01-01T12:14:56","date_gmt":"2018-01-01T10:14:56","guid":{"rendered":"http:\/\/www.survival.edu.pl\/wp-index.php\/?page_id=6366"},"modified":"2018-01-01T17:37:00","modified_gmt":"2018-01-01T15:37:00","slug":"sedno-samorozwoju","status":"publish","type":"page","link":"https:\/\/www.survival.edu.pl\/wp-index.php\/?page_id=6366","title":{"rendered":"Sedno samorozwoju"},"content":{"rendered":"<p style=\"text-align: justify;\">Widzia\u0142em kiedy\u015b cz\u0142owieka pracuj\u0105cego ca\u0142e lata nad&#8230; swoj\u0105 si\u0142\u0105 i wygl\u0105dem cz\u0142owieka silnego. By\u0142 chuderlawy i\u00a0nijaki. Mia\u0142 za to super-bicepsy, zw\u0142aszcza u prawego ramienia. Wygl\u0105da\u0142 zdecydowanie pokracznie i to wcale nie dlatego, \u017ce by\u0142 nieforemny. W oczy rzuca\u0142o sie przede wszystkim to, \u017ce <span style=\"color: #ff9900;\"><strong>jego nieforemno\u015b\u0107 by\u0142a wypracowana przez niego samego, w ramach samorozwoju<\/strong><\/span>.<\/p>\n<p style=\"text-align: justify;\">Wiemy, \u017ce nasz samorozw\u00f3j jest czym\u015b niezb\u0119dnym.<\/p>\n<p style=\"text-align: justify;\">Nasz samorozw\u00f3j bierze si\u0119 jako zal\u0105\u017cek z nieplanowanych wydarze\u0144, kt\u00f3rymi jako\u015b si\u0119 przej\u0119li\u015bmy. Nasz samorozw\u00f3j wynika z dzia\u0142a\u0144, jakie podj\u0119li wobec nas rodzice oraz pa\u0144stwo (bo tak). Nasz samorozw\u00f3j bierze si\u0119 r\u00f3wnie\u017c z ch\u0119ci zaimponowania innym.\u00a0Nasz samorozw\u00f3j bierze si\u0119 z konieczno\u015bci bycia lepszym ni\u017c inni.\u00a0Nasz samorozw\u00f3j bierze si\u0119 z konieczno\u015bci poprawiania sobie nastroju. Czasem bywa\u0142o tak, \u017ce co\u015b nas zafascynowa\u0142o, nawet na lata, ale nigdy tego nie traktowali\u015bmy jako &#8222;samorozw\u00f3j&#8221;.<\/p>\n<p style=\"text-align: justify;\">Nasz samorozw\u00f3j pojawia si\u0119 niekiedy jako \u015bwiadome zauroczenie czym\u015b takim jak samorozw\u00f3j, ale wpominam o\u00a0tym, jako o ciekawostce i zjawisku marginalnym. Imponowanie innym ma znacznie wi\u0119szy popyt.<\/p>\n<p>Rzecz w tym, \u017ce &#8222;samorozw\u00f3j z zauroczenia&#8221; chyba najmniej nas deformuje.<\/p>\n<hr width=\"50%\" \/>\n<p style=\"text-align: justify;\">Sedno w tym, \u017ce <span style=\"color: #ff9900;\">samorozw\u00f3j zwykle osi\u0105ga swoj\u0105 szlachetn\u0105 form\u0119 w\u00f3wczas, kiedy jest mo\u017cliwie najlepiej zr\u00f3wnowa\u017cony<\/span>. Oznacza to,\u00a0 \u017ce wynika ze znajomo\u015bci w\u0142asnych potrzeb wi\u0105\u017c\u0105cych si\u0119 z samorozwojem oraz ze znajomo\u015bci siebie jako podmiotu i przedmiotu. Nie da si\u0119 tego przeprowadza\u0107 bez rozwa\u017cenia okoliczno\u015bci i\u00a0mo\u017cliwo\u015bci, bez wiedzy i rozs\u0105dku. Trzeba zatem d\u0105\u017cy\u0107 do osi\u0105gn\u0119cia optimum.<\/p>\n<p>Skoro o tym mowa, to identycznie powinno by\u0107, podczas szkolenia innych.<\/p>\n","protected":false},"excerpt":{"rendered":"<p>Widzia\u0142em kiedy\u015b cz\u0142owieka pracuj\u0105cego ca\u0142e lata nad&#8230; swoj\u0105 si\u0142\u0105 i wygl\u0105dem cz\u0142owieka silnego. By\u0142 chuderlawy i\u00a0nijaki. Mia\u0142 za to super-bicepsy, zw\u0142aszcza u prawego ramienia. Wygl\u0105da\u0142 zdecydowanie pokracznie i to wcale nie dlatego, \u017ce by\u0142 nieforemny. W oczy rzuca\u0142o sie przede &hellip; <a class=\"more-link\" href=\"https:\/\/www.survival.edu.pl\/wp-index.php\/?page_id=6366\">Czytaj dalej <span class=\"meta-nav\">&rarr;<\/span><\/a><\/p>\n","protected":false},"author":2,"featured_media":0,"parent":6338,"menu_order":10,"comment_status":"closed","ping_status":"closed","template":"","meta":[],"_links":{"self":[{"href":"https:\/\/www.survival.edu.pl\/wp-index.php\/index.php?rest_route=\/wp\/v2\/pages\/6366"}],"collection":[{"href":"https:\/\/www.survival.edu.pl\/wp-index.php\/index.php?rest_route=\/wp\/v2\/pages"}],"about":[{"href":"https:\/\/www.survival.edu.pl\/wp-index.php\/index.php?rest_route=\/wp\/v2\/types\/page"}],"author":[{"embeddable":true,"href":"https:\/\/www.survival.edu.pl\/wp-index.php\/index.php?rest_route=\/wp\/v2\/users\/2"}],"replies":[{"embeddable":true,"href":"https:\/\/www.survival.edu.pl\/wp-index.php\/index.php?rest_route=%2Fwp%2Fv2%2Fcomments&post=6366"}],"version-history":[{"count":20,"href":"https:\/\/www.survival.edu.pl\/wp-index.php\/index.php?rest_route=\/wp\/v2\/pages\/6366\/revisions"}],"predecessor-version":[{"id":6427,"href":"https:\/\/www.survival.edu.pl\/wp-index.php\/index.php?rest_route=\/wp\/v2\/pages\/6366\/revisions\/6427"}],"up":[{"embeddable":true,"href":"https:\/\/www.survival.edu.pl\/wp-index.php\/index.php?rest_route=\/wp\/v2\/pages\/6338"}],"wp:attachment":[{"href":"https:\/\/www.survival.edu.pl\/wp-index.php\/index.php?rest_route=%2Fwp%2Fv2%2Fmedia&parent=6366"}],"curies":[{"name":"wp","href":"https:\/\/api.w.org\/{rel}","templated":true}]}}