{"id":6338,"date":"2018-01-01T09:39:20","date_gmt":"2018-01-01T07:39:20","guid":{"rendered":"http:\/\/www.survival.edu.pl\/wp-index.php\/?page_id=6338"},"modified":"2019-01-15T18:39:33","modified_gmt":"2019-01-15T16:39:33","slug":"sedno","status":"publish","type":"page","link":"https:\/\/www.survival.edu.pl\/wp-index.php\/?page_id=6338","title":{"rendered":"Czym dla mnie&#8230;"},"content":{"rendered":"<p>Dyskusje na tremat <span style=\"color: #ff9900;\"><strong>czym jest survival<\/strong><\/span> mo\u017cna prowadzi\u0107 w niesko\u0144czono\u015b\u0107.<\/p>\n<p style=\"text-align: justify;\">Czy to jest potrzebne? W ko\u0144cu ka\u017cdy to wie, ile mo\u017cna gada\u0107 w k\u00f3\u0142ko? \u2014 niecierpliwi\u0105 si\u0119 niekt\u00f3rzy, zw\u0142aszcza ci zajmuj\u0105cy si\u0119 survivalem od wielu lat, maj\u0105cy poczucie w\u0142asnej sprawno\u015bci oraz grono &#8222;podgl\u0105daj\u0105cych jak ONI to robi\u0105&#8221;.<\/p>\n<p style=\"text-align: justify;\">Odpowiem, \u017ce zawsze s\u0105 jacy\u015b podgl\u0105daj\u0105cy, zatem dla nich trzeba nie tylko pokazywa\u0107 w\u0119z\u0142y, budowanie schronie\u0144 czy krzesanie, ale te\u017c wprowadza\u0107 w definicje i opisy. Definicje pomagaj\u0105 im okre\u015bli\u0107 co survivalem jest, a co nie jest. Opisy ukazuj\u0105 czynno\u015bci w ich skutecznej formie i obja\u015bniaj\u0105 po co si\u0119 je wykonuje. Poza tym rozmowy przy ognisku zawsze mog\u0105 dla kogo\u015b by\u0107 inspiruj\u0105ce&#8230;<\/p>\n<blockquote><p><span style=\"color: #ff6600;\">\u017bycie dobitnie pokazuje, \u017ce pewne sceny bywaj\u0105 tylko teatrem,<\/span><br \/>\n<span style=\"color: #ff6600;\"> inne za\u015b s\u0105 \u017cyciem na bie\u017c\u0105co.<\/span><\/p>\n<p><span style=\"color: #ff6600;\">Teatru lekcewa\u017cy\u0107 nie wolno,<\/span><br \/>\n<span style=\"color: #ff6600;\"> ale nie powinno sie go myli\u0107 z \u017cyciem.<\/span><\/p><\/blockquote>\n<p>Pozwol\u0119 sobie wi\u0119c na podsuni\u0119cie nast\u0119puj\u0105cej, nieco mo\u017ce banalnej my\u015bli: <span style=\"color: #ffffff;\">\u017cycie mamy tylko jedno, ale te\u017c ca\u0142e \u017cycie uczymy\u00a0<\/span><span style=\"color: #ffffff;\">si\u0119,<\/span><span style=\"color: #ffffff;\">\u00a0<\/span><span style=\"color: #ffffff;\">a co jaki\u015b czas rzeczywisto\u015b\u0107 stwarza sytuacje testowe.<\/span><\/p>\n<p style=\"text-align: justify;\">W zwi\u0105zku z tym korzystne jest rozumienie naszej roli w naszym \u017cyciu i nie marnowanie go na ci\u0105g\u0142e przegl\u0105danie si\u0119 w lustrze&#8230; Tym ostatnim nazywam po\u015bwi\u0119canie czasu na czerpanie satysfakcji na ogl\u0105danie samego siebie w\u00a0roli, w kt\u00f3rej wypada si\u0119 najkorzystniej (to oznacza sk\u0142onno\u015b\u0107 do cz\u0119stego podejmowanmia si\u0119 tej roli).<\/p>\n<hr width=\"50%\" \/>\n<p style=\"text-align: justify;\">Naprawd\u0119 nie zamierzam si\u0119 m\u0105drzy\u0107 ani demonstrowa\u0107, \u017ce ja jestem inny. Wszystko, co wskazuj\u0119 jako pomy\u0142k\u0119, b\u0142\u0105d, nieefektywno\u015b\u0107, poz\u00f3r \u2014 mnie r\u00f3wnie\u017c dotyczy\u0142o i czasem nadal dotyczy. Pisz\u0105c dla Was te teksty jednocze\u015bnie prowadz\u0119 procesy my\u015blowe, zastanawiam si\u0119, analizuj\u0119 i dochodz\u0119 do wniosk\u00f3w. I licz\u0119 na to, \u017ce one oka\u017c\u0105 si\u0119 zbawienne tak\u017ce dla mnie.<\/p>\n<p style=\"text-align: justify;\">Kiedy kto\u015b do mnie zwraca si\u0119 z pytaniami o r\u00f3\u017cne szczeg\u00f3\u0142y dotycz\u0105ce survivalowego szkolenia, w pierwszym odruchu mam my\u015bli: <span style=\"color: #ffffff;\"><em>A ile ju\u017c umiesz sam, cz\u0142owieku? A czy potrafisz uczy\u0107, demonstrowa\u0107, przeprowadza\u0107 przez trudy my\u015blenia? Umiesz&#8230;? A czy pami\u0119tasz swoj\u0105 nauczycielk\u0119 od j\u0119zyka polskiego, i samego siebie, jak w\u015bcieka\u0142e\u015b si\u0119 na ni\u0105? Przecie\u017c ona by\u0142a przekonana, \u017ce uczy dobrze&#8230;!<\/em><\/span><\/p>\n<p style=\"text-align: justify;\">Wtedy te\u017c u\u015bwiadamiam sobie ile razy ja, pocz\u0105tkuj\u0105cy nastolatek, t\u0142umaczy\u0142em mojemu du\u017co m\u0142odszemu s\u0105siadowi-koledze regu\u0142y \u017cycia. Bo my wszyscy stosujemy &#8222;jakie\u015b&#8221; przekazywanie na co dzie\u0144. I nie ma w tym nic z\u0142ego. Z\u0142e mo\u017ce by\u0107 jedynie to, \u017ce &#8222;spogl\u0105daj\u0105c co chwila w lustro&#8221; skupimy si\u0119 na zupe\u0142nie innej stronie zjawiska, jakim jest \u017cycie i przetrwanie.<\/p>\n<hr width=\"50%\" \/>\n<p style=\"text-align: justify;\">Stwierdzi\u0142em wi\u0119c, \u017ce przeprowadz\u0119 w\u0142asn\u0105 analiz\u0119 dochodzenia do my\u015blenia survivalowego, a wi\u0119c nastawionego na rzetelne ocenianie codziennych sytuacji, siebie samego w tych sytuacjach oraz znajdowania coraz lepszych rozwi\u0105za\u0144.<\/p>\n<p style=\"text-align: justify;\">Pierwsza rzecz, wspomnia\u0142em tutaj ju\u017c o tym (w innym miejscu), to konieczno\u015b\u0107 rozr\u00f3\u017cniania <span style=\"color: #ffffff;\"><strong>\u017cycia-\u017cycia<\/strong> <\/span>oraz <span style=\"color: #ffffff;\"><strong>\u017cycia-przetrwania<\/strong><\/span>. W\u00a0pierwszym przypadku funcjonujemy na luzie, <span style=\"color: #ff9900;\">jeste\u015bmy swobodnie reaktywni na \u015bwiat zewn\u0119trzny<\/span> \u2014 ogl\u0105damy si\u0119 za super-samochodem, bierze nas ch\u0119\u0107 na hamburgera, gdy dotrze zapach od MacDonaldsa, wstrzymujemy bie\u017c\u0105ce dzia\u0142ania\u00a0 dla pos\u0142uchania naszej ulubionej melodii w radiu&#8230; Wpadamy te\u017c do sklepu, aby kupi\u0107 co\u015b fajnego na kolacj\u0119. To ostatnie jest dzia\u0142aniem ewidentnie s\u0142u\u017c\u0105cym przetrwaniu, ale mi\u0119kko wplecionym we wszystko inne.<\/p>\n<p style=\"text-align: justify;\">\u017bycie-przetrwanie ma istotn\u0105 cech\u0119: luz bywa odk\u0142adany na bok \u2014 <span style=\"color: #ff9900;\">jeste\u015bmy skoncentrowani na konkretnych, bie\u017c\u0105cych cechach \u015bwiata zewn\u0119trznego<\/span>. Istnieje jednak mo\u017cliwo\u015b\u0107 funkcjonowania w przedziale pomi\u0119dzy biegunem <span style=\"color: #ff6600;\">TO S\u0104 \u0106WICZENIA<\/span> a biegunem <span style=\"color: #ff6600;\">TO JEST WALKA O \u017bYCIE<\/span>. Naszym skarbem staje si\u0119 umiej\u0119tno\u015b\u0107 sprawnego okre\u015blania aktualnej sytuacji i przypisanej do tego roli.<\/p>\n<p style=\"text-align: justify;\">Wszystko, co poni\u017cej napisz\u0119, to wynik mego osobistego do\u015bwiadczenia. Da\u0142em si\u0119 ukszta\u0142towa\u0107 na cz\u0142owieka przywi\u0105zuj\u0105cego wag\u0119 do rozmaitych fakt\u00f3w i to po skrupulatnym roz\u0142o\u017ceniu ich na czynniki pierwsze. Aby uspokoi\u0107 dodam, \u017ce nie jest to moja obsesja, ani nie zajmuj\u0119 si\u0119 ka\u017cdym, najdrobniejszym faktem; nauczy\u0142em si\u0119 jednak zauwa\u017ca\u0107 drobniutkie fakty, kt\u00f3re mia\u0142y wp\u0142yw na bardzo istotny przebieg zdarze\u0144. By\u0107 mo\u017ce zauwa\u017cam niewidoczne granice pomi\u0119dzy beztrosk\u0105 a tragedi\u0105, kt\u00f3rych niewidoczno\u015b\u0107 bierze si\u0119 z tego, \u017ce tak s\u0105 cieniutkie&#8230;<\/p>\n<hr width=\"50%\" \/>\n<p>Zacytuj\u0119 z mojego nowego wydania <em>&#8222;Survivalu po polsku&#8221;<\/em> (2017, cz. 3, str. 89):<\/p>\n<blockquote><p>Widzia\u0142em kiedy\u015b m\u0119\u017cczyzn\u0119, pracuj\u0105cego na wysoko\u015bci, kt\u00f3ry pu\u015bci\u0142\u00a0por\u0119cz, by \u0142apa\u0107 zdmuchni\u0119t\u0105 przez wiatr czapk\u0119. Innym zn\u00f3w razem,\u00a0kiedy jeszcze w tramwajach nie by\u0142o drzwi automatycznie zamykanych\u00a0i je\u017adzi\u0142o si\u0119 na stopniach, mojemu koledze wy\u015blizgn\u0119\u0142a si\u0119 spod pachy\u00a0teczka szkolna i\u00a0pr\u00f3bowa\u0142 j\u0105 z\u0142apa\u0107.<\/p>\n<p>Przy kraw\u0119\u017cniku sta\u0142a ci\u0119\u017car\u00f3wka. Kolega uderzy\u0142 cia\u0142em w ci\u0119\u017car\u00f3wk\u0119,\u00a0za\u015b gwa\u0142towno\u015b\u0107 i si\u0142a tego uderzenia odebra\u0142a mu na kr\u00f3tki czas\u00a0przytomno\u015b\u0107. Na szcz\u0119\u015bcie zd\u0105\u017cy\u0142em unie\u015b\u0107 nog\u0119 i kolanem przytrzyma\u0107\u00a0ch\u0142opaka na stopniu. Sam nie pu\u015bci\u0142em por\u0119czy, kolega jako\u015b si\u0119 otrz\u0105sn\u0105\u0142\u00a0i wszystko sko\u0144czy\u0142o si\u0119 dobrze.<\/p><\/blockquote>\n<p>\u015amier\u0107 dla ratowania czapki.<\/p>\n<p style=\"text-align: justify;\">Innym razem cz\u0142owiek spad\u0142 w przepa\u015b\u0107, poniewa\u017c wstydzi\u0142 si\u0119 wysika\u0107 jedynie odwracaj\u0105c ty\u0142em od innych uczestnik\u00f3w w\u0119dr\u00f3wki w\u0105sk\u0105 perci\u0105&#8230; Uczyni\u0142 jeden krok za du\u017co.<\/p>\n<p style=\"text-align: justify;\">\u015amier\u0107 ze wstydu.<\/p>\n<p>Kolega straci\u0142 r\u0119k\u0119 i cz\u0119\u015bciowo wzrok w jednym oku, bo lubi\u0142 wybuchy.<\/p>\n<p>M\u00f3j wychowanek z zak\u0142adu wychowawczego mia\u0142 &#8222;ugotowane&#8221;, bia\u0142e oczy, bo podczas noworocznego robienia ha\u0142asu pochyli\u0142 si\u0119 nad le\u017c\u0105c\u0105 na ziemi rac\u0105 zobaczy\u0107, czemu nie hukn\u0119\u0142a&#8230;<\/p>\n<p>&#8230; nie chc\u0119 ju\u017c wi\u0119cej pisa\u0107.<\/p>\n","protected":false},"excerpt":{"rendered":"<p>Dyskusje na tremat czym jest survival mo\u017cna prowadzi\u0107 w niesko\u0144czono\u015b\u0107. Czy to jest potrzebne? W ko\u0144cu ka\u017cdy to wie, ile mo\u017cna gada\u0107 w k\u00f3\u0142ko? \u2014 niecierpliwi\u0105 si\u0119 niekt\u00f3rzy, zw\u0142aszcza ci zajmuj\u0105cy si\u0119 survivalem od wielu lat, maj\u0105cy poczucie w\u0142asnej sprawno\u015bci &hellip; <a class=\"more-link\" href=\"https:\/\/www.survival.edu.pl\/wp-index.php\/?page_id=6338\">Czytaj dalej <span class=\"meta-nav\">&rarr;<\/span><\/a><\/p>\n","protected":false},"author":2,"featured_media":0,"parent":3109,"menu_order":15,"comment_status":"closed","ping_status":"closed","template":"","meta":[],"_links":{"self":[{"href":"https:\/\/www.survival.edu.pl\/wp-index.php\/index.php?rest_route=\/wp\/v2\/pages\/6338"}],"collection":[{"href":"https:\/\/www.survival.edu.pl\/wp-index.php\/index.php?rest_route=\/wp\/v2\/pages"}],"about":[{"href":"https:\/\/www.survival.edu.pl\/wp-index.php\/index.php?rest_route=\/wp\/v2\/types\/page"}],"author":[{"embeddable":true,"href":"https:\/\/www.survival.edu.pl\/wp-index.php\/index.php?rest_route=\/wp\/v2\/users\/2"}],"replies":[{"embeddable":true,"href":"https:\/\/www.survival.edu.pl\/wp-index.php\/index.php?rest_route=%2Fwp%2Fv2%2Fcomments&post=6338"}],"version-history":[{"count":25,"href":"https:\/\/www.survival.edu.pl\/wp-index.php\/index.php?rest_route=\/wp\/v2\/pages\/6338\/revisions"}],"predecessor-version":[{"id":7259,"href":"https:\/\/www.survival.edu.pl\/wp-index.php\/index.php?rest_route=\/wp\/v2\/pages\/6338\/revisions\/7259"}],"up":[{"embeddable":true,"href":"https:\/\/www.survival.edu.pl\/wp-index.php\/index.php?rest_route=\/wp\/v2\/pages\/3109"}],"wp:attachment":[{"href":"https:\/\/www.survival.edu.pl\/wp-index.php\/index.php?rest_route=%2Fwp%2Fv2%2Fmedia&parent=6338"}],"curies":[{"name":"wp","href":"https:\/\/api.w.org\/{rel}","templated":true}]}}