{"id":6237,"date":"2017-11-15T09:53:55","date_gmt":"2017-11-15T07:53:55","guid":{"rendered":"http:\/\/www.survival.edu.pl\/wp-index.php\/?page_id=6237"},"modified":"2019-05-16T11:12:07","modified_gmt":"2019-05-16T09:12:07","slug":"6237-2","status":"publish","type":"page","link":"https:\/\/www.survival.edu.pl\/wp-index.php\/?page_id=6237","title":{"rendered":"Witam u siebie!"},"content":{"rendered":"<h3><span style=\"color: #ff6600;\">Jestem gospodarzem tego miejsca i dlatego witam s\u0142owem WITAM.<\/span><\/h3>\n<p>Robi\u0119 to \u2014 oczywi\u015bcie \u2014 na przek\u00f3r tym, kt\u00f3rzy wchodz\u0105 do mnie (do domu, na dzia\u0142k\u0119 le\u015bn\u0105, do samochodu, na stron\u0119 internetow\u0105, do poczty) i m\u00f3wi\u0105\/pisz\u0105 s\u0142owo &#8222;witaj&#8221; jakby byli gospodarzami tych miejsc. Bowiem <span style=\"color: #ff9900;\">wita tylko gospodarz u siebie<\/span>.<\/p>\n<hr width=\"50%\" \/>\n<p style=\"text-align: justify;\">Chcia\u0142bym zaznaczy\u0107 jedn\u0105 rzecz (aczkolwiek z\u0142o\u017con\u0105), \u017ce <span style=\"text-decoration: underline;\"><span style=\"color: #ff9900; text-decoration: underline;\">nie istnieje taka norma, kt\u00f3ra okre\u015bla, \u017ce survivalowiec musi umie\u0107 wszystko i to na wysokim poziomie<\/span><\/span>. Nie b\u0119dziemy sk\u0142ada\u0107 \u017cadnego egzaminu, chyba, \u017ce wobec \u017cycia. Kto\u015b czytaj\u0105cy moj\u0105 stron\u0119 mo\u017ce bowiem pomy\u015ble\u0107 ze smutkiem, \u017ce temu wszystkiemu, co tu napisa\u0142em, on ze swoj\u0105 wiedz\u0105 nie poradzi&#8230;<\/p>\n<p style=\"text-align: justify;\">Kto\u015b inny za to zerknie tu i stwierdzi, \u017ce tak sobie bajdurz\u0119 dla m\u0142odzie\u017cy szkolnej, on za\u015b wyr\u00f3s\u0142 ju\u017c z tego i pow\u0119druje w poszukiwaniu czego\u015b, co da satysfakcj\u0119 jego dojrza\u0142emu umys\u0142owi.<\/p>\n<p style=\"text-align: justify;\">Obie wersje dopuszczalne. Tyle, \u017ce z zastrze\u017ceniem: <span style=\"color: #ff9900;\">ka\u017cdy \u017cyje swoim \u017cyciem i uk\u0142ada je na sw\u00f3j spos\u00f3b<\/span>. Nie stworzy\u0142em tej strony, aby o\u015blepia\u0107 cudze oczy moj\u0105 wiedz\u0105 czy popisywa\u0107 si\u0119 jaki ze mnie m\u0105drala. Od lat wyja\u015bniam znajomym, \u017ce w \u017cyciu (oraz w survivalu) nie zajmuj\u0119 si\u0119 \u017cadnym wy\u015bcigiem.<\/p>\n<p style=\"text-align: justify;\"><span style=\"color: #ff9900;\">Wiedza survivalowa ma prowadzi\u0107 do \u017cyciowej m\u0105dro\u015bci, ta za\u015b ma uczyni\u0107, \u017ce oka\u017cemy si\u0119 lud\u017ami przydatnymi.<\/span><\/p>\n<p style=\"text-align: justify;\">Raduj\u0119 si\u0119 \u017cyciem i dziel\u0119 si\u0119 tym z innymi. Kiedy co\u015b odkrywam nowego, a stwierdzi\u0142em ju\u017c, \u017ce inni o tym nie maj\u0105 wi\u0119kszego poj\u0119cia \u2014 wprowadzam ich w te sprawy. Nigdy nie bra\u0142bym si\u0119 do nauczania Tadeusza Ko\u015bciuszki budowania militarnych umocnie\u0144&#8230; Ale gdyby si\u0119 rozchorowa\u0142, to m\u00f3g\u0142bym mu na przyk\u0142ad powiedzie\u0107, \u017ce to nerki; w moich zainteresowaniach jest zdrowie i medycyna \u2014 kiedy przyje\u017cd\u017ca\u0142o pogotowie do jakiego\u015b wychowanka w o\u015brodku wychowawczym, zazwyczaj prowadzi\u0142em lekarza m\u00f3wi\u0105c, co stwierdzi\u0142em i co wst\u0119pnie poda\u0142em, za\u015b on&#8230; potwierdza\u0142 moj\u0105 diagnoz\u0119. Bo <span style=\"color: #ff9900;\">survivalowe post\u0119powanie wymaga, by\u015bmy powiedzieli przyby\u0142emu lekarzowi, \u017ce podali\u015bmy \u015brodek X<\/span>, za\u015b lekarz b\u0119dzie wtedy wiedzia\u0142, \u017ce badanie mo\u017ce okaza\u0107 nieco zmienione objawy (np. b\u00f3l b\u0119dzie st\u0119piony). Dlaczego tak? Bo moje do\u015bwiadczenie pokaza\u0142o mi, \u017ce ludzie przewa\u017cnie tego nie robi\u0105&#8230;<\/p>\n<p style=\"text-align: justify;\">Mam zatem \u015bwiadomo\u015b\u0107, \u017ce buduj\u0105c sza\u0142as w dziczy nie b\u0119d\u0119 operowa\u0107 tak sprawnie siekier\u0105, jak mieszkaniec wsi, le\u015bnik, czy kto\u015b od lat buszuj\u0105cy w le\u015bnych warunkach albo ten, co od lat szkoli si\u0119 jako drwal. Ale&#8230; sza\u0142as wybuduj\u0119, i w dodatku b\u0119d\u0119 wiedzia\u0142, \u017ce \u017caden konar nad moj\u0105 g\u0142ow\u0105 nie p\u0119knie i nie spadnie na mnie, \u017ce dach nie b\u0119dzie przecieka\u0142 w razie deszczu, \u017ce sp\u0142ywaj\u0105ca woda nie wyp\u0142ucze mnie ze \u015brodka, \u017ce g\u0142\u00f3wna belka nie za\u0142amie si\u0119 pod ci\u0119\u017carem uko\u015bnej \u015bcianki, itp. B\u0119d\u0119 te\u017c widzia\u0142, \u017ce nie wybudowa\u0142em schronienia na trasie przemytnik\u00f3w albo dzikich zwierz\u0105t, gdzie w pobli\u017cu mam wod\u0119 pitn\u0105, w jak\u0105 stron\u0119 si\u0119 ewakuowa\u0107 w razie jakiego\u015b znacz\u0105cego zdarzenia, i jak to zrobi\u0107 w nocy, by nie wpa\u015b\u0107 do parowu lub nie zapl\u0105ta\u0107 si\u0119 w stercie suszu oraz jak wezwa\u0107 pomoc.<\/p>\n<p style=\"text-align: justify;\">Dodam, \u017ce jest jeszcze par\u0119 dziedzin, kt\u00f3rymi nie b\u0119d\u0119 si\u0119 popisywa\u0142. Czasem zdarza mi si\u0119, kiedy poznaje nowych, fajnych ludzi, przedstawia\u0107 si\u0119 m\u00f3wi\u0105c, \u017ce oto maj\u0105 przed sob\u0105 geniusza, a potem konfidencjonalnie pochylam si\u0119 ku nim i p\u00f3\u0142g\u0142osem dodaj\u0119, \u017ce na boku mog\u0119 te\u017c im opowiedzie\u0107 jakim bywa\u0142em idiot\u0105&#8230;<\/p>\n<h3><span style=\"color: #ff6600;\">Dlatego moje tu pisanie ma tylko pos\u0142u\u017cy\u0107 Wam i Waszej wyobra\u017ani w poszukiwaniu w\u0142asnej drogi&#8230;<\/span><\/h3>\n","protected":false},"excerpt":{"rendered":"<p>Jestem gospodarzem tego miejsca i dlatego witam s\u0142owem WITAM. Robi\u0119 to \u2014 oczywi\u015bcie \u2014 na przek\u00f3r tym, kt\u00f3rzy wchodz\u0105 do mnie (do domu, na dzia\u0142k\u0119 le\u015bn\u0105, do samochodu, na stron\u0119 internetow\u0105, do poczty) i m\u00f3wi\u0105\/pisz\u0105 s\u0142owo &#8222;witaj&#8221; jakby byli gospodarzami &hellip; <a class=\"more-link\" href=\"https:\/\/www.survival.edu.pl\/wp-index.php\/?page_id=6237\">Czytaj dalej <span class=\"meta-nav\">&rarr;<\/span><\/a><\/p>\n","protected":false},"author":2,"featured_media":0,"parent":2,"menu_order":0,"comment_status":"closed","ping_status":"closed","template":"","meta":[],"_links":{"self":[{"href":"https:\/\/www.survival.edu.pl\/wp-index.php\/index.php?rest_route=\/wp\/v2\/pages\/6237"}],"collection":[{"href":"https:\/\/www.survival.edu.pl\/wp-index.php\/index.php?rest_route=\/wp\/v2\/pages"}],"about":[{"href":"https:\/\/www.survival.edu.pl\/wp-index.php\/index.php?rest_route=\/wp\/v2\/types\/page"}],"author":[{"embeddable":true,"href":"https:\/\/www.survival.edu.pl\/wp-index.php\/index.php?rest_route=\/wp\/v2\/users\/2"}],"replies":[{"embeddable":true,"href":"https:\/\/www.survival.edu.pl\/wp-index.php\/index.php?rest_route=%2Fwp%2Fv2%2Fcomments&post=6237"}],"version-history":[{"count":25,"href":"https:\/\/www.survival.edu.pl\/wp-index.php\/index.php?rest_route=\/wp\/v2\/pages\/6237\/revisions"}],"predecessor-version":[{"id":7358,"href":"https:\/\/www.survival.edu.pl\/wp-index.php\/index.php?rest_route=\/wp\/v2\/pages\/6237\/revisions\/7358"}],"up":[{"embeddable":true,"href":"https:\/\/www.survival.edu.pl\/wp-index.php\/index.php?rest_route=\/wp\/v2\/pages\/2"}],"wp:attachment":[{"href":"https:\/\/www.survival.edu.pl\/wp-index.php\/index.php?rest_route=%2Fwp%2Fv2%2Fmedia&parent=6237"}],"curies":[{"name":"wp","href":"https:\/\/api.w.org\/{rel}","templated":true}]}}