{"id":6093,"date":"2017-10-20T08:56:02","date_gmt":"2017-10-20T06:56:02","guid":{"rendered":"http:\/\/www.survival.edu.pl\/wp-index.php\/?page_id=6093"},"modified":"2018-05-30T11:43:54","modified_gmt":"2018-05-30T09:43:54","slug":"przewrocone-myslenie","status":"publish","type":"page","link":"https:\/\/www.survival.edu.pl\/wp-index.php\/?page_id=6093","title":{"rendered":"Przewr\u00f3cone my\u015blenie"},"content":{"rendered":"<p style=\"text-align: justify;\">Dlaczego &#8222;przewr\u00f3cone my\u015blenie&#8221;? Bo szklanka nape\u0142niona herbat\u0105 by\u0142a typow\u0105, ewidentn\u0105 &#8222;szklank\u0105 herbaty&#8221; albo &#8222;szklank\u0105 z herbat\u0105&#8221;. Pisarz napisa\u0142by <strong><span style=\"color: #ffffff;\"><em>&#8222;Mrok zapada\u0142 powoli, a Robert siedzia\u0142 zamy\u015b\u0142ony ko\u0142o szklanki z herbat\u0105, o kt\u00f3rej zupe\u0142nie zapomnia\u0142. By\u0142a ju\u017c zimna. Ockn\u0105\u0142 si\u0119 i siegn\u0105\u0142 po ni\u0105. Ciemno\u015b\u0107 mu nie sprzyja\u0142a. Szklanka przewr\u00f3ci\u0142a si\u0119 a \u0142y\u017ceczka upad\u0142a z brz\u0119kiem na pod\u0142og\u0119. S\u0142ycha\u0107 by\u0142o chlust, a potem kapanie&#8230;&#8221;<\/em><\/span><\/strong><\/p>\n<p style=\"text-align: justify;\">Wiemy co si\u0119 sta\u0142o. Nawet nie musimy my\u015ble\u0107. Kto\u015b obdarzony wyobra\u017ani\u0105 m\u00f3g\u0142by sobie stworzy\u0107 obraz tej chwili, a nawet uzupe\u0142ni\u0107 mn\u00f3stwem szczg\u00f3\u0142\u00f3w, o kt\u00f3rych w og\u00f3le nie by\u0142o mowy. Kim by\u0142 Robert? Czemu by\u0142 tak mocno zamy\u015blony? Czy lubi\u0142 gor\u0105c\u0105 herbat\u0119, ale zmartwienia zatrzyma\u0142y go w wypiciu jej, czy te\u017c czeka\u0142 a\u017c wystygnie? Siedzia\u0142 samotny, zatem mo\u017ce to przez ow\u0105 samotno\u015b\u0107?<\/p>\n<p style=\"text-align: justify;\">Tak rozpocz\u0119\u0142o si\u0119 my\u015blenie, kt\u00f3rego przedtem w og\u00f3le nie by\u0142o&#8230;<\/p>\n<p style=\"text-align: left;\"><a href=\"http:\/\/www.survival.edu.pl\/wp-content\/uploads\/pies1.jpg\"><img loading=\"lazy\" class=\"wp-image-6099 alignleft\" src=\"http:\/\/www.survival.edu.pl\/wp-content\/uploads\/pies1.jpg\" alt=\"\" width=\"421\" height=\"321\" \/><\/a>Absolutnie nie o\u015bmiel\u0119 si\u0119 uzna\u0107, \u017ce to wyra\u017anie ludzka cecha, i tylko ludzka cecha. Napotyka\u0142em w mym \u017cyciu na solidne dowody z\u0142o\u017conych proces\u00f3w my\u015blowych u\u00a0moich ps\u00f3w, jakie mia\u0142em. Skoro ju\u017c o tym pisz\u0119: Piotr, &#8222;m\u00f3j weterynarz&#8221; \u2014 jak to nazwa\u0142em \u2014 stwierdzi\u0142, \u017ce psy bardzo mocno staraj\u0105 si\u0119 stworzy\u0107 ze &#8222;swoim cz\u0142owiekiem&#8221; wsp\u00f3lny j\u0119zyk. Psy u\u017cywaj\u0105 w tym celu przewa\u017cnie &#8222;mowy cia\u0142a&#8221;, o kt\u00f3rej ludzie wysokocywilizowani ca\u0142kowicie przestali my\u015ble\u0107, a je\u017celi jej u\u017cywaj\u0105, to na przyk\u0142ad dla zmylenia partnera handlowego lub kontrolera bilet\u00f3w \u2014 za pomoc\u0105 mimiki dowodz\u0105cej naszych dobrych zamiar\u00f3w. Ot\u00f3\u017c Piotr zaznaczy\u0142, \u017ce psie starania doprowadzaj\u0105 do tego, \u017ce s\u0105 w stanie ze &#8222;swoim cz\u0142owiekiem&#8221; nawet wymieni\u0107 jak\u0105\u015b prost\u0105 refleksj\u0119 (u\u017cy\u0142em tego s\u0142owa, aby odr\u00f3\u017cni\u0107 od prostej my\u015bli). Kiedy jednak cz\u0142owiek nie przyk\u0142ada si\u0119 do tego procesu, bo ma to gdzie\u015b albo jest jaki by\u0142 \u2014 niepoj\u0119tny, w\u00f3wczas pies odst\u0119puje od swego dzie\u0142a. A\u00a0cz\u0142owiek potem komentuje: <em><span style=\"color: #ffffff;\">&#8222;Ja to mam g\u0142upiego psa&#8230;&#8221;<\/span><\/em><\/p>\n<p style=\"text-align: justify;\">Wracam do tematu. Musz\u0119 bowiem wyt\u0142umaczy\u0107 do czego zmierzam. Nie bez przyczyny nawi\u0105\u017c\u0119 teraz do swoich do\u015bwiadcze\u0144 opisanych <a href=\"http:\/\/www.survival.edu.pl\/wp-index.php\/?page_id=5634\" target=\"_blank\" rel=\"noopener\"><span style=\"text-decoration: underline;\">tutaj<\/span><\/a>. Opisa\u0142em sytuacje, w wyniku kt\u00f3rych mia\u0142em zaburzon\u0105 \u015bwiadomo\u015b\u0107. Wynikiem tego by\u0142o prze\u017cycie momentu, kiedy m\u00f3j umys\u0142 nie m\u00f3g\u0142 poradzi\u0107 sobie z okre\u015bleniem parametr\u00f3w rzeczywisto\u015bci. To nie jest zjawisko nietypowe, kiedy kto\u015b wybudza si\u0119 ze swojego &#8222;jakiego\u015b&#8221; stanu i od razu ma pytania:<\/p>\n<ul>\n<li><strong><span style=\"color: #ffffff;\">Gdzie ja jestem?<\/span><\/strong><\/li>\n<li><strong><span style=\"color: #ffffff;\">Co ja tu robi\u0119?<\/span><\/strong><\/li>\n<li><strong><span style=\"color: #ffffff;\">Co si\u0119 sta\u0142o?<\/span><\/strong><\/li>\n<\/ul>\n<p style=\"text-align: justify;\">Z jednej strony niekiedy zadziwia \u0142atwo\u015b\u0107, z jak\u0105 dochodzimy do tego, aby prze\u017cy\u0107 taki moment. Cho\u0107by wtedy, kiedy decydujemy si\u0119 na pofolgowanie sobie przy piciu alkoholu. Bywaj\u0105 zadziwiaj\u0105cy ludzie: na co dzie\u0144 ostro\u017cni do przesady, wr\u0119cz przewra\u017cliwieni na swoim punkcie, dokonuj\u0105cy superdok\u0142adnych analiz rzeczywisto\u015bci dla &#8222;utrzymania si\u0119 na powierzchni&#8221;, by potem znienacka wyda\u0107 samych siebie na odstrza\u0142. Jak\u017ce by im si\u0119 przyda\u0142o prawdziwe, survivalowe my\u015blenie!<\/p>\n<p style=\"text-align: justify;\"><span style=\"color: #ff9900;\">Survivalowe my\u015blenie musi zak\u0142ada\u0107, \u017ce rzeczywisto\u015b\u0107 mo\u017ce si\u0119&#8230; przewr\u00f3ci\u0107.<\/span> Wielu s\u0105dzi, \u017ce ich niezwyk\u0142e zdolno\u015bci w obieraniu ziemniak\u00f3w, \u017conglowaniu pomys\u0142ami na po\u015bcielenie \u0142\u00f3\u017cka czy zawieszenia hamaka jest sednem samym, najwspanialszym. Ot\u00f3\u017c nie&#8230;! Owe cenno\u015bci z pewno\u015bci\u0105 kiedy\u015b si\u0119 przydadz\u0105, lecz <span style=\"color: #ff9900;\">nie zapominajmy o w\u0142asnej orientacji w swoim rodzonym, nieroz\u0142\u0105cznym sposobie my\u015blenia i rozwi\u0105zywania problem\u00f3w.<\/span> Bez wzgl\u0119du jak dobrze si\u0119 czujemy i jakie mamy zaufanie do w\u0142asnego \u2014 czasem rozbrykanego \u2014 umys\u0142u, zawsze warto zafundowa\u0107 mu i lejce, i hamulce. I nigdy-przenigdy nie zapominajmy, \u017ce nawet \u017caba uwa\u017ca, \u017ce jej wizja \u015bwiata jest jedyn\u0105 prawdziw\u0105. A wi\u0119c mucha, bocianie nogi i plusk&#8230;! A jak to mo\u017ce widzie\u0107 kaczka?<\/p>\n<blockquote>\n<p style=\"text-align: justify;\">Zr\u00f3bmy sobie eksperyment na poziomie wyobra\u017ani (je\u015bli jej nie masz, nie pr\u00f3buj, bo zaufawszy wynikowi wpadniesz w pu\u0142apk\u0119). Zatem \u2014 godzisz si\u0119 na eksperyment. Ekipa patrzy na Ciebie z\u00a0podziwem i szacunkiem. Wszyscy przechodz\u0105 do salki, w kt\u00f3rej dostajesz skr\u00f3tow\u0105 informacj\u0119 o\u00a0przebiegu zdarze\u0144, o bezpiecze\u0144stwie, o\u00a0czuwaj\u0105cych na Tob\u0105 asystentach. Dostajesz jaki\u015b \u015brodek, po\u0142ykasz, popijasz&#8230; znikasz. Albo to \u015bwiat znika.<\/p>\n<p style=\"text-align: justify;\">Czujesz si\u0119 dziwnie. Czujesz, \u017ce co\u015b jest nie w porz\u0105dku, powoli, z ciemno\u015bci m\u00f3zgu przypominaj\u0105 Ci si\u0119 ostatnie chwile&#8230; Kto\u015b z Tob\u0105 by\u0142, rozmawia\u0142&#8230; Ach&#8230;! eksperyment! Otwierasz oczy&#8230;<\/p>\n<p style=\"text-align: justify;\">Odczucie, \u017ce wisisz g\u0142ow\u0105 w d\u00f3\u0142 zosta\u0142o zaburzone. Wzrok ukazuje, \u017ce stoisz w pomieszczeniu na pod\u0142odze, nad Twoj\u0105 g\u0142ow\u0105 sufit. M\u00f3zg wariuje, bo oczy k\u0142\u00f3c\u0105 sie z b\u0142\u0119dnikiem&#8230; <span style=\"color: #ffffff;\">Co mo\u017ce z Tob\u0105 dzia\u0107 si\u0119 dalej? Jakie mog\u0105 by\u0107 Twoje interpretacje? Co powinno si\u0119 zrobi\u0107?<\/span><\/p>\n<p style=\"text-align: justify;\">W eksperymencie Twoje stopy s\u0105 przymocowane do sufitu za\u015b ca\u0142e pomieszczenie zosta\u0142o przemodelowane w ten spos\u00f3b, \u017ce wygl\u0105da jak postawione&#8230; na g\u0142owie: faktyczny sufit jest obecnie z wygl\u0105du pod\u0142og\u0105 ze stoj\u0105cymi na niej meblami. Nawet szklanka z herbat\u0105 stoi (wisi) na stoj\u0105cym (wisz\u0105cym) stoliku. <span style=\"color: #ffffff;\">Tobie za\u015b zaaplikowano placebo&#8230;<\/span><\/p>\n<\/blockquote>\n<p style=\"text-align: justify;\">Istniej\u0105 rozmaite zaburzenia spostrzegania\/analizy rzeczywisto\u015bci, kt\u00f3re odbieraj\u0105 pewno\u015b\u0107 tego, co jest czym. Moja opowie\u015b\u0107, jak znalaz\u0142em si\u0119 nagle przed swoim komputerem i to w zupe\u0142nie innym czasie, jest na to <a href=\"http:\/\/www.survival.edu.pl\/wp-index.php\/?page_id=5634\" target=\"_blank\" rel=\"noopener\"><span style=\"text-decoration: underline;\">przyk\u0142adem<\/span><\/a>. W wielu zdarzeniach odczuwamy, \u017ce \u015bwiat nam si\u0119 wali. Sytuacje spo\u0142eczne te\u017c potrafi\u0105 to i owo przewr\u00f3ci\u0107. Znajomo\u015b\u0107 siebie, w\u0142\u0105czenie hamulc\u00f3w i lekkie operowanie lejcami, mo\u017ce wszystko przywr\u00f3ci\u0107 do postaci, kt\u00f3r\u0105 m\u00f3zg sobie zinterpretuje. Byle bez pomy\u0142ek. I bez samooszukiwania si\u0119&#8230;<\/p>\n","protected":false},"excerpt":{"rendered":"<p>Dlaczego &#8222;przewr\u00f3cone my\u015blenie&#8221;? Bo szklanka nape\u0142niona herbat\u0105 by\u0142a typow\u0105, ewidentn\u0105 &#8222;szklank\u0105 herbaty&#8221; albo &#8222;szklank\u0105 z herbat\u0105&#8221;. Pisarz napisa\u0142by &#8222;Mrok zapada\u0142 powoli, a Robert siedzia\u0142 zamy\u015b\u0142ony ko\u0142o szklanki z herbat\u0105, o kt\u00f3rej zupe\u0142nie zapomnia\u0142. By\u0142a ju\u017c zimna. Ockn\u0105\u0142 si\u0119 i siegn\u0105\u0142 &hellip; <a class=\"more-link\" href=\"https:\/\/www.survival.edu.pl\/wp-index.php\/?page_id=6093\">Czytaj dalej <span class=\"meta-nav\">&rarr;<\/span><\/a><\/p>\n","protected":false},"author":2,"featured_media":0,"parent":5307,"menu_order":0,"comment_status":"closed","ping_status":"closed","template":"","meta":[],"_links":{"self":[{"href":"https:\/\/www.survival.edu.pl\/wp-index.php\/index.php?rest_route=\/wp\/v2\/pages\/6093"}],"collection":[{"href":"https:\/\/www.survival.edu.pl\/wp-index.php\/index.php?rest_route=\/wp\/v2\/pages"}],"about":[{"href":"https:\/\/www.survival.edu.pl\/wp-index.php\/index.php?rest_route=\/wp\/v2\/types\/page"}],"author":[{"embeddable":true,"href":"https:\/\/www.survival.edu.pl\/wp-index.php\/index.php?rest_route=\/wp\/v2\/users\/2"}],"replies":[{"embeddable":true,"href":"https:\/\/www.survival.edu.pl\/wp-index.php\/index.php?rest_route=%2Fwp%2Fv2%2Fcomments&post=6093"}],"version-history":[{"count":42,"href":"https:\/\/www.survival.edu.pl\/wp-index.php\/index.php?rest_route=\/wp\/v2\/pages\/6093\/revisions"}],"predecessor-version":[{"id":6847,"href":"https:\/\/www.survival.edu.pl\/wp-index.php\/index.php?rest_route=\/wp\/v2\/pages\/6093\/revisions\/6847"}],"up":[{"embeddable":true,"href":"https:\/\/www.survival.edu.pl\/wp-index.php\/index.php?rest_route=\/wp\/v2\/pages\/5307"}],"wp:attachment":[{"href":"https:\/\/www.survival.edu.pl\/wp-index.php\/index.php?rest_route=%2Fwp%2Fv2%2Fmedia&parent=6093"}],"curies":[{"name":"wp","href":"https:\/\/api.w.org\/{rel}","templated":true}]}}