{"id":5962,"date":"2017-10-02T21:36:03","date_gmt":"2017-10-02T19:36:03","guid":{"rendered":"http:\/\/www.survival.edu.pl\/wp-index.php\/?page_id=5962"},"modified":"2017-10-02T22:40:14","modified_gmt":"2017-10-02T20:40:14","slug":"5962-2","status":"publish","type":"page","link":"https:\/\/www.survival.edu.pl\/wp-index.php\/?page_id=5962","title":{"rendered":"Wychowawca 2017"},"content":{"rendered":"<p>Wydawca <em><span style=\"color: #ff9900;\"><strong>&#8222;Drogi&#8221;<\/strong><\/span><\/em>, po wywiadzie ze mn\u0105 zam\u00f3wi\u0142 u mnie artyku\u0142 na temat wychowania, bycia wychowawc\u0105. Po ocenie numeru sierpniowego<strong><span style=\"color: #ff9900;\"> &#8222;Drogi&#8221;<\/span><\/strong> \u2014 napisa\u0142em z mi\u0142\u0105 ch\u0119ci\u0105&#8230; do miesi\u0119cznika <span style=\"color: #ff9900;\"><em><strong>&#8222;Wychowawca&#8221;<\/strong><\/em><\/span>, numeru pa\u017adziernikowego.<\/p>\n<p>M\u00f3j artyku\u0142 <em><strong><span style=\"color: #ff9900;\">&#8222;Nie ma uczni\u00f3w trudnych&#8221;<\/span><\/strong><\/em> w postaci <span style=\"text-decoration: underline;\">.<a href=\"http:\/\/www.survival.edu.pl\/wp-content\/uploads\/Wychowawca-2017-10.pdf\" target=\"_blank\" rel=\"noopener\">pdf<\/a><\/span><\/p>\n","protected":false},"excerpt":{"rendered":"<p>Wydawca &#8222;Drogi&#8221;, po wywiadzie ze mn\u0105 zam\u00f3wi\u0142 u mnie artyku\u0142 na temat wychowania, bycia wychowawc\u0105. Po ocenie numeru sierpniowego &#8222;Drogi&#8221; \u2014 napisa\u0142em z mi\u0142\u0105 ch\u0119ci\u0105&#8230; do miesi\u0119cznika &#8222;Wychowawca&#8221;, numeru pa\u017adziernikowego. M\u00f3j artyku\u0142 &#8222;Nie ma uczni\u00f3w trudnych&#8221; w postaci .pdf &hellip; <a class=\"more-link\" href=\"https:\/\/www.survival.edu.pl\/wp-index.php\/?page_id=5962\">Czytaj dalej <span class=\"meta-nav\">&rarr;<\/span><\/a><\/p>\n","protected":false},"author":2,"featured_media":0,"parent":2461,"menu_order":90,"comment_status":"closed","ping_status":"closed","template":"","meta":[],"_links":{"self":[{"href":"https:\/\/www.survival.edu.pl\/wp-index.php\/index.php?rest_route=\/wp\/v2\/pages\/5962"}],"collection":[{"href":"https:\/\/www.survival.edu.pl\/wp-index.php\/index.php?rest_route=\/wp\/v2\/pages"}],"about":[{"href":"https:\/\/www.survival.edu.pl\/wp-index.php\/index.php?rest_route=\/wp\/v2\/types\/page"}],"author":[{"embeddable":true,"href":"https:\/\/www.survival.edu.pl\/wp-index.php\/index.php?rest_route=\/wp\/v2\/users\/2"}],"replies":[{"embeddable":true,"href":"https:\/\/www.survival.edu.pl\/wp-index.php\/index.php?rest_route=%2Fwp%2Fv2%2Fcomments&post=5962"}],"version-history":[{"count":3,"href":"https:\/\/www.survival.edu.pl\/wp-index.php\/index.php?rest_route=\/wp\/v2\/pages\/5962\/revisions"}],"predecessor-version":[{"id":5965,"href":"https:\/\/www.survival.edu.pl\/wp-index.php\/index.php?rest_route=\/wp\/v2\/pages\/5962\/revisions\/5965"}],"up":[{"embeddable":true,"href":"https:\/\/www.survival.edu.pl\/wp-index.php\/index.php?rest_route=\/wp\/v2\/pages\/2461"}],"wp:attachment":[{"href":"https:\/\/www.survival.edu.pl\/wp-index.php\/index.php?rest_route=%2Fwp%2Fv2%2Fmedia&parent=5962"}],"curies":[{"name":"wp","href":"https:\/\/api.w.org\/{rel}","templated":true}]}}