{"id":5734,"date":"2017-09-04T08:29:51","date_gmt":"2017-09-04T06:29:51","guid":{"rendered":"http:\/\/www.survival.edu.pl\/wp-index.php\/?page_id=5734"},"modified":"2017-09-05T20:22:18","modified_gmt":"2017-09-05T18:22:18","slug":"omniwiedza","status":"publish","type":"page","link":"https:\/\/www.survival.edu.pl\/wp-index.php\/?page_id=5734","title":{"rendered":"Sapiensowa wiedza"},"content":{"rendered":"<p style=\"text-align: justify;\">Zdarzy\u0142o mi si\u0119 to w 1998 roku. Weszli\u015bmy na sam\u0105 g\u00f3r\u0119 pasma, stan\u0105\u0142em na s\u0142upku granicznym i popatrzy\u0142em przed siebie. Moi towarzysze tak\u017ce stali patrz\u0105c jak \u015bwiat\u0142o zachodz\u0105cego s\u0142o\u0144ca ociepli\u0142o ziemi\u0119 i lasy w dolinie. Aby zd\u0105\u017cy\u0107 przed zapadni\u0119ciem ciemno\u015bci, ruszyli\u015bmy grzbietem poszuka\u0107 dobrego miejsca pod namioty. Rozbili\u015bmy je szybko, wi\u0119c mieli\u015bmy okazj\u0119 jeszcze raz nacieszy\u0107 si\u0119 widokiem plam s\u0142onecznych rozlanych na powierzchni&#8230; <em>Oto S\u0142owacja<\/em>\u00a0\u2014 powiedzia\u0142em stoj\u0105c jak zdobywca na s\u0142upku granicznym.<\/p>\n<p style=\"text-align: justify;\">Rankiem by\u0142o zimno a deszcz wisia\u0142 g\u0119st\u0105 mg\u0142\u0105 i oblepia\u0142. Ruszyli\u015bmy ku schronisku&#8230;<\/p>\n<p style=\"text-align: justify;\">Potem mog\u0142em napisa\u0107 opowiadanie o tym, jak to id\u0105c pasmem g\u00f3rskim spojrza\u0142em (po up\u0142ywie d\u0142ugiego czasu) na specjalnie w\u0142\u0105czony dla sprawdzenia kierunku lokalizator i stwierdzi\u0142em: <span style=\"color: #ff9900;\"><strong><em>GPS si\u0119\u00a0zepsu\u0142&#8230;!<\/em><\/strong><\/span><\/p>\n<p style=\"text-align: justify;\">Wszystko, co teraz napisz\u0119, odnosi si\u0119 do tego w\u0142a\u015bnie, zaznaczonego wy\u017cej stwierdzenia. Powt\u00f3rzy\u0142em je trzykrotnie. Podczas w\u0119dr\u00f3wki do schroniska, po trzykrotnym w\u0142\u0105czeniu GPS-a, kt\u00f3ry uczciwie pokazywa\u0142 to samo. Zaprzecza\u0142em z uporem wskazaniom bardzo dok\u0142adnego urz\u0105dzenia stworzonego po to, \u017ceby pokazywa\u0142 dok\u0142adnie to, co mia\u0142 pokazywa\u0107&#8230; Bowiem szli\u015bmy w zupe\u0142nie inn\u0105 stron\u0119, ni\u017c to by\u0142o zaplanowane.\u00a0To ja pomyli\u0142em strony \u015bwiata, powiedzia\u0142o mi si\u0119 <em>S\u0142owacja<\/em>, gdy patrzy\u0142em na Polsk\u0119. A wszyscy mi towarzysz\u0105cy \u2014 potwierdzili to. Ale to ja zb\u0142\u0105dzi\u0142em, natomiast inni potakiwali autorytetowi.<\/p>\n<p style=\"text-align: justify;\">Nie by\u0142o mi wstyd. Ludzie przywykli do tego, \u017ce si\u0119 myl\u0105. A wtedy, zw\u0142aszcza wtedy, gdy czuj\u0105 si\u0119 autorytetami, to lubi\u0105 powtarza\u0107, \u017ce rzecz\u0105 ludzk\u0105 jest b\u0142\u0105dzi\u0107. Ja jednak czu\u0142em si\u0119 g\u0142upio, bowiem moja pomy\u0142ka by\u0142a oczywista, a ja wystawi\u0142em na d\u0142ugotrwa\u0142e zimno m\u0142odych ludzi. Oni to wiedzieli, rozumieli. Wybaczyli.<\/p>\n<p style=\"text-align: justify;\">Wracam do tego po latach, bo wci\u0105\u017c mi g\u0142upio. To w\u0142a\u015bnie, a dodatkowo obserwacja pracy nauczyciela oraz systemu nauczania, uwydatni\u0142o mi problem wi\u0105\u017c\u0105cy si\u0119 z pope\u0142nianiem b\u0142\u0119d\u00f3w. Szko\u0142a karze za b\u0142\u0119dy. Stawia z\u0142e oceny, wskazuje palcem miernych uczni\u00f3w, nie udziela promocji&#8230; O b\u0142\u0119dach nauczycielskich jest cicho.<\/p>\n<p style=\"text-align: justify;\">Zrozumia\u0142em to w nast\u0119puj\u0105cy spos\u00f3b: <span style=\"color: #ff9900;\"><strong>autorytetom b\u0142\u0119d\u00f3w si\u0119 nie wytyka.<\/strong><\/span><\/p>\n<p style=\"text-align: justify;\">To by\u0142a my\u015bl, kt\u00f3ra spowodowa\u0142a, \u017ce w okresie mojego prezesowania Stowarzyszeniu Polska Szko\u0142a Surwiwalu, pr\u00f3bowa\u0142em wylansowa\u0107 nast\u0119puj\u0105ce has\u0142o:<br \/>\n<span style=\"color: #ff9900;\">Survival, inaczej ni\u017c szkolnictwo, jest zainteresowany pope\u0142nianiem b\u0142\u0119d\u00f3w przez cz\u0142owieka. Poznawanie b\u0142\u0119d\u00f3w oraz proces\u00f3w ich powstawania daje szanse na zwi\u0119kszenie skuteczno\u015bci dzia\u0142ania. Survivalowiec powinien by\u0107 zadowolony, kiedy uzyskuje informacj\u0119 o swoim b\u0142\u0119dzie oraz jego przyczynie, a zarazem powinien d\u0105\u017cy\u0107 do wsp\u00f3\u0142pracy z innymi w tej dziedzinie.<\/span><\/p>\n<p style=\"text-align: justify;\">Nie wiem, jak moja teza b\u0119dzie funkcjonowa\u0142a po mojej rezygnacji z prezesowania. Mam dobre my\u015bli, bo s\u0105 tam m\u0105drzy ludzie. Wiem natomiast, \u017ce ca\u0142kowicie wbrew swoim za\u0142o\u017ceniom rzesze ludzi zajmuj\u0105cych si\u0119 czym\u015b na kszta\u0142t survivalu nie realizuj\u0105 jego idei. Ide\u0105 przewodni\u0105 jest samodoskonalenie. Z pewno\u015bci\u0105 nie jest to doskonalenie swojej hiperprecyzyjnej dok\u0142adno\u015bci w wype\u0142nianiu zadania polegaj\u0105cego na wi\u0105zaniu w\u0119z\u0142a, kt\u00f3ry si\u0119 zakwalifikuje do umieszczenia w Muzeum Ludzkiej Precyzji, w budowania sza\u0142asu, kt\u00f3ry wejdzie do \u015bcis\u0142ej czo\u0142\u00f3wki \u015awiatowego Festiwalu Budynku Roku, albo te\u017c stworzenia takiej instrukcji dzia\u0142ania, kt\u00f3rej wype\u0142nienie bezwarunkowo wymaga\u0142oby najnowszego survivalowego no\u017ca, suwmiarki, wagi laboratoryjnej i lasera tn\u0105cego.<\/p>\n<p style=\"text-align: justify;\">I nie powinni\u015bmy mie\u0107 na my\u015bli, \u017ce chodzi o proste doskonalenie jednego ruchu, jednej czynno\u015bci, jednej fukcji czy partii cia\u0142a. Powinno by\u0107 to doskonalenie na wz\u00f3r rodem ze staro\u017cytnej Grecji, kiedy to\u00a0<span style=\"color: #ffffff;\"><strong>o\u03bb\u03c5\u03bc\u03c0\u03af\u03bf\u03c5<\/strong><\/span> mia\u0142 by\u0107 wzorcem sprawno\u015bci i etyczno\u015bci. Cz\u0142owiek jednak zawsze woli mniej si\u0119 narobi\u0107 a efekt uzyska\u0107, zatem stosuje sztuczki, manipulacje lub \u015brodki dopingujace. Bo na tym polegaj\u0105 popisy&#8230;<\/p>\n<p style=\"text-align: justify;\">Jak\u017ce mo\u017cna zaczarowa\u0107 \u015bwiat&#8230; i oczarowa\u0107 gapi\u00f3w, kiedy zna si\u0119 wszystkie te szczeg\u00f3\u0142y, kt\u00f3rych inni nie znaj\u0105. Szczeg\u00f3\u0142y, kt\u00f3re naprawd\u0119 maj\u0105 znaczenie jedynie wtedy, gdy trzeba wystrzeli\u0107 rakiet\u0119, kt\u00f3ra trafi niezwykle dok\u0142adnie w cel. Ale wiedzie\u0107 o r\u00f3\u017cnicach mi\u0119dzy p\u00f3\u0142noc\u0105 geograficzn\u0105 a magnetyczn\u0105, aby doj\u015b\u0107 do morza&#8230;? Zna\u0107 zasi\u0119g wyst\u0119powania jakiego\u015b gatunku, aby legn\u0105\u0107 pod takim drzewem? Recytowa\u0107 nazwy <span style=\"color: #ffffff;\"><strong>prawdopodobnych<\/strong><\/span> gatunk\u00f3w drobnoustroj\u00f3w w \u017ar\u00f3dle, by podnosi\u0107 kwestie napicia si\u0119 wody, zw\u0142aszcza \u017ce <span style=\"color: #ffffff;\"><strong>prawdopodobnie<\/strong><\/span> nigdy nie zaistnieje w naszym \u017cyciu taka chwila, \u017ce nie b\u0119dziemy mieli z nimi kontaktu?<\/p>\n<p style=\"text-align: justify;\">To przerost szczeg\u00f3\u0142\u00f3w nad sensem naszego \u017cycia. Nad naszym poczuciem bycia potrzebnym i szcz\u0119\u015b\u0142iwym. To durny wy\u015bcig &#8222;kto lepszy&#8221;, kto zna nazw\u0119 tropikalnej ameby \u017cyj\u0105cej wy\u0142\u0105cznie w wodzie o lekko zasadowym odczynie, w temperaturze pomi\u0119dzy 24 a 29,5\u00b0C, a powoduj\u0105cej u cz\u0142owieka zaburzenia pracy cia\u0142ka Dereugena, kiedy miejscowo w tkankach powierzchni cia\u0142a temperatura opadnie do 32\u00b0C.<\/p>\n<p style=\"text-align: justify;\">Ludzki gatunek nigdy nie trzyma\u0142 si\u0119 \u015bci\u015ble w\u0142asnych postanowie\u0144, ustale\u0144, regu\u0142 i um\u00f3w. Ma\u0142o tego \u2014 ludzki gatunek nigdy nie trzyma\u0142 si\u0119 faktycznego sensu. Wystaczy\u0142 mu sens urojony. Mistyfikacja. Dla dobrego samopoczucia. Tote\u017c moje tu pisanie nie jest okazywaniem zdziwienia lub oburzenia. My\u015bl\u0119 raczej o zjawisku samooszukiwania si\u0119 i zadowalania si\u0119 mistyfikacj\u0105. To zjawisko jak najbardziej naturalne. Wiemy o istnieniu mimikry i mimetyzmu. Przeciez to natura. Dla kogo\u015b, kto jest <em>sapiens<\/em>, i pragnie by\u0107 temu wierny, b\u0142\u0105d zawarty jest w formule, \u017ce nale\u017cy si\u0119 upodobni\u0107 do kogo\u015b, kto zajmuje si\u0119 survivalem. Moje \u2014 retoryczne \u2014 pytanie brzmi: czy przebranie si\u0119 w str\u00f3j stra\u017caka czyni kogo\u015b sprawnym mistrzem opanowywania ognia? Czy zadecyduje o\u00a0tym wyrecytowanie z pami\u0119ci, jaka jest temperatura zap\u0142onu tej czy innej substancji?<\/p>\n<p style=\"text-align: justify;\">Mo\u017ce to kogo\u015b uwa\u017caj\u0105cego si\u0119 za survivalowca urazi. Przepraszam za to. Mimo wszystko to bycie nim w chwili obecnej jest jeszcze hobby (a czekam tego momentu, kiedy zas\u0142u\u017cy na chwa\u0142\u0119). <span style=\"color: #ff9900;\">Zadam pytanie \u2014 wcale nie retoryczne \u2014 czy zdanie egzamin\u00f3w na studiach pedagogicznych czyni cz\u0142owieka przyjacielem dziecka?, cz\u0142owiekiem rozumiej\u0105cym dziecko?, cz\u0142owiekiem zdolnym do pokazania dziecku drogi \u017cyciowej, poradzenia sobie z dzieci\u0119cymi l\u0119kami, przeprowadzenia przez okres szukania w\u0142asnej autonomii&#8230;?<\/span><\/p>\n<p style=\"text-align: justify;\">Bo przecie\u017c u nas mo\u017cna by\u0107 pedagogiem po odpowiednich kursach lub po studiach. Co to ma wsp\u00f3lnego z\u00a0faktycznym rozumieniem \u017cycia? I z radzeniem sobie w \u017cyciu? Radzeniem SOBIE w \u017cyciu.<\/p>\n<p style=\"text-align: justify;\">A jak pomaga\u0107 innym?<\/p>\n<p>&nbsp;<\/p>\n","protected":false},"excerpt":{"rendered":"<p>Zdarzy\u0142o mi si\u0119 to w 1998 roku. Weszli\u015bmy na sam\u0105 g\u00f3r\u0119 pasma, stan\u0105\u0142em na s\u0142upku granicznym i popatrzy\u0142em przed siebie. Moi towarzysze tak\u017ce stali patrz\u0105c jak \u015bwiat\u0142o zachodz\u0105cego s\u0142o\u0144ca ociepli\u0142o ziemi\u0119 i lasy w dolinie. Aby zd\u0105\u017cy\u0107 przed zapadni\u0119ciem ciemno\u015bci, &hellip; <a class=\"more-link\" href=\"https:\/\/www.survival.edu.pl\/wp-index.php\/?page_id=5734\">Czytaj dalej <span class=\"meta-nav\">&rarr;<\/span><\/a><\/p>\n","protected":false},"author":2,"featured_media":0,"parent":5631,"menu_order":40,"comment_status":"closed","ping_status":"closed","template":"","meta":[],"_links":{"self":[{"href":"https:\/\/www.survival.edu.pl\/wp-index.php\/index.php?rest_route=\/wp\/v2\/pages\/5734"}],"collection":[{"href":"https:\/\/www.survival.edu.pl\/wp-index.php\/index.php?rest_route=\/wp\/v2\/pages"}],"about":[{"href":"https:\/\/www.survival.edu.pl\/wp-index.php\/index.php?rest_route=\/wp\/v2\/types\/page"}],"author":[{"embeddable":true,"href":"https:\/\/www.survival.edu.pl\/wp-index.php\/index.php?rest_route=\/wp\/v2\/users\/2"}],"replies":[{"embeddable":true,"href":"https:\/\/www.survival.edu.pl\/wp-index.php\/index.php?rest_route=%2Fwp%2Fv2%2Fcomments&post=5734"}],"version-history":[{"count":47,"href":"https:\/\/www.survival.edu.pl\/wp-index.php\/index.php?rest_route=\/wp\/v2\/pages\/5734\/revisions"}],"predecessor-version":[{"id":5783,"href":"https:\/\/www.survival.edu.pl\/wp-index.php\/index.php?rest_route=\/wp\/v2\/pages\/5734\/revisions\/5783"}],"up":[{"embeddable":true,"href":"https:\/\/www.survival.edu.pl\/wp-index.php\/index.php?rest_route=\/wp\/v2\/pages\/5631"}],"wp:attachment":[{"href":"https:\/\/www.survival.edu.pl\/wp-index.php\/index.php?rest_route=%2Fwp%2Fv2%2Fmedia&parent=5734"}],"curies":[{"name":"wp","href":"https:\/\/api.w.org\/{rel}","templated":true}]}}