{"id":5631,"date":"2017-08-28T12:38:17","date_gmt":"2017-08-28T10:38:17","guid":{"rendered":"http:\/\/www.survival.edu.pl\/wp-index.php\/?page_id=5631"},"modified":"2017-08-28T12:38:17","modified_gmt":"2017-08-28T10:38:17","slug":"doznawanie","status":"publish","type":"page","link":"https:\/\/www.survival.edu.pl\/wp-index.php\/?page_id=5631","title":{"rendered":"Doznawanie"},"content":{"rendered":"<p style=\"text-align: justify;\">Doznawanie, to nie eksperyment. Ale chodzi jednak o zetkni\u0119cie si\u0119 z czym\u015b, co w trakcie i potem podda\u0142o si\u0119 obserwacji i analizie (w miar\u0119 mo\u017cliwo\u015bci), przyjrza\u0142o si\u0119 oddzia\u0142ywaniu, skutkom&#8230; Na pewno nie mam na my\u015bli dozna\u0144 zwyczajnych, powszechnych i ma\u0142o istotnych. My\u015bl\u0119 za to o sytuacjach, kt\u00f3rych si\u0119 l\u0119kamy, albo kt\u00f3re s\u0105 dla nas zagadkowe czy zupe\u0142nie nie do ogarni\u0119cia.<\/p>\n<p style=\"text-align: justify;\">Jednocze\u015bnie pisz\u0119 tu o zjawiskach, kt\u00f3re znamy. Kt\u00f3re bywaj\u0105 dla nas w potocznym znaczeniu oczywiste, co nie znaczy, \u017ce wszystkie z nich chcieliby\u015bmy napotka\u0107 na swojej drodze.<\/p>\n","protected":false},"excerpt":{"rendered":"<p>Doznawanie, to nie eksperyment. Ale chodzi jednak o zetkni\u0119cie si\u0119 z czym\u015b, co w trakcie i potem podda\u0142o si\u0119 obserwacji i analizie (w miar\u0119 mo\u017cliwo\u015bci), przyjrza\u0142o si\u0119 oddzia\u0142ywaniu, skutkom&#8230; Na pewno nie mam na my\u015bli dozna\u0144 zwyczajnych, powszechnych i ma\u0142o &hellip; <a class=\"more-link\" href=\"https:\/\/www.survival.edu.pl\/wp-index.php\/?page_id=5631\">Czytaj dalej <span class=\"meta-nav\">&rarr;<\/span><\/a><\/p>\n","protected":false},"author":2,"featured_media":0,"parent":2178,"menu_order":20,"comment_status":"closed","ping_status":"closed","template":"","meta":[],"_links":{"self":[{"href":"https:\/\/www.survival.edu.pl\/wp-index.php\/index.php?rest_route=\/wp\/v2\/pages\/5631"}],"collection":[{"href":"https:\/\/www.survival.edu.pl\/wp-index.php\/index.php?rest_route=\/wp\/v2\/pages"}],"about":[{"href":"https:\/\/www.survival.edu.pl\/wp-index.php\/index.php?rest_route=\/wp\/v2\/types\/page"}],"author":[{"embeddable":true,"href":"https:\/\/www.survival.edu.pl\/wp-index.php\/index.php?rest_route=\/wp\/v2\/users\/2"}],"replies":[{"embeddable":true,"href":"https:\/\/www.survival.edu.pl\/wp-index.php\/index.php?rest_route=%2Fwp%2Fv2%2Fcomments&post=5631"}],"version-history":[{"count":1,"href":"https:\/\/www.survival.edu.pl\/wp-index.php\/index.php?rest_route=\/wp\/v2\/pages\/5631\/revisions"}],"predecessor-version":[{"id":5632,"href":"https:\/\/www.survival.edu.pl\/wp-index.php\/index.php?rest_route=\/wp\/v2\/pages\/5631\/revisions\/5632"}],"up":[{"embeddable":true,"href":"https:\/\/www.survival.edu.pl\/wp-index.php\/index.php?rest_route=\/wp\/v2\/pages\/2178"}],"wp:attachment":[{"href":"https:\/\/www.survival.edu.pl\/wp-index.php\/index.php?rest_route=%2Fwp%2Fv2%2Fmedia&parent=5631"}],"curies":[{"name":"wp","href":"https:\/\/api.w.org\/{rel}","templated":true}]}}