{"id":5591,"date":"2017-08-15T15:48:43","date_gmt":"2017-08-15T13:48:43","guid":{"rendered":"http:\/\/www.survival.edu.pl\/wp-index.php\/?page_id=5591"},"modified":"2021-09-10T12:22:12","modified_gmt":"2021-09-10T10:22:12","slug":"bez-mydla","status":"publish","type":"page","link":"https:\/\/www.survival.edu.pl\/wp-index.php\/?page_id=5591","title":{"rendered":"Bez myd\u0142a i piany"},"content":{"rendered":"<p style=\"text-align: justify;\">Moi przyjaciele skar\u017cyli si\u0119 przed wielu laty, \u017ce dokuczaj\u0105 im nieustaj\u0105ce zaka\u017cenia bakteryjne tworz\u0105ce si\u0119 na sk\u00f3rze. Broni\u0105c si\u0119 przed nimi u\u017cywali &#8222;najbardziej specjalnych myde\u0142 antybakteryjnych&#8221; oraz solidnych szczotek. Dr\u0119czyli tym wszystkim w\u0142asny nask\u00f3rek jak purytanie \u2014 swymi modlitwami oraz \u015bcis\u0142\u0105 kontrol\u0105 wszystkiego, co tylko si\u0119 da \u2014 swoich bli\u017anich.<\/p>\n<p style=\"text-align: justify;\">Wiele lat to trwa\u0142o&#8230; To znaczy&#8230; wiele lat szuka\u0142em odpowiedzi, a gdy uzna\u0142em, \u017ce ju\u017c mam pewien trop, nawet pr\u00f3bowa\u0142em przekaza\u0107 to w postaci informacji, \u017ce <span style=\"color: #ff9900;\">drastyczne pozbawianie naszego nask\u00f3rka &#8222;naszej&#8221;, w\u0142asnej flory bakteryjnej, tworzy mocny rynek inwestycyjny dla &#8222;nienaszych&#8221;<\/span>. Spotka\u0142em si\u0119 w\u00f3wczas z oburzeniem, za\u015b dziecko moich przyjaci\u00f3\u0142 us\u0142ysza\u0142o, \u017ce nie powinno mnie s\u0142ucha\u0107, bo si\u0119 nie myj\u0119.<\/p>\n<p style=\"text-align: justify;\">O\u015bwiadczam, \u017ce ka\u017cdy dzie\u0144 zaczynam nie tylko od herbaty, ale od wlezienia do wanny i solidnego wymoczenia si\u0119, ko\u0142o godziny. Potem szorstkim r\u0119cznikiem wycieram sk\u00f3r\u0119. Post\u0119puj\u0119 tak ju\u017c od wielu lat (dzi\u0119kuj\u0119 panu, profesorze Piotrze Skuba\u0142a!). Wszystkie moje ranki i rany goj\u0105 si\u0119 b\u0142yskawicznie, nie towarzyszy temu nawet niewielki stan zapalny. Niczego, niczym nie dezynfekuj\u0119. <span style=\"color: #ff9900;\">Nie u\u017cywam myd\u0142a<\/span>. Chroni mnie moja w\u0142asna flora bakteryjna.<\/p>\n<hr width=\"50%\" \/>\n<p>Przy okazji (proszono mnie, bym zacytowa\u0142 pewien dialog) wyznam co\u015b:<\/p>\n<p style=\"text-align: justify;\">Zapytano mnie na pewnym spotkaniu naszego stowarzyszenia, czemu pij\u0119 du\u017co herbaty, potem oddalam si\u0119 w\u00a0ustronne miejsce, a gdy tylko wr\u00f3c\u0119, robi\u0119 sobie kolejn\u0105 herbat\u0119 i wkr\u00f3tce ponownie znikam w ustronnym miejscu. Ten proces jest wyra\u017anie powtarzalny. O co chodzi?<\/p>\n<p>Odrzek\u0142em: <span style=\"color: #ffffff;\">&#8222;To jest moje wa\u017cne \u017cyciowe zadanie&#8230; Chcia\u0142bym kiedy\u015b zd\u0105\u017cy\u0107&#8230;&#8221;<\/span><\/p>\n<p>PS. Prosz\u0119 pami\u0119ta\u0107, \u017ce to jest dopisek nie zwi\u0105zany z tematem. Zasugerowano mi, \u017ce jak go tu ukryj\u0119, to niewielu go przeczyta, jako \u017ce mi\u0142o\u015bnik\u00f3w czytania na temat myd\u0142a i piany b\u0119dzie niewielu.<\/p>\n","protected":false},"excerpt":{"rendered":"<p>Moi przyjaciele skar\u017cyli si\u0119 przed wielu laty, \u017ce dokuczaj\u0105 im nieustaj\u0105ce zaka\u017cenia bakteryjne tworz\u0105ce si\u0119 na sk\u00f3rze. Broni\u0105c si\u0119 przed nimi u\u017cywali &#8222;najbardziej specjalnych myde\u0142 antybakteryjnych&#8221; oraz solidnych szczotek. Dr\u0119czyli tym wszystkim w\u0142asny nask\u00f3rek jak purytanie \u2014 swymi modlitwami oraz &hellip; <a class=\"more-link\" href=\"https:\/\/www.survival.edu.pl\/wp-index.php\/?page_id=5591\">Czytaj dalej <span class=\"meta-nav\">&rarr;<\/span><\/a><\/p>\n","protected":false},"author":2,"featured_media":0,"parent":2346,"menu_order":10,"comment_status":"closed","ping_status":"closed","template":"","meta":[],"_links":{"self":[{"href":"https:\/\/www.survival.edu.pl\/wp-index.php\/index.php?rest_route=\/wp\/v2\/pages\/5591"}],"collection":[{"href":"https:\/\/www.survival.edu.pl\/wp-index.php\/index.php?rest_route=\/wp\/v2\/pages"}],"about":[{"href":"https:\/\/www.survival.edu.pl\/wp-index.php\/index.php?rest_route=\/wp\/v2\/types\/page"}],"author":[{"embeddable":true,"href":"https:\/\/www.survival.edu.pl\/wp-index.php\/index.php?rest_route=\/wp\/v2\/users\/2"}],"replies":[{"embeddable":true,"href":"https:\/\/www.survival.edu.pl\/wp-index.php\/index.php?rest_route=%2Fwp%2Fv2%2Fcomments&post=5591"}],"version-history":[{"count":12,"href":"https:\/\/www.survival.edu.pl\/wp-index.php\/index.php?rest_route=\/wp\/v2\/pages\/5591\/revisions"}],"predecessor-version":[{"id":7720,"href":"https:\/\/www.survival.edu.pl\/wp-index.php\/index.php?rest_route=\/wp\/v2\/pages\/5591\/revisions\/7720"}],"up":[{"embeddable":true,"href":"https:\/\/www.survival.edu.pl\/wp-index.php\/index.php?rest_route=\/wp\/v2\/pages\/2346"}],"wp:attachment":[{"href":"https:\/\/www.survival.edu.pl\/wp-index.php\/index.php?rest_route=%2Fwp%2Fv2%2Fmedia&parent=5591"}],"curies":[{"name":"wp","href":"https:\/\/api.w.org\/{rel}","templated":true}]}}