{"id":5323,"date":"2017-03-29T16:09:35","date_gmt":"2017-03-29T14:09:35","guid":{"rendered":"http:\/\/www.survival.edu.pl\/wp-index.php\/?page_id=5323"},"modified":"2018-01-16T00:57:59","modified_gmt":"2018-01-15T22:57:59","slug":"znikniecie-mimikra-kamuflaz","status":"publish","type":"page","link":"https:\/\/www.survival.edu.pl\/wp-index.php\/?page_id=5323","title":{"rendered":"Znikni\u0119cie, mimikra, kamufla\u017c"},"content":{"rendered":"<p style=\"text-align: justify;\"><span style=\"color: #ff9900;\">Kiedy ma\u0142e dziecko si\u0119 wstydzi, chowa si\u0119 pod ko\u0142dr\u0119 albo pod st\u00f3\u0142.<\/span><\/p>\n<p style=\"text-align: justify;\">To naturalne zachowanie, niemal odruch, kt\u00f3ry ma zadanie co\u015b w nas uratowa\u0107. Mo\u017ce to by\u0107 komfort psychiczny, mo\u017ce by\u0107 dobre zdrowie, mo\u017ce by\u0107 \u017cycie. Ka\u017cdy to robi, w ka\u017cdej formie. Niekt\u00f3rzy nawet potrafi\u0105 by\u0107 tak nierozs\u0105dni, jak ten stru\u015b, co maj\u0105c schowan\u0105 g\u0142ow\u0119 s\u0105dzi\u0142, ze nie wida\u0107 ca\u0142ego jego cia\u0142a. Tak w\u0142a\u015bnie zdarza si\u0119 ma\u0142ym dzieciom.<\/p>\n<p style=\"text-align: justify;\">Doro\u015bli ludzie czasem potrafi\u0105 r\u00f3wnie\u017c nabroi\u0107, a ich spos\u00f3b ratowania sytuacji potrafi nam natychmiast przynie\u015b\u0107 skojarzenie ze strusiem. Ludzie tajnych s\u0142u\u017cb s\u0105 tak kszta\u0142ceni, \u017ce w\u0142a\u015bciwie pos\u0142uguj\u0105 si\u0119 rewersem &#8222;metody strusia&#8221;, bowiem ich ca\u0142ych wida\u0107, ale to nie s\u0105 oni&#8230; to znaczy wcielaj\u0105 si\u0119 w kogo\u015b zupe\u0142nie innego.<\/p>\n<p>Mam zamiar opowiedzie\u0107 nieco o mo\u017cliwo\u015bciach ochronnych w ramach:<\/p>\n<ul>\n<li><span style=\"color: #ffffff;\">ukrycia si\u0119<\/span><\/li>\n<li><span style=\"color: #ffffff;\">mimikry<\/span><\/li>\n<li><span style=\"color: #ffffff;\">kamufla\u017cu<\/span><\/li>\n<li><span style=\"color: #ffffff;\">kamufla\u017cu aktywnego<\/span><\/li>\n<\/ul>\n<p style=\"text-align: justify;\">Nie wyja\u015bni\u0119 jednak wszystkiego. Zdradzenie innym swoich tajemnic nie jest rzecz\u0105 survivalow\u0105&#8230;<\/p>\n<hr \/>\n<p style=\"text-align: justify;\">Tak jak to zwyk\u0142em robi\u0107 na mojej stronie i wspomnia\u0142em o tym, <span style=\"color: #ffffff;\"><strong>&#8222;ka\u017cdy temat rozpocz\u0119ty ma szans\u0119 na kontynuowanie, rozbudow\u0119, przetworzenie&#8221;<\/strong><\/span>. Tutaj r\u00f3wnie\u017c b\u0119dzie mo\u017cna kiedy\u015b zasta\u0107 zmiany.<\/p>\n<hr \/>\n<p style=\"text-align: justify;\">A teraz troch\u0119 o sobie. Uczono mnie szczero\u015bci, uczciwo\u015bci, prawo\u015bci, bycia wra\u017cliwym i pomocnym. Stara\u0142em si\u0119. Czasem nie wychodzi mi to wszystko do ko\u0144ca, ale chc\u0119 wierzy\u0107 w siebie. To wa\u017cne \u2014 mie\u0107 wiar\u0119 w siebie, a\u00a0jest ona uzasadniona. Stwierdzi\u0142em, \u017ce cz\u0119sto na przeszkodzie dobrych wynik\u00f3w pojawia\u0142y si\u0119 ludzkie niecierpliwo\u015bci, niedom\u00f3wienia, wyobra\u017cenia, kr\u00f3tkowzroczno\u015bci&#8230; Nie to, \u017ce &#8222;ludzkie&#8221; czyli &#8222;cz\u0142owiecze&#8221;, ale\u00a0ludzkie, bo innych ludzi. Czasem tych najbli\u017cej mnie.<\/p>\n<p style=\"text-align: justify;\"><span style=\"color: #ff9900;\">Chodzi o rzecz banaln\u0105. Kiedy by\u0142em ma\u0142y i co\u015b robi\u0142em, a mia\u0142o to by\u0107 po\u017cyteczne i zbawienne dla ludzko\u015bci, zawsze potrafi\u0142 pojawi\u0107 si\u0119 jaki\u015b doros\u0142y i dawa\u0142 mi\u00a0wielk\u0105 bur\u0119 w samym \u015brodku projektu. Ca\u0142y pomys\u0142 si\u0119 rozsypywa\u0142 i zostawa\u0142o po nim tylko pobojowisko. Zrozumia\u0142em, \u017ce nie wolno innych dopuszcza\u0107 do tajemnicy, p\u00f3ki projekt nie b\u0119dzie sko\u0144czony.<\/span><\/p>\n<p style=\"text-align: justify;\">Potem, a by\u0142em ju\u017c licealist\u0105, w moim w\u0142asnym domu zamieszka\u0142a ciotka. Pomijam to, \u017ce w ca\u0142ym m\u0142odym \u017cyciu nie mia\u0142em w\u0142asnego pokoju, a ciotka dosta\u0142a go natychmiast, bo sedno by\u0142o w tym, \u017ce nie maj\u0105c w\u0142asnego <em>refugium<\/em>, nie mog\u0142em zajmowa\u0107 si\u0119 swymi projektami, gdy\u017c by\u0142em dla wszystkich nieustannie widoczny, jak na widelcu. Kosztowa\u0142o mnie to wiele nerw\u00f3w, ale czego\u015b si\u0119 nauczy\u0142em. To co\u015b stanowi m\u00f3j wielki dorobek (i\u00a0to\u00a0stwierdzam na zupe\u0142nie powa\u017cnie).<\/p>\n<p style=\"text-align: justify;\">Nie zdradzaj\u0105c za wiele, wyznam, \u017ce chodzi o wypracowan\u0105 przeze mnie postaw\u0119 &#8222;jestem w fazie&#8221;. Bynajmniej nie chodzi\u0142o o stan psychiczny nazywany &#8222;faz\u0105&#8221;. Moi domownicy \u2014 zw\u0142aszcza ci czepliwi, mniej tolerancyjni i\u00a0komentuj\u0105cy ka\u017cde kichni\u0119cie \u2014 mogli mnie ogl\u0105da\u0107 b\u0119d\u0105cego <span style=\"color: #ff9900;\">w fazie robienia czego\u015b<\/span>. Znaczy to, \u017ce kiedy mia\u0142em zamiar pogra\u0107 sobie na komputerze, dokonywa\u0142em przedtem przej\u015bcia z kuchni do mego pokoju ze zmiotk\u0105 i szufelk\u0105, a przej\u015bcie to by\u0142o manifestowane na przyk\u0142ad upuszczeniem szufelki.<\/p>\n<p style=\"text-align: justify;\">Wzmiankowana ju\u017c osoba na d\u017awi\u0119k upadaj\u0105cej szufelki wychodzi\u0142a ze swego pokoju i mia\u0142a wtedy okazj\u0119 zobaczy\u0107 mnie, jak znikam w drugim pokoju wraz z szufelk\u0105 i zmiotk\u0105. Koniec opowie\u015bci. I to za\u0142atwia\u0142o spraw\u0119. W ka\u017cdym razie pomys\u0142 po latach rozbudowa\u0142 si\u0119 do rozmiar\u00f3w&#8230; czy mo\u017ce\u00a0raczej\u00a0jako\u015bci&#8230; s\u0142abo kontrolowanych nawet przez specjalist\u00f3w od kontrolowania. Ale mo\u017ce o tym kiedy\u015b.<\/p>\n<p style=\"text-align: justify;\">Ten m\u00f3j spos\u00f3b nazwa\u0142em <span style=\"color: #ff9900;\">&#8222;kamufla\u017cem aktywnym&#8221;<\/span>, od kt\u00f3rego zwyk\u0142y kamufla\u017c r\u00f3\u017cni\u0142 si\u0119 bierno\u015bci\u0105, znieruchomieniem, wtopieniem w t\u0142o. Wiem, \u017ce niekt\u00f3rzy nazywaj\u0105 to <span style=\"color: #ff9900;\">mimetyzmem<\/span>\u00a0oraz <span style=\"color: #ff9900;\">mimikr\u0105<\/span>, ale to ich sprawa.<\/p>\n<p style=\"text-align: justify;\"><span style=\"color: #ff9900;\">Wa\u017cne jest, aby nie utraci\u0107 siebie samego, nie sta\u0107 si\u0119 kim\u015b innym, nad kim panuje si\u0119 jedynie jak nad kim\u015b innym, ale nie nad sob\u0105.<\/span> Warto <span style=\"text-decoration: underline;\"><a href=\"http:\/\/www.survival.edu.pl\/wp-index.php\/?page_id=940\" target=\"_blank\" rel=\"noopener\">zerkn\u0105\u0107 tu<\/a><\/span>.<\/p>\n<hr \/>\n<p style=\"text-align: justify;\">Oto nadszed\u0142 czas, by wspomnie\u0107 &#8222;o tym kiedy\u015b&#8221;. Stara\u0142em si\u0119 by\u0107 czujnym w sprawie stosowania tej samej miary wobec siebie i innych. St\u0105d bra\u0142y si\u0119 moje eksperymenty na domownikach, kt\u00f3re polega\u0142y na wywo\u0142ywaniu sytuacji testuj\u0105cych. Je\u015bli kto\u015b stawia\u0142 mi kategoryczne wymagania wobec moich zachowa\u0144, sprawdza\u0142em &#8222;odbicie lustrzane&#8221; obserwuj\u0105c\u00a0<span style=\"color: #ff9900;\">czy stosuje te wymagania wobec siebie<\/span>.<\/p>\n<p style=\"text-align: justify;\">Prawdopodobnie nie by\u0142em zbyt wygodnym wsp\u00f3\u0142lokatorem. Bowiem pakowa\u0142em rodzin\u0119 w sytuacj\u0119 wyra\u017anego dania odpowiedzi na pytanie, <span style=\"color: #ff9900;\">czy moje zachowania, uwa\u017cane za niew\u0142a\u015bciwie, nadal\u00a0uchodz\u0105 za w\u0142a\u015bnie takie<\/span>, kiedy to ja ich przy\u0142apuj\u0119 na czynieniu tego samego.<\/p>\n<p style=\"text-align: justify;\">Okazywa\u0142o si\u0119, \u017ce w ich sytuacjach znajdowa\u0142o si\u0119 ca\u0142e mn\u00f3stwo uzasadnie\u0144. Takie usprawiedliwianie si\u0119 potraktowa\u0142em jako cech\u0119\u00a0ewidentnie typow\u0105 u tych, kt\u00f3rzy <span style=\"color: #ff9900;\">potrzebowali kim\u015b rz\u0105dzi\u0107<\/span>. Bardzo du\u017co dawa\u0142o mi stwierdzenie, \u017ce nie dotyczy\u0142o to mojego ojca.<\/p>\n<hr width=\"50%\" \/>\n<p style=\"text-align: justify;\">P\u00f3\u017aniej wielokrotnie \u2014 wrednie \u2014 przejawia\u0142em zachowania wzorowane na znanych mi &#8222;komendantach&#8221;. Czyli ma\u0142powa\u0142em czyje\u015b negatywne zachowanie, a robi\u0142em to w taki spos\u00f3b, by by\u0107 na tym przy\u0142apanym.<\/p>\n<p style=\"text-align: justify;\">Kiedy\u015b moja ciotka trumfalnie wydoby\u0142a z k\u0105ta jaki\u015b paproszek (a w\u0142a\u015bnie pozamiata\u0142em pod\u0142ogi, umy\u0142em je i\u00a0zapastowa\u0142em, \u017ceby by\u0107 odbieranym jako po\u017cyteczny cz\u0142onek spo\u0142eczno\u015bci), i paproszek ten zosta\u0142 natychmiast pokazany ca\u0142emu \u015bwiatu z komentarzem: <span style=\"color: #ffffff;\">&#8222;Je\u015bli si\u0119 co\u015b robi, to trzeba to robi\u0107 porz\u0105dnie&#8221;<\/span>. Przela\u0142o to czar\u0119 goryczy.<\/p>\n<p style=\"text-align: justify;\">Uzna\u0142em, \u017ce m\u00f3j wysi\u0142ek zosta\u0142 niezauwa\u017cony i zlekcewa\u017cony. Moje rodzinne eksperymenty pchn\u0119\u0142y mnie ku nowemu. By\u0142 to m.in. wspomniany zabieg ze zmiotk\u0105 i szufelk\u0105. Czasem rozk\u0142ada\u0142em na \u015brodku przedpokoju odkurzacz, kt\u00f3ry oczekiwa\u0142 w tym miejscu na przyj\u015bcie ciotki z pracy. Kiedy rozlega\u0142 si\u0119 zgrzyt klucza w zamku, pochodzi\u0142em do odkurzacza i zaczyna\u0142em go zwija\u0107 oraz pakowa\u0107 do szafy. Tworzy\u0142em <span style=\"color: #ffffff;\">mira\u017c &#8222;w\u0142a\u015bnie uko\u0144czono sprz\u0105tanie mieszkania&#8221;<\/span>. Niezwykle satysfakcjonowa\u0142o mnie <span style=\"color: #ff9900;\">odkrycie<\/span>, \u017ce moj\u0105 pozytywn\u0105 rol\u0119 w \u017cyciu spo\u0142ecznym dawa\u0142o&#8230; moje udawanie. Od tego momentu rozumia\u0142em, na czym opiera si\u0119 \u017cycie spo\u0142eczne.<\/p>\n<p style=\"text-align: justify;\">Moje skojarzenie z opisem Stanis\u0142awa Grzesiuka w <span style=\"color: #ffffff;\"><em>Pi\u0119\u0107 lat kacetu<\/em><\/span>, jak to w warunkach obozu koncentracyjnego stara\u0142 si\u0119 chroni\u0107 swoje zapasy energetyczne siedz\u0105c ukryty w jakim\u015b zakamarku \u2014 by\u0142o oczywiste. Ujrzenie id\u0105cego SS-mana powodowa\u0142o, \u017ce Grzesiuk wy\u0142ania\u0142 si\u0119 zza baraku nios\u0105c d\u0142ug\u0105 desk\u0119 i maszeruj\u0105c energicznie, jakby ta deska by\u0142a absolutnie i natychmiast gdzie\u015b komu\u015b niezb\u0119dna.<\/p>\n<p style=\"text-align: justify;\">Szcz\u0119\u015bliwie to ojciec nie pozwoli\u0142, bym si\u0119 stoczy\u0142. Zauwa\u017ca\u0142 moje wysi\u0142ki i docenia\u0142 moje sukcesy. I by\u0142 wymagaj\u0105cy w tych samych sprawach, w kt\u00f3rych by\u0142 wymagaj\u0105cy wobec siebie. <span style=\"color: #ff9900;\">Wchodz\u0105c na \u015bcie\u017ck\u0119 pedagogiczn\u0105 \u2014 nie mog\u0142em ju\u017c sobie pozwoli\u0107 na udawanie<\/span>. Ale testy&#8230; przyda\u0142y mi si\u0119 (cho\u0107 mia\u0142y ju\u017c inny charakter).<\/p>\n","protected":false},"excerpt":{"rendered":"<p>Kiedy ma\u0142e dziecko si\u0119 wstydzi, chowa si\u0119 pod ko\u0142dr\u0119 albo pod st\u00f3\u0142. To naturalne zachowanie, niemal odruch, kt\u00f3ry ma zadanie co\u015b w nas uratowa\u0107. Mo\u017ce to by\u0107 komfort psychiczny, mo\u017ce by\u0107 dobre zdrowie, mo\u017ce by\u0107 \u017cycie. Ka\u017cdy to robi, w &hellip; <a class=\"more-link\" href=\"https:\/\/www.survival.edu.pl\/wp-index.php\/?page_id=5323\">Czytaj dalej <span class=\"meta-nav\">&rarr;<\/span><\/a><\/p>\n","protected":false},"author":2,"featured_media":0,"parent":725,"menu_order":0,"comment_status":"closed","ping_status":"closed","template":"","meta":[],"_links":{"self":[{"href":"https:\/\/www.survival.edu.pl\/wp-index.php\/index.php?rest_route=\/wp\/v2\/pages\/5323"}],"collection":[{"href":"https:\/\/www.survival.edu.pl\/wp-index.php\/index.php?rest_route=\/wp\/v2\/pages"}],"about":[{"href":"https:\/\/www.survival.edu.pl\/wp-index.php\/index.php?rest_route=\/wp\/v2\/types\/page"}],"author":[{"embeddable":true,"href":"https:\/\/www.survival.edu.pl\/wp-index.php\/index.php?rest_route=\/wp\/v2\/users\/2"}],"replies":[{"embeddable":true,"href":"https:\/\/www.survival.edu.pl\/wp-index.php\/index.php?rest_route=%2Fwp%2Fv2%2Fcomments&post=5323"}],"version-history":[{"count":20,"href":"https:\/\/www.survival.edu.pl\/wp-index.php\/index.php?rest_route=\/wp\/v2\/pages\/5323\/revisions"}],"predecessor-version":[{"id":6495,"href":"https:\/\/www.survival.edu.pl\/wp-index.php\/index.php?rest_route=\/wp\/v2\/pages\/5323\/revisions\/6495"}],"up":[{"embeddable":true,"href":"https:\/\/www.survival.edu.pl\/wp-index.php\/index.php?rest_route=\/wp\/v2\/pages\/725"}],"wp:attachment":[{"href":"https:\/\/www.survival.edu.pl\/wp-index.php\/index.php?rest_route=%2Fwp%2Fv2%2Fmedia&parent=5323"}],"curies":[{"name":"wp","href":"https:\/\/api.w.org\/{rel}","templated":true}]}}