{"id":529,"date":"2012-10-11T09:15:34","date_gmt":"2012-10-11T07:15:34","guid":{"rendered":"http:\/\/www.survival.edu.pl\/wp-index.php\/?page_id=529"},"modified":"2017-10-31T12:05:19","modified_gmt":"2017-10-31T10:05:19","slug":"powiedzenia-i-bekniecia","status":"publish","type":"page","link":"https:\/\/www.survival.edu.pl\/wp-index.php\/?page_id=529","title":{"rendered":"Powiedzenia i marudy"},"content":{"rendered":"<pre><span style=\"color: #ffffff;\">Teksty bywaj\u0105 r\u00f3\u017cnej warto\u015bci. Warto\u015b\u0107 mo\u017ce by\u0107 ukryta w r\u00f3\u017cnych tekstach. \r\n<\/span><span style=\"color: #ffffff;\">Pierwsze zdanie odnosi si\u0119, moim zdaniem, do \"ludzkiego nadania\" warto\u015bci <\/span>\r\n<span style=\"color: #ffffff;\">na wz\u00f3r Gombrowiczowego \"<em>S\u0142owacki wielkim poet\u0105 by\u0142<\/em>\". Drugie - ka\u017ce szuka\u0107... \r\nA ja tymczasem troch\u0119 si\u0119 bawi\u0119. Bo pewne my\u015bli powstaj\u0105 z wielkim namaszczeniem, <\/span>\r\n<span style=\"color: #ffffff;\">oznaczone znakiem powa\u017cnej refleksji, a inne wyskakuj\u0105 znienacka jak... g\u0142os natury.<\/span><\/pre>\n<hr \/>\n<blockquote><p><em><span style=\"color: #ffff99;\">W\u0142asne do\u015bwiadczenie jest jak miecz z najlepszej stali.<br \/>\nDo\u015bwiadczenie otrzymane od innych ludzi, z ich \u017cycia, opowiedzianych historii, zapisanych ksi\u0105g \u2014\u00a0jest ozdobiony szlachetnymi kamieniami i runami, a jego w\u0142a\u015bciciel dobrze wie,\u00a0jak wa\u017cny jest to miecz.<\/span><\/em><\/p><\/blockquote>\n<hr \/>\n<p>Chyba wiem jak to ze mn\u0105 jest. Kto\u015b powiedzia\u0142 o mnie, \u017ce &#8222;my\u015bl\u0119 instynktownie&#8221;. A mo\u017ce&#8230; w\u0142a\u015bnie nie wiem?<\/p>\n<hr \/>\n<blockquote>\n<p style=\"text-align: justify;\"><span style=\"color: #ffff99;\">Najpierw znajdujesz odpowiednie miejsce. Potem, gdy siedzisz na kamieniu, s\u0142uchasz rozgadanego strumienia, starasz si\u0119 zrozumie\u0107, co maj\u0105 do powiedzenia ptaki&#8230; Kiedy mru\u017cysz oczy, by zobaczy\u0107 jak s\u0142o\u0144ce powoli schyla si\u0119 ku swemu le\u017cu \u2014 postanawiasz, \u017ce to twoje miejsce. Gromadzisz materia\u0142, stawiasz \u015bciany i k\u0142adziesz dach, wreszcie mo\u017cesz prze\u017cywa\u0107 ten moment, \u017ce gdy otwierasz o \u015bwicie okno, ogarnia ci\u0119 ch\u0142odne powietrze o woni zroszonej \u0142\u0105ki.<\/span><\/p>\n<p style=\"text-align: justify;\"><span style=\"color: #ffff99;\">Ale&#8230; Kiedy ju\u017c podzielisz si\u0119 w\u0142asnym szcz\u0119\u015bciem z innymi, mo\u017cesz d\u0142ugo siedzie\u0107 na schodach przed wej\u015bciem i czeka\u0107, kiedy wreszcie oni przestan\u0105 si\u0119 tu kr\u0119ci\u0107, bo sarna nigdy nie wyjdzie na brzeg lasu&#8230; Kiedy przestan\u0105 wrzeszcze\u0107 z rado\u015bci, gdy zobacz\u0105 umykaj\u0105cego zaj\u0105ca, kiedy przestan\u0105 zadeptywa\u0107 poziomki, kiedy dadz\u0105 pos\u0142ucha\u0107 brz\u0119czenia pszcz\u00f3\u0142? Z\u00a0westchnieniem pochylasz si\u0119 po szczotk\u0119 i szufelk\u0119 i \u2014 zupe\u0142nie odruchowo, jak co dzie\u0144 \u2014 zaczynasz zmiata\u0107 b\u0142oto naniesione na zazwyczaj dot\u0105d bia\u0142e stopnie&#8230;<\/span><\/p>\n<\/blockquote>\n<hr \/>\n<p style=\"text-align: justify;\">Czesiek K., m\u00f3j przyjaciel, kt\u00f3ry czyni\u0142 ze mnie pedagoga (wraz z \u017con\u0105, Basi\u0105) powiedzia\u0142 mi kiedy\u015b:<\/p>\n<blockquote>\n<p style=\"text-align: justify;\"><span style=\"color: #ff9900;\"><em>Ka\u017cdy ch\u0142opak musi mie\u0107 swego m\u0119\u017cczyzn\u0119, do kt\u00f3rego b\u0119dzie m\u00f3wi\u0142 per TY.<\/em><\/span><\/p>\n<\/blockquote>\n<p style=\"text-align: justify;\">W p\u00f3\u017aniejszych latach dodawa\u0142em do tego: <em><span style=\"color: #ff9900;\">A nie zawsze bywa to w\u0142asny ojciec<\/span><\/em>. Bo rozumia\u0142em doskonale \u2014 zw\u0142aszcza jako predagog pracuj\u0105cy z m\u0142odzie\u017c\u0105 &#8222;trudn\u0105&#8221;, \u017ce nie da si\u0119 stawa\u0107 m\u0105drym, odpowiedzialnym cz\u0142owiekiem, jesli nie posiada si\u0119 wzorca. Przecie\u017c trzeba sk\u0105d\u015b wiedzie\u0107, na czym polega to bycie &#8222;m\u0105drym i\u00a0odpowiedzialnym&#8221;. Nie wszyscy ojcowie do tego si\u0119 nadawali&#8230;<\/p>\n<p>Problem zawsze polega\u0142 na tym, \u017ce p\u00f3\u017aniej inni doro\u015bli mieli ci\u0105g\u0142e pretensje, \u017ce m\u0142odzi ludzie nie byli &#8222;tacy, jakimi powinni by\u0107&#8221;, i obarczali ich za winy ojc\u00f3w.<\/p>\n","protected":false},"excerpt":{"rendered":"<p>Teksty bywaj\u0105 r\u00f3\u017cnej warto\u015bci. Warto\u015b\u0107 mo\u017ce by\u0107 ukryta w r\u00f3\u017cnych tekstach. Pierwsze zdanie odnosi si\u0119, moim zdaniem, do &#8222;ludzkiego nadania&#8221; warto\u015bci na wz\u00f3r Gombrowiczowego &#8222;S\u0142owacki wielkim poet\u0105 by\u0142&#8221;. Drugie &#8211; ka\u017ce szuka\u0107&#8230; A ja tymczasem troch\u0119 si\u0119 bawi\u0119. Bo pewne &hellip; <a class=\"more-link\" href=\"https:\/\/www.survival.edu.pl\/wp-index.php\/?page_id=529\">Czytaj dalej <span class=\"meta-nav\">&rarr;<\/span><\/a><\/p>\n","protected":false},"author":2,"featured_media":0,"parent":123,"menu_order":20,"comment_status":"closed","ping_status":"closed","template":"","meta":[],"_links":{"self":[{"href":"https:\/\/www.survival.edu.pl\/wp-index.php\/index.php?rest_route=\/wp\/v2\/pages\/529"}],"collection":[{"href":"https:\/\/www.survival.edu.pl\/wp-index.php\/index.php?rest_route=\/wp\/v2\/pages"}],"about":[{"href":"https:\/\/www.survival.edu.pl\/wp-index.php\/index.php?rest_route=\/wp\/v2\/types\/page"}],"author":[{"embeddable":true,"href":"https:\/\/www.survival.edu.pl\/wp-index.php\/index.php?rest_route=\/wp\/v2\/users\/2"}],"replies":[{"embeddable":true,"href":"https:\/\/www.survival.edu.pl\/wp-index.php\/index.php?rest_route=%2Fwp%2Fv2%2Fcomments&post=529"}],"version-history":[{"count":27,"href":"https:\/\/www.survival.edu.pl\/wp-index.php\/index.php?rest_route=\/wp\/v2\/pages\/529\/revisions"}],"predecessor-version":[{"id":6181,"href":"https:\/\/www.survival.edu.pl\/wp-index.php\/index.php?rest_route=\/wp\/v2\/pages\/529\/revisions\/6181"}],"up":[{"embeddable":true,"href":"https:\/\/www.survival.edu.pl\/wp-index.php\/index.php?rest_route=\/wp\/v2\/pages\/123"}],"wp:attachment":[{"href":"https:\/\/www.survival.edu.pl\/wp-index.php\/index.php?rest_route=%2Fwp%2Fv2%2Fmedia&parent=529"}],"curies":[{"name":"wp","href":"https:\/\/api.w.org\/{rel}","templated":true}]}}