{"id":5090,"date":"2017-02-26T14:07:47","date_gmt":"2017-02-26T12:07:47","guid":{"rendered":"http:\/\/www.survival.edu.pl\/wp-index.php\/?page_id=5090"},"modified":"2017-02-26T18:09:13","modified_gmt":"2017-02-26T16:09:13","slug":"glos-pedagogiczny-2017","status":"publish","type":"page","link":"https:\/\/www.survival.edu.pl\/wp-index.php\/?page_id=5090","title":{"rendered":"G\u0142os Pedagogiczny 2017"},"content":{"rendered":"<p>W lutym 2017 ukaza\u0142 si\u0119 wywiad ze mn\u0105 oraz komentarz prof. Jacka Py\u017calskiego w G\u0142osie Pedagogicznym:<\/p>\n\n<p><a href=\"http:\/\/www.survival.edu.pl\/wp-content\/uploads\/Image1.png\" rel=\"lightbox[roadtrip]\">Strona 1<\/a> | <a href=\"http:\/\/www.survival.edu.pl\/wp-content\/uploads\/Image2.png\" rel=\"lightbox[roadtrip]\">Strona 2<\/a> | <a href=\"http:\/\/www.survival.edu.pl\/wp-content\/uploads\/Image3.png\" rel=\"lightbox[roadtrip]\">Strona 3<\/a> | <a href=\"http:\/\/www.survival.edu.pl\/wp-content\/uploads\/Image4.png\" rel=\"lightbox[roadtrip]\">Strona 4<\/a> | <a href=\"http:\/\/www.survival.edu.pl\/wp-content\/uploads\/Image5.png\" rel=\"lightbox[roadtrip]\">Strona 5<\/a> | <a href=\"http:\/\/www.survival.edu.pl\/wp-content\/uploads\/Image6.png\" rel=\"lightbox[roadtrip]\">Strona 6<\/a> | <a href=\"http:\/\/www.survival.edu.pl\/wp-content\/uploads\/Image7.png\" rel=\"lightbox[roadtrip]\">Strona 7<\/a>\u00a0| plus <a href=\"http:\/\/www.survival.edu.pl\/wp-content\/uploads\/Zach\u0142y\u015bni\u0119cie-pozytywn\u0105-przygod\u0105.pdf\" target=\"_blank\"><span style=\"text-decoration: underline;\">pdf<\/span><\/a>.<\/p>\n","protected":false},"excerpt":{"rendered":"<p>W lutym 2017 ukaza\u0142 si\u0119 wywiad ze mn\u0105 oraz komentarz prof. Jacka Py\u017calskiego w G\u0142osie Pedagogicznym: Strona 1 | Strona 2 | Strona 3 | Strona 4 | Strona 5 | Strona 6 | Strona 7\u00a0| plus pdf. &hellip; <a class=\"more-link\" href=\"https:\/\/www.survival.edu.pl\/wp-index.php\/?page_id=5090\">Czytaj dalej <span class=\"meta-nav\">&rarr;<\/span><\/a><\/p>\n","protected":false},"author":2,"featured_media":0,"parent":2461,"menu_order":30,"comment_status":"closed","ping_status":"closed","template":"","meta":[],"_links":{"self":[{"href":"https:\/\/www.survival.edu.pl\/wp-index.php\/index.php?rest_route=\/wp\/v2\/pages\/5090"}],"collection":[{"href":"https:\/\/www.survival.edu.pl\/wp-index.php\/index.php?rest_route=\/wp\/v2\/pages"}],"about":[{"href":"https:\/\/www.survival.edu.pl\/wp-index.php\/index.php?rest_route=\/wp\/v2\/types\/page"}],"author":[{"embeddable":true,"href":"https:\/\/www.survival.edu.pl\/wp-index.php\/index.php?rest_route=\/wp\/v2\/users\/2"}],"replies":[{"embeddable":true,"href":"https:\/\/www.survival.edu.pl\/wp-index.php\/index.php?rest_route=%2Fwp%2Fv2%2Fcomments&post=5090"}],"version-history":[{"count":11,"href":"https:\/\/www.survival.edu.pl\/wp-index.php\/index.php?rest_route=\/wp\/v2\/pages\/5090\/revisions"}],"predecessor-version":[{"id":5130,"href":"https:\/\/www.survival.edu.pl\/wp-index.php\/index.php?rest_route=\/wp\/v2\/pages\/5090\/revisions\/5130"}],"up":[{"embeddable":true,"href":"https:\/\/www.survival.edu.pl\/wp-index.php\/index.php?rest_route=\/wp\/v2\/pages\/2461"}],"wp:attachment":[{"href":"https:\/\/www.survival.edu.pl\/wp-index.php\/index.php?rest_route=%2Fwp%2Fv2%2Fmedia&parent=5090"}],"curies":[{"name":"wp","href":"https:\/\/api.w.org\/{rel}","templated":true}]}}