{"id":483,"date":"2012-10-07T10:40:45","date_gmt":"2012-10-07T08:40:45","guid":{"rendered":"http:\/\/www.survival.edu.pl\/wp-index.php\/?page_id=483"},"modified":"2015-12-09T21:29:32","modified_gmt":"2015-12-09T19:29:32","slug":"zmysly","status":"publish","type":"page","link":"https:\/\/www.survival.edu.pl\/wp-index.php\/?page_id=483","title":{"rendered":"X Zmys\u0142y"},"content":{"rendered":"<p><span style=\"color: #ff9900;\">Zmys\u0142y<span style=\"color: #888888;\"> \u2014<\/span><\/span>\u00a0<a href=\"http:\/\/pl.wikipedia.org\/wiki\/Zmys%C5%82\" target=\"_blank\">Wikipedia<\/a> s\u0142u\u017c\u0105 nam do poznawania \u015bwiata i poruszania si\u0119 w nim (orientacji). Tak\u017ce do rozpoznawania zagro\u017ce\u0144.<\/p>\n<p>Przyj\u0119\u0142o si\u0119 uwa\u017ca\u0107, \u017ce posiadamy 5 zmys\u0142\u00f3w: wzrok, s\u0142uch, w\u0119ch, smak i dotyk.<br \/>\nNiekt\u00f3rzy jeszcze \u2013\u00a0\u017cartobliwie lub nie \u2013\u00a0wymieniaj\u0105 sz\u00f3sty zmys\u0142: spostrzeganie pozazmys\u0142owe. Nie b\u0119dziemy tu podwa\u017ca\u0107 tego pogl\u0105du. Ale stanowczo wymienimy kolejne zmys\u0142y, o kt\u00f3rych si\u0119 nie pami\u0119ta: si\u00f3dmy, \u00f3smy, dziewi\u0105ty&#8230;<\/p>\n<p>Zreszt\u0105 okazuje si\u0119, \u017ce i nasze podstawowe zmys\u0142y s\u0105 ma\u0142o znane<\/p>\n<p>&nbsp;<\/p>\n<p><span style=\"color: #ff0000;\">B\u0119dzie kontynuowane&#8230;<\/span><\/p>\n","protected":false},"excerpt":{"rendered":"<p>Zmys\u0142y \u2014\u00a0Wikipedia s\u0142u\u017c\u0105 nam do poznawania \u015bwiata i poruszania si\u0119 w nim (orientacji). Tak\u017ce do rozpoznawania zagro\u017ce\u0144. Przyj\u0119\u0142o si\u0119 uwa\u017ca\u0107, \u017ce posiadamy 5 zmys\u0142\u00f3w: wzrok, s\u0142uch, w\u0119ch, smak i dotyk. Niekt\u00f3rzy jeszcze \u2013\u00a0\u017cartobliwie lub nie \u2013\u00a0wymieniaj\u0105 sz\u00f3sty zmys\u0142: spostrzeganie pozazmys\u0142owe. &hellip; <a class=\"more-link\" href=\"https:\/\/www.survival.edu.pl\/wp-index.php\/?page_id=483\">Czytaj dalej <span class=\"meta-nav\">&rarr;<\/span><\/a><\/p>\n","protected":false},"author":2,"featured_media":0,"parent":957,"menu_order":2,"comment_status":"closed","ping_status":"closed","template":"","meta":[],"_links":{"self":[{"href":"https:\/\/www.survival.edu.pl\/wp-index.php\/index.php?rest_route=\/wp\/v2\/pages\/483"}],"collection":[{"href":"https:\/\/www.survival.edu.pl\/wp-index.php\/index.php?rest_route=\/wp\/v2\/pages"}],"about":[{"href":"https:\/\/www.survival.edu.pl\/wp-index.php\/index.php?rest_route=\/wp\/v2\/types\/page"}],"author":[{"embeddable":true,"href":"https:\/\/www.survival.edu.pl\/wp-index.php\/index.php?rest_route=\/wp\/v2\/users\/2"}],"replies":[{"embeddable":true,"href":"https:\/\/www.survival.edu.pl\/wp-index.php\/index.php?rest_route=%2Fwp%2Fv2%2Fcomments&post=483"}],"version-history":[{"count":6,"href":"https:\/\/www.survival.edu.pl\/wp-index.php\/index.php?rest_route=\/wp\/v2\/pages\/483\/revisions"}],"predecessor-version":[{"id":2634,"href":"https:\/\/www.survival.edu.pl\/wp-index.php\/index.php?rest_route=\/wp\/v2\/pages\/483\/revisions\/2634"}],"up":[{"embeddable":true,"href":"https:\/\/www.survival.edu.pl\/wp-index.php\/index.php?rest_route=\/wp\/v2\/pages\/957"}],"wp:attachment":[{"href":"https:\/\/www.survival.edu.pl\/wp-index.php\/index.php?rest_route=%2Fwp%2Fv2%2Fmedia&parent=483"}],"curies":[{"name":"wp","href":"https:\/\/api.w.org\/{rel}","templated":true}]}}