{"id":4344,"date":"2016-12-15T21:23:18","date_gmt":"2016-12-15T19:23:18","guid":{"rendered":"http:\/\/www.survival.edu.pl\/wp-index.php\/?page_id=4344"},"modified":"2018-08-17T11:42:07","modified_gmt":"2018-08-17T09:42:07","slug":"martyna","status":"publish","type":"page","link":"https:\/\/www.survival.edu.pl\/wp-index.php\/?page_id=4344","title":{"rendered":"Martyna"},"content":{"rendered":"<p>Kompletne nieporozumienie. To wszystko, co nie pasuje nam, to Martyna ma jako swoje g\u0142\u00f3wne cechy. St\u0105d mo\u017ce bierze si\u0119 moc, \u017ce nie da si\u0119 od niej odczepi\u0107. Sko\u0144czy\u0142a studia plastyczne i si\u0119 puszy i kryguje, kiedy m\u00f3wi, \u017ce nie umie rysowa\u0107.<\/p>\n<p>Martyna ma ksyw\u0119 &#8222;Martyna&#8221;, bo jej na inn\u0105 nie sta\u0107. Nikt jej nie lubi. Nie wiadomo dlaczego wszyscy za ni\u0105 t\u0119skni\u0105 i p\u0142acz\u0105, jak jej nie ma. Napisa\u0142em, \u017ce kompletne nieporozumienie&#8230;<\/p>\n<p>PS. A bez Martyny nie jest mo\u017cliwe \u017cycie na naszej planiecie&#8230;<\/p>\n","protected":false},"excerpt":{"rendered":"<p>Kompletne nieporozumienie. To wszystko, co nie pasuje nam, to Martyna ma jako swoje g\u0142\u00f3wne cechy. St\u0105d mo\u017ce bierze si\u0119 moc, \u017ce nie da si\u0119 od niej odczepi\u0107. Sko\u0144czy\u0142a studia plastyczne i si\u0119 puszy i kryguje, kiedy m\u00f3wi, \u017ce nie umie &hellip; <a class=\"more-link\" href=\"https:\/\/www.survival.edu.pl\/wp-index.php\/?page_id=4344\">Czytaj dalej <span class=\"meta-nav\">&rarr;<\/span><\/a><\/p>\n","protected":false},"author":2,"featured_media":0,"parent":4330,"menu_order":3,"comment_status":"closed","ping_status":"closed","template":"","meta":[],"_links":{"self":[{"href":"https:\/\/www.survival.edu.pl\/wp-index.php\/index.php?rest_route=\/wp\/v2\/pages\/4344"}],"collection":[{"href":"https:\/\/www.survival.edu.pl\/wp-index.php\/index.php?rest_route=\/wp\/v2\/pages"}],"about":[{"href":"https:\/\/www.survival.edu.pl\/wp-index.php\/index.php?rest_route=\/wp\/v2\/types\/page"}],"author":[{"embeddable":true,"href":"https:\/\/www.survival.edu.pl\/wp-index.php\/index.php?rest_route=\/wp\/v2\/users\/2"}],"replies":[{"embeddable":true,"href":"https:\/\/www.survival.edu.pl\/wp-index.php\/index.php?rest_route=%2Fwp%2Fv2%2Fcomments&post=4344"}],"version-history":[{"count":3,"href":"https:\/\/www.survival.edu.pl\/wp-index.php\/index.php?rest_route=\/wp\/v2\/pages\/4344\/revisions"}],"predecessor-version":[{"id":7052,"href":"https:\/\/www.survival.edu.pl\/wp-index.php\/index.php?rest_route=\/wp\/v2\/pages\/4344\/revisions\/7052"}],"up":[{"embeddable":true,"href":"https:\/\/www.survival.edu.pl\/wp-index.php\/index.php?rest_route=\/wp\/v2\/pages\/4330"}],"wp:attachment":[{"href":"https:\/\/www.survival.edu.pl\/wp-index.php\/index.php?rest_route=%2Fwp%2Fv2%2Fmedia&parent=4344"}],"curies":[{"name":"wp","href":"https:\/\/api.w.org\/{rel}","templated":true}]}}