{"id":4335,"date":"2016-12-15T21:12:00","date_gmt":"2016-12-15T19:12:00","guid":{"rendered":"http:\/\/www.survival.edu.pl\/wp-index.php\/?page_id=4335"},"modified":"2017-03-09T12:50:55","modified_gmt":"2017-03-09T10:50:55","slug":"adam","status":"publish","type":"page","link":"https:\/\/www.survival.edu.pl\/wp-index.php\/?page_id=4335","title":{"rendered":"AdaM"},"content":{"rendered":"<p>AdaM sta\u0142 si\u0119 moim <span style=\"color: #ff6600;\">drugim asystentem<\/span>. Nie drugim z rangi, ale drugim w kolejno\u015bci. Wyjecha\u0142 ze w mn\u0105 w\u00a0Bieszczady maj\u0105c 12 lat i jest z nami do tej pory. Pomaga\u0142 go wychowywa\u0107 (bo dziki by\u0142) Mario.\u00a0Wiele nauczy\u0142 si\u0119 w kawalerii powietrznej. Najcz\u0119\u015bciej zajmuje si\u0119 linami i doprowadza mnie do stanu u\u017cywalno\u015bci.<\/p>\n<p>AdaM ma ksyw\u0119 &#8222;Maupa&#8221;, w ko\u0144cu liniarz, kt\u00f3ry siedzi gdzie\u015b w\u015br\u00f3d konar\u00f3w ciskaj\u0105c w nas uszczypliwo\u015bciami jak sk\u00f3rkami banana&#8230; Poniewa\u017c ma suk\u0119 o imieniu Tajga (najprzyjemniejsza osoba z ca\u0142ego zespo\u0142u), wywy\u017csza si\u0119 \u2014\u00a0po\u015br\u00f3d konary w\u0142a\u015bnie.<\/p>\n<p><a href=\"http:\/\/www.survival.edu.pl\/wp-content\/uploads\/AdaM.png\"><img loading=\"lazy\" class=\"alignleft size-full wp-image-4443\" src=\"http:\/\/www.survival.edu.pl\/wp-content\/uploads\/AdaM.png\" alt=\"adam\" width=\"2078\" height=\"816\" srcset=\"https:\/\/www.survival.edu.pl\/wp-content\/uploads\/AdaM.png 2078w, https:\/\/www.survival.edu.pl\/wp-content\/uploads\/AdaM-300x118.png 300w, https:\/\/www.survival.edu.pl\/wp-content\/uploads\/AdaM-768x302.png 768w, https:\/\/www.survival.edu.pl\/wp-content\/uploads\/AdaM-1024x402.png 1024w, https:\/\/www.survival.edu.pl\/wp-content\/uploads\/AdaM-500x196.png 500w\" sizes=\"(max-width: 2078px) 100vw, 2078px\" \/><\/a><\/p>\n","protected":false},"excerpt":{"rendered":"<p>AdaM sta\u0142 si\u0119 moim drugim asystentem. Nie drugim z rangi, ale drugim w kolejno\u015bci. Wyjecha\u0142 ze w mn\u0105 w\u00a0Bieszczady maj\u0105c 12 lat i jest z nami do tej pory. Pomaga\u0142 go wychowywa\u0107 (bo dziki by\u0142) Mario.\u00a0Wiele nauczy\u0142 si\u0119 w kawalerii &hellip; <a class=\"more-link\" href=\"https:\/\/www.survival.edu.pl\/wp-index.php\/?page_id=4335\">Czytaj dalej <span class=\"meta-nav\">&rarr;<\/span><\/a><\/p>\n","protected":false},"author":2,"featured_media":0,"parent":4330,"menu_order":1,"comment_status":"closed","ping_status":"closed","template":"","meta":[],"_links":{"self":[{"href":"https:\/\/www.survival.edu.pl\/wp-index.php\/index.php?rest_route=\/wp\/v2\/pages\/4335"}],"collection":[{"href":"https:\/\/www.survival.edu.pl\/wp-index.php\/index.php?rest_route=\/wp\/v2\/pages"}],"about":[{"href":"https:\/\/www.survival.edu.pl\/wp-index.php\/index.php?rest_route=\/wp\/v2\/types\/page"}],"author":[{"embeddable":true,"href":"https:\/\/www.survival.edu.pl\/wp-index.php\/index.php?rest_route=\/wp\/v2\/users\/2"}],"replies":[{"embeddable":true,"href":"https:\/\/www.survival.edu.pl\/wp-index.php\/index.php?rest_route=%2Fwp%2Fv2%2Fcomments&post=4335"}],"version-history":[{"count":7,"href":"https:\/\/www.survival.edu.pl\/wp-index.php\/index.php?rest_route=\/wp\/v2\/pages\/4335\/revisions"}],"predecessor-version":[{"id":5179,"href":"https:\/\/www.survival.edu.pl\/wp-index.php\/index.php?rest_route=\/wp\/v2\/pages\/4335\/revisions\/5179"}],"up":[{"embeddable":true,"href":"https:\/\/www.survival.edu.pl\/wp-index.php\/index.php?rest_route=\/wp\/v2\/pages\/4330"}],"wp:attachment":[{"href":"https:\/\/www.survival.edu.pl\/wp-index.php\/index.php?rest_route=%2Fwp%2Fv2%2Fmedia&parent=4335"}],"curies":[{"name":"wp","href":"https:\/\/api.w.org\/{rel}","templated":true}]}}