{"id":4332,"date":"2016-12-15T21:06:48","date_gmt":"2016-12-15T19:06:48","guid":{"rendered":"http:\/\/www.survival.edu.pl\/wp-index.php\/?page_id=4332"},"modified":"2017-03-09T12:50:07","modified_gmt":"2017-03-09T10:50:07","slug":"mario","status":"publish","type":"page","link":"https:\/\/www.survival.edu.pl\/wp-index.php\/?page_id=4332","title":{"rendered":"Mario"},"content":{"rendered":"<p><a href=\"http:\/\/www.survival.edu.pl\/wp-content\/uploads\/Mario1x.jpg\"><img loading=\"lazy\" class=\"wp-image-4669 alignleft\" src=\"http:\/\/www.survival.edu.pl\/wp-content\/uploads\/Mario1x.jpg\" alt=\"mario1x\" width=\"171\" height=\"238\" \/><\/a>M\u00f3j <span style=\"color: #ff6600;\">pierwszy asystent<\/span> i cierpliwy powiernik moich spraw. Pierwszy raz uczestniczy\u0142 w\u00a0Bieszczadowaniu maj\u0105c 11\u00a0lat.\u00a0Potem zosta\u0142 instruktorem tae-kwon-do zdobywaj\u0105c II\u00a0miejsce w mistrzostwach Europy (tu mog\u0119 si\u0119 myli\u0107, ale Mario mnie poprawi, jak\u00a0zwykle).\u00a0Udziela si\u0119 do tej pory.<\/p>\n<p>Mario ma ksyw\u0119 &#8222;Mario&#8221;&#8230;<\/p>\n<p><a href=\"http:\/\/www.survival.edu.pl\/wp-content\/uploads\/Mario.png\"><img loading=\"lazy\" class=\"alignnone size-full wp-image-4459\" src=\"http:\/\/www.survival.edu.pl\/wp-content\/uploads\/Mario.png\" alt=\"mario\" width=\"2092\" height=\"796\" srcset=\"https:\/\/www.survival.edu.pl\/wp-content\/uploads\/Mario.png 2092w, https:\/\/www.survival.edu.pl\/wp-content\/uploads\/Mario-300x114.png 300w, https:\/\/www.survival.edu.pl\/wp-content\/uploads\/Mario-768x292.png 768w, https:\/\/www.survival.edu.pl\/wp-content\/uploads\/Mario-1024x390.png 1024w, https:\/\/www.survival.edu.pl\/wp-content\/uploads\/Mario-500x190.png 500w\" sizes=\"(max-width: 2092px) 100vw, 2092px\" \/><\/a><\/p>\n","protected":false},"excerpt":{"rendered":"<p>M\u00f3j pierwszy asystent i cierpliwy powiernik moich spraw. Pierwszy raz uczestniczy\u0142 w\u00a0Bieszczadowaniu maj\u0105c 11\u00a0lat.\u00a0Potem zosta\u0142 instruktorem tae-kwon-do zdobywaj\u0105c II\u00a0miejsce w mistrzostwach Europy (tu mog\u0119 si\u0119 myli\u0107, ale Mario mnie poprawi, jak\u00a0zwykle).\u00a0Udziela si\u0119 do tej pory. Mario ma ksyw\u0119 &#8222;Mario&#8221;&#8230; &hellip; <a class=\"more-link\" href=\"https:\/\/www.survival.edu.pl\/wp-index.php\/?page_id=4332\">Czytaj dalej <span class=\"meta-nav\">&rarr;<\/span><\/a><\/p>\n","protected":false},"author":2,"featured_media":0,"parent":4330,"menu_order":0,"comment_status":"closed","ping_status":"closed","template":"","meta":[],"_links":{"self":[{"href":"https:\/\/www.survival.edu.pl\/wp-index.php\/index.php?rest_route=\/wp\/v2\/pages\/4332"}],"collection":[{"href":"https:\/\/www.survival.edu.pl\/wp-index.php\/index.php?rest_route=\/wp\/v2\/pages"}],"about":[{"href":"https:\/\/www.survival.edu.pl\/wp-index.php\/index.php?rest_route=\/wp\/v2\/types\/page"}],"author":[{"embeddable":true,"href":"https:\/\/www.survival.edu.pl\/wp-index.php\/index.php?rest_route=\/wp\/v2\/users\/2"}],"replies":[{"embeddable":true,"href":"https:\/\/www.survival.edu.pl\/wp-index.php\/index.php?rest_route=%2Fwp%2Fv2%2Fcomments&post=4332"}],"version-history":[{"count":8,"href":"https:\/\/www.survival.edu.pl\/wp-index.php\/index.php?rest_route=\/wp\/v2\/pages\/4332\/revisions"}],"predecessor-version":[{"id":5178,"href":"https:\/\/www.survival.edu.pl\/wp-index.php\/index.php?rest_route=\/wp\/v2\/pages\/4332\/revisions\/5178"}],"up":[{"embeddable":true,"href":"https:\/\/www.survival.edu.pl\/wp-index.php\/index.php?rest_route=\/wp\/v2\/pages\/4330"}],"wp:attachment":[{"href":"https:\/\/www.survival.edu.pl\/wp-index.php\/index.php?rest_route=%2Fwp%2Fv2%2Fmedia&parent=4332"}],"curies":[{"name":"wp","href":"https:\/\/api.w.org\/{rel}","templated":true}]}}