{"id":4294,"date":"2016-12-15T15:41:27","date_gmt":"2016-12-15T13:41:27","guid":{"rendered":"http:\/\/www.survival.edu.pl\/wp-index.php\/?page_id=4294"},"modified":"2017-04-06T10:45:57","modified_gmt":"2017-04-06T08:45:57","slug":"piorko-za-uchem-i-pijaczek-w-knajpie","status":"publish","type":"page","link":"https:\/\/www.survival.edu.pl\/wp-index.php\/?page_id=4294","title":{"rendered":"Pi\u00f3rko za uchem i pijaczek w knajpie"},"content":{"rendered":"<p style=\"text-align: justify;\">By\u0142o nas trzech. Kajtek, Jeden-Taki i ja. Kajtek by\u0142 pocz\u0105tkuj\u0105cym turyst\u0105, wi\u0119c po wyj\u015bciu na peron w Laskowicach i paru kilometrach w stron\u0119 Tlenia okaza\u0142o si\u0119, \u017ce musz\u0119 mu wyj\u0105\u0107 z plecaka to i owo, by przenie\u015b\u0107 wszystko do swego plecaka, bo Kajtek sobie nie poradzi.<\/p>\n<p style=\"text-align: justify;\">Jeden-Taki by\u0142 \u2014\u00a0rzec mo\u017cna \u2014 niemal \u201ezawodowym traperem\u201d i okaza\u0142 si\u0119 jako taki niezwykle u\u017cyteczny przy rozbijaniu pierwszego obozowiska w lesie. Szkoda w\u0142a\u015bciwie, \u017ce okaza\u0142 si\u0119 potem (zupe\u0142nie innym razem) hochsztaplerem i wydrwigroszem, bo by\u0142by z niego polecany przeze mnie \u201esurvivalowy przewodnik\u201d.<\/p>\n<p style=\"text-align: justify;\">Rano wyruszyli\u015bmy w dalsz\u0105 drog\u0119. Szybko dzie\u0144 okaza\u0142 si\u0119 niezno\u015bnie gor\u0105cy i kiedy doszli\u015bmy do miejscowo\u015bci Osie, widok otwartej gospody (a by\u0142a to niedziela) wywo\u0142a\u0142 w nas niek\u0142aman\u0105 rado\u015b\u0107. Natychmiast ustawi\u0142em si\u0119 w d\u0142ugawej kolejce miejscowych pan\u00f3w spragnionych piwa. Za mn\u0105 stan\u0105\u0142 Jeden-Taki, Kajtek pilnowa\u0142 na zewn\u0105trz plecak\u00f3w.<\/p>\n<p style=\"text-align: justify; padding-left: 30px;\">\u2014 \u017barty sobie robisz ze mnie!? \u2014\u00a0us\u0142ysza\u0142em za plecami. Gdy si\u0119 obejrza\u0142em, zobaczy\u0142em stoj\u0105cego chuderlawego Pijaczka w postawie bojowej, a naprzeciwko Jednego-Takiego.<\/p>\n<p style=\"text-align: justify;\">Pijaczek by\u0142 w\u015bciek\u0142y.<\/p>\n<p style=\"text-align: justify;\">Popatrzy\u0142em na Jednego-Takiego i zobaczy\u0142em, \u017ce nie tylko \u017ce \u017cadnych \u017cart\u00f3w sobie nie robi, to w dodatku nie bardzo wie, o co chodzi.<\/p>\n<p style=\"text-align: justify; padding-left: 30px;\">\u2014 \u017barty sobie ze mnie robisz? Wyjmij to! \u2014 wrzasn\u0105\u0142 Pijaczek.<\/p>\n<p style=\"text-align: justify;\">Patrz\u0105c w \u015blad za Pijaczkow\u0105 r\u0119k\u0105 zobaczy\u0142em, \u017ce Jeden-Taki ma za uchem du\u017ce pi\u00f3ro jakiego\u015b ptaka, drapie\u017cnego, s\u0105dz\u0105c z c\u0119tkowania.<\/p>\n<p style=\"text-align: justify;\">Nie poczu\u0142em si\u0119 tym specjalnie dotkni\u0119ty.<\/p>\n<p style=\"text-align: justify;\">Pijaczek by\u0142 wyra\u017anie innego zdania. Twarz zacz\u0119\u0142a mu purpurowie\u0107 i purpurowia\u0142a tym wi\u0119cej, im wi\u0119cej Jeden-Taki u\u017cywa\u0142 zwrot\u00f3w grzeczno\u015bciowych, by przy ich pomocy wyt\u0142umaczy\u0107, \u017ce trzymanie pi\u00f3ra za uchem, zgodnie z konwencj\u0105 praw cz\u0142owieka, jest dopuszczalne.<\/p>\n<p style=\"text-align: justify;\">Wreszcie zdenerwowany Pijaczek dopad\u0142 pi\u00f3ra.<\/p>\n<p style=\"text-align: justify;\">Wtedy niespodziewanie nadesz\u0142a pomoc. Czyja\u015b r\u0119ka zabra\u0142a pi\u00f3ro z r\u0119ki Pijaczka i zacz\u0119\u0142a je mocowa\u0107 za uchem Jednego-Takiego.<\/p>\n<p style=\"text-align: justify; padding-left: 30px;\">\u2014 Zostaw ch\u0142opaka! \u2014 powiedzia\u0142 Podchmielony.<\/p>\n<p style=\"text-align: justify; padding-left: 30px;\">\u2014 Co on mi tu b\u0119dzie! \u2014 rozdar\u0142 si\u0119 Pijaczek.<\/p>\n<p style=\"text-align: justify;\">Teraz pi\u00f3ro musia\u0142o pow\u0119drowa\u0107 do Pijaczka z powrotem.<\/p>\n<p style=\"text-align: justify; padding-left: 30px;\">\u2014 A co on ci robi?<\/p>\n<p style=\"text-align: justify; padding-left: 30px;\">\u2014 A to pi\u00f3rko&#8230;!? \u2014 macha\u0142 Pijaczek Podchmielonemu przed nosem.<\/p>\n<p style=\"text-align: justify; padding-left: 30px;\">\u2014 Co ci to pi\u00f3ro przeszkadza?!<\/p>\n<p style=\"text-align: justify; padding-left: 30px;\">\u2014 A co ci\u0119 to obchodzi? Przeszkadza!<\/p>\n<p style=\"text-align: justify;\">Pijaczek nie sko\u0144czy\u0142 jeszcze m\u00f3wi\u0107, gdy ju\u017c mia\u0142 pust\u0105 d\u0142o\u0144. Pi\u00f3ro w spos\u00f3b gwa\u0142towny pow\u0119drowa\u0142o za ucho Jednego-Takiego.<\/p>\n<p style=\"text-align: justify;\">Podchmielony by\u0142 osobnikiem upartym i zdecydowanym spe\u0142ni\u0107 tego dnia dobry uczynek. Pijaczek by\u0142 osobnikiem upartym i zdecydowanym nie dopu\u015bci\u0107 tego dnia do \u015bwi\u0119tokradztwa. Niedopuszczenie do \u015bwi\u0119tokradztwa mia\u0142o wida\u0107 wi\u0119ksz\u0105 wag\u0119 ni\u017c spe\u0142nienie dobrego uczynku, bo po kilku mi\u0119toszeniach pi\u00f3ra Podchmielony jednak machn\u0105\u0142 r\u0119k\u0105 i poszed\u0142 sobie.<\/p>\n<p style=\"text-align: justify;\">Jeden-Taki pozosta\u0142 sam na sam z Pijaczkiem. Stoj\u0105cy obok t\u0142um \u017c\u0105dnych piwa nie liczy\u0142 si\u0119.<\/p>\n<p style=\"text-align: justify; padding-left: 30px;\">\u2014 S\u0142yszyyysz!!? \u2014 zawy\u0142 Pijaczek zbli\u017caj\u0105c si\u0119 nos w nos do Jednego-Takiego.<\/p>\n<p style=\"text-align: justify;\">Mia\u0142em ju\u017c do\u015b\u0107. Mam zwyczaj nie wtr\u0105ca\u0107 si\u0119 do spi\u0119\u0107 tego rodzaju tak d\u0142ugo, jak d\u0142ugo nie zostan\u0105 przekroczone pewne granice: bezpiecze\u0144stwa lub przyzwoito\u015bci.<\/p>\n<p style=\"text-align: justify;\">Obr\u00f3ci\u0142em si\u0119 i \u2014 pochyliwszy g\u0142ow\u0119 \u2014 szepn\u0105\u0142em Pijaczkowi na ucho jedno zdanie. Po czym odwr\u00f3ci\u0142em si\u0119 w stron\u0119 zbli\u017caj\u0105cego si\u0119 powoli bufetu.<\/p>\n<p style=\"text-align: justify;\">Zapanowa\u0142a b\u0142oga i d\u0142uga cisza.<\/p>\n<p style=\"text-align: justify;\">Gdy ju\u017c siedzieli\u015bmy w cieniu i poci\u0105gali\u015bmy piwo (niekt\u00f3rzy pepsi), Jeden-Taki d\u0142ugo pr\u00f3bowa\u0142 sondowa\u0107, co te\u017c takiego powiedzia\u0142em Pijaczkowi, \u017ce reakcja by\u0142a tak doskona\u0142a. Nie dowiedzia\u0142 si\u0119 tego ode mnie nigdy. W\u0142a\u015bciwie objawiam to publicznie \u015bwiatu po raz pierwszy.<\/p>\n<p style=\"text-align: justify; padding-left: 30px;\">\u2014 Nie szkoda takiej pi\u0119knej niedzieli? \u2014 szepn\u0105\u0142em.<\/p>\n<p style=\"text-align: justify;\">To taki staro\u017cytny greps misia koali. Mam dar przekonywania.<\/p>\n<h6 style=\"text-align: justify;\"><span style=\"color: #ffcc99;\">Opowie\u015b\u0107 pochodzi z ksi\u0105\u017cki &#8222;<em>Survival po polsku<\/em>&#8222;<\/span><\/h6>\n","protected":false},"excerpt":{"rendered":"<p>By\u0142o nas trzech. Kajtek, Jeden-Taki i ja. Kajtek by\u0142 pocz\u0105tkuj\u0105cym turyst\u0105, wi\u0119c po wyj\u015bciu na peron w Laskowicach i paru kilometrach w stron\u0119 Tlenia okaza\u0142o si\u0119, \u017ce musz\u0119 mu wyj\u0105\u0107 z plecaka to i owo, by przenie\u015b\u0107 wszystko do swego &hellip; <a class=\"more-link\" href=\"https:\/\/www.survival.edu.pl\/wp-index.php\/?page_id=4294\">Czytaj dalej <span class=\"meta-nav\">&rarr;<\/span><\/a><\/p>\n","protected":false},"author":2,"featured_media":0,"parent":84,"menu_order":30,"comment_status":"closed","ping_status":"closed","template":"","meta":[],"_links":{"self":[{"href":"https:\/\/www.survival.edu.pl\/wp-index.php\/index.php?rest_route=\/wp\/v2\/pages\/4294"}],"collection":[{"href":"https:\/\/www.survival.edu.pl\/wp-index.php\/index.php?rest_route=\/wp\/v2\/pages"}],"about":[{"href":"https:\/\/www.survival.edu.pl\/wp-index.php\/index.php?rest_route=\/wp\/v2\/types\/page"}],"author":[{"embeddable":true,"href":"https:\/\/www.survival.edu.pl\/wp-index.php\/index.php?rest_route=\/wp\/v2\/users\/2"}],"replies":[{"embeddable":true,"href":"https:\/\/www.survival.edu.pl\/wp-index.php\/index.php?rest_route=%2Fwp%2Fv2%2Fcomments&post=4294"}],"version-history":[{"count":9,"href":"https:\/\/www.survival.edu.pl\/wp-index.php\/index.php?rest_route=\/wp\/v2\/pages\/4294\/revisions"}],"predecessor-version":[{"id":4318,"href":"https:\/\/www.survival.edu.pl\/wp-index.php\/index.php?rest_route=\/wp\/v2\/pages\/4294\/revisions\/4318"}],"up":[{"embeddable":true,"href":"https:\/\/www.survival.edu.pl\/wp-index.php\/index.php?rest_route=\/wp\/v2\/pages\/84"}],"wp:attachment":[{"href":"https:\/\/www.survival.edu.pl\/wp-index.php\/index.php?rest_route=%2Fwp%2Fv2%2Fmedia&parent=4294"}],"curies":[{"name":"wp","href":"https:\/\/api.w.org\/{rel}","templated":true}]}}