{"id":415,"date":"2012-10-01T17:50:24","date_gmt":"2012-10-01T15:50:24","guid":{"rendered":"http:\/\/www.survival.edu.pl\/wp-index.php\/?page_id=415"},"modified":"2020-10-03T13:46:51","modified_gmt":"2020-10-03T11:46:51","slug":"moje-boje-3","status":"publish","type":"page","link":"https:\/\/www.survival.edu.pl\/wp-index.php\/?page_id=415","title":{"rendered":"Moje boje&#8230; 3)"},"content":{"rendered":"<p style=\"text-align: justify;\">Kiedy\u015b szykowa\u0142em wa\u017cne wydarzenie&#8230;<br \/>\nMia\u0142o to by\u0107 zwie\u0144czenie moich do\u015bwiadcze\u0144 w pracy resocjalizacyjnej. W dwudziestym drugim roku mojej pracy w M\u0142odzie\u017cowym O\u015brodku Wychowawczym nr 2 w \u0141odzi, w 100 rocznic\u0119 upadku Meteorytu Tunguskiego, mia\u0142em si\u0119 tam znale\u017a\u0107 wraz z moimi podopiecznymi.<br \/>\nMia\u0142o to by\u0107 w roku 2008 \u2014\u00a0<span style=\"text-decoration: underline;\"><a href=\"http:\/\/www.survival.infocentrum.com\/s\/notatki\/las.avi\" target=\"_blank\" rel=\"noopener noreferrer\">zobacz reporta\u017c TV PULS<\/a><\/span><\/p>\n<p style=\"text-align: justify;\">Ponad rok szykowali\u015bmy si\u0119 do tego przedsi\u0119wzi\u0119cia (pomijam tu sprawy organizacyjne). Razem z wychowankami \u0107wiczyli\u015bmy nasz\u0105 sprawno\u015b\u0107 do\u00a0przebywania w trudnych warunkach, na bezludziu. Uczyli\u015bmy si\u0119 survivalu. Wyprawa nie dosz\u0142a do skutku&#8230;<\/p>\n<p style=\"text-align: justify;\"><em>(czytaj dalej pod zdj\u0119ciami)<\/em><\/p>\n<p style=\"text-align: justify;\"><a href=\"http:\/\/www.survival.edu.pl\/wp-index.php\/?attachment_id=824\" rel=\"attachment wp-att-824\"><img loading=\"lazy\" class=\"alignnone size-thumbnail wp-image-824\" title=\"Zadania\" src=\"http:\/\/www.survival.edu.pl\/wp-content\/uploads\/Zadania-150x150.jpg\" alt=\"\" width=\"150\" height=\"150\" \/><\/a><a href=\"http:\/\/www.survival.edu.pl\/wp-index.php\/?attachment_id=821\" rel=\"attachment wp-att-821\"><img loading=\"lazy\" class=\"alignnone size-thumbnail wp-image-821\" title=\"Obozowisko\" src=\"http:\/\/www.survival.edu.pl\/wp-content\/uploads\/Obozowisko1-150x150.jpg\" alt=\"\" width=\"150\" height=\"150\" \/><\/a><a href=\"http:\/\/www.survival.edu.pl\/wp-index.php\/?attachment_id=815\" rel=\"attachment wp-att-815\"><img loading=\"lazy\" class=\"alignnone size-thumbnail wp-image-815\" title=\"Ogniska\" src=\"http:\/\/www.survival.edu.pl\/wp-content\/uploads\/Ogniska-150x150.jpg\" alt=\"\" width=\"150\" height=\"150\" \/><\/a><a href=\"http:\/\/www.survival.edu.pl\/wp-index.php\/?attachment_id=827\" rel=\"attachment wp-att-827\"><img loading=\"lazy\" class=\"alignnone size-thumbnail wp-image-827\" title=\"Most linowy\" src=\"http:\/\/www.survival.edu.pl\/wp-content\/uploads\/Most-linowy-150x150.jpg\" alt=\"\" width=\"150\" height=\"150\" \/><\/a><a href=\"http:\/\/www.survival.edu.pl\/wp-index.php\/?attachment_id=831\" rel=\"attachment wp-att-831\"><img loading=\"lazy\" class=\"alignnone size-thumbnail wp-image-831\" title=\"Przy\u017ceganie\" src=\"http:\/\/www.survival.edu.pl\/wp-content\/uploads\/Przy\u017ceganie-150x150.jpg\" alt=\"\" width=\"150\" height=\"150\" \/><\/a><a href=\"http:\/\/www.survival.edu.pl\/wp-index.php\/?attachment_id=822\" rel=\"attachment wp-att-822\"><img loading=\"lazy\" class=\"alignnone size-thumbnail wp-image-822\" title=\"Wywiad\" src=\"http:\/\/www.survival.edu.pl\/wp-content\/uploads\/Wywiad-150x150.jpg\" alt=\"\" width=\"150\" height=\"150\" \/><\/a><a href=\"http:\/\/www.survival.edu.pl\/wp-index.php\/?attachment_id=816\" rel=\"attachment wp-att-816\"><img loading=\"lazy\" class=\"alignnone size-thumbnail wp-image-816\" title=\"By\u0142o zimno\" src=\"http:\/\/www.survival.edu.pl\/wp-content\/uploads\/By\u0142o-zimno-150x150.jpg\" alt=\"\" width=\"150\" height=\"150\" \/><\/a><a href=\"http:\/\/www.survival.edu.pl\/wp-index.php\/?attachment_id=820\" rel=\"attachment wp-att-820\"><img loading=\"lazy\" class=\"alignnone size-thumbnail wp-image-820\" title=\"Marsz w ciemno\u015b\u0107\" src=\"http:\/\/www.survival.edu.pl\/wp-content\/uploads\/Marsz-w-ciemno\u015b\u0107-150x150.jpg\" alt=\"\" width=\"150\" height=\"150\" \/><\/a><a href=\"http:\/\/www.survival.edu.pl\/wp-index.php\/?attachment_id=818\" rel=\"attachment wp-att-818\"><img loading=\"lazy\" class=\"alignnone size-thumbnail wp-image-818\" title=\"Odpoczynek w marszu\" src=\"http:\/\/www.survival.edu.pl\/wp-content\/uploads\/Odpoczynek-w-marszu-150x150.jpg\" alt=\"\" width=\"150\" height=\"150\" \/><\/a><a href=\"http:\/\/www.survival.edu.pl\/wp-index.php\/?attachment_id=817\" rel=\"attachment wp-att-817\"><img loading=\"lazy\" class=\"alignnone size-thumbnail wp-image-817\" title=\"Lutowy deszcz\" src=\"http:\/\/www.survival.edu.pl\/wp-content\/uploads\/Lutowy-deszcz-150x150.jpg\" alt=\"\" width=\"150\" height=\"150\" \/><\/a><a href=\"http:\/\/www.survival.edu.pl\/wp-index.php\/?attachment_id=813\" rel=\"attachment wp-att-813\"><img loading=\"lazy\" class=\"alignnone size-thumbnail wp-image-813\" title=\"Przeprawa\" src=\"http:\/\/www.survival.edu.pl\/wp-content\/uploads\/Przeprawa-150x150.jpg\" alt=\"\" width=\"150\" height=\"150\" \/><\/a><a href=\"http:\/\/www.survival.edu.pl\/wp-index.php\/?attachment_id=814\" rel=\"attachment wp-att-814\"><img loading=\"lazy\" class=\"alignnone size-thumbnail wp-image-814\" title=\"Zimowa ekspedycja\" src=\"http:\/\/www.survival.edu.pl\/wp-content\/uploads\/Zimowa-ekspedycja-150x150.jpg\" alt=\"\" width=\"150\" height=\"150\" \/><\/a><a href=\"http:\/\/www.survival.edu.pl\/wp-index.php\/?attachment_id=812\" rel=\"attachment wp-att-812\"><img loading=\"lazy\" class=\"alignnone size-thumbnail wp-image-812\" title=\"Brodzenie\" src=\"http:\/\/www.survival.edu.pl\/wp-content\/uploads\/Brodzenie-150x150.jpg\" alt=\"\" width=\"150\" height=\"150\" \/><\/a><a href=\"http:\/\/www.survival.edu.pl\/wp-index.php\/?attachment_id=826\" rel=\"attachment wp-att-826\"><img loading=\"lazy\" class=\"alignnone size-thumbnail wp-image-826\" title=\"Na linie\" src=\"http:\/\/www.survival.edu.pl\/wp-content\/uploads\/Na-linie-150x150.jpg\" alt=\"\" width=\"150\" height=\"150\" \/><\/a><a href=\"http:\/\/www.survival.edu.pl\/wp-index.php\/?attachment_id=830\" rel=\"attachment wp-att-830\"><img loading=\"lazy\" class=\"alignnone size-thumbnail wp-image-830\" title=\"Po kolana\" src=\"http:\/\/www.survival.edu.pl\/wp-content\/uploads\/Po-kolana-150x150.jpg\" alt=\"\" width=\"150\" height=\"150\" \/><\/a><\/p>\n<p>Powy\u017csze zdj\u0119cia pokazuj\u0105 moje zaj\u0119cia z wychowankami. To przygotowania do naszej wyprawy w rocznic\u0119 upadku Meteorytu Tunguskiego. Wsp\u00f3\u0142uczestnikami mieli by\u0107 Jacek Pa\u0142kiewicz i Ryszard Czajkowski. Wyprawa nie mia\u0142a szans \u2014 zlikwidowano plac\u00f3wk\u0119&#8230;<\/p>\n<p style=\"text-align: justify;\">MOW nr 2 w \u0141odzi zosta\u0142 rozwi\u0105zany na podstawie spreparowanych zarzut\u00f3w o przemoc w plac\u00f3wce. M\u0142odzie\u017c kilka miesi\u0119cy przed ko\u0144cem roku szkolnego zosta\u0142a rozwieziona po ca\u0142ej Polsce, cho\u0107 rzeczywisto\u015b\u0107 pokaza\u0142a, \u017ce spokojnie mogli zako\u0144czy\u0107 edukacj\u0119 tam, gdzie j\u0105 zacz\u0119li. Dw\u00f3ch doskona\u0142ych wychowawc\u00f3w zap\u0142aci\u0142o zawa\u0142em serca. Wychowawcy z determinacj\u0105 broni\u0105cy honoru plac\u00f3wki dostali &#8222;zsy\u0142kowe&#8221; propozycje pracy. Aczkolwiek&#8230; niekt\u00f3rym mia\u0142o si\u0119 dobrze. <a href=\"http:\/\/www.survival.infocentrum.com\/s\/notatki\/quote_resocjalizacja_quote.html\" target=\"_blank\" rel=\"noopener noreferrer\"><span style=\"text-decoration: underline;\">Ciekawe dlaczego<\/span><\/a>&#8230;<\/p>\n<p>[DOPISEK] Nie snuj\u0119 domys\u0142\u00f3w: dwie panie z Urz\u0119du Miasta, kt\u00f3re manipulowa\u0142y faktami, ukazywa\u0142y lekcewa\u017cenie pedagogom, \u0142azi\u0142y po plac\u00f3wce jak lisy w kurniku, nie uznawa\u0142y \u017cadnych wyja\u015bnie\u0144 interpretowa\u0142y fakty &#8222;po swojemu&#8221; \u2014 nadal pracuj\u0105, gdzie pracowa\u0142y. Jest rok 2018 \u2014 poda\u0107 nazwiska?<\/p>\n<p style=\"text-align: justify;\">Budynki przekazano nowej plac\u00f3wce pod nowym szyldem. Z now\u0105 kadr\u0105 *). Z now\u0105 pani\u0105 dyrektor **)&#8230;<\/p>\n<pre style=\"text-align: justify;\"><span style=\"color: #ffff99;\">*) Nowa kadra w cz\u0119\u015bci pochodzi\u0142a z \"zrzutu\", jaki moja plac\u00f3wka otrzyma\u0142a w prezencie rok przed rozwi\u0105zaniem \u2013 ta nowa kadra zupe\u0142nie nie radzi\u0142a sobie z wychowankami, generowa\u0142a konflikty i agresj\u0119<\/span><\/pre>\n<pre style=\"text-align: justify;\"><span style=\"color: #ffff99;\">**) Pani dyrektor \u2013\u00a0\"dostarczona\" przed rozwi\u0105zaniem plac\u00f3wki \u2013\u00a0dosta\u0142a synekur\u0119... (ciekawostka z ostatniego roku, czyli 2014: znawcy sprawy kr\u0119c\u0105 g\u0142ow\u0105, \u017ce to mocno nieudana inwestycja...)<\/span><\/pre>\n","protected":false},"excerpt":{"rendered":"<p>Kiedy\u015b szykowa\u0142em wa\u017cne wydarzenie&#8230; Mia\u0142o to by\u0107 zwie\u0144czenie moich do\u015bwiadcze\u0144 w pracy resocjalizacyjnej. W dwudziestym drugim roku mojej pracy w M\u0142odzie\u017cowym O\u015brodku Wychowawczym nr 2 w \u0141odzi, w 100 rocznic\u0119 upadku Meteorytu Tunguskiego, mia\u0142em si\u0119 tam znale\u017a\u0107 wraz z moimi &hellip; <a class=\"more-link\" href=\"https:\/\/www.survival.edu.pl\/wp-index.php\/?page_id=415\">Czytaj dalej <span class=\"meta-nav\">&rarr;<\/span><\/a><\/p>\n","protected":false},"author":2,"featured_media":0,"parent":25,"menu_order":2,"comment_status":"closed","ping_status":"closed","template":"","meta":[],"_links":{"self":[{"href":"https:\/\/www.survival.edu.pl\/wp-index.php\/index.php?rest_route=\/wp\/v2\/pages\/415"}],"collection":[{"href":"https:\/\/www.survival.edu.pl\/wp-index.php\/index.php?rest_route=\/wp\/v2\/pages"}],"about":[{"href":"https:\/\/www.survival.edu.pl\/wp-index.php\/index.php?rest_route=\/wp\/v2\/types\/page"}],"author":[{"embeddable":true,"href":"https:\/\/www.survival.edu.pl\/wp-index.php\/index.php?rest_route=\/wp\/v2\/users\/2"}],"replies":[{"embeddable":true,"href":"https:\/\/www.survival.edu.pl\/wp-index.php\/index.php?rest_route=%2Fwp%2Fv2%2Fcomments&post=415"}],"version-history":[{"count":70,"href":"https:\/\/www.survival.edu.pl\/wp-index.php\/index.php?rest_route=\/wp\/v2\/pages\/415\/revisions"}],"predecessor-version":[{"id":7654,"href":"https:\/\/www.survival.edu.pl\/wp-index.php\/index.php?rest_route=\/wp\/v2\/pages\/415\/revisions\/7654"}],"up":[{"embeddable":true,"href":"https:\/\/www.survival.edu.pl\/wp-index.php\/index.php?rest_route=\/wp\/v2\/pages\/25"}],"wp:attachment":[{"href":"https:\/\/www.survival.edu.pl\/wp-index.php\/index.php?rest_route=%2Fwp%2Fv2%2Fmedia&parent=415"}],"curies":[{"name":"wp","href":"https:\/\/api.w.org\/{rel}","templated":true}]}}