{"id":3934,"date":"2016-10-20T11:18:22","date_gmt":"2016-10-20T09:18:22","guid":{"rendered":"http:\/\/www.survival.edu.pl\/wp-index.php\/?page_id=3934"},"modified":"2019-07-31T12:29:18","modified_gmt":"2019-07-31T10:29:18","slug":"twoj-survival","status":"publish","type":"page","link":"https:\/\/www.survival.edu.pl\/wp-index.php\/?page_id=3934","title":{"rendered":"TW\u00d3J survival"},"content":{"rendered":"<p style=\"text-align: justify;\">Mo\u017ce troch\u0119 patetycznie to powiem, ale jeste\u015b w swoim CENTRUM W\u0141ASNEGO PRZETRWANIA. Tu jest\u00a0to, co jest najwa\u017cniejsze dla Ciebie. W pozosta\u0142ych cz\u0119\u015bciach mog\u0119 sobie bajdurzy\u0107 i wym\u0105drza\u0107 si\u0119 do woli, ale tu wska\u017c\u0119 &#8222;najm\u0119drsze m\u0105dro\u015bci m\u0119drc\u00f3w&#8221;.<\/p>\n<p style=\"text-align: justify;\">Istniejesz jako EGO. Wszystko co si\u0119 zdarza w Tobie jest wynikiem <span style=\"color: #ff9900;\">wydarze\u0144 na styku EGO\u00a0|\u00a0Reszta-\u015awiata<\/span>. R\u00f3wnie\u017c to, co si\u0119 wydarza w otaczaj\u0105cym \u015bwiecie ma wp\u0142yw na wydarzenia &#8222;na styku&#8221;. \u00d3w styk decyduje o tym, \u017ce Ty dokonujesz analiz (<span style=\"color: #ffffff;\"><em>Czym dla mnie jest to wydarzenie?, a jakie ma znaczenie?<\/em><\/span> albo <span style=\"color: #ffffff;\"><em>Co mog\u0119 uczyni\u0107, aby si\u0119 wydarzy\u0142o\u00a0i wp\u0142yn\u0119\u0142o na\u00a0otaczaj\u0105cy \u015bwiat?<\/em><\/span>) Kiedy umrzesz \u2014 zniknie przecie\u017c i ca\u0142y \u015bwiat&#8230;<\/p>\n<p style=\"text-align: justify;\">Rozwi\u0105za\u0144 wynikaj\u0105cych ze skutk\u00f3w Twoich decyzji jest niesko\u0144czona ilo\u015b\u0107. Dla Twego przetrwania musisz wy\u0142uska\u0107 jedynie te faktycznie znacz\u0105ce, zdecydowanie odrzuci\u0107 te, kt\u00f3re jedynie Ci zaszkodz\u0105. Najlepszym rozwi\u0105zaniem by\u0142oby to, \u017ce nigdy nie podejmiesz z\u0142ej decyzji, bo pozostawisz sobie do dyspozycji jedynie dobre. Ale to niemo\u017cliwe&#8230;<\/p>\n<p style=\"text-align: justify;\">Po pierwsze dlatego, \u017ce ca\u0142y \u015bwiat przechodzi nieustanne przemiany, po drugie trzeba by zebra\u0107 ca\u0142\u0105 wiedz\u0119\u00a0o\u00a0\u015bwiecie i jego naturalnych regu\u0142ach. Zazwyczaj jednak to, co wydostaniemy, wyszperamy i wysup\u0142amy z\u00a0ba\u0142aganu, jaki czyni \u015bwiat \u2014 daje do r\u0119ki pot\u0119\u017cn\u0105 bro\u0144. Wszystkie wyzbierane elementy trzeba jednak przesia\u0107 rozumiej\u0105c ich warto\u015b\u0107.<\/p>\n<p style=\"text-align: justify;\">Przypomnijmy sobie, \u017ce EGO jest zarazem nasz\u0105 samo\u015bwiadomo\u015bci\u0105 i instynktem przetrwania. Przero\u015bni\u0119te EGO niesie zgub\u0119, niewykszta\u0142cone \u2014 te\u017c. Wzi\u0119te pod lup\u0119, obejrzane, zrozumiane je\u015bli chodzi o mechanizmy dzia\u0142ania \u2014 s\u0142u\u017cy dzielnie i wiernie.<\/p>\n<p style=\"text-align: justify;\"><a href=\"http:\/\/www.survival.edu.pl\/wp-content\/uploads\/SWIAT-I-EGO-X.png\"><img loading=\"lazy\" class=\"size-full wp-image-3944 aligncenter\" src=\"http:\/\/www.survival.edu.pl\/wp-content\/uploads\/SWIAT-I-EGO-X.png\" alt=\"SWIAT I EGO X\" width=\"1572\" height=\"1666\" srcset=\"https:\/\/www.survival.edu.pl\/wp-content\/uploads\/SWIAT-I-EGO-X.png 1572w, https:\/\/www.survival.edu.pl\/wp-content\/uploads\/SWIAT-I-EGO-X-283x300.png 283w, https:\/\/www.survival.edu.pl\/wp-content\/uploads\/SWIAT-I-EGO-X-768x814.png 768w, https:\/\/www.survival.edu.pl\/wp-content\/uploads\/SWIAT-I-EGO-X-966x1024.png 966w\" sizes=\"(max-width: 1572px) 100vw, 1572px\" \/><\/a><\/p>\n<p style=\"text-align: justify;\">Prawa kolumna to widzenie siebie w wypaczony spos\u00f3b. To wersja cz\u0142owieka, kt\u00f3ry sobie sam wszystko bierze, nawet wyrywa \u2014\u00a0\u015bwiat mo\u017ce tego nie zauwa\u017ca\u0107,\u00a0ale brak regu\u0142 zawsze si\u0119 m\u015bci&#8230;<\/p>\n<p style=\"text-align: justify;\">Jest to ukryte w czym\u015b bardzo ludzkim, we w\u0142asnym oczekiwaniu. Cz\u0142owiek, kt\u00f3ry nie oczekuje spe\u0142niania jego potrzeb, zadowala si\u0119 tym, co ma, nie prze\u017cywa w bolesny spos\u00f3b niedostatku. wszystko, co pojawia si\u0119 ponadto, jest niespodzianym darem losu \u2014 daje rado\u015b\u0107.<\/p>\n<hr \/>\n<p style=\"text-align: justify;\">Kiedy si\u0119 \u017cyje jako Ego Samoistne,\u00a0w\u00f3wczas ma si\u0119 zupe\u0142nie inne wyobra\u017cenie o swoim przetrwaniu. Bo po pierwsze chodzi si\u0119 z przekonaniem, \u017ce <em><span style=\"color: #ffffff;\">&#8222;M\u00f3j \u015bwiat jest M\u00d3J, a zatem nie wyobra\u017cam sobie, \u017ceby mi mia\u0142o czego\u015b zabrakn\u0105\u0107!&#8221;<\/span><\/em> Wszelkie inne wersje przynale\u017c\u0105 do innych, jak na przyk\u0142ad wpadanie pod przeje\u017cd\u017caj\u0105cy samoch\u00f3d. To jest \u00f3w bastion Ego:\u00a0<span style=\"color: #ffffff;\"><em>&#8222;Wszystkie zmys\u0142y mi m\u00f3wi\u0105, \u017ce ja tym wszystkim zawiaduj\u0119, zatem&#8230; nie przewiduj\u0119 nieszcz\u0119\u015b\u0107. To inni s\u0105 takimi gapami. MNIE nie mo\u017ce sie sta\u0107 nic z\u0142ego&#8221;<\/em><\/span>. Konsekwencj\u0105 tego jest np. o\u015bwiadczanie, \u017ce <em><span style=\"color: #ff9900;\">&#8222;Kiedy b\u0119dzie apokaliptycznie i ju\u017c niczego nie b\u0119dzie, to wiem, \u017ce ja sobie poradz\u0119. Mog\u0119 je\u015b\u0107 na przyk\u0142ad tylko i wy\u0142\u0105cznie schabowego z pomidorem i to mi wystarczy&#8230;&#8221;<\/span><\/em><\/p>\n<p style=\"text-align: justify;\">W\u0142a\u015bnie z tego powodu nie wyra\u017cam zdumienia, kiedy czytam, jak na forum kto\u015b zapytuje Admina: <em><span style=\"color: #ff9900;\">&#8222;Kiedy napiszecie co\u015b o diecie bezmi\u0119snej w razie upadku cywilizacyjnego?&#8221;<\/span><\/em> Przecie\u017c to jasne, \u017ce mo\u017ce si\u0119 pali\u0107 i wali\u0107, ale swego Ego nikt si\u0119 nigdy nie wyrzeka, zatem wszelkie jego komforty musz\u0105 by\u0107 uwzgl\u0119dnione.<\/p>\n<p style=\"text-align: justify;\">Por\u00f3wnaj w:<br \/>\n<em>&#8211; <span style=\"color: #ffffff;\">Paradoks wyboru. Dlaczego wi\u0119cej oznacza mniej<\/span><\/em>, ksi\u0105\u017cce, kt\u00f3r\u0105 napisa\u0142 Barry Schwartz (PWN Warszawa 2015)<br \/>\n&#8211; <span style=\"color: #ffffff;\"><em>Sztuka minimalizmu w codziennym \u017cyciu<\/em><\/span>, Dominique Loreau, (Czarna Owca, Warszawa 2012)<\/p>\n<p style=\"text-align: justify;\">\n","protected":false},"excerpt":{"rendered":"<p>Mo\u017ce troch\u0119 patetycznie to powiem, ale jeste\u015b w swoim CENTRUM W\u0141ASNEGO PRZETRWANIA. Tu jest\u00a0to, co jest najwa\u017cniejsze dla Ciebie. W pozosta\u0142ych cz\u0119\u015bciach mog\u0119 sobie bajdurzy\u0107 i wym\u0105drza\u0107 si\u0119 do woli, ale tu wska\u017c\u0119 &#8222;najm\u0119drsze m\u0105dro\u015bci m\u0119drc\u00f3w&#8221;. Istniejesz jako EGO. Wszystko &hellip; <a class=\"more-link\" href=\"https:\/\/www.survival.edu.pl\/wp-index.php\/?page_id=3934\">Czytaj dalej <span class=\"meta-nav\">&rarr;<\/span><\/a><\/p>\n","protected":false},"author":2,"featured_media":0,"parent":3109,"menu_order":10,"comment_status":"closed","ping_status":"closed","template":"","meta":[],"_links":{"self":[{"href":"https:\/\/www.survival.edu.pl\/wp-index.php\/index.php?rest_route=\/wp\/v2\/pages\/3934"}],"collection":[{"href":"https:\/\/www.survival.edu.pl\/wp-index.php\/index.php?rest_route=\/wp\/v2\/pages"}],"about":[{"href":"https:\/\/www.survival.edu.pl\/wp-index.php\/index.php?rest_route=\/wp\/v2\/types\/page"}],"author":[{"embeddable":true,"href":"https:\/\/www.survival.edu.pl\/wp-index.php\/index.php?rest_route=\/wp\/v2\/users\/2"}],"replies":[{"embeddable":true,"href":"https:\/\/www.survival.edu.pl\/wp-index.php\/index.php?rest_route=%2Fwp%2Fv2%2Fcomments&post=3934"}],"version-history":[{"count":20,"href":"https:\/\/www.survival.edu.pl\/wp-index.php\/index.php?rest_route=\/wp\/v2\/pages\/3934\/revisions"}],"predecessor-version":[{"id":6431,"href":"https:\/\/www.survival.edu.pl\/wp-index.php\/index.php?rest_route=\/wp\/v2\/pages\/3934\/revisions\/6431"}],"up":[{"embeddable":true,"href":"https:\/\/www.survival.edu.pl\/wp-index.php\/index.php?rest_route=\/wp\/v2\/pages\/3109"}],"wp:attachment":[{"href":"https:\/\/www.survival.edu.pl\/wp-index.php\/index.php?rest_route=%2Fwp%2Fv2%2Fmedia&parent=3934"}],"curies":[{"name":"wp","href":"https:\/\/api.w.org\/{rel}","templated":true}]}}