{"id":385,"date":"2012-09-28T13:29:14","date_gmt":"2012-09-28T11:29:14","guid":{"rendered":"http:\/\/www.survival.edu.pl\/wp-index.php\/?page_id=385"},"modified":"2019-11-22T12:26:51","modified_gmt":"2019-11-22T10:26:51","slug":"ksiazki-survivalowe","status":"publish","type":"page","link":"https:\/\/www.survival.edu.pl\/wp-index.php\/?page_id=385","title":{"rendered":"Ksi\u0105\u017cki survivalowe"},"content":{"rendered":"<p style=\"text-align: justify;\"><span style=\"color: #ff9900;\"><a href=\"http:\/\/www.survival.edu.pl\/wp-content\/uploads\/Lesny-Survival.jpg\"><img loading=\"lazy\" class=\"wp-image-6475 alignleft\" src=\"http:\/\/www.survival.edu.pl\/wp-content\/uploads\/Lesny-Survival.jpg\" alt=\"\" width=\"118\" height=\"189\"><\/a>Nowo\u015b\u0107<\/span> <span style=\"color: #ff9900;\">wydana w 2017 przez Lasy Pa\u0144stwowe<\/span>, czyli <span style=\"color: #ffcc00;\"><strong><em>Le\u015bny survival<\/em><\/strong><\/span>. Poza Edwardem Marsza\u0142kiem, le\u015bnikiem, pozostali autorzy s\u0105 cz\u0142onkami <a href=\"http:\/\/surwiwal.edu.pl\/\" target=\"_blank\" rel=\"noopener noreferrer\"><span style=\"text-decoration: underline;\">Stowarzyszenia Polska Szko\u0142a Surwiwalu<\/span><\/a>, g\u0142\u00f3wnodowadz\u0105cym by\u0142em ja. Ksi\u0105\u017cka nie uka\u017ce si\u0119 w sprzeda\u017cy \u2014 Lasy Pa\u0144stwowe rozprowadzaj\u0105 j\u0105 bezp\u0142atnie na swoich imprezach. Ka\u017cdy jednak mo\u017ce j\u0105 mie\u0107 dla siebie poprzez download w postaci pdf <span style=\"text-decoration: underline;\"><a href=\"https:\/\/www.lasy.gov.pl\/pl\/informacje\/publikacje\/do-poczytania\/copy2_of_wilczym-szlakiem\" target=\"_blank\" rel=\"noopener noreferrer\">ze strony Las\u00f3w Pa\u0144stwowych<\/a>,<\/span> r\u00f3wnie\u017c bezp\u0142atnie. Ale te\u017c <a href=\"http:\/\/www.survival.edu.pl\/wp-content\/uploads\/lesny_survival-1.pdf\" target=\"_blank\" rel=\"noopener noreferrer\"><span style=\"text-decoration: underline;\">u&nbsp;mnie<\/span><\/a> \u2014 w ko\u0144cu to &#8222;moje dziecko&#8221;&#8230;<\/p>\n<hr>\n<p><span style=\"color: #ff9900;\"><strong>Literatura polska:<\/strong><\/span><\/p>\n<ul>\n<li>Pa\u0142kiewicz Jacek, <em>Survival. Sztuka przetrwania<\/em>, Warszawa 1994 (wznowienie 1998)<\/li>\n<li>Kwiatkowski Krzysztof J., <em>Survival po polsku<\/em>, \u0141\u00f3d\u017a 1996, (Nowa edycja, \u0141\u00f3d\u017a 2001), F-ma Tomczak;&nbsp;(obecnie jest ju\u017c&nbsp;<span style=\"color: #ffffff;\">III Edycja, \u0141\u00f3d\u017a 2015 oraz IV (trzytomowa; na czwarty tom czekamy) edycja z 2017., Wyd. Sagalara<\/span>)<\/li>\n<li>Pawe\u0142ek Arkadiusz, <em>Survival, sztuka przetrwania, praktyczny przewodnik<\/em>, Konin 1997, (wznowienie Warszawa 2004, PIW)<\/li>\n<li>Trembaczowski Andrzej, <em>Zanim wyruszysz czyli co\u015b o survivalu<\/em>, Warszawa 1998, BELLONA<\/li>\n<li>Uryn Boles\u0142aw A., <em>Survival z ludzk\u0105 twarz\u0105<\/em>, Warszawa 2001, BELLONA<\/li>\n<li>Bergier J\u00f3zef, Sroka Micha\u0142, [red.], <em>Survival w teorii i praktyce<\/em>, Ba\u0142a Podlaska 2009, PWSZ<\/li>\n<li>Rozet A.G., <em>Pozornie bezpieczny<\/em> (dwa tomy encyklopedyczne), 2014, KUBA-Press<\/li>\n<li>Pa\u0142kiewicz Jacek, <em>D\u017cungla miasta<\/em>, Warszawa 2014, ZYSK I S-KA<span style=\"color: #ffff99;\"><br \/>\n<\/span><\/li>\n<li>Frankowski Pawe\u0142, <em>Przygotowani przetrwaj\u0105<\/em>, Bielsko-Bia\u0142a 2015, PASCAL<\/li>\n<li>Frankowski P., Rajchert W., <em>Sztuczki survivalowe<\/em>, Bielsko-Bia\u0142a 2016, PASCAL<\/li>\n<li>Lis K., Kwiatkowski A., Domowy survival, Krak\u00f3w 2017, Floow Books<\/li>\n<\/ul>\n<p><span style=\"color: #ff9900;\"><strong>Literatura obca:<\/strong><\/span><\/p>\n<ul>\n<li>Meissner Hans-Otto, <em>Sztuka \u017cycia i przetrwania<\/em>, Warszawa 1990<\/li>\n<li>McManners Hugh, <em>Szko\u0142a przetrwania<\/em>, Warszawa 1995, MUZA SA<\/li>\n<li>Darman Peter, <em>Podr\u0119cznik survivalu<\/em>, Warszawa 1995, PELTA<\/li>\n<li>Cacutt Len, Survival. <em>Sztuka przetrwania<\/em>, Warszawa 1995, Warszawski Dom Wydawniczy<\/li>\n<li>Steven Marshall, <em>Szko\u0142a przetrwania<\/em>, Warszawa 2000, Pr\u00f3szy\u0144ski i S-ka<\/li>\n<li>Wiseman John, SAS. <em>Szko\u0142a przetrwania<\/em>, Warszawa 2001, MUZA SA<\/li>\n<li>Mears Raymond, <em>Podr\u0119cznik sztuki przetrwania<\/em>, Warszawa 2002<\/li>\n<li>Stilwell Alexander, <em>Survival, Techniki przetrwania,<\/em> Warszawa 2003, BELLONA<\/li>\n<li>Wiseman John, <em>Szko\u0142a przetrwania<\/em>, O\u017car\u00f3w Mazowiecki 2007, Collins \/ Firma Ksi\u0119garska<\/li>\n<li>Grylls Bear, <em>Szko\u0142a przetrwania<\/em>, Bielsko-Bia\u0142a 2010, PASCAL<\/li>\n<li>Stilwell Alexander, <em>Sztuka przetrwania w warunkach kryzysowych<\/em>, Warszawa 2011, BELLONA<\/li>\n<li>Pred Joseph, <em>Survival. Sztuka przetrwania<\/em>, Janki 2011, AWM<\/li>\n<li>Lundin Cody, <em>Gdy rozp\u0119ta si\u0119 piek\u0142o<\/em>, Bielsko-Bia\u0142a 2012, PASCAL<\/li>\n<li>Les Stroud, <em>Przetrwa\u0107 wszystko<\/em>, Bielsko-Bia\u0142a 2012, PASCAL<\/li>\n<li>McNab Chris,<em> Survival. Jak przetrwa\u0107 w ka\u017cdych warunkach<\/em>, Pozna\u0144 2012, VESPER<\/li>\n<li>Beattie Rob, <em>Sztuka przetrwania<\/em>, Pozna\u0144 2014, publicat<\/li>\n<li>Nickens T. Edtward, <em>Outdoor. Ekstremalny survival<\/em>, Warszawa 2014, Grupa Wydawnicza Foksal<\/li>\n<li>Johnson Rich, <em>Ekstremalny survival<\/em>, Warszawa 2015, BELLONA<\/li>\n<\/ul>\n<p><span style=\"color: #ff9900;\"><strong>Literatura faktu:<\/strong><\/span><\/p>\n<ul>\n<li>Dunn Claire,&nbsp;<em>365 dni bez zapa\u0142ek<\/em>, Bia\u0142ystok&nbsp;2015,&nbsp;Wydawnictwo Kobiece<\/li>\n<li>Stafford Ed, <em>Poza cywilizacj\u0105<\/em>, Czerwonak&nbsp;2016, Vesper<\/li>\n<\/ul>\n<p>&nbsp;<\/p>\n<p><span style=\"color: #ffff99;\"><em>Kolejno\u015b\u0107 wg rocznika pierwszego polskiego wydania<\/em><\/span><\/p>\n","protected":false},"excerpt":{"rendered":"<p>Nowo\u015b\u0107 wydana w 2017 przez Lasy Pa\u0144stwowe, czyli Le\u015bny survival. Poza Edwardem Marsza\u0142kiem, le\u015bnikiem, pozostali autorzy s\u0105 cz\u0142onkami Stowarzyszenia Polska Szko\u0142a Surwiwalu, g\u0142\u00f3wnodowadz\u0105cym by\u0142em ja. Ksi\u0105\u017cka nie uka\u017ce si\u0119 w sprzeda\u017cy \u2014 Lasy Pa\u0144stwowe rozprowadzaj\u0105 j\u0105 bezp\u0142atnie na swoich imprezach. &hellip; <a class=\"more-link\" href=\"https:\/\/www.survival.edu.pl\/wp-index.php\/?page_id=385\">Czytaj dalej <span class=\"meta-nav\">&rarr;<\/span><\/a><\/p>\n","protected":false},"author":2,"featured_media":0,"parent":377,"menu_order":0,"comment_status":"closed","ping_status":"closed","template":"","meta":[],"_links":{"self":[{"href":"https:\/\/www.survival.edu.pl\/wp-index.php\/index.php?rest_route=\/wp\/v2\/pages\/385"}],"collection":[{"href":"https:\/\/www.survival.edu.pl\/wp-index.php\/index.php?rest_route=\/wp\/v2\/pages"}],"about":[{"href":"https:\/\/www.survival.edu.pl\/wp-index.php\/index.php?rest_route=\/wp\/v2\/types\/page"}],"author":[{"embeddable":true,"href":"https:\/\/www.survival.edu.pl\/wp-index.php\/index.php?rest_route=\/wp\/v2\/users\/2"}],"replies":[{"embeddable":true,"href":"https:\/\/www.survival.edu.pl\/wp-index.php\/index.php?rest_route=%2Fwp%2Fv2%2Fcomments&post=385"}],"version-history":[{"count":38,"href":"https:\/\/www.survival.edu.pl\/wp-index.php\/index.php?rest_route=\/wp\/v2\/pages\/385\/revisions"}],"predecessor-version":[{"id":7574,"href":"https:\/\/www.survival.edu.pl\/wp-index.php\/index.php?rest_route=\/wp\/v2\/pages\/385\/revisions\/7574"}],"up":[{"embeddable":true,"href":"https:\/\/www.survival.edu.pl\/wp-index.php\/index.php?rest_route=\/wp\/v2\/pages\/377"}],"wp:attachment":[{"href":"https:\/\/www.survival.edu.pl\/wp-index.php\/index.php?rest_route=%2Fwp%2Fv2%2Fmedia&parent=385"}],"curies":[{"name":"wp","href":"https:\/\/api.w.org\/{rel}","templated":true}]}}