{"id":352,"date":"2012-09-27T10:39:12","date_gmt":"2012-09-27T08:39:12","guid":{"rendered":"http:\/\/www.survival.edu.pl\/wp-index.php\/?page_id=352"},"modified":"2018-05-30T17:45:34","modified_gmt":"2018-05-30T15:45:34","slug":"poznawanie","status":"publish","type":"page","link":"https:\/\/www.survival.edu.pl\/wp-index.php\/?page_id=352","title":{"rendered":"Poznawanie"},"content":{"rendered":"<p style=\"text-align: justify;\"><a href=\"http:\/\/www.survival.edu.pl\/wp-content\/uploads\/2012\/09\/need-head.jpg\"><img loading=\"lazy\" class=\"alignright\" title=\"caput indigebat\" src=\"http:\/\/www.survival.edu.pl\/wp-content\/uploads\/2012\/09\/need-head-150x150.jpg\" alt=\"potrzebna g\u0142owa\" width=\"58\" height=\"58\" \/><\/a>Ma\u0142e dziecko jest niezwykle aktywne poznawczo. W\u0142azi wsz\u0119dzie, otwiera wszystko, wszystko bierze do r\u0105czek i\u00a0manipuluje tym. Zdarza si\u0119, \u017ce dziecko w celach poznawczych chwyci rozgrzany kawa\u0142ek metalu albo podniesie z\u00a0trawnika psi\u0105 kup\u0119. Gor\u0105co, oparzenie \u2014\u00a0uczy natychmiast. Wo\u0144, na kt\u00f3r\u0105 natura tak mocno nas uczuli\u0142a, czyli smr\u00f3d rozk\u0142adu \u2014\u00a0pozwala doj\u015b\u0107\u00a0do\u00a0wniosku, \u017ce tu co\u015b jest nie w porz\u0105dku.<\/p>\n<p style=\"text-align: justify;\">Kiedy jeste\u015bmy starsi, mamy swoje funkcje poznawcze ju\u017c mocno przyt\u0142umione:<\/p>\n<ul style=\"text-align: justify;\">\n<li><span style=\"color: #ffffff;\">rozumiemy, \u017ce na \u015bwiecie jest wiele rzeczy, kt\u00f3rych nie nale\u017cy chwyta\u0107 r\u0119kami<\/span><\/li>\n<li><span style=\"color: #ffcc00;\">mamy w miar\u0119 zasadne, lecz cz\u0119sto zgubne przekonanie, \u017ce ju\u017c co\u015b o \u017cyciu wiemy i wi\u0119cej nie musimy<\/span><\/li>\n<li><span style=\"color: #ffffff;\">nasz\u0105 wiedz\u0119 o zagro\u017ceniach rozszerzamy na wiele spraw, kt\u00f3rych nie rozumiemy \u2014\u00a0tak na wszelki wypadek \u2014\u00a0zatem w sobie wrzeszczymy: <em>&#8222;Precz z tym, co obce!&#8221;<\/em><\/span><\/li>\n<li><span style=\"color: #ffcc00;\">znale\u017ali\u015bmy si\u0119 w okowach spo\u0142ecznych \u2014\u00a0wiele rzeczy robimy tak, jak robi\u0105 to\u00a0 inni<\/span><\/li>\n<li><span style=\"color: #ffffff;\">udajemy kogo\u015b innego, dlatego te\u017c udajemy, \u017ce interesuj\u0105 nas sprawy &#8222;inne&#8221;, te kt\u00f3re nie s\u0105 <strong>&#8222;<em>pass\u00e9&#8221;<\/em><\/strong><\/span><\/li>\n<\/ul>\n<p style=\"text-align: justify;\">To powoduje, \u017ce po latach nasze poznawanie staje si\u0119 ograniczone. Najcz\u0119\u015bciej sprowadza si\u0119 do spraw, kt\u00f3re ju\u017c wst\u0119pnie znamy i rozumiemy metod\u0119 ich poznawania. Rzeczy i zjawiska, kt\u00f3rych wcze\u015bniej dot\u0105d nie zrozumieli\u015bmy, sprowadzamy do roli potocznych, oczywistych, schematycznych pogl\u0105d\u00f3w i niech\u0119tnie bierzemy si\u0119 za ich roztrz\u0105sanie. Najcz\u0119\u015bciej \u2014 w\u0142a\u015bnie dlatego, \u017ce nie mamy pomys\u0142u na metod\u0119 poznawania. Nale\u017cy m\u00f3wi\u0107, \u017ce <span style=\"color: #ff9900;\">cz\u0119\u015bci uk\u0142adanki nie chc\u0105 do siebie pasowa\u0107 i nie zamierzamy ju\u017c po\u015bwi\u0119ca\u0107 czasu na ich ci\u0105g\u0142e, bezproduktywne uk\u0142adanie<\/span>.<\/p>\n<p style=\"text-align: justify;\">Jest jednak przyczyna, dla kt\u00f3rej jeste\u015bmy zdolni do pokonania przeszk\u00f3d. Nie na pr\u00f3\u017cno m\u00f3wi si\u0119, \u017ce potrzeba jest matk\u0105 wynalazk\u00f3w. <span style=\"color: #ff9900;\">Znajduj\u0105c si\u0119 w sytuacji opresyjnej \u2014\u00a0je\u015bli mamy na to czas \u2014\u00a0podejmujemy cz\u0119sto pr\u00f3b\u0119 rozpoznania problemu<\/span>. Presja sytuacyjna potrafi zmusi\u0107 nas do zastosowania nowego trybu my\u015blenia, do\u00a0przygl\u0105dania si\u0119 szczeg\u00f3\u0142om. Tyle, \u017ce ju\u017c tego nie potrafimy&#8230;<\/p>\n<div style=\"text-align: justify;\" align=\"center\">\n<hr align=\"center\" size=\"2\" width=\"100%\" \/>\n<\/div>\n<p style=\"text-align: justify;\"><a href=\"http:\/\/www.survival.edu.pl\/wp-content\/uploads\/2012\/09\/need-head.jpg\"><img loading=\"lazy\" class=\"alignright\" title=\"caput indigebat\" src=\"http:\/\/www.survival.edu.pl\/wp-content\/uploads\/2012\/09\/need-head-150x150.jpg\" alt=\"potrzebna g\u0142owa\" width=\"58\" height=\"58\" \/><\/a><\/p>\n<p style=\"text-align: justify;\">Proponuj\u0119 opu\u015bci\u0107 sw\u00f3j ksobny &#8222;zak\u0105tek my\u015blenia&#8221;. To przypomina postulat psychologii poznawczej \u2014<a href=\"http:\/\/pl.wikipedia.org\/wiki\/Psychologia_poznawcza\">\u00a0Wikipedia<\/a> i humanistycznej \u2014\u00a0<a href=\"http:\/\/pl.wikipedia.org\/wiki\/Psychologia_humanistyczna\">Wikipedia<\/a>, by przekroczy\u0107 swoje granice. Prof. J. Kozielecki pisze o\u00a0transgresji:<\/p>\n<blockquote>\n<p style=\"text-align: justify;\"><em>&#8222;Transgresja niszczy stare struktury i tworzy nowe formy. Te czyny-wyczyny pozwalaj\u0105 przekszta\u0142ca\u0107 rzeczywisto\u015b\u0107. Cz\u0142owiek wychodzi poza to, czym jest i co posiada, wyrasta poza siebie, rozwija si\u0119. Id\u0105c krok przed sob\u0105 kszta\u0142tuje w\u0142asn\u0105 osobowo\u015b\u0107, kultur\u0119, cywilizacj\u0119. Transgresja staje si\u0119 esencj\u0105 cz\u0142owiecze\u0144stwa.&#8221;<\/em><\/p>\n<\/blockquote>\n<p style=\"text-align: left;\"><a href=\"http:\/\/www.survival.edu.pl\/wp-content\/uploads\/DSC00026.jpg\"><img loading=\"lazy\" class=\"alignleft wp-image-4176\" src=\"http:\/\/www.survival.edu.pl\/wp-content\/uploads\/DSC00026.jpg\" alt=\"dsc00026\" width=\"677\" height=\"512\" \/><\/a>Istnieje interesuj\u0105ca \u015bcie\u017cka dla dzia\u0142a\u0144 rozpoznawczych. Jest nienatr\u0119tna \u2014\u00a0nie nawo\u0142uje: <span style=\"color: #ff9900;\"><em>&#8222;Koniecznie zabierz si\u0119 za poznawanie siebie!&#8221;<\/em><\/span>, jest odkrywcza: <span style=\"color: #ff9900;\"><em>&#8222;Nie wiedzia\u0142em, \u017ce to tak jest!&#8221;<\/em>.<\/span> Prowadzi ku nieznanych miejsc. Zaskakuje, niepokoi i&#8230; przynosi natchnienie. Si\u0119gnij do literatury specyficznej.<\/p>\n<p style=\"text-align: justify;\">Oto\u00a0tytu\u0142y:<\/p>\n<ul style=\"text-align: justify;\">\n<li>Fouts R., \u00a0Mills S.T., <em>Najbli\u017csi krewni<\/em>, \u00a0Media Rodzina, Pozna\u0144 1999<\/li>\n<li>Grandin T., Johnson C., <em>Zrozumie\u0107 zwierz\u0119ta<\/em>,\u00a0Media Rodzina, Pozna\u0144\u00a02011<\/li>\n<li>Horowitz A., <em>Oczami psa<\/em>, \u00a0Czarna Owca, Warszawa 2010<\/li>\n<\/ul>\n","protected":false},"excerpt":{"rendered":"<p>Ma\u0142e dziecko jest niezwykle aktywne poznawczo. W\u0142azi wsz\u0119dzie, otwiera wszystko, wszystko bierze do r\u0105czek i\u00a0manipuluje tym. Zdarza si\u0119, \u017ce dziecko w celach poznawczych chwyci rozgrzany kawa\u0142ek metalu albo podniesie z\u00a0trawnika psi\u0105 kup\u0119. Gor\u0105co, oparzenie \u2014\u00a0uczy natychmiast. Wo\u0144, na kt\u00f3r\u0105 natura &hellip; <a class=\"more-link\" href=\"https:\/\/www.survival.edu.pl\/wp-index.php\/?page_id=352\">Czytaj dalej <span class=\"meta-nav\">&rarr;<\/span><\/a><\/p>\n","protected":false},"author":2,"featured_media":0,"parent":480,"menu_order":10,"comment_status":"closed","ping_status":"closed","template":"","meta":[],"_links":{"self":[{"href":"https:\/\/www.survival.edu.pl\/wp-index.php\/index.php?rest_route=\/wp\/v2\/pages\/352"}],"collection":[{"href":"https:\/\/www.survival.edu.pl\/wp-index.php\/index.php?rest_route=\/wp\/v2\/pages"}],"about":[{"href":"https:\/\/www.survival.edu.pl\/wp-index.php\/index.php?rest_route=\/wp\/v2\/types\/page"}],"author":[{"embeddable":true,"href":"https:\/\/www.survival.edu.pl\/wp-index.php\/index.php?rest_route=\/wp\/v2\/users\/2"}],"replies":[{"embeddable":true,"href":"https:\/\/www.survival.edu.pl\/wp-index.php\/index.php?rest_route=%2Fwp%2Fv2%2Fcomments&post=352"}],"version-history":[{"count":55,"href":"https:\/\/www.survival.edu.pl\/wp-index.php\/index.php?rest_route=\/wp\/v2\/pages\/352\/revisions"}],"predecessor-version":[{"id":6893,"href":"https:\/\/www.survival.edu.pl\/wp-index.php\/index.php?rest_route=\/wp\/v2\/pages\/352\/revisions\/6893"}],"up":[{"embeddable":true,"href":"https:\/\/www.survival.edu.pl\/wp-index.php\/index.php?rest_route=\/wp\/v2\/pages\/480"}],"wp:attachment":[{"href":"https:\/\/www.survival.edu.pl\/wp-index.php\/index.php?rest_route=%2Fwp%2Fv2%2Fmedia&parent=352"}],"curies":[{"name":"wp","href":"https:\/\/api.w.org\/{rel}","templated":true}]}}