{"id":3413,"date":"2016-04-03T14:37:24","date_gmt":"2016-04-03T12:37:24","guid":{"rendered":"http:\/\/www.survival.edu.pl\/wp-index.php\/?page_id=3413"},"modified":"2019-03-26T21:26:55","modified_gmt":"2019-03-26T19:26:55","slug":"rozwoj","status":"publish","type":"page","link":"https:\/\/www.survival.edu.pl\/wp-index.php\/?page_id=3413","title":{"rendered":"Rozw\u00f3j"},"content":{"rendered":"<p style=\"text-align: justify;\">Kr\u00f3tka definicja rozwoju m\u00f3wi o zachodzeniu przemian (ilo\u015bciowych i jako\u015bciowych), przeobra\u017ce\u0144 od uk\u0142adu mniej z\u0142o\u017conego do bardziej z\u0142o\u017conego, doskonalszego. Kiedy m\u00f3wimy o cz\u0142owieku, to mo\u017ce on odnosi\u0107 do cech czysto fizycznych, ale te\u017c pami\u0119tajmy o cechach psychicznych, a w tym \u2014 poznawczych, analitycznych, emocjonalnych, spo\u0142ecznych.<\/p>\n<p style=\"text-align: justify;\">Natura stworzy\u0142a sw\u00f3j algorytm rozwoju cz\u0142owieka, w ramach kt\u00f3rego noworodek przechodzi rozmaite fazy prowadz\u0105ce do bycia autonomicznym doros\u0142ym. Rodzice nie maj\u0105 zbyt du\u017cego wp\u0142ywu na rozw\u00f3j organiczny, ich rola sprowadza si\u0119 w zasadzie do wspierania go. Jest to jednak czynno\u015b\u0107 zar\u00f3wno prosta, jak i skomplikowana. Mo\u017cna przecie\u017c (teoretycznie) poprzesta\u0107 na zapewnieniu podstawowych warunk\u00f3w \u017cycia i nie przejmowa\u0107 si\u0119, \u017ce wyniki s\u0105 kiepskie \u2014\u00a0wa\u017cne, \u017ce dziecko \u017cyje. To bardzo du\u017ce uproszczenie. Ludzie bowiem w rzeczywisto\u015bci zabiegaj\u0105 nie tylko o zdrowie i sprawno\u015b\u0107 dziecka, ale dodatkowo ucz\u0105 &#8222;poruszania w \u015bwiecie&#8221;. Ma to na celu uzyskanie efektu, \u017ce ma\u0142y &#8222;gniazdownik&#8221; stanie si\u0119 zdolny do opuszczenia gniazda. Wsparciem dla rozwoju jest wi\u0119c proces wychowania, proces intencjonalny pochodz\u0105cy od rodzic\u00f3w, ale te\u017c innych ludzi.<\/p>\n<p style=\"text-align: justify;\"><a href=\"http:\/\/www.survival.edu.pl\/wp-content\/uploads\/Obrazek18.jpg\" rel=\"attachment wp-att-3215\"><img loading=\"lazy\" class=\" wp-image-3215 aligncenter\" src=\"http:\/\/www.survival.edu.pl\/wp-content\/uploads\/Obrazek18.jpg\" alt=\"Obrazek18\" width=\"602\" height=\"462\" \/><\/a><\/p>\n<p style=\"text-align: justify;\">Kiedy m\u00f3wimy o wychowaniu od razu przyjmijmy, \u017ce w \u017cyciu nie zawsze m\u00f3wimy o tym samym. Na pewno zgodzimy si\u0119 do tego, \u017ce wychowanie jest to uzyskanie (i utrzymanie) wp\u0142ywu na na rozwijaj\u0105c\u0105 si\u0119 osob\u0119. Nie u\u017cy\u0142em tu s\u0142owa &#8222;dziecko&#8221;, bowiem w wielu \u015brodowiskach dziecko jest wy\u0142\u0105cznie kim\u015b, kto sprawia tylko mas\u0119 k\u0142opot\u00f3w porz\u0105dnym ludziom, kt\u00f3rymi s\u0105 rodzice (lub nauczyciele). W takim wypadku wychowanie sprowadzi si\u0119 do uzyskania wp\u0142ywu na to, aby dziecko nie pl\u0105ta\u0142o si\u0119 pod nogami, nie ha\u0142asowa\u0142o, albo by sobie gdzie\u015b posz\u0142o i\u00a0m\u0119czy\u0142o kogo\u015b innego.<\/p>\n<p style=\"text-align: justify;\">Cz\u0142owiek my\u015bl\u0105cy wie, \u017ce za s\u0142owem &#8222;osoba&#8221; rozumie si\u0119 \u017cyw\u0105 ludzk\u0105 istot\u0119, czuj\u0105c\u0105, rozumuj\u0105c\u0105, podejmuj\u0105c\u0105 decyzje. Wie te\u017c, \u017ce to nie odnosi si\u0119 do u\u017cycia s\u0142owa &#8222;osoba&#8221; w takim samym rozumieniu przez urz\u0119dnik\u00f3w i osoby prowadz\u0105ce czynno\u015bci s\u0142u\u017cbowe \u2014\u00a0pochodzi to prawdopodobnie z ich poczucia swego niezwyk\u0142ego znaczenia oraz\u00a0rozumowanie, podejmowanie decyzji za swoj\u0105 domen\u0119. Policjanci na przyk\u0142ad twierdz\u0105, \u017ce &#8222;podesz\u0142a sk\u0105d\u015b osoba, osoba ta zosta\u0142a pouczona, ale nie wiadomo czy zrozumia\u0142a, bo osoba jad\u0142a jab\u0142ko a potem osoba splun\u0119\u0142a pestk\u0105&#8221;.<\/p>\n<p style=\"text-align: justify;\">Ustalmy jednak, \u017ce <span style=\"color: #ff9900;\">dziecko jest osob\u0105<\/span> rozumian\u0105 nieurz\u0119dniczo. Mog\u0105 tego nie rozumie\u0107 rodzice, kt\u00f3rzy s\u0105dz\u0105, \u017ce ich dziecko jest w ich posiadaniu, jak pies i w\u0142asne buty. Poniewa\u017c dziecko nie osi\u0105gn\u0119\u0142o jeszcze tego stopnia rozwoju, do zada\u0144 cz\u0142owieka opiekuj\u0105cego si\u0119 dzieckiem jest jego wspomaganie.<\/p>\n<hr \/>\n<p style=\"text-align: justify;\">Wychowanie wy\u017cszego poziomu polega na <span style=\"color: #ff9900;\">pomaganiu dziecku w unikaniu niebezpiecze\u0144stw<\/span>, na dostarczaniu mu <span style=\"color: #ff9900;\">interpretacji rzeczy, zdarze\u0144 i skutk\u00f3w rozmaitych decyzji<\/span>. Polega te\u017c na <span style=\"color: #ff9900;\">tworzeniu r\u00f3\u017cnorodnych sytuacji wychowawczych<\/span> dostarczaj\u0105cych \u017cyciowych do\u015bwiadcze\u0144. W ten spos\u00f3b dziecko poznaje w\u0142asne mo\u017cliwo\u015bci, kszta\u0142tuje swoje \u017cycie emocjonalne i spo\u0142eczne. To z kolei prowadzi do do\u015bwiadczania<span style=\"color: #ff9900;\"> samodzielnego<\/span>.<\/p>\n<hr \/>\n<p style=\"text-align: justify;\">Ka\u017cdy kursant&#8230; staje si\u0119 dzieckiem. Ka\u017cdy instruktor powinien umie\u0107 sta\u0107 si\u0119 dzieckiem (sic!) \u2014 dzieci lepiej si\u0119 dogaduj\u0105 mi\u0119dzy sob\u0105. Zawsze podkre\u015bla\u0142em, \u017ce wiedza cz\u0142owiekowi nie wystarcza nawet wtedy, kiedy jest Ogromn\u0105 Wiedz\u0105. Wi\u0119kszo\u015b\u0107 system\u00f3w edukacyjnych opiera si\u0119 na przekonaniu, \u017ce nauczyciel powinien przekazywa\u0107, a \u015bwiat dzieci i rodzic\u00f3w (a tak\u017ce \u015bwiat rz\u0105dz\u0105cych i pracodawc\u00f3w) powinien mie\u0107 przekonanie, \u017ce szko\u0142y przekazuj\u0105 Ogromn\u0105 Wiedz\u0119. Nawet i wtedy, gdy to przekonanie znajduje nieco podstaw do takiego twierdzenia, to \u017cycie wykazuje, \u017ce dobrze funkcjonowa\u0107 mo\u017cna maj\u0105c gar\u015b\u0107 wiedzy, ale za to uzupe\u0142nia\u0107 j\u0105 <span style=\"color: #ff9900;\">dobr\u0105 znajomo\u015bci\u0105 mechanizm\u00f3w rz\u0105dz\u0105cych zjawiskami, czyli dysponowa\u0107 zdolno\u015bci\u0105\u00a0<span style=\"text-decoration: underline;\"><strong>rozumienia<\/strong><\/span><\/span>. Pewne potwierdzenie daje zaobserwowanie tego, kiedy niekt\u00f3rzy ludzie poddaj\u0105 obserwacji i badaniu <span style=\"color: #ffffff;\">zupe\u0142nie nieznany sobie obiekt<\/span>, a po chwili wiedz\u0105 do czego zosta\u0142 stworzony i jak si\u0119 nim pos\u0142u\u017cy\u0107. Tymczasem inni nie potrafi\u0105 pos\u0142u\u017cy\u0107 si\u0119 nim nawet z instrukcja w r\u0119ku. Ogl\u0105danie obiekt\u00f3w a nast\u0119pnie pr\u00f3ba zrozumienia ich \u2014 to dzieci\u0119ca metoda poznawania rzeczywisto\u015bci. A cz\u0119sto odbywa si\u0119 to&#8230; w ba\u015bni.<\/p>\n<p style=\"text-align: justify;\">Ba\u015b\u0144 podaje informacje nie o szczeg\u00f3\u0142owej budowie \u015bwiata, ale o mechanizmach funkcjonowania. I to ba\u015b\u0144 dysponuje ogromn\u0105 si\u0142\u0105 poznawcz\u0105 \u2014 anga\u017cuje nasze emocje, pokazuje &#8222;po kt\u00f3rej stronie nale\u017cy stawa\u0107&#8221;. Szkolenie instruktorskie jest przeznaczone dla doros\u0142ych, zatem zawiera w sobie ogromy wiedzy (jakby chcia\u0142o pokaza\u0107, \u017ce &#8222;bajka si\u0119 sko\u0144czy\u0142a, a teraz jest \u017cycie&#8221;). <span style=\"color: #ff9900;\">W szkoleniu instruktorskim \u2014 kiedy stara si\u0119 by\u0107 naprawd\u0119 rzetelne \u2014 zak\u0142ada si\u0119 przynajmniej, \u017ce kursanci s\u0105 ju\u017c wystarczaj\u0105co przygotowani do \u017cycia.<\/span> Ale cz\u0119sto wcale tak nie jest. Ale wtedy z pomoc\u0105 przychodzi ba\u015b\u0144.<\/p>\n<p style=\"text-align: justify;\">Zazwyczaj cz\u0142owiek doros\u0142y, kt\u00f3ry swoj\u0105 doros\u0142o\u015b\u0107 jedynie imituje, stara si\u0119 ukaza\u0107, jak bardzo jego stan jest odleg\u0142y od dzieci\u0119co\u015bci. T\u0119sknot\u0119 za dzieci\u0119co\u015bci\u0105 (a wi\u0119c za byciem prawdziwym sob\u0105) zaspokaja si\u0119 dzi\u0119ki u\u017cywkom oraz poprzez wchodzenie w &#8222;system zbiorowej g\u0142upawki&#8221;. Jest to jedynie uzasadnienie wyj\u015bcia ze swojej sztucznej doros\u0142o\u015bci poprzez wymuszon\u0105 demonstracj\u0119 &#8222;jak wszyscy to wszyscy&#8221;. Wsp\u00f3lne alibi&#8230;\u00a0 Pozbywanie si\u0119 doros\u0142o\u015bci jest wszak dla wielu w takich przypadkach konieczno\u015bci\u0105, bowiem doros\u0142o\u015b\u0107 m\u0119czy, wymaga odpowiedzialno\u015bci.<\/p>\n<p style=\"text-align: justify;\">Dojrza\u0142e szkolenie nie musi tego\u00a0robi\u0107. W takim szkoleniu doskona\u0142ym uzasadnieniem jest metoda. A w niej \u2014 <span style=\"color: #ff9900;\">wchodzenie w rol\u0119<\/span>. Pe\u0142nienie r\u00f3l wed\u0142ug scenariusza. Teatr&#8230; i ba\u015b\u0144. Tyle, \u017ce znowu znajd\u0105 si\u0119 tacy, kt\u00f3rzy b\u0119d\u0105 argumentowa\u0107, \u017ce to dzia\u0142anie&#8230; niepowa\u017cne. C\u00f3\u017c&#8230; niech id\u0105 na swoje podw\u00f3rko!<\/p>\n<p>Polecam:<\/p>\n<p><a href=\"http:\/\/www.survival.edu.pl\/wp-content\/uploads\/Basn-i-survival.pdf\" target=\"_blank\" rel=\"noopener\"><span style=\"text-decoration: underline;\">Ba\u015b\u0144 i survival<\/span><br \/>\n<\/a><span style=\"color: #808000;\"><a style=\"color: #808000;\" href=\"http:\/\/www.survival.edu.pl\/wp-content\/uploads\/Survival-zdzicza\u0142y-S\u0142owo-do-ksi\u0105\u017cki.pdf\" target=\"_blank\" rel=\"noopener\"><span style=\"text-decoration: underline;\">Survival zdzicza\u0142y \u2014\u00a0s\u0142owo do ksi\u0105\u017cki prof. Nalaskowskiego<\/span><br \/>\n<\/a><\/span><\/p>\n","protected":false},"excerpt":{"rendered":"<p>Kr\u00f3tka definicja rozwoju m\u00f3wi o zachodzeniu przemian (ilo\u015bciowych i jako\u015bciowych), przeobra\u017ce\u0144 od uk\u0142adu mniej z\u0142o\u017conego do bardziej z\u0142o\u017conego, doskonalszego. Kiedy m\u00f3wimy o cz\u0142owieku, to mo\u017ce on odnosi\u0107 do cech czysto fizycznych, ale te\u017c pami\u0119tajmy o cechach psychicznych, a w tym &hellip; <a class=\"more-link\" href=\"https:\/\/www.survival.edu.pl\/wp-index.php\/?page_id=3413\">Czytaj dalej <span class=\"meta-nav\">&rarr;<\/span><\/a><\/p>\n","protected":false},"author":2,"featured_media":0,"parent":282,"menu_order":20,"comment_status":"closed","ping_status":"closed","template":"","meta":[],"_links":{"self":[{"href":"https:\/\/www.survival.edu.pl\/wp-index.php\/index.php?rest_route=\/wp\/v2\/pages\/3413"}],"collection":[{"href":"https:\/\/www.survival.edu.pl\/wp-index.php\/index.php?rest_route=\/wp\/v2\/pages"}],"about":[{"href":"https:\/\/www.survival.edu.pl\/wp-index.php\/index.php?rest_route=\/wp\/v2\/types\/page"}],"author":[{"embeddable":true,"href":"https:\/\/www.survival.edu.pl\/wp-index.php\/index.php?rest_route=\/wp\/v2\/users\/2"}],"replies":[{"embeddable":true,"href":"https:\/\/www.survival.edu.pl\/wp-index.php\/index.php?rest_route=%2Fwp%2Fv2%2Fcomments&post=3413"}],"version-history":[{"count":29,"href":"https:\/\/www.survival.edu.pl\/wp-index.php\/index.php?rest_route=\/wp\/v2\/pages\/3413\/revisions"}],"predecessor-version":[{"id":7314,"href":"https:\/\/www.survival.edu.pl\/wp-index.php\/index.php?rest_route=\/wp\/v2\/pages\/3413\/revisions\/7314"}],"up":[{"embeddable":true,"href":"https:\/\/www.survival.edu.pl\/wp-index.php\/index.php?rest_route=\/wp\/v2\/pages\/282"}],"wp:attachment":[{"href":"https:\/\/www.survival.edu.pl\/wp-index.php\/index.php?rest_route=%2Fwp%2Fv2%2Fmedia&parent=3413"}],"curies":[{"name":"wp","href":"https:\/\/api.w.org\/{rel}","templated":true}]}}