{"id":335,"date":"2012-09-27T08:02:00","date_gmt":"2012-09-27T06:02:00","guid":{"rendered":"http:\/\/www.survival.edu.pl\/wp-index.php\/?page_id=335"},"modified":"2016-05-20T10:43:12","modified_gmt":"2016-05-20T08:43:12","slug":"ja-sam-my-sami","status":"publish","type":"page","link":"https:\/\/www.survival.edu.pl\/wp-index.php\/?page_id=335","title":{"rendered":"Ja sam, my sami&#8230;"},"content":{"rendered":"<p style=\"text-align: justify;\">Kiedy jest dobrze, kiedy czujemy si\u0119 nieskr\u0119powanym &#8222;sob\u0105&#8221;, demonstrujemy \u015bwiatu, \u017ce jeste\u015bmy na pewno KIM\u015a \u2014 \u017c\u0105damy, oczekujemy, napominamy, wybrzydzamy, lekcewa\u017cymy, karcimy, pouczamy, wykorzystujemy&#8230;<\/p>\n<p style=\"text-align: justify;\">Wcale nie czynimy naszych bli\u017anich \u2014 lud\u017ami nam przychylnych. Braki w podstawowej wiedzy spo\u0142ecznej, nierozumienie j\u0119zyka cia\u0142a, mi\u0119dzyludzkiej komunikacji, czyni nas niezdolnymi nawet do prawid\u0142owej oceny sytuacji.<\/p>\n","protected":false},"excerpt":{"rendered":"<p>Kiedy jest dobrze, kiedy czujemy si\u0119 nieskr\u0119powanym &#8222;sob\u0105&#8221;, demonstrujemy \u015bwiatu, \u017ce jeste\u015bmy na pewno KIM\u015a \u2014 \u017c\u0105damy, oczekujemy, napominamy, wybrzydzamy, lekcewa\u017cymy, karcimy, pouczamy, wykorzystujemy&#8230; Wcale nie czynimy naszych bli\u017anich \u2014 lud\u017ami nam przychylnych. Braki w podstawowej wiedzy spo\u0142ecznej, nierozumienie j\u0119zyka &hellip; <a class=\"more-link\" href=\"https:\/\/www.survival.edu.pl\/wp-index.php\/?page_id=335\">Czytaj dalej <span class=\"meta-nav\">&rarr;<\/span><\/a><\/p>\n","protected":false},"author":2,"featured_media":0,"parent":180,"menu_order":0,"comment_status":"closed","ping_status":"closed","template":"","meta":[],"_links":{"self":[{"href":"https:\/\/www.survival.edu.pl\/wp-index.php\/index.php?rest_route=\/wp\/v2\/pages\/335"}],"collection":[{"href":"https:\/\/www.survival.edu.pl\/wp-index.php\/index.php?rest_route=\/wp\/v2\/pages"}],"about":[{"href":"https:\/\/www.survival.edu.pl\/wp-index.php\/index.php?rest_route=\/wp\/v2\/types\/page"}],"author":[{"embeddable":true,"href":"https:\/\/www.survival.edu.pl\/wp-index.php\/index.php?rest_route=\/wp\/v2\/users\/2"}],"replies":[{"embeddable":true,"href":"https:\/\/www.survival.edu.pl\/wp-index.php\/index.php?rest_route=%2Fwp%2Fv2%2Fcomments&post=335"}],"version-history":[{"count":6,"href":"https:\/\/www.survival.edu.pl\/wp-index.php\/index.php?rest_route=\/wp\/v2\/pages\/335\/revisions"}],"predecessor-version":[{"id":3661,"href":"https:\/\/www.survival.edu.pl\/wp-index.php\/index.php?rest_route=\/wp\/v2\/pages\/335\/revisions\/3661"}],"up":[{"embeddable":true,"href":"https:\/\/www.survival.edu.pl\/wp-index.php\/index.php?rest_route=\/wp\/v2\/pages\/180"}],"wp:attachment":[{"href":"https:\/\/www.survival.edu.pl\/wp-index.php\/index.php?rest_route=%2Fwp%2Fv2%2Fmedia&parent=335"}],"curies":[{"name":"wp","href":"https:\/\/api.w.org\/{rel}","templated":true}]}}