{"id":3184,"date":"2016-01-22T16:43:05","date_gmt":"2016-01-22T14:43:05","guid":{"rendered":"http:\/\/www.survival.edu.pl\/wp-index.php\/?page_id=3184"},"modified":"2021-01-13T15:46:51","modified_gmt":"2021-01-13T13:46:51","slug":"wczesnie-rozumiec","status":"publish","type":"page","link":"https:\/\/www.survival.edu.pl\/wp-index.php\/?page_id=3184","title":{"rendered":"Wcze\u015bnie rozumie\u0107"},"content":{"rendered":"<p style=\"text-align: justify;\"><img loading=\"lazy\" class=\" wp-image-3208 alignright\" src=\"http:\/\/www.survival.edu.pl\/wp-content\/uploads\/Obrazek11.jpg\" alt=\"Obrazek11\" width=\"558\" height=\"583\" srcset=\"https:\/\/www.survival.edu.pl\/wp-content\/uploads\/Obrazek11.jpg 3327w, https:\/\/www.survival.edu.pl\/wp-content\/uploads\/Obrazek11-287x300.jpg 287w, https:\/\/www.survival.edu.pl\/wp-content\/uploads\/Obrazek11-768x802.jpg 768w, https:\/\/www.survival.edu.pl\/wp-content\/uploads\/Obrazek11-980x1024.jpg 980w\" sizes=\"(max-width: 558px) 100vw, 558px\" \/>Kiedy ucz\u0119 adept\u00f3w survivalu sztuki rozpalania ognia, w\u00f3wczas ca\u0142kowicie odpuszczam instrukcje zwi\u0105zane z tzw. <strong>&#8222;skontaktowaniem \u017ar\u00f3d\u0142a wysokiej temperatury z materia\u0142em palnym&#8221;<\/strong>. <span style=\"color: #ffffff;\">To\u00a0przecie\u017c podobno<\/span><span style=\"color: #ffffff;\">\u00a0wiedz\u0105&#8230; wszyscy.<\/span> Praktyka pokazuje, \u017ce bardzo cz\u0119sto palenie ogniska oznacza dla ludzi wy\u0142\u0105cznie zjawisko zetkni\u0119cia ze sob\u0105 &#8222;ognia&#8221; oraz &#8222;drewna&#8221;. Nie wierzy\u0142em w to, p\u00f3ki si\u0119 sam nie przekona\u0142em. Absolutnie zaniedbuje si\u0119 rozumienie <span style=\"text-decoration: underline;\"><a href=\"http:\/\/www.survival.edu.pl\/wp-index.php\/?page_id=239\" target=\"_blank\" rel=\"noopener noreferrer\"><span style=\"color: #ff9900; text-decoration: underline;\">istoty ognia<\/span><\/a><\/span>. Okazuje si\u0119, \u017ce dla wielu jest to ogromn\u0105 tajemnic\u0105, \u017ce trzeba bra\u0107 pod uwag\u0119 wilgotno\u015b\u0107 drewna oraz dost\u0119pno\u015b\u0107 tlenu. Ale ju\u017c o mistyce ognia nikt specjalnie nawet nie my\u015bli.<\/p>\n<p style=\"text-align: justify;\">Powy\u017cszy przyk\u0142ad stosuj\u0119 w tym miejscu nie bez przyczyny. W moim przypadku jest to ju\u017c natr\u0119ctwo, tak cz\u0119ste m\u00f3wienie ludziom, \u017ce <span style=\"color: #ff9900;\">&#8222;wiedzie\u0107&#8221; nie oznacza &#8222;rozumie\u0107&#8221;<\/span>. W naszym \u017cyciu za wystarczaj\u0105ce uznajemy, \u017ce co\u015b ju\u017c przecie\u017c wiemy. Ale&#8230; to ju\u017c jest co\u015b. Na pocz\u0105tek.<\/p>\n<p style=\"text-align: justify;\">W dzieci\u0144stwie dowiadujemy si\u0119, \u017ceby\u015bmy byli ostro\u017cni, bo ogie\u0144 parzy. I najcz\u0119\u015bciej za tym nic wi\u0119cej nie idzie. <span style=\"text-decoration: underline;\">Powa\u017cniejsze instrukcje dziecko dostaje&#8230; jako komentarz\u00a0przy okazji z\u0142ego wydarzenia. <span style=\"color: #ff9900; text-decoration: underline;\">Czyli \u2014\u00a0kiedy<\/span> <span style=\"color: #ff9900; text-decoration: underline;\">ju\u017c si\u0119 sta\u0142o<\/span>.<\/span> Nie potrafimy, chocia\u017c jeste\u015bmy doro\u015bli, zauwa\u017cy\u0107, \u017ce \u0142atwo przyjmujemy u dzieci ich &#8222;beztrosk\u0105 zabaw\u0119&#8221;, zaniedbuj\u0105c &#8222;zabaw\u0119, kt\u00f3ra uczy&#8221;.<\/p>\n<hr \/>\n<p style=\"text-align: justify;\">Chyba z 20 lat min\u0119\u0142o (lub du\u017co wi\u0119cej \u2014 ja nie panuj\u0119 nad swoim kalendarzem, a jest rok 2015), gdy przygotowa\u0142em zarys scenariusza do przygotowania m\u0142odszych dzieci (oraz ich rodzic\u00f3w i nauczycieli) do spotkania w swoim \u017cyciu zdarze\u0144 potencjalnie gro\u017anych. Potem rozwin\u0105\u0142em \u00f3w scenariusz z my\u015bl\u0105 o u\u017cytkowaniu go w moim stowarzyszeniu. Za tym mia\u0142a i\u015b\u0107 szersza edukacja, taka sztuka przetrwania dla dzieci i ich rodzic\u00f3w. Nikogo to nie interesowa\u0142o:<\/p>\n<p style=\"text-align: justify;\">Kliknij ==&gt;\u00a0<span style=\"text-decoration: underline;\"><span style=\"color: #808000;\"><a style=\"color: #808000; text-decoration: underline;\" href=\"http:\/\/www.survival.edu.pl\/wp-content\/uploads\/BezpieczneDziecko.pdf\" target=\"_blank\" rel=\"noopener noreferrer\">Bezpieczne dziecko<\/a><\/span><\/span><\/p>\n","protected":false},"excerpt":{"rendered":"<p>Kiedy ucz\u0119 adept\u00f3w survivalu sztuki rozpalania ognia, w\u00f3wczas ca\u0142kowicie odpuszczam instrukcje zwi\u0105zane z tzw. &#8222;skontaktowaniem \u017ar\u00f3d\u0142a wysokiej temperatury z materia\u0142em palnym&#8221;. To\u00a0przecie\u017c podobno\u00a0wiedz\u0105&#8230; wszyscy. Praktyka pokazuje, \u017ce bardzo cz\u0119sto palenie ogniska oznacza dla ludzi wy\u0142\u0105cznie zjawisko zetkni\u0119cia ze sob\u0105 &#8222;ognia&#8221; &hellip; <a class=\"more-link\" href=\"https:\/\/www.survival.edu.pl\/wp-index.php\/?page_id=3184\">Czytaj dalej <span class=\"meta-nav\">&rarr;<\/span><\/a><\/p>\n","protected":false},"author":2,"featured_media":0,"parent":2178,"menu_order":0,"comment_status":"closed","ping_status":"closed","template":"","meta":[],"_links":{"self":[{"href":"https:\/\/www.survival.edu.pl\/wp-index.php\/index.php?rest_route=\/wp\/v2\/pages\/3184"}],"collection":[{"href":"https:\/\/www.survival.edu.pl\/wp-index.php\/index.php?rest_route=\/wp\/v2\/pages"}],"about":[{"href":"https:\/\/www.survival.edu.pl\/wp-index.php\/index.php?rest_route=\/wp\/v2\/types\/page"}],"author":[{"embeddable":true,"href":"https:\/\/www.survival.edu.pl\/wp-index.php\/index.php?rest_route=\/wp\/v2\/users\/2"}],"replies":[{"embeddable":true,"href":"https:\/\/www.survival.edu.pl\/wp-index.php\/index.php?rest_route=%2Fwp%2Fv2%2Fcomments&post=3184"}],"version-history":[{"count":66,"href":"https:\/\/www.survival.edu.pl\/wp-index.php\/index.php?rest_route=\/wp\/v2\/pages\/3184\/revisions"}],"predecessor-version":[{"id":7688,"href":"https:\/\/www.survival.edu.pl\/wp-index.php\/index.php?rest_route=\/wp\/v2\/pages\/3184\/revisions\/7688"}],"up":[{"embeddable":true,"href":"https:\/\/www.survival.edu.pl\/wp-index.php\/index.php?rest_route=\/wp\/v2\/pages\/2178"}],"wp:attachment":[{"href":"https:\/\/www.survival.edu.pl\/wp-index.php\/index.php?rest_route=%2Fwp%2Fv2%2Fmedia&parent=3184"}],"curies":[{"name":"wp","href":"https:\/\/api.w.org\/{rel}","templated":true}]}}