{"id":3034,"date":"2016-01-06T15:45:25","date_gmt":"2016-01-06T13:45:25","guid":{"rendered":"http:\/\/www.survival.edu.pl\/wp-index.php\/?page_id=3034"},"modified":"2017-09-05T20:25:59","modified_gmt":"2017-09-05T18:25:59","slug":"takie-sobie","status":"publish","type":"page","link":"https:\/\/www.survival.edu.pl\/wp-index.php\/?page_id=3034","title":{"rendered":"Takie sobie ogl\u0105dy"},"content":{"rendered":"<h2 style=\"text-align: justify;\"><span style=\"color: #ff9900;\">1. Robinson Kruzoe i punkty widzenia<\/span><\/h2>\n<p style=\"text-align: justify;\">Bywam uparciuchem, wi\u0119c zak\u0142adam, \u017ce czyta to kto\u015b, kto&#8230; <span style=\"color: #ffffff;\">czyta<\/span>. Nie chodzi tu mi o sam\u0105 umiej\u0119tno\u015b\u0107, lecz o\u00a0skuteczne, rzeczywiste korzystanie z niej.<\/p>\n<p style=\"text-align: justify;\">Tekst powy\u017cej wcale nie jest moj\u0105 pomy\u0142k\u0105. \u017byjemy patrz\u0105c na ten \u015bwiat i spodziewaj\u0105c si\u0119, \u017ce wszystko ci\u0119\u017ckie \u2014\u00a0le\u017cy, spada lub tonie, wszystko lekkie \u2014\u00a0unosi si\u0119 na falach lub ku chmurom. Kiedy nieco dorastamy i ju\u017c nic nas nie dziwi, nagle&#8230; nas dziwi, \u017ce powa\u017cany cz\u0142onek rz\u0105du okaza\u0142 si\u0119 prymitywem i \u0142otrem, a rzeczy rosn\u0105ce w\u00a0lesie, kt\u00f3re powszechnie ludzie nazywaj\u0105 &#8222;b\u0142eee&#8230;&#8221;, faktycznie s\u0105 nie tylko jadalne, ale nawet mog\u0105 ratowa\u0107 \u017cycie.<\/p>\n<hr width=\"50%\" \/>\n<p style=\"text-align: justify;\"><img loading=\"lazy\" class=\"wp-image-3042 alignright\" src=\"http:\/\/www.survival.edu.pl\/wp-content\/uploads\/Selkirk.jpg\" alt=\"Selkirk\" width=\"576\" height=\"856\" \/><\/p>\n<p style=\"text-align: right;\">Widocznie \u017cy\u0142em wystarczaj\u0105co d\u0142u-go, albo te\u017c nasta\u0142 &#8222;w\u0142a\u015bciwy czas&#8221;, jak to nazywaj\u0105 Chi\u0144czycy, bowiem los pozwoli\u0142 mi znale\u017a\u0107\u00a0to, co jest innym, ni\u017c mi \u017cycie dot\u0105d pokazywa\u0142o. Nie mia\u0142em podstaw uwa\u017ca\u0107, \u017ce klasyczne dzie\u0142o, o\u00a0kt\u00f3rym uczono mnie w szkole, mo\u017ce by\u0107 nie tym, czym my\u015bla\u0142em, \u017ce\u00a0jest.\u00a0Chocia\u017c mia\u0142em ju\u017c za sob\u0105 t\u0119 chwil\u0119, \u017ce okaza\u0142o si\u0119, i\u017c Lenin nie jest Leninem mieszkaj\u0105cym w\u00a0sercach wiernego ludu, ale\u00a0syfilitykiem, kt\u00f3remu co\u015b si\u0119 roi\u0142o w\u00a0g\u0142owie \u2014 nie uodporni\u0142em si\u0119 na nag\u0142e metamorfozy.<\/p>\n<p style=\"text-align: right;\"><em>&#8222;Przypadki Robinsona Kruzoe&#8221;<\/em> czyta\u0142em w podstaw\u00f3wce. Z\u00a0pewno\u015bci\u0105 natchn\u0119\u0142o mnie to do wprowadzenia w moje \u017cycie marze\u0144 i przyg\u00f3d oraz nieustaj\u0105cej ch\u0119ci prze\u017cycia nast\u0119pnych. Mia\u0142em wszak\u017ce wspania\u0142y wzorzec. A\u00a0z\u00a0kolei wzorcem wzorca by\u0142 Aleksander Selkirk z Lower Largo w\u00a0Szkocji.\u00a0By\u0142em ju\u017c doros\u0142ym cz\u0142owiekiem, kiedy m\u00f3j ojciec objawi\u0142 mi prawd\u0119 oczywist\u0105, kt\u00f3r\u0105 sam \u2014 jednak \u2014\u00a0przegapi\u0142em: <span style=\"color: #ffffff;\">&#8222;A nie zauwa\u017cy\u0142e\u015b, \u017ce Robinson wcale nie by\u0142 tak bezradny na swojej wyspie, mia\u0142 bowiem opodal wrak statku, z kt\u00f3rego co rusz bra\u0142 potrzebne sobie rzeczy&#8221;<\/span>. Ojciec mia\u0142 do tego prawo \u2014 w 1943 roku, b\u0119d\u0105c \u017co\u0142nierzem genera\u0142a Stanis\u0142awa Sosabowskiego, w\u0142a\u015bnie mi\u0119dzy innymi w Largo odbywa\u0142 szkolenia wraz\u00a0z\u00a0kolegami, r\u00f3wnie\u017c \u017co\u0142nierzami 1. Samodzielnej Brygady Spadochronowej.<\/p>\n<hr width=\"50%\" \/>\n<p style=\"text-align: justify;\"><em><a href=\"http:\/\/www.survival.edu.pl\/wp-content\/uploads\/PrzypRobinsonaK1-e1452094692211.jpg\"><img loading=\"lazy\" class=\"wp-image-3072 alignright\" src=\"http:\/\/www.survival.edu.pl\/wp-content\/uploads\/PrzypRobinsonaK1-e1452094692211.jpg\" alt=\"\" width=\"210\" height=\"319\" \/><\/a>&#8222;Przypadki Robinsona Kruzoe&#8221;<\/em> by\u0142y dla mnie niezwykle wa\u017cne. Chyba do tego stopnia, \u017ce b\u0119d\u0105c uczniem pewnego starego liceum w Krakowie, wzi\u0105\u0142em sobie na pami\u0105tk\u0119 znalezion\u0105 tam przypadkiem kartk\u0119 \u2014 stron\u0119 tytu\u0142ow\u0105 ze starego wydania tej ksi\u0105\u017cki, z dedykacj\u0105 rodzic\u00f3w dla swego syna. By\u0142o to wydanie nak\u0142adem Gebethnera i Wolfa, w t\u0142umaczeniu W\u0142adys\u0142awa Ludwika Anczyca, z 1921 roku. M\u00f3j ojciec mia\u0142 wtedy 4 lata&#8230;<\/p>\n<p style=\"text-align: justify;\">\u00a0Zaledwie dwa-trzy lata temu co\u015b mnie tkn\u0119\u0142o i znienacka wszed\u0142em na portal Allegro. Znalaz\u0142em, kupi\u0142em i\u00a0przekona\u0142em si\u0119, \u017ce trafi\u0142em dok\u0142adnie na to samo wydanie:<\/p>\n<p style=\"text-align: justify;\"><a href=\"http:\/\/www.survival.edu.pl\/wp-content\/uploads\/PrzypRobinsonaK2.jpg\"><img loading=\"lazy\" class=\"wp-image-3073 alignleft\" src=\"http:\/\/www.survival.edu.pl\/wp-content\/uploads\/PrzypRobinsonaK2.jpg\" alt=\"\" width=\"492\" height=\"350\" \/><\/a><\/p>\n<p style=\"text-align: justify;\">Pomijam ju\u017c moje szczeg\u00f3lne przej\u0119cie, \u017ce nast\u0105pi\u0142 taki traf, \u017ce tak mi si\u0119 poszcz\u0119\u015bci\u0142o. Mia\u0142em do czynienia z\u00a0czym\u015b ca\u0142kowicie dla mnie fantastycznym. W ka\u017cdym razie traktuj\u0119 t\u0119 ksi\u0105\u017ck\u0119, ten oto konkretny egzemplarz, jako przypisany do akuratnie do mojego\u00a0<span style=\"color: #ffffff;\"><strong>bycia<\/strong><\/span>. Nie wiem, czy znale\u017ali\u015bcie kiedy\u015b w sobie taki dar, \u017ceby nagle m\u00f3c dokona\u0107 silnej <span style=\"color: #ff9900;\">zmiany optyki<\/span> rzeczywisto\u015bci i by\u0107 nagle zupe\u0142nie kim innym, w innym miejscu, w innych czasach&#8230;<\/p>\n<p style=\"text-align: justify;\">Jest to dyspozycja pozwalaj\u0105ca spostrzega\u0107 umys\u0142em (i w\u00f3wczas jakby zmys\u0142ami)\u00a0w charakterze\u00a0zjawiska zwanego <span style=\"color: #ffffff;\">z\u0142udzeniem optycznym<\/span>, lub <span style=\"color: #ffffff;\">iluzj\u0105<\/span>. Bywa, \u017ce stwierdzamy \u2014 na pierwszy rzut oka \u2014 dok\u0142adnie <span style=\"color: #ff9900;\"><strong>tak\u0105<\/strong><\/span> sytuacj\u0119, ale\u00a0drugi rzut oka pokazuje, \u017ce sytuacja jest zupe\u0142nie <span style=\"color: #ff9900;\"><strong>nie taka<\/strong><\/span>. Czasem mo\u017ce to zale\u017ce\u0107 tylko od o\u015bwietlenia, albo od\u00a0tego, \u017ce zerkn\u0119li\u015bmy na zupe\u0142nie inne fragmenty i szczeg\u00f3\u0142y. Bywa jednak, \u017ce wiele zale\u017cy od tego, czym akurat byli\u015bmy zaj\u0119ci, albo jaki mamy nastr\u00f3j.<\/p>\n<p style=\"text-align: justify;\"><img loading=\"lazy\" class=\"wp-image-3079 aligncenter\" src=\"http:\/\/www.survival.edu.pl\/wp-content\/uploads\/kwadrat1.jpg\" alt=\"kwadrat1\" width=\"313\" height=\"298\" srcset=\"https:\/\/www.survival.edu.pl\/wp-content\/uploads\/kwadrat1.jpg 1050w, https:\/\/www.survival.edu.pl\/wp-content\/uploads\/kwadrat1-768x728.jpg 768w\" sizes=\"(max-width: 313px) 100vw, 313px\" \/>Najprostszym przyk\u0142adem jest patrzenie si\u0119 na powy\u017cszy\u00a0czworobok (umownie go tak nazywaj\u0105c, bo przecie\u017c ka\u017cdy widzi, \u017ce to p\u0142aski rysunek) i przestawiana swego ogl\u0105du w ten spos\u00f3b, \u017ce widzimy przemiennie czworobok widziany raz lekko z do\u0142u, raz lekko z g\u00f3ry. Dwa pozosta\u0142e rysunki pomagaj\u0105 to ujrze\u0107, poniewa\u017c pomocne jest pogrubienie &#8222;kraw\u0119dzi bli\u017cszych oku&#8221; (mimo, \u017ce p\u0142asko&#8230;) To wynik wy\u0142\u0105cznie <span style=\"color: #ffffff;\">dwuznaczno\u015bci percepcyjnej<\/span> i nic innego nie ma znaczenia.<\/p>\n<p style=\"text-align: justify;\"><img loading=\"lazy\" class=\"wp-image-3081 alignleft\" src=\"http:\/\/www.survival.edu.pl\/wp-content\/uploads\/kwadrat3.jpg\" alt=\"kwadrat3\" width=\"205\" height=\"195\" srcset=\"https:\/\/www.survival.edu.pl\/wp-content\/uploads\/kwadrat3.jpg 1050w, https:\/\/www.survival.edu.pl\/wp-content\/uploads\/kwadrat3-300x284.jpg 300w, https:\/\/www.survival.edu.pl\/wp-content\/uploads\/kwadrat3-768x728.jpg 768w, https:\/\/www.survival.edu.pl\/wp-content\/uploads\/kwadrat3-1024x970.jpg 1024w, https:\/\/www.survival.edu.pl\/wp-content\/uploads\/kwadrat3-317x300.jpg 317w\" sizes=\"(max-width: 205px) 100vw, 205px\" \/><img loading=\"lazy\" class=\"wp-image-3080 alignright\" src=\"http:\/\/www.survival.edu.pl\/wp-content\/uploads\/kwadrat2.jpg\" alt=\"kwadrat2\" width=\"214\" height=\"204\" srcset=\"https:\/\/www.survival.edu.pl\/wp-content\/uploads\/kwadrat2.jpg 1050w, https:\/\/www.survival.edu.pl\/wp-content\/uploads\/kwadrat2-300x284.jpg 300w, https:\/\/www.survival.edu.pl\/wp-content\/uploads\/kwadrat2-768x728.jpg 768w, https:\/\/www.survival.edu.pl\/wp-content\/uploads\/kwadrat2-1024x970.jpg 1024w, https:\/\/www.survival.edu.pl\/wp-content\/uploads\/kwadrat2-317x300.jpg 317w\" sizes=\"(max-width: 214px) 100vw, 214px\" \/><\/p>\n<p style=\"text-align: justify;\">W nast\u0119pnym przyk\u0142adzie, tym poni\u017cej, ju\u017c tak nie jest. To, co zauwa\u017cymy na pierwszy rzut oka b\u0119dzie zazwyczaj projekcj\u0105 tego, co chcemy widzie\u0107. Ale o tym ju\u017c zadecyduje nasz m\u00f3zg, kt\u00f3ry w og\u00f3le mo\u017ce nie stwierdzi\u0107 \u017cadnej dwuznaczno\u015bci. Zatem przypatrz si\u0119 tej ilustracji&#8230;<\/p>\n<p style=\"text-align: justify;\"><img loading=\"lazy\" class=\" wp-image-3076 aligncenter\" src=\"http:\/\/www.survival.edu.pl\/wp-content\/uploads\/dziew_kob.jpg\" alt=\"dziew_kob\" width=\"262\" height=\"365\" \/><\/p>\n<p style=\"text-align: justify;\">To bardzo znany rysunek. Co zauwa\u017casz? Profil staruszki z du\u017cym nosem z brodawk\u0105 po\u015brodku, czy mo\u017ce m\u0142od\u0105 kobiet\u0119 \u2014 odwr\u00f3con\u0105 od nas lekko, ukazuj\u0105cej ty\u0142 g\u0142owy?<\/p>\n<p style=\"text-align: justify;\">Kiedy mam w r\u0119ku stare wydanie ksi\u0105\u017cki, mam wra\u017cenie, \u017ce obcuj\u0119 z osobami z t\u0105 ksi\u0105\u017ck\u0105 po\u0142\u0105czonymi w\u00a0momencie jej dawania w prezencie, lub w chwili zapoznawania si\u0119 z tre\u015bci\u0105 prezentu&#8230; z wypiekami na twarzy. Moja percepcja przestawia si\u0119 na to, \u017ce czuj\u0119 wtedy inne miejsca i inne czasy. Tyle, \u017ce to ja stymulowa\u0142em w\u0142asny m\u00f3zg, do innego sposoby spostrzegania. Miewa\u0142em podobnie zwiedzaj\u0105c szczeg\u00f3lne miejsca historyczne. Tak bywa\u0142o w zamku malborskim albo na Wawelu. Kiedy udawa\u0142o mi si\u0119 oderwa\u0107 od innych zwiedzaj\u0105cych i\u00a0zostawa\u0142em zupe\u0142nie sam, potrafi\u0142em &#8222;widzie\u0107 duchy&#8221; tych, kt\u00f3rzy chodzili tymi korytarzami, kt\u00f3rzy zatrzymywali si\u0119 na tych schodach i k\u0142adli d\u0142o\u0144 na tej por\u0119czy, na kt\u00f3rej teraz ja trzymam. A kiedy\u015b mnie te\u017c nie b\u0119dzie, znikn\u0119 jak oni. Mo\u017ce kto\u015b we\u017amie do r\u0119ki dok\u0142adnie tak\u0105 ksi\u0105\u017ck\u0119, o kt\u00f3rej pisz\u0119, i poczuje to co ja?<\/p>\n<hr width=\"50%\" \/>\n<p style=\"text-align: justify;\">Sta\u0142o si\u0119 jednak zupe\u0142nie co\u015b innego, a co r\u00f3wnie\u017c dotyczy\u0142o\u00a0<em>&#8222;Przypadk\u00f3w Robinsona Kruzoe&#8221;<\/em>. Kiedy por\u00f3wna\u0142em ksi\u0105\u017ck\u0119 wydan\u0105 w 1921 roku ze wsp\u00f3\u0142czesn\u0105, z roku 2003 \u2014 wszystko si\u0119 zgadza\u0142o, by\u0142y tylko inne rysunki i\u00a0pojawi\u0142y si\u0119 dodatkowo teksty opracowania. Okaza\u0142o si\u0119, \u017ce <span style=\"color: #ff9900;\">uczniom XXI wieku trzeba t\u0142umaczy\u0107 o co chodzi<\/span> w\u00a0ksi\u0105\u017cce, kt\u00f3r\u0105 rozumieli ich r\u00f3wie\u015bnicy\u00a0sto lat wcze\u015bniej (a przynajmniej tak uwa\u017caj\u0105 doro\u015bli). I nie chodzi\u0142o tu bynajmniej o t\u0142umaczenie charakterystyki innych czas\u00f3w czy o u\u017cycie innego s\u0142ownictwa&#8230; Tekst w obu ksi\u0105\u017ckach by\u0142 identyczny (aczkolwiek nie sprawdza\u0142em go skrupulatnie i\u00a0ca\u0142kowicie do ko\u0144ca).<\/p>\n<p style=\"text-align: justify;\">Wpad\u0142a jednak w moje r\u0119ce ksi\u0105\u017cka o takim samym tytule, tego samego autora, ale jakby inna. <span style=\"color: #ffffff;\">Mie\u015bci\u0142a si\u0119 mianowicie w dw\u00f3ch tomach i by\u0142a wydana przez PIW 1953<\/span>. Tom pierwszy by\u0142 w zasadzie odpowiednikiem klasycznych\u00a0<em>&#8222;Przypadk\u00f3w Robinsona Kruzoe&#8221;<\/em>. Tyle, \u017ce&#8230; Pi\u0119taszek \u00a0nie traci\u0142 \u017cycia. No i jeszcze par\u0119 r\u00f3\u017cnic by\u0142o, nie warto o nich wspomina\u0107 nawet, bo drugi tom zawiera\u0142 historie, kt\u00f3rych nie potrafimy sobie nawet wyobrazi\u0107 (cz\u0119\u015b\u0107 dzieje si\u0119 na Syberii). W ten spos\u00f3b nagle, bez udzia\u0142u mojej woli, ani jakiego\u015b ukrytego mechanizmu we mnie, kt\u00f3ry zmienia\u0142 m\u00f3j spos\u00f3b widzenia \u2014 poczu\u0142em si\u0119 w rozdwojonym \u015bwiecie&#8230;<\/p>\n<hr \/>\n<h2 style=\"text-align: justify;\"><span style=\"color: #ff9900;\">2. Tajemnicza ro\u015blina<\/span><\/h2>\n<p style=\"text-align: justify;\">Kiedy czyta\u0142em historie opisane przez J.R.R. Tolkiena, mia\u0142em wra\u017cenie, \u017ce napotka\u0142em w nich co\u015b bardzo znajomego. Pierwszy raz wra\u017cenie to pojawi\u0142o si\u0119 w momencie, gdy Aragorn dla podleczenia Froda wyszuka\u0142 cudowne, aromatyczne li\u015bcie, kt\u00f3re nazwa\u0142 kr\u00f3lewskimi li\u015b\u0107mi,<span style=\"color: #ff9900;\">\u00a0<em>athelas<\/em><\/span><em>.<\/em> Czu\u0142em, \u017ce jako\u015b nie by\u0142o mi to obce.<\/p>\n<p style=\"text-align: justify;\">Moja matka urodzi\u0142a si\u0119 w Krasnojarsku, w polskiej rodzinie. Nie jest wa\u017cna tu historia Polak\u00f3w na Wschodzie \u2014 wa\u017cne jest to, \u017ce s\u0142ysza\u0142em opowie\u015b\u0107 o ro\u015blinie, kt\u00f3ra ludziom niezbyt zamo\u017cnym i pozbawionym opieki medycznej ratowa\u0142a \u017cycie. Matka z zachwytem opowiada\u0142a o urzekaj\u0105cej woni, kt\u00f3ra tym lepiej si\u0119 kojarzy\u0142a, \u017ce\u00a0wkr\u00f3tce po tym, jak poczu\u0142o si\u0119 \u00f3w zapach, przychodzi\u0142o znaczne polepszenie stanu zdrowia. Nikt nie pami\u0119ta\u0142 jej nazwy.<\/p>\n<p style=\"text-align: justify;\">Dopiero po kilku latach, podczas mojego udzia\u0142u w samochodowym rajdzie samochodowym TRANSSYBERIA 2014 Gda\u0144sk-Magadan-Gda\u0144sk, mia\u0142em do czynienia z czym\u015b podobnym, ale w\u00f3wczas w og\u00f3le nie skojarzy\u0142em, \u017ce\u00a0powinienem si\u0119 tym mocniej zainteresowa\u0107. Mia\u0142em jaki\u015b dziwny uraz \u0142okcia. By\u0142o to po\u0142\u0105czone z b\u00f3lem i do\u015b\u0107 nietypowym obrzmieniem. W miejscach, gdzie to by\u0142o mo\u017cliwe, szuka\u0142em remedium. Kiedy dotarli\u015bmy do Magadanu i by\u0142o kilka dni przerwy, mog\u0142em znale\u017a\u0107 czas na dok\u0142adniejsze zaj\u0119cie si\u0119 swoj\u0105 dolegliwo\u015bci\u0105. Najpierw kto\u015b \u017cyczliwy pokierowa\u0142 mnie do apteki, gdzie dosta\u0142em \u017cmijow\u0105 ma\u015b\u0107. Pani w aptece dotkn\u0119\u0142a \u0142okcia i\u00a0poleci\u0142a, abym raczej znalaz\u0142 pokrzyw\u0119 (po rosyjsku <span style=\"color: #ff9900;\"><em>kropi\u0142o<\/em><\/span>) i wysmaga\u0142 ni\u0105 \u0142okie\u0107. Zaleci\u0142a mi jednak, abym wr\u00f3ci\u0142 przed zamkni\u0119ciem apteki, to da mi co\u015b. By\u0142a to ma\u015b\u0107, kt\u00f3ra niesamowicie pachnia\u0142a. Dowiedzia\u0142em si\u0119, \u017ce\u00a0jej g\u0142\u00f3wnym sk\u0142adnikiem jest ziele o uniwersalnych mo\u017cliwo\u015bciach leczniczych (jak pokrzywa czy sza\u0142wia, ale\u00a0maj\u0105ca wi\u0119ksze spektrum dzia\u0142ania). Nie zapami\u0119ta\u0142em nazwy&#8230;<\/p>\n<p style=\"text-align: justify;\">Czy wyst\u0119puje ona w Polsce? Pozna\u0142em pobie\u017cny opis jej wygl\u0105du oraz widzia\u0142em rysunek. Nie ma ona jakiego\u015b szczeg\u00f3lnego elementu, kt\u00f3ry by powiedzia\u0142, \u017ce \u017cadna inna ro\u015blina nie ma takiego elementu kwiatu czy li\u015bcia. Ale\u00a0zapach rozpoznam od razu. No i nareszcie dowiedzia\u0142em si\u0119 jej ludowej nazwy: to <span style=\"color: #ff9900;\"><em>nagrudnik<\/em><\/span>. Dowiedzia\u0142em si\u0119 te\u017c, \u017ce s\u0142owo to okre\u015bla cz\u0119\u015b\u0107 rycerskiego pancerza i cz\u0119sto wyst\u0119puje razem z imieniem kt\u00f3rego\u015b \u015bwi\u0119tego (jak \u2014 pancerz \u015bw. Jerzego). Szukam wi\u0119cej szczeg\u00f3\u0142\u00f3w&#8230;<\/p>\n<hr width=\"50%\" \/>\n<p style=\"text-align: justify;\">No i z pomoc\u0105 przyszed\u0142 mi przypadek. Kto\u015b dowiedzia\u0142 si\u0119, \u017ce w <span style=\"color: #ff9900;\">R\u0119kopisie Wojnicza<\/span> jest zamieszczone wyobra\u017cenie ro\u015bliny bardzo podobnej do <em><span style=\"color: #ffffff;\">nagrudnika<\/span>.<\/em> Rzecz w tym, \u017ce wspomniany r\u0119kopis zosta\u0142 utworzony w\u00a0nierozpoznawalnym j\u0119zyku \u2014 nie wiadomo kt\u00f3re s\u0142owo odpowiada nazwie <em><span style=\"color: #ffffff;\">nagrudnika<\/span><\/em> w tym j\u0119zyku&#8230;<\/p>\n<p style=\"text-align: justify;\">Przy okazji <a href=\"http:\/\/www.newsweek.pl\/nauka\/manuskrypt-voynicha-rozszyfrowany-nowe-badania-newsweek-pl,artykuly,281182,1.html\" target=\"_blank\" rel=\"noopener\"><span style=\"text-decoration: underline;\">wiadomo\u015b\u0107<\/span><\/a>, kt\u00f3ra daje nadziej\u0119, \u017ce wiele mo\u017cemy si\u0119 dowiedzie\u0107.<\/p>\n<hr width=\"50%\" \/>\n<p style=\"text-align: justify;\">Wspomniana wy\u017cej pomoc okaza\u0142a si\u0119 na razie z\u0142udna o tyle, \u017ce niczego wi\u0119cej si\u0119 nie dowiedzia\u0142em, zatem moje &#8222;\u015bledztwo&#8221; nie posun\u0119\u0142o si\u0119 do przodu. Niespodzianie natkn\u0105\u0142em si\u0119 na opis ciekawej ro\u015bliny (wska\u017c\u0119 wkr\u00f3tce tytu\u0142 ksi\u0105\u017cki, bo zapomnia\u0142em) rosn\u0105cej w Mongolii. Jej najwa\u017cniejsz\u0105 \u2014\u00a0moim zdaniem \u2014 cech\u0105 jest pobudzanie si\u0142 obronnych organizmu. Zwie si\u0119 <em><span style=\"color: #ff9900;\">leuzea<\/span>,<\/em> z rodziny astrowatych. Jest to ro\u015blina \u017cyj\u0105ca g\u0142\u00f3wnie na terenach Syberii, Mongolii, Chin, w surowych warunkach, na wysoko\u015bci powy\u017cej p\u00f3\u0142tora tysi\u0105ca metr\u00f3w. Czy jej\u00a0inna nazwa to <em><span style=\"color: #ffffff;\">nagrudnik<\/span> \u2014 jak\u0105 przyj\u0105\u0107 optyk\u0119?<\/em><\/p>\n<hr \/>\n<h2><span style=\"color: #ff9900;\">3. Srebrna zastawa i ukryta zagadka<\/span><\/h2>\n<p style=\"text-align: justify;\">Zdarzaj\u0105 si\u0119 rzeczy, kt\u00f3re wzbudzaj\u0105 w nas zdumienie. Nie zdumiewa nas opowie\u015b\u0107, \u017ce przeciw wampirom mamy srebrne kule \u2014 przecie\u017c to jasne. Nieco bardziej zdumieni byli\u015bmy, kiedy okaza\u0142o sie, \u017ce koszulki naszych \u017co\u0142nierzy wysy\u0142anych swego czasu na misje do Iraku zawieraj\u0105 &#8222;srebrn\u0105 nitk\u0119&#8221;, jako \u017ce jony srebra dzia\u0142aj\u0105 bakteriostatycznie. Niekt\u00f3rzy potwierdzaj\u0105co kiwali g\u0142owami, niby \u017ce od zawsze to wiedzieli&#8230;<\/p>\n<p style=\"text-align: justify;\">Jako\u015b nikt nie zadawa\u0142 pytania, czemu w domach ludzi w miar\u0119 maj\u0119tnych od dawna pojawia\u0142a si\u0119 srebrna zastawa? Odpowied\u017a jest w akapicie powy\u017cej, ale powszechnie uwa\u017ca si\u0119, \u017ce chodzi\u0142o o zademonstrowanie owej maj\u0119tno\u015bci. Ale obecnie wida\u0107, \u017ce dezodorant zawieraj\u0105cy jony srebra bynajmniej nie m\u00f3wi o naszej maj\u0119tno\u015bci kiedy go u\u017cywamy.<\/p>\n<p style=\"text-align: justify;\">Poni\u017cej widnieje fotografia dw\u00f3ch srebrnych \u0142y\u017ceczek. One si\u0119 r\u00f3\u017cni\u0105. Znacz\u0105co. Spostrze\u017cenie r\u00f3\u017cnicy zale\u017cy jednak od wiedzy patrz\u0105cego oraz interpretacji zebranych danych. Za\u0142\u00f3\u017cmy \u017ce przeprowadzimy analiz\u0119 poprawn\u0105:<\/p>\n<p>\u2014 mamy do czynienia typowymi \u0142y\u017ceczkami herbacianymi<br \/>\n\u2014 kszta\u0142ty uchwyt\u00f3w s\u0105 w zbli\u017conym kszta\u0142cie<br \/>\n\u2014 na obu \u0142y\u017ceczkach widoczne s\u0105 monogramy w\u0142a\u015bcicieli<br \/>\n\u2014 jeden z uchwyt\u00f3w posiada wypuk\u0142y element dekoracyjny<\/p>\n<p><a href=\"http:\/\/www.survival.edu.pl\/wp-content\/uploads\/Lyzeczki.jpg\"><img loading=\"lazy\" class=\" wp-image-5549 aligncenter\" src=\"http:\/\/www.survival.edu.pl\/wp-content\/uploads\/Lyzeczki.jpg\" alt=\"\" width=\"387\" height=\"512\" \/><\/a><\/p>\n<p>Analiza jest poprawna poniewa\u017c\u00a0patrzymy na do\u015b\u0107 typowe \u0142y\u017ceczki z po\u0142owy XIX wieku, a\u00a0kszta\u0142ty ich uchwyt\u00f3w s\u0105 standardowe:<br \/>\n\u2014 <span style=\"color: #ffffff;\"><strong>pierwsza r\u00f3\u017cnica<\/strong>: ka\u017cda \u0142y\u017ceczka mia\u0142a innego w\u0142a\u015bciciela<\/span><br \/>\n\u2014 <span style=\"color: #ffffff;\"><strong>druga r\u00f3\u017cnica:<\/strong>\u00a0na jednej z nich widnieje element dekoracyjny<\/span><\/p>\n<p style=\"text-align: justify;\">Cz\u0142owiek patrz\u0105cy na \u0142y\u017ceczki niestereotypowo (bowiem posiada on specyficzn\u0105 wiedz\u0119 na temat srebra) zauwa\u017cy r\u00f3\u017cnic\u0119 w przebarwieniu jednego z uchwyt\u00f3w. \u0141y\u017ceczka z lewej strony posiada nieco ciemniejszy \u015brodek uchwytu (nie ma tu mowy o odbiciach \u015bwiat\u0142a). To wyra\u017any \u015blad cz\u0119stego dotykania ludzk\u0105 r\u0119k\u0105. W tym momencie mamy poczucie, \u017ce ju\u017c co\u015b wiemy&#8230;<\/p>\n<p style=\"text-align: justify;\">\u0141y\u017ceczka z prawej strony r\u00f3wnie\u017c by\u0142a dotykana, ale nie stwierdzamy na niej przebarwienia. Nie przyjmujmy takiego wniosku, \u017ce zosta\u0142a ona wyczyszczona, bowiem nikt nie zadawa\u0142by sobie trudu ukazywania \u0142y\u017ceczki przybrudzonej oraz tej czy\u015bciejszej, gdy\u017c przyszed\u0142 mu do g\u0142owy taki pomys\u0142 (mimo wszystko ludzkie umys\u0142y tak nie dzia\u0142aj\u0105). Ot\u00f3\u017c cz\u0142owiek znaj\u0105cy w\u0142a\u015bciwo\u015bci srebra wie na pewno, \u017ce pos\u0142ugiwanie si\u0119 srebrn\u0105 zastaw\u0105 mia\u0142o oddala\u0107 ryzyko choroby, mimo \u017ce nie wiedziano jeszcze niczego na temat jon\u00f3w srebra pojawiaj\u0105cego si\u0119 w pokarmie.<\/p>\n<p style=\"text-align: justify;\">Najwa\u017cniejsz\u0105 informacj\u0105, jak\u0105 mo\u017cna by\u0142o uzyska\u0107 z por\u00f3wnania \u0142y\u017ceczek, by\u0142o stwierdzenie, \u017ce <span style=\"color: #ff9900;\">cz\u0142owiek pos\u0142uguj\u0105cy si\u0119 t\u0105 \u0142y\u017ceczk\u0105 z lewej strony by\u0142 chory<\/span>. Przebarwienie pojawi\u0142o si\u0119 na skutek cz\u0119stgo stykania si\u0119 srebra z cia\u0142em chorego cz\u0142owieka, a w\u0142a\u015bciwie z chemi\u0105 jego wydzielin, jakie mog\u0105 pojawi\u0107 si\u0119 na sk\u00f3rze. Nie chodzi bowiem o chorob\u0119 zwi\u0105zan\u0105 np. z przezi\u0119bieniem, ale o globaln\u0105 zmian\u0119 funkcjonowania ludzkiego organizmu&#8230;<\/p>\n<p style=\"text-align: justify;\">\u0141y\u017ceczka wype\u0142nia\u0142a rol\u0119 diagnozujac\u0105 \u2014 wskazywa\u0142a, \u017ce u\u017cytkownik musi si\u0119 leczy\u0107, i to pilnie. W pokazanym przypadku chodzi\u0142o o raka. Jaki ogl\u0105d jest nam przydatny?<\/p>\n<hr \/>\n<h2><span style=\"color: #ff9900;\">4. Spojrzenie w mikroskop<\/span><\/h2>\n<p style=\"text-align: justify;\">Dop\u00f3ki pan\u00a0Antoni van Leeuwenhoek, holenderski kupiec i szlifierz z XVII wieku (jak wiadomo, Holendrzy mieli w\u00f3wczas najlepszych szlifierzy diament\u00f3w, a jak diament\u00f3w, to i szk\u0142a), nie zacz\u0105\u0142 szlifowa\u0107 swoich szkie\u0142ek, \u0142\u0105czy\u0107 je ze sob\u0105, aby wreszcie stwierdzi\u0107, \u017ce widzi to co malutkie i prawie niewidzialne, a na koniec, kt\u00f3ry wiedzia\u0142, \u017ce widzia\u0142 cia\u0142ka krwi, plemniki i jakie\u015b maciupcie \u017cyj\u0105tka&#8230;<\/p>\n<p style=\"text-align: justify;\">&#8230; dop\u00f3ki pan Robert Koch nie okre\u015bli\u0142, \u017ce mikroby maj\u0105 zwi\u0105zek z chorobami&#8230;<\/p>\n<p style=\"text-align: justify;\">&#8230; dop\u00f3ki Polska Ludowa nie odkry\u0142a, \u017ce polski lud wymaga szkolenia na temat ochrony przed chorobami a\u00a0najlepszym na to sposobem jest akcja wieszania ulotek MYJ R\u0118CE PRZED JEDZENIEM! oraz PO WYJ\u015aCIU Z TOALETY UMYJ R\u0118CE!&#8230;<\/p>\n<p style=\"text-align: justify;\">&#8230; dop\u00f3ki przemys\u0142 farmaceutyczny nie odkry\u0142, \u017ce wystarczaj\u0105co wystraszone gospodynie domowe wydadz\u0105 spore pieni\u0105dze na dezynfekcj\u0119 wszystkiego&#8230;<\/p>\n<p style=\"text-align: justify;\">&#8230; dop\u00f3ty ludzie umierali na zrz\u0105dzenie boskie.<br \/>\nBo to r\u00f3wnie\u017c sprawa&#8230; specyficznej optyki.<\/p>\n<hr \/>\n<p style=\"text-align: justify;\">Teraz jest inaczej. Teraz jest lepiej. Teraz choruje si\u0119 na bakterie, na wirusy, na drobnoustroje, na kleszcze, na sikaj\u0105ce lisy, na szalone krowy, na \u015bwi\u0144skie i ptasie, i takie r\u00f3\u017cne z ubikacji, kt\u00f3rej nikt codziennie nie dezynfekuje wystarczajaco dobrze (por. <span style=\"text-decoration: underline;\"><a href=\"http:\/\/www.survival.edu.pl\/wp-index.php\/?page_id=2346\" target=\"_blank\" rel=\"noopener\">moje eksperymenty<\/a><\/span>).<\/p>\n<p>&nbsp;<\/p>\n","protected":false},"excerpt":{"rendered":"<p>1. Robinson Kruzoe i punkty widzenia Bywam uparciuchem, wi\u0119c zak\u0142adam, \u017ce czyta to kto\u015b, kto&#8230; czyta. Nie chodzi tu mi o sam\u0105 umiej\u0119tno\u015b\u0107, lecz o\u00a0skuteczne, rzeczywiste korzystanie z niej. Tekst powy\u017cej wcale nie jest moj\u0105 pomy\u0142k\u0105. \u017byjemy patrz\u0105c na ten &hellip; <a class=\"more-link\" href=\"https:\/\/www.survival.edu.pl\/wp-index.php\/?page_id=3034\">Czytaj dalej <span class=\"meta-nav\">&rarr;<\/span><\/a><\/p>\n","protected":false},"author":2,"featured_media":0,"parent":0,"menu_order":480,"comment_status":"closed","ping_status":"closed","template":"","meta":[],"_links":{"self":[{"href":"https:\/\/www.survival.edu.pl\/wp-index.php\/index.php?rest_route=\/wp\/v2\/pages\/3034"}],"collection":[{"href":"https:\/\/www.survival.edu.pl\/wp-index.php\/index.php?rest_route=\/wp\/v2\/pages"}],"about":[{"href":"https:\/\/www.survival.edu.pl\/wp-index.php\/index.php?rest_route=\/wp\/v2\/types\/page"}],"author":[{"embeddable":true,"href":"https:\/\/www.survival.edu.pl\/wp-index.php\/index.php?rest_route=\/wp\/v2\/users\/2"}],"replies":[{"embeddable":true,"href":"https:\/\/www.survival.edu.pl\/wp-index.php\/index.php?rest_route=%2Fwp%2Fv2%2Fcomments&post=3034"}],"version-history":[{"count":131,"href":"https:\/\/www.survival.edu.pl\/wp-index.php\/index.php?rest_route=\/wp\/v2\/pages\/3034\/revisions"}],"predecessor-version":[{"id":5784,"href":"https:\/\/www.survival.edu.pl\/wp-index.php\/index.php?rest_route=\/wp\/v2\/pages\/3034\/revisions\/5784"}],"wp:attachment":[{"href":"https:\/\/www.survival.edu.pl\/wp-index.php\/index.php?rest_route=%2Fwp%2Fv2%2Fmedia&parent=3034"}],"curies":[{"name":"wp","href":"https:\/\/api.w.org\/{rel}","templated":true}]}}