{"id":2700,"date":"2015-12-16T16:22:08","date_gmt":"2015-12-16T14:22:08","guid":{"rendered":"http:\/\/www.survival.edu.pl\/wp-index.php\/?page_id=2700"},"modified":"2018-03-21T17:41:30","modified_gmt":"2018-03-21T15:41:30","slug":"wlasna-pelnia","status":"publish","type":"page","link":"https:\/\/www.survival.edu.pl\/wp-index.php\/?page_id=2700","title":{"rendered":"W\u0142asna pe\u0142nia"},"content":{"rendered":"<h1 style=\"text-align: justify;\"><a href=\"http:\/\/www.survival.edu.pl\/wp-content\/uploads\/2012\/09\/need-head.jpg\"><img loading=\"lazy\" class=\"alignright\" title=\"caput indigebat\" src=\"http:\/\/www.survival.edu.pl\/wp-content\/uploads\/2012\/09\/need-head-150x150.jpg\" alt=\"potrzebna g\u0142owa\" width=\"58\" height=\"58\" \/><\/a><\/h1>\n<p style=\"text-align: justify;\">Pe\u0142nia samego siebie oznacza dojrza\u0142o\u015b\u0107 w ka\u017cdej p\u0142aszczy\u017anie, na ka\u017cdym stopniu swego istnienia.<\/p>\n<p style=\"text-align: justify;\">Kiedy to napisa\u0142em&#8230; zatrzyma\u0142em si\u0119 na d\u0142ugo. C\u00f3\u017c pisa\u0107 o pe\u0142ni, skoro wype\u0142niamy si\u0119 przez ca\u0142e \u017cycie, skoro czasem tego nie zauwa\u017camy, albo w og\u00f3le nie uznajemy\u00a0tego za istotn\u0105 rzecz, skoro nigdy przenigdy nie b\u0119dziemy w stanie jej\u00a0zrozumie\u0107 ani dozna\u0107&#8230;<\/p>\n<hr \/>\n<p style=\"text-align: justify;\">Bazuj\u0105c na obserwacji \u017cycia, staraj\u0105c si\u0119 by\u0107 bystrym i rzetelnym obserwatorem, wysnu\u0142em wnioski, kt\u00f3re wyda\u0142y mi si\u0119 wystarczaj\u0105co rozs\u0105dne, aby si\u0119 nimi podzieli\u0107. Wy za\u015b to ocenicie.<\/p>\n<p style=\"text-align: justify;\">Na pocz\u0105tku kilka konkret\u00f3w. Mog\u0105 si\u0119 one wydawa\u0107 tak oczywiste, \u017ce a\u017c naiwne, ale nie lekcewa\u017cmy ich. W\u00a0ca\u0142ym toku rozumowania nie wolno o nich zapomina\u0107.<\/p>\n<ul>\n<li style=\"text-align: justify;\">cz\u0142owiek jest cz\u0119\u015bci\u0105 Natury \u2014 podlega jej prawom. Natura przyda\u0142a organizmom \u017cywym konkretne w\u0142a\u015bciwo\u015bci. W\u015br\u00f3d organizm\u00f3w \u017cywych s\u0105 <span style=\"color: #ff9900;\">organizmy o zwi\u0119kszonej zdolno\u015bci do zmiany miejsca przebywania<\/span>. To znacza mo\u017cliwo\u015b\u0107 istotnej zmiany waruk\u00f3w towarzysz\u0105cych oraz eksploracj\u0119 \u015brodowiska. To oznacza&#8230; <span style=\"color: #ff9900;\">mo\u017cliwo\u015b\u0107 dokonywania wybor\u00f3w<\/span>.<\/li>\n<li style=\"text-align: justify;\">spo\u015br\u00f3d organizm\u00f3w wspomnianych wy\u017cej mo\u017cemy wyr\u00f3\u017cni\u0107 te, kt\u00f3rym przydajemy (bardziej lub miej trafnie) <span style=\"color: #ff9900;\">zdolno\u015b\u0107 odczuwania, zwanego &#8222;\u017cyciem psychicznym&#8221;<\/span>; do takich organizm\u00f3w na pewno zalicza si\u0119 nasz pies.<\/li>\n<li style=\"text-align: justify;\">w\u015br\u00f3d takich w\u0142a\u015bnie organizm\u00f3w mamy do czynienia z takimi, kt\u00f3rych wybory, zwi\u0105zane z nimi emocje i\u00a0ewidentna kontynuacja psychiczna <span style=\"color: #808080;\">[psychiczna sp\u00f3jno\u015b\u0107, zdolno\u015b\u0107 do uczenia si\u0119, a zatem \u2014 rozw\u00f3j]<\/span> czyni\u0105 je istotami wy\u017cszego rz\u0119du.<\/li>\n<li style=\"text-align: justify;\"><span style=\"color: #ff9900;\">za najwy\u017csz\u0105 \u2014 znan\u0105 nam form\u0119 \u017cycia \u2014 uznajemy w\u0142asn\u0105.<\/span><\/li>\n<li style=\"text-align: justify;\"><span style=\"color: #993300;\"><strong>w ramach w\u0142asnej formy \u017cycia wyodr\u0119bniamy grupy osobnik\u00f3w o r\u00f3\u017cnym stopniu rozwoju \u2014 \u017cycie pokazuje jak bardzo nam to jest potrzebne<\/strong><\/span><\/li>\n<\/ul>\n<p>Skoro tak, to CZEMU TAK SI\u0118 DZIEJE?\u00a0Sk\u0105d takie potrzeby?<\/p>\n<p style=\"text-align: justify;\">W\u0142asna pe\u0142nia pozwala trafnie na to odpowiedzie\u0107. Je\u015bli nie osi\u0105gn\u0119li\u015bmy pe\u0142ni, nie potrafimy okre\u015bli\u0107 w\u0142asnego miejsca w \u017cyciu. S\u0105 ludzie, kt\u00f3rzy przyj\u0119li rol\u0119 ro\u015blin \u2014 zawsze podlegli, zawsze bez inicjatywy i bez pomys\u0142u na siebie. Zwyczajnie&#8230; s\u0105.<\/p>\n<p style=\"text-align: justify;\">S\u0105 ludzie, kt\u00f3rzy wyra\u017anie czuj\u0105, \u017ce czego\u015b chc\u0105. Nie zdaj\u0105\u00a0sobie sprawy z tego, \u017ce ich chcenie jest podobne do chcenia psa widz\u0105cego ko\u015b\u0107&#8230; S\u0105 g\u0142odni, s\u0105 zm\u0119czeni, chc\u0105 zabawy, chc\u0105 pochwa\u0142y&#8230; Miotaj\u0105 si\u0119. Woko\u0142o stwierdzaj\u0105, \u017ce inni maj\u0105 lepiej. To nie jest komfortowa sytuacja. Staj\u0105 si\u0119 drapie\u017cnikami albo&#8230; nieszcz\u0119\u015bnikami.<\/p>\n<p style=\"text-align: justify;\">Poszukiwanie swego miejsca w\u015br\u00f3d ludzi przebiega r\u00f3\u017cnymi drogami. Przede wszystkim dokonujemy por\u00f3wna\u0144. Potrzebujemy wiedzie\u0107 w jakim punkcie si\u0119 znajdujemy, aby automatycznie wiedzie\u0107 do jakich d\u00f3br mamy dost\u0119p, ile mo\u017cemy osi\u0105gn\u0105\u0107.<\/p>\n<p>Poszukiwanie swego miejsca w\u015br\u00f3d ludzi przebiega r\u00f3\u017cnymi drogami. Przede wszystkim dokonujemy por\u00f3wna\u0144. Potrzebujemy wiedzie\u0107 w jakim punkcie si\u0119 znajdujemy, aby automatycznie wiedzie\u0107 do jakich d\u00f3br mamy dost\u0119p, ile mo\u017cemy osi\u0105gn\u0105\u0107.<\/p>\n<p>Cele osi\u0105ga\u0142o si\u0119 r\u00f3\u017cnorodnie. Cytuj\u0119 z mojej ksi\u0105\u017cki <span style=\"color: #ffffff;\"><em>Survival po polsku<\/em><\/span>:<\/p>\n<blockquote><p><span style=\"color: #ffffff;\">&#8222;Kiedy\u015b panowie\u00a0ucztowali przy sto\u0142ach zastawionych mi\u0119siwem wszelakim, s\u0142u\u017c\u0105cy stali\u00a0pod \u015bcianami i liczyli na to, \u017ce z mi\u0119siw co\u015b pozostanie dla nich, za\u015b pod\u00a0sto\u0142ami uwija\u0142y si\u0119 psy. I\u00a0panowie, i s\u0142u\u017c\u0105cy, i psy wszyscy realizowali\u00a0w jaki\u015b spos\u00f3b swoje potrzeby. Panowie jedli swoje, a\u00a0wi\u0119c co\u015b, czego\u00a0si\u0119 dorobili. Chcieli, to jedli, chcieli, to zostawili na p\u00f3\u0142misku, chcieli, to\u00a0rzucili psu. S\u0142u\u017c\u0105cy musieli czeka\u0107, a\u017c panowie co\u015b podadz\u0105 w zamian za\u00a0s\u0142u\u017cb\u0119 lub z \u0142aski, albo te\u017c liczyli, \u017ce na p\u00f3\u0142miskach pozostanie co\u015b jeszcze,\u00a0kiedy naczynia b\u0119d\u0105 znoszone do kuchni. Psy oczekiwa\u0142y na\u00a0ruch\u00a0r\u0119ki, kt\u00f3ry b\u0119dzie znaczy\u0107, \u017ce na pod\u0142og\u0119 spadnie ko\u015b\u0107. Czeka\u0142y te\u017c na\u00a0moment, kiedy rozbawieni panowie nie zauwa\u017c\u0105, \u017ce jaki\u015b udziec zosta\u0142\u00a0szybkim k\u0142apni\u0119ciem pyska \u015bci\u0105gni\u0119ty ze\u00a0sto\u0142u.<\/span><\/p>\n<p><span style=\"color: #ffffff;\">Realizowanie twoich potrzeb mo\u017ce wygl\u0105da\u0107 tak:<\/span><\/p>\n<ol>\n<li><span style=\"color: #ffffff;\">sam dochodzisz do swoich praw, wypracowujesz je sobie<\/span><\/li>\n<li><span style=\"color: #ffffff;\">dzi\u0119ki innym ludziom, w ramach wymiany, otrzymujesz to, czego ci trzeba<\/span><\/li>\n<li><span style=\"color: #ffffff;\">dzi\u0119ki innym ludziom i ich \u017cyczliwo\u015bci otrzymujesz to, czego ci trzeba<\/span><\/li>\n<li><span style=\"color: #ffffff;\">oczekujesz, \u017ce znajdziesz gdzie\u015b co\u015b, co zaspokoi twoje potrzeby<\/span><\/li>\n<li><span style=\"color: #ffffff;\">podst\u0119pem lub przemoc\u0105 we\u017amiesz innym to, co zaspokoi twoje potrzeby&#8221;<\/span><\/li>\n<\/ol>\n<\/blockquote>\n<p>Jak wida\u0107 zawsze bedziemy si\u0119 znajdowa\u0107 w kt\u00f3rej\u015b grupie. Cz\u0142owiek, kt\u00f3ry nie zna si\u0119 na sztuce przetrwania, ma niewielki wp\u0142yw na sw\u00f3j los. My jednak mo\u017cemy go uzyska\u0107.<\/p>\n<p>Na zako\u0144czenie dodam istotn\u0105 my\u015bl:<\/p>\n<p><span style=\"color: #ff9900;\">Spo\u0142eczno\u015b\u0107, kt\u00f3ra wypracowa\u0142a sobie solidarno\u015b\u0107 spo\u0142eczn\u0105, daje wszystkim wsparcie w sytuacjach kryzysowowych.\u00a0<\/span><br \/>\n<span style=\"color: #ff9900;\">Spo\u0142eczno\u015b\u0107, kt\u00f3ra dopu\u015bci\u0142a do rosn\u0105cych podzia\u0142\u00f3w mi\u0119dzy swoimi cz\u0142onkami \u2014 s\u0142abnie. W takiej spo\u0142eczno\u015bci bardzo trudno o osi\u0105gni\u0119cie pe\u0142ni, i spo\u0142ecznej, i osobniczej.<\/span><\/p>\n","protected":false},"excerpt":{"rendered":"<p>Pe\u0142nia samego siebie oznacza dojrza\u0142o\u015b\u0107 w ka\u017cdej p\u0142aszczy\u017anie, na ka\u017cdym stopniu swego istnienia. Kiedy to napisa\u0142em&#8230; zatrzyma\u0142em si\u0119 na d\u0142ugo. C\u00f3\u017c pisa\u0107 o pe\u0142ni, skoro wype\u0142niamy si\u0119 przez ca\u0142e \u017cycie, skoro czasem tego nie zauwa\u017camy, albo w og\u00f3le nie uznajemy\u00a0tego &hellip; <a class=\"more-link\" href=\"https:\/\/www.survival.edu.pl\/wp-index.php\/?page_id=2700\">Czytaj dalej <span class=\"meta-nav\">&rarr;<\/span><\/a><\/p>\n","protected":false},"author":2,"featured_media":0,"parent":715,"menu_order":35,"comment_status":"closed","ping_status":"closed","template":"","meta":[],"_links":{"self":[{"href":"https:\/\/www.survival.edu.pl\/wp-index.php\/index.php?rest_route=\/wp\/v2\/pages\/2700"}],"collection":[{"href":"https:\/\/www.survival.edu.pl\/wp-index.php\/index.php?rest_route=\/wp\/v2\/pages"}],"about":[{"href":"https:\/\/www.survival.edu.pl\/wp-index.php\/index.php?rest_route=\/wp\/v2\/types\/page"}],"author":[{"embeddable":true,"href":"https:\/\/www.survival.edu.pl\/wp-index.php\/index.php?rest_route=\/wp\/v2\/users\/2"}],"replies":[{"embeddable":true,"href":"https:\/\/www.survival.edu.pl\/wp-index.php\/index.php?rest_route=%2Fwp%2Fv2%2Fcomments&post=2700"}],"version-history":[{"count":27,"href":"https:\/\/www.survival.edu.pl\/wp-index.php\/index.php?rest_route=\/wp\/v2\/pages\/2700\/revisions"}],"predecessor-version":[{"id":6590,"href":"https:\/\/www.survival.edu.pl\/wp-index.php\/index.php?rest_route=\/wp\/v2\/pages\/2700\/revisions\/6590"}],"up":[{"embeddable":true,"href":"https:\/\/www.survival.edu.pl\/wp-index.php\/index.php?rest_route=\/wp\/v2\/pages\/715"}],"wp:attachment":[{"href":"https:\/\/www.survival.edu.pl\/wp-index.php\/index.php?rest_route=%2Fwp%2Fv2%2Fmedia&parent=2700"}],"curies":[{"name":"wp","href":"https:\/\/api.w.org\/{rel}","templated":true}]}}