{"id":2357,"date":"2015-11-16T21:35:49","date_gmt":"2015-11-16T19:35:49","guid":{"rendered":"http:\/\/www.survival.edu.pl\/wp-index.php\/?page_id=2357"},"modified":"2020-10-03T17:39:12","modified_gmt":"2020-10-03T15:39:12","slug":"o-spotkaniu-z-siekierka","status":"publish","type":"page","link":"https:\/\/www.survival.edu.pl\/wp-index.php\/?page_id=2357","title":{"rendered":"Kontakt z siekierk\u0105&#8230;"},"content":{"rendered":"<p style=\"text-align: justify;\">To nie jest \u017cart, bo spotkanie odby\u0142o si\u0119 naprawd\u0119.<br \/>\nOdby\u0142o si\u0119 ono w serdecznej (jak krew jest serdeczna), gor\u0105cej (jak krew jest gor\u0105ca) atmosferze. Okaza\u0142o si\u0119 wszak\u017ce, \u017ce siekierka pogl\u0105d\u00f3w nie zmieni\u0142a i zachowa\u0142a sw\u00f3j du\u017cy ch\u0142\u00f3d.\u00a0<b>Dzieli nas obecnie r\u00f3wnie du\u017cy dystans&#8230;<\/b><\/p>\n<h3 style=\"text-align: justify;\"><span style=\"color: #ffff99;\"><img loading=\"lazy\" class=\"aligncenter\" src=\"http:\/\/www.survival.infocentrum.com\/s\/z\/palec.jpg\" alt=\"Rozmiar: 136355 bajt\u00f3w\" width=\"626\" height=\"474\" border=\"2\" \/><\/span><\/h3>\n<p style=\"text-align: left;\"><strong><span style=\"color: #ffff99;\">Co zrobi\u0142em:<\/span><\/strong><br \/>\n<span style=\"color: #ffffff;\">\u2014 Chwyci\u0142em szybko palcami wskazuj\u0105cym i \u015brodkowym wierzch kciuka dla zatamowania krwotoku<\/span><br \/>\n<span style=\"color: #ffffff;\">\u2014 Poprosi\u0142em survivalowych towarzyszy o szybkie podanie banda\u017ca<\/span><br \/>\n<span style=\"color: #ffffff;\">\u2014 Za\u0142o\u017cy\u0142em \u015bcis\u0142y opatrunek (nie za mocny, by nie dosz\u0142o do martwicy)<\/span><br \/>\n<span style=\"color: #ffffff;\">\u2014 Wys\u0142a\u0142em jednego z ch\u0142opc\u00f3w do najbli\u017cszego schroniska z pro\u015bb\u0105 o zawiadomienie pogotowia<\/span><br \/>\n<span style=\"color: #ffffff;\">\u2014 Zosta\u0142em podwieziony terenowym samochodem schroniska Jaworzec do szosy<\/span><br \/>\n<span style=\"color: #ffffff;\">\u2014 Zosta\u0142em zawieziony karetk\u0105 do pogotowia w Lesku (ok. 40 kilometr\u00f3w)<\/span><br \/>\n<span style=\"color: #ffffff;\">\u2014 Zosta\u0142em zoperowany przez chirurga Jerzego Bentkowskiego<\/span><\/p>\n<p style=\"padding-left: 30px; text-align: left;\"><span style=\"color: #ffff99;\"><strong>Uwagi do wydarzenia:<\/strong><br \/>\n<span style=\"color: #ccffcc;\">\u2014 Od razu ujrza\u0142em w ranie kawa\u0142ki odci\u0119tej ko\u015bci, a wi\u0119c nie mog\u0142em poprzesta\u0107 na zwyk\u0142ym zawini\u0119ciu rany \u2014 potrzebna by\u0142a pomoc specjalisty. Droga by\u0142a d\u0142uuuga&#8230;<\/span><br \/>\n<span style=\"color: #ccffcc;\">\u2014 Ludzie ze schroniska okazali si\u0119 rewelacyjni \u2014 dzi\u0119kuj\u0119!<\/span><br \/>\n<span style=\"color: #ccffcc;\">\u2014 Lekarz okaza\u0142 si\u0119 rewelacyjny po stokro\u0107 \u2014 dzi\u0119kuj\u0119 po stokro\u0107!<\/span><br \/>\n<span style=\"color: #ccffcc;\">\u2014 Pan doktor Bentkowski m\u00f3g\u0142 za\u0142o\u017cy\u0107 mi tylko prosty opatrunek, da\u0107 zastrzyk z anatoksyny przeciwt\u0119\u017ccowej i ewentualnie da\u0107 os\u0142on\u0119 antybiotykow\u0105.<\/span><br \/>\n<span style=\"color: #ccffcc;\">\u2014 Pan Bentkowski wykona\u0142 w pogotowiu ca\u0142\u0105 operacj\u0119 z\u0142o\u017cenia kosteczek, zeszycia torebki stawowej, zeszycia \u015bci\u0119gna, zeszycia pow\u0142ok sk\u00f3rnych. Ponadto zadzwoni\u0142 do szpitala, by pani obs\u0142uguj\u0105ca RTG poczeka\u0142a 20 minut i nie sz\u0142a jeszcze do domu (by\u0142a ju\u017c noc) i skierowa\u0142 mnie karetk\u0105 na zdj\u0119cie.<br \/>\n<\/span><\/span><span style=\"color: #ffff99;\"><span style=\"color: #ccffcc;\">\u2014 Jeszcze jedno&#8230; Lekarz przed operacj\u0105 kaza\u0142 mi zdj\u0105\u0107 z serdecznego palca obr\u0105czk\u0119. Powinienem to uczyni\u0107 od razu \u2014 gdyby mi r\u0119ka spuch\u0142a zanim dojecha\u0142em do lekarza (a mog\u0142oby to by\u0107 za dwa dni na przyk\u0142ad), to\u00a0by\u0142oby nieciekawie&#8230;<\/span><\/span><\/p>\n<p>Aby m\u00f3c przedstawi\u0107 problem ciachni\u0119tego palca w internecie (co w\u0142a\u015bnie czyni\u0119), zada\u0142em pytanie chirurgowi, panu Jerzemu Bentkowskiemu:\u00a0&#8222;<i>Czy mo\u017ce mi pan poda\u0107 ewentualn\u0105 kolej rzeczy, gdybym nie pojawi\u0142 si\u0119 w\u00a0pogotowiu?<\/i>&#8221;\u00a0Oto odpowied\u017a:<\/p>\n<p><span style=\"color: #ffff99;\">1. WERSJA OPTYMISTYCZNA<\/span><br \/>\nObwi\u0105za\u0142em palec sam jakim czystym banda\u017cem, nie dopuszczam do infekcji \u2014\u00a0goi si\u0119.\u00a0Poniewa\u017c ko\u015b\u0107 zosta\u0142a powa\u017cnie naruszona, palec zrasta si\u0119 \u2014 tworzy si\u0119 staw rzekomy.\u00a0Palec mo\u017ce by\u0107 sztywny.<\/p>\n<p><span style=\"color: #ffff99;\">2. WERSJA PRAWDOPODOBNA<\/span><br \/>\nPoniewa\u017c naruszona zosta\u0142a torebka stawowa, a produkuje ona ma\u017a smaruj\u0105c\u0105 staw,\u00a0powstaje sytuacja k\u0142opot\u00f3w z gojeniem si\u0119 rany \u2014 ma\u017a utrudnia gojenie.\u00a0Nawet, gdyby rana zasklepia\u0142a si\u0119, ma\u017a powodowa\u0142aby ci\u0105g\u0142e jej otwieranie si\u0119.\u00a0Wysoce prawdopodobna p\u00f3\u017aniejsza konieczno\u015b\u0107 amputacji palca.<\/p>\n<hr \/>\n<p style=\"text-align: justify;\"><span style=\"color: #ffff99;\">Przedstawiam te informacje pod rozwag\u0119.\u00a0Jestem zwolennikiem udawania si\u0119 do specjalisty przy ka\u017cdym powa\u017cniejszym urazie.\u00a0To te\u017c zachowanie survivalowe.<\/span><\/p>\n<p style=\"text-align: justify;\">Dodam, \u017ce w stosunku do rany i jej okolic zastosowa\u0142em jak najbardziej <b>survivalowy<\/b> spos\u00f3b na zapobie\u017cenie stanowi zapalnemu \u2014 <span style=\"color: #ff9900;\">codziennie parzy\u0142em palec pokrzyw\u0105<\/span> (wcze\u015bniej zdejmuj\u0105c gips na chwil\u0119). Pokrzywa powodowa\u0142a silniejsze ukrwienie palca, za\u015b jej podstawowe w\u0142a\u015bciwo\u015bci polegaj\u0105 na hamowaniu proces\u00f3w gnilnych, a tym samym stan\u00f3w zapalnych w organizmie.<\/p>\n<p style=\"text-align: justify;\">Wszystkich &#8222;twardzieli&#8221; pokazuj\u0105cych sw\u0105 wytrzyma\u0142o\u015b\u0107 oraz &#8222;bior\u0105cych swoje sprawy w swoje r\u0119ce&#8221;, co w\u00a0praktyce oznacza zaniedbanie spraw higienicznych i cz\u0119ste, bezmy\u015blne d\u0142ubanie w ranach \u2014 zach\u0119cam jednak do wizyty u lekarza, bo najpierw nale\u017cy wyleczy\u0107 si\u0119 z &#8222;twardo\u015bci m\u00f3zgu&#8221;.<\/p>\n<p style=\"text-align: justify;\">Nawiasem m\u00f3wi\u0105c by\u0142em wtedy zaskoczony post\u0119pem mojej <span style=\"text-decoration: underline;\"><strong><span style=\"color: #ff9900; text-decoration: underline;\"><a href=\"http:\/\/www.survival.edu.pl\/wp-index.php\/?page_id=2753\">odporno\u015bci na b\u00f3l<\/a><\/span><\/strong><\/span>, kt\u00f3r\u0105 \u0107wiczy\u0142em przy ka\u017cdej nadarzaj\u0105cej si\u0119 okazji. Powstrzymuj\u0119 si\u0119 od sykania, &#8222;rzucania mi\u0119sem&#8221;, podskakiwania na jednej nodze, machania r\u0119k\u0105 \u2014 dzia\u0142am spokojnie. <span style=\"color: #ff9900;\">Mentalnie &#8222;wy\u0142\u0105czam&#8221; b\u00f3l, psychicznie godz\u0119 si\u0119 z jego obecno\u015bci\u0105 i&#8230; toleruj\u0119 go znacznie lepiej<\/span>. Nie my\u015bla\u0142em, \u017ce a\u017c tak dobrze.<\/p>\n<p style=\"text-align: justify;\">Dodam jeszcze, \u017ce moje \u0107wiczenia odporno\u015bci bynajmniej nie polega\u0142y na waleniu si\u0119 m\u0142otkiem w palec, na przypalaniu twarzy papierosem, na wkr\u0119caniu nosa w maszynk\u0119 do mi\u0119sa czy innym post\u0119powaniu maj\u0105cy przynie\u015b\u0107 mi &#8222;alternatywny&#8221; kontr-b\u00f3l.<\/p>\n<p style=\"text-align: justify;\"><em>Artyku\u0142 pochodzi z mojej starej strony<\/em> <a href=\"http:\/\/www.survival.infocentrum.com\" target=\"_blank\" rel=\"noopener noreferrer\">www.survival.infocentrum.com<\/a><\/p>\n<hr \/>\n<p><span style=\"color: #ffff99;\">CO ROBI\u0141EM NOWEGO?<\/span><\/p>\n<ul>\n<li style=\"text-align: justify;\"><span style=\"color: #ff9900;\">Nie przyj\u0105\u0142em specjalistycznego \u015brodka przeciwb\u00f3lowego w karetce pogotowia \u2014 sam przecie\u017c panowa\u0142em nad b\u00f3lem.<\/span><\/li>\n<li style=\"text-align: justify;\"><span style=\"color: #ff9900;\">Nie mia\u0142em antybiotyku (ci\u0119\u017cko by\u0142o go dosta\u0107 w dzikich Bieszczadach), ale zamiast tego pos\u0142ugiwa\u0142em si\u0119 pokrzyw\u0105. Ten spos\u00f3b da\u0142 nast\u0119puj\u0105ce korzy\u015bci:<\/span><\/li>\n<\/ul>\n<p style=\"padding-left: 60px;\"><span style=\"color: #ffffff;\">Bakteriostatyczne cechy pokrzywy nie pozwala\u0142y na bakteryjne zaka\u017cenie<\/span><\/p>\n<p style=\"padding-left: 60px;\"><span style=\"color: #ffffff;\">Dra\u017cni\u0105ce cechy parzenia pokrzyw\u0105 zwi\u0119ksza\u0142y ukrwienie, a wi\u0119c natlenienie kom\u00f3rek uszkodzonego palca oraz szybsze wydalanie\u00a0substancji przemiany materii<\/span><\/p>\n<p style=\"padding-left: 60px;\"><span style=\"color: #ffffff;\">Dra\u017cni\u0105ce cechy parzenia pokrzyw\u0105 powodowa\u0142y odbudowanie funkcjonowania po\u0142\u0105cze\u0144 nerwowych, zatem odzyska\u0142em czucie w palcu<\/span><\/p>\n<p style=\"padding-left: 60px;\"><span style=\"color: #ffffff;\">Sk\u0142ad chemiczny pokrzywy wp\u0142yn\u0105\u0142 na szybsze gojenia, a ponadto na unikni\u0119cie tworzenia si\u0119 naro\u015bli kostnych w miejscu zrostu\u00a0ko\u015bci (m.in. kwas mr\u00f3wkowy)<\/span><\/p>\n","protected":false},"excerpt":{"rendered":"<p>To nie jest \u017cart, bo spotkanie odby\u0142o si\u0119 naprawd\u0119. Odby\u0142o si\u0119 ono w serdecznej (jak krew jest serdeczna), gor\u0105cej (jak krew jest gor\u0105ca) atmosferze. Okaza\u0142o si\u0119 wszak\u017ce, \u017ce siekierka pogl\u0105d\u00f3w nie zmieni\u0142a i zachowa\u0142a sw\u00f3j du\u017cy ch\u0142\u00f3d.\u00a0Dzieli nas obecnie r\u00f3wnie &hellip; <a class=\"more-link\" href=\"https:\/\/www.survival.edu.pl\/wp-index.php\/?page_id=2357\">Czytaj dalej <span class=\"meta-nav\">&rarr;<\/span><\/a><\/p>\n","protected":false},"author":2,"featured_media":0,"parent":2346,"menu_order":30,"comment_status":"closed","ping_status":"closed","template":"","meta":[],"_links":{"self":[{"href":"https:\/\/www.survival.edu.pl\/wp-index.php\/index.php?rest_route=\/wp\/v2\/pages\/2357"}],"collection":[{"href":"https:\/\/www.survival.edu.pl\/wp-index.php\/index.php?rest_route=\/wp\/v2\/pages"}],"about":[{"href":"https:\/\/www.survival.edu.pl\/wp-index.php\/index.php?rest_route=\/wp\/v2\/types\/page"}],"author":[{"embeddable":true,"href":"https:\/\/www.survival.edu.pl\/wp-index.php\/index.php?rest_route=\/wp\/v2\/users\/2"}],"replies":[{"embeddable":true,"href":"https:\/\/www.survival.edu.pl\/wp-index.php\/index.php?rest_route=%2Fwp%2Fv2%2Fcomments&post=2357"}],"version-history":[{"count":23,"href":"https:\/\/www.survival.edu.pl\/wp-index.php\/index.php?rest_route=\/wp\/v2\/pages\/2357\/revisions"}],"predecessor-version":[{"id":7656,"href":"https:\/\/www.survival.edu.pl\/wp-index.php\/index.php?rest_route=\/wp\/v2\/pages\/2357\/revisions\/7656"}],"up":[{"embeddable":true,"href":"https:\/\/www.survival.edu.pl\/wp-index.php\/index.php?rest_route=\/wp\/v2\/pages\/2346"}],"wp:attachment":[{"href":"https:\/\/www.survival.edu.pl\/wp-index.php\/index.php?rest_route=%2Fwp%2Fv2%2Fmedia&parent=2357"}],"curies":[{"name":"wp","href":"https:\/\/api.w.org\/{rel}","templated":true}]}}