{"id":2316,"date":"2015-09-23T22:37:07","date_gmt":"2015-09-23T20:37:07","guid":{"rendered":"http:\/\/www.survival.edu.pl\/wp-index.php\/?page_id=2316"},"modified":"2019-07-04T10:00:32","modified_gmt":"2019-07-04T08:00:32","slug":"myslenie-o-mysleniu-i","status":"publish","type":"page","link":"https:\/\/www.survival.edu.pl\/wp-index.php\/?page_id=2316","title":{"rendered":"My\u015blenie o my\u015bleniu I"},"content":{"rendered":"<p style=\"text-align: justify;\">Istniej\u0105 dwa rodzaje my\u015blenia: <span style=\"color: #ff9900;\">szybkie <\/span>i <span style=\"color: #ff9900;\">powolne<\/span>. Pierwsze \u2014\u00a0zwane czasem &#8222;gor\u0105cym&#8221; \u2014 mia\u0142o zadanie dokona\u0107 szybkiej oceny sytuacji, podj\u0105\u0107 szybk\u0105 decyzj\u0119, aby cia\u0142o r\u00f3wnie szybko j\u0105 wykona\u0142o. S\u0142u\u017cy to naszemu przetrwaniu w nag\u0142ej sytuacji opresyjnej.<\/p>\n<p style=\"text-align: justify;\">Drugie \u2014 zwane ch\u0142odnym \u2014 dokonywa\u0142o dok\u0142adnego ogl\u0105du sytuacji, jej dok\u0142adnej analizy, wybiera\u0142o r\u00f3\u017cne warianty reakcji, aby potem \u2014 w trakcie wykonywania i weryfikacji efekt\u00f3w \u2014 m\u00f3c j\u0105 zd\u0105\u017cy\u0107 zmieni\u0107 na lepsz\u0105.<\/p>\n<p style=\"text-align: justify;\">Profesor <span style=\"text-decoration: underline;\"><a href=\"https:\/\/pl.wikipedia.org\/wiki\/Jerzy_Vetulani\" target=\"_blank\" rel=\"noopener noreferrer\">Jerzy Vetulani<\/a><\/span> uzna\u0142, \u017ce m\u00f3zg powsta\u0142 w jednym celu, aby \u2014 organizm-istota-byt \u2014 m\u00f3g\u0142 przetrwa\u0107. Ewolucja pozwoli\u0142a udoskonali\u0107 system i wprowadzi\u0142a u cz\u0142owieka nowy model; my\u015blenie i refleksj\u0119, czyli my\u015blenie pog\u0142\u0119bione. O wielu tego rodzaju sprawach pisze on na swoim <span style=\"text-decoration: underline;\"><a href=\"https:\/\/vetulani.wordpress.com\/\" target=\"_blank\" rel=\"noopener noreferrer\">blogu<\/a><\/span>.<\/p>\n<hr \/>\n<p style=\"text-align: justify;\"><span style=\"color: #ff9900;\">Pierwsze my\u015blenie czyni, \u017ce sta\u0107 nas na zryw.<\/span> To wa\u017cne. Robimy to dla przetrwania przecie\u017c, tyle \u017ce nasze przetrwanie odbywa si\u0119 w r\u00f3\u017cnych strefach, tak\u017ce spo\u0142ecznej, w\u015br\u00f3d innych ludzi, w\u015br\u00f3d konkurencji. To dlatego, kiedy prowadzimy motocykl lub samoch\u00f3d, uwa\u017camy \u017ce robimy to doskonale i w zasadzie jeste\u015bmy najlepsi (kierowcom <em>Formu\u0142y I<\/em> jednak co\u015b zostawiamy).<\/p>\n<p style=\"text-align: justify;\"><span style=\"color: #ff9900;\">Drugie my\u015blenie jest cz\u0142owiecze.<\/span> Owszem, bo pierwsze jednak przynale\u017cy do \u015bwiata zwierz\u0119cego, aczkolwiek mo\u017ce u nas by\u0107 na wy\u017cszym poziomie.<\/p>\n","protected":false},"excerpt":{"rendered":"<p>Istniej\u0105 dwa rodzaje my\u015blenia: szybkie i powolne. Pierwsze \u2014\u00a0zwane czasem &#8222;gor\u0105cym&#8221; \u2014 mia\u0142o zadanie dokona\u0107 szybkiej oceny sytuacji, podj\u0105\u0107 szybk\u0105 decyzj\u0119, aby cia\u0142o r\u00f3wnie szybko j\u0105 wykona\u0142o. S\u0142u\u017cy to naszemu przetrwaniu w nag\u0142ej sytuacji opresyjnej. Drugie \u2014 zwane ch\u0142odnym \u2014 &hellip; <a class=\"more-link\" href=\"https:\/\/www.survival.edu.pl\/wp-index.php\/?page_id=2316\">Czytaj dalej <span class=\"meta-nav\">&rarr;<\/span><\/a><\/p>\n","protected":false},"author":2,"featured_media":0,"parent":185,"menu_order":0,"comment_status":"closed","ping_status":"closed","template":"","meta":[],"_links":{"self":[{"href":"https:\/\/www.survival.edu.pl\/wp-index.php\/index.php?rest_route=\/wp\/v2\/pages\/2316"}],"collection":[{"href":"https:\/\/www.survival.edu.pl\/wp-index.php\/index.php?rest_route=\/wp\/v2\/pages"}],"about":[{"href":"https:\/\/www.survival.edu.pl\/wp-index.php\/index.php?rest_route=\/wp\/v2\/types\/page"}],"author":[{"embeddable":true,"href":"https:\/\/www.survival.edu.pl\/wp-index.php\/index.php?rest_route=\/wp\/v2\/users\/2"}],"replies":[{"embeddable":true,"href":"https:\/\/www.survival.edu.pl\/wp-index.php\/index.php?rest_route=%2Fwp%2Fv2%2Fcomments&post=2316"}],"version-history":[{"count":8,"href":"https:\/\/www.survival.edu.pl\/wp-index.php\/index.php?rest_route=\/wp\/v2\/pages\/2316\/revisions"}],"predecessor-version":[{"id":7424,"href":"https:\/\/www.survival.edu.pl\/wp-index.php\/index.php?rest_route=\/wp\/v2\/pages\/2316\/revisions\/7424"}],"up":[{"embeddable":true,"href":"https:\/\/www.survival.edu.pl\/wp-index.php\/index.php?rest_route=\/wp\/v2\/pages\/185"}],"wp:attachment":[{"href":"https:\/\/www.survival.edu.pl\/wp-index.php\/index.php?rest_route=%2Fwp%2Fv2%2Fmedia&parent=2316"}],"curies":[{"name":"wp","href":"https:\/\/api.w.org\/{rel}","templated":true}]}}