{"id":2261,"date":"2015-08-30T11:28:02","date_gmt":"2015-08-30T09:28:02","guid":{"rendered":"http:\/\/www.survival.edu.pl\/wp-index.php\/?page_id=2261"},"modified":"2020-12-12T22:35:39","modified_gmt":"2020-12-12T20:35:39","slug":"wyjasnienie","status":"publish","type":"page","link":"https:\/\/www.survival.edu.pl\/wp-index.php\/?page_id=2261","title":{"rendered":"Wyja\u015bnienie&#8230;"},"content":{"rendered":"<p>W\u0142a\u015bnie si\u0119 spotkali\u015bmy.<br \/>\nJe\u015bli masz swoj\u0105 siln\u0105 samo\u015bwiadomo\u015b\u0107, to wiesz jak j\u0105 wykorzysta\u0107&#8230;<br \/>\nB\u0119dzie Ci towarzyszy\u0107 miniaturka wskazuj\u0105ca niekt\u00f3re teksty.<\/p>\n<p style=\"text-align: justify;\"><span style=\"color: #ff9900;\">Bo chodzi o to, aby NIKT, a zw\u0142aszcza kto\u015b podaj\u0105cy si\u0119 za zielarza-magika, na bibliotecznym spotkaniu ze swoimi fanami oraz lud\u017ami ciekawymi sztuki zielarstwa, nigdy nie m\u00f3wi\u0142 nast\u0119puj\u0105cego tekstu:<\/span><\/p>\n<blockquote>\n<p style=\"text-align: right;\"><strong><span style=\"color: #ffffff;\"><em>&#8222;Prosz\u0119 pa\u0144stwa, z niczym nie nale\u017cy przesadza\u0107, tak\u017ce i ze straszeniem. Na przyk\u0142ad \u2014 muchomorem sromotnikowym. Trzeba by go zje\u015b\u0107 chyba z kilogram, aby si\u0119 nim zatru\u0107!&#8221;<\/em><\/span><\/strong><\/p>\n<\/blockquote>\n<p><a href=\"http:\/\/www.survival.edu.pl\/wp-content\/uploads\/2012\/09\/need-head.jpg\"><img loading=\"lazy\" class=\"alignright\" title=\"caput indigebat\" src=\"http:\/\/www.survival.edu.pl\/wp-content\/uploads\/2012\/09\/need-head-150x150.jpg\" alt=\"potrzebna g\u0142owa\" width=\"58\" height=\"58\" \/><\/a><\/p>\n<p style=\"text-align: justify;\">Znak obok\u00a0oznacza\u00a0<strong><em><span style=\"color: #ff9900;\">&#8222;caput indigebat&#8221;<\/span><\/em><\/strong> czyli po naszemu <em>&#8222;potrzebna g\u0142owa&#8221;<\/em>, \u017ceby to zrozumie\u0107&#8230;\u00a0To oczywiste, \u017ce drocz\u0119 si\u0119 z\u00a0Tob\u0105. Ale musz\u0119 co\u015b powiedzie\u0107: zanim kto\u015b zacznie bezmy\u015blnie kopiowa\u0107 te teksty \u2014 niech si\u0119 zastanowi! Bo\u00a0prawa autorskie istniej\u0105&#8230; Tego nie ma w\u00a0necie wi\u0119cej \u2014\u00a0tylko ja o\u00a0tym pisz\u0119. A pisz\u0119 tylko ja, poniewa\u017c inni uwa\u017caj\u0105, \u017ce nie ma co pisa\u0107 o tym, o czym nikt nie chce czyta\u0107, zw\u0142aszcza, \u017ce trzeba to jeszcze zrozumie\u0107, zatem lepiej im pisa\u0107 o tym, co ka\u017cdy ju\u017c\u00a0rozumie&#8230;<\/p>\n<p style=\"text-align: justify;\">Poskar\u017c\u0119 si\u0119 na sw\u00f3j nieszcz\u0119sny los tylko raz, bowiem chc\u0119 upomnie\u0107 si\u0119 o to, co moje. Moja strona <strong><em><a href=\"http:\/www.survival.infocentrum.com\" target=\"_blank\" rel=\"noopener noreferrer\">Survival dla wszystkich<\/a><\/em><\/strong> istnieje ponad 18 lat (w chwili, kiedy to pisz\u0119; nikt nie pami\u0119ta dok\u0142adnie, kiedy powsta\u0142a, ale prawdopodobnie\u00a0w 1997, nieca\u0142y rok po wydaniu mojej ksi\u0105\u017cki <span style=\"color: #ffffff;\"><em>Survival po polsku<\/em><\/span>) i na niej, oraz na stronach towarzysz\u0105cych, zamie\u015bci\u0142em swoje przemy\u015blenia, a tak\u017ce pomys\u0142y na to, \u017ceby pracowa\u0107 opracowan\u0105 przeze mnie i sprawdzon\u0105 metod\u0105 survivalow\u0105 z:<\/p>\n<ul>\n<li>ma\u0142ymi dzie\u0107mi<\/li>\n<li>rodzicami i ich dzie\u0107mi, z kt\u00f3rymi nie potrafi\u0105 si\u0119 dogada\u0107<\/li>\n<li>dzie\u0107mi &#8222;trudnymi&#8221;<\/li>\n<li>niepe\u0142nosprawnymi (ruchowo, niewidomymi, nies\u0142ysz\u0105cymi, itp.)<\/li>\n<li>lud\u017ami, kt\u00f3rzy szukaj\u0105 sensu \u017cycia, albo go stracili<\/li>\n<li>lud\u017ami, kt\u00f3rzy nie potrafi\u0105 odnale\u017a\u0107 si\u0119 mi\u0119dzy lud\u017ami<\/li>\n<\/ul>\n<p style=\"text-align: justify;\">Ta moja strona by\u0142a pierwsz\u0105 w Polsce i\u00a0jaki\u015b czas jedyn\u0105 stron\u0105 o tej tematyce i co do tego nie ma w\u0105tpliwo\u015bci. Swobodnie mog\u0119 si\u0119 pogodzi\u0107 z tym, \u017ce o tym samym\u00a0kto\u015b r\u00f3wnie\u017c pomy\u015bla\u0142, bo tak bywa. Ale nie wtedy, gdy stwierdzam, \u017ce kto\u015b u\u017cywa pomys\u0142y nie zmieniaj\u0105c nawet s\u0142owa spo\u015br\u00f3d moich s\u0142\u00f3w \u2014\u00a0niech do licha chocia\u017c wspomni, \u017ce z nich, a wi\u0119c moich s\u0142\u00f3w, korzysta. Najgorsze jest jednak to, \u017ce korzystanie to odbywa si\u0119 <span style=\"color: #ff9900;\">bez rozumienia zale\u017cno\u015bci i proces\u00f3w<\/span>. Survivalowe odkrywanie \u015bwiata oczywi\u015bcie mo\u017ce odbywa\u0107 si\u0119 metod\u0105 szkoln\u0105, mo\u017ce polega\u0107 na wczytywaniu si\u0119 jedynie w wiedz\u0119 techniczn\u0105, ale jest ono niepe\u0142ne, czasem nawet bezmy\u015blne \u2014 ot, takie zwyk\u0142e zakucie na blach\u0119.<\/p>\n<p style=\"text-align: justify;\">Tymczasem metodyka survivalowa by\u0142a tworzona latami i ma swoje wyj\u0105tkowe regu\u0142y oraz procedury&#8230;<\/p>\n<p>Zatem:<span style=\"color: #ffff99;\"> <span style=\"color: #ffff00;\"><em>copyright by Krzysztof J. Kwiatkowski \u00a9<\/em><\/span><\/span><\/p>\n<hr \/>\n<p><span style=\"color: #ffff99;\"><strong>TUTAJ S\u0104 TEKSTY <\/strong><strong>NIE <\/strong><strong> DLA:<\/strong><\/span><\/p>\n<ul>\n<li>chronicznie nierozumiej\u0105cych i niezadaj\u0105cych sobie trudu, by zrozumie\u0107<\/li>\n<li>wiedz\u0105cych swoje i nie zamierzaj\u0105cych w tym czegokolwiek zmienia\u0107<\/li>\n<li>szukaj\u0105cych wszystkiego, do czego mo\u017cna si\u0119 przyczepi\u0107<\/li>\n<li>nie rozumiej\u0105cych, \u017ce \u017cycie jest tylko jedno i szkoda je po\u015bwi\u0119ca\u0107 na t\u0119pienie innych<\/li>\n<li>nie rozumiej\u0105cych, \u017ce \u017cycie jest tylko jedno i przeznaczanie go g\u0142\u00f3wnie do rozwijania w\u0142asnych nienawi\u015bci, gdy\u017c kto\u015b my\u015bli inaczej, to b\u0142\u0105d czasem nie do naprawienia ju\u017c<\/li>\n<\/ul>\n","protected":false},"excerpt":{"rendered":"<p>W\u0142a\u015bnie si\u0119 spotkali\u015bmy. Je\u015bli masz swoj\u0105 siln\u0105 samo\u015bwiadomo\u015b\u0107, to wiesz jak j\u0105 wykorzysta\u0107&#8230; B\u0119dzie Ci towarzyszy\u0107 miniaturka wskazuj\u0105ca niekt\u00f3re teksty. Bo chodzi o to, aby NIKT, a zw\u0142aszcza kto\u015b podaj\u0105cy si\u0119 za zielarza-magika, na bibliotecznym spotkaniu ze swoimi fanami oraz &hellip; <a class=\"more-link\" href=\"https:\/\/www.survival.edu.pl\/wp-index.php\/?page_id=2261\">Czytaj dalej <span class=\"meta-nav\">&rarr;<\/span><\/a><\/p>\n","protected":false},"author":2,"featured_media":0,"parent":1252,"menu_order":0,"comment_status":"closed","ping_status":"closed","template":"","meta":[],"_links":{"self":[{"href":"https:\/\/www.survival.edu.pl\/wp-index.php\/index.php?rest_route=\/wp\/v2\/pages\/2261"}],"collection":[{"href":"https:\/\/www.survival.edu.pl\/wp-index.php\/index.php?rest_route=\/wp\/v2\/pages"}],"about":[{"href":"https:\/\/www.survival.edu.pl\/wp-index.php\/index.php?rest_route=\/wp\/v2\/types\/page"}],"author":[{"embeddable":true,"href":"https:\/\/www.survival.edu.pl\/wp-index.php\/index.php?rest_route=\/wp\/v2\/users\/2"}],"replies":[{"embeddable":true,"href":"https:\/\/www.survival.edu.pl\/wp-index.php\/index.php?rest_route=%2Fwp%2Fv2%2Fcomments&post=2261"}],"version-history":[{"count":33,"href":"https:\/\/www.survival.edu.pl\/wp-index.php\/index.php?rest_route=\/wp\/v2\/pages\/2261\/revisions"}],"predecessor-version":[{"id":7669,"href":"https:\/\/www.survival.edu.pl\/wp-index.php\/index.php?rest_route=\/wp\/v2\/pages\/2261\/revisions\/7669"}],"up":[{"embeddable":true,"href":"https:\/\/www.survival.edu.pl\/wp-index.php\/index.php?rest_route=\/wp\/v2\/pages\/1252"}],"wp:attachment":[{"href":"https:\/\/www.survival.edu.pl\/wp-index.php\/index.php?rest_route=%2Fwp%2Fv2%2Fmedia&parent=2261"}],"curies":[{"name":"wp","href":"https:\/\/api.w.org\/{rel}","templated":true}]}}