{"id":2178,"date":"2015-05-22T09:03:58","date_gmt":"2015-05-22T07:03:58","guid":{"rendered":"http:\/\/www.survival.edu.pl\/wp-index.php\/?page_id=2178"},"modified":"2016-03-27T22:27:19","modified_gmt":"2016-03-27T20:27:19","slug":"survi-oko","status":"publish","type":"page","link":"https:\/\/www.survival.edu.pl\/wp-index.php\/?page_id=2178","title":{"rendered":"Survivalowe oko"},"content":{"rendered":"<p style=\"text-align: justify;\">Survivalow<a href=\"http:\/\/www.survival.edu.pl\/wp-content\/uploads\/OKO.jpg\" rel=\"attachment wp-att-3291\"><img loading=\"lazy\" class=\"wp-image-3291 alignleft\" src=\"http:\/\/www.survival.edu.pl\/wp-content\/uploads\/OKO.jpg\" alt=\"OKO\" width=\"379\" height=\"256\" \/><\/a>e oko ma w sobie co\u015b z magii.\u00a0To oczywiste, \u017ce\u00a0dobre wyt\u0142umaczenie pozwala poj\u0105\u0107\u00a0na czym to polega.<\/p>\n<p style=\"text-align: justify;\">Je\u015bli wprowadzi\u0107 dane do komputera, otrzyma si\u0119 zawsze ten sam wynik. Rzecz w tym, \u017ce ka\u017cdy cz\u0142owiek ma m\u00f3zg. Te same dane w m\u00f3zgu cz\u0142owieka przechodz\u0105 przez szereg filtr\u00f3w. Komputer nie ma takich filtr\u00f3w, dopiero cz\u0142owiek je montuje, je\u015bli tego mu trzeba.<\/p>\n<p style=\"text-align: justify;\">Takie same dane przekazane cz\u0142owiekowi wywo\u0142uj\u0105 szereg proces\u00f3w:<br \/>\n<span style=\"color: #ffff99;\"> &#8211; <span style=\"color: #ffffff;\"><em>czego on chce ode mnie?<\/em><\/span> &#8230;&#8230;&#8230;&#8230;&#8230;&#8230;&#8230;&#8230;&#8230;&#8230;&#8230;&#8230;&#8230;&#8230;&#8230;&#8230;&#8230;&#8230; bzzz <\/span>(to proces zautomatyzowanej analizy)<br \/>\n<span style=\"color: #ffff99;\"> &#8211; <span style=\"color: #ffffff;\"><em>po co mu to?<\/em><\/span> &#8230;&#8230;&#8230;&#8230;&#8230;&#8230;&#8230;&#8230;&#8230;&#8230;&#8230;&#8230;&#8230;&#8230;&#8230;&#8230;&#8230;&#8230;&#8230;&#8230;&#8230;&#8230;&#8230;&#8230;&#8230;. bzzz<\/span><br \/>\n<span style=\"color: #ffff99;\"> &#8211; <span style=\"color: #ffffff;\"><em>czy on nie b\u0119dzie dzi\u0119ki temu lepiej zarabia\u0142?<\/em><\/span> &#8230;&#8230;&#8230;&#8230;&#8230; bzzz<\/span><br \/>\n<span style=\"color: #ffff99;\"> &#8211; <span style=\"color: #ffffff;\"><em>a mo\u017ce zacznie zarabia\u0107 wi\u0119cej ni\u017c ja?<\/em><\/span> &#8230;&#8230;&#8230;&#8230;&#8230;&#8230;&#8230;&#8230;&#8230;. bzzz<\/span><br \/>\n<span style=\"color: #ffff99;\"> &#8211; <span style=\"color: #ffffff;\"><em>czy ja b\u0119d\u0119 stratny?<\/em><\/span> &#8230;&#8230;&#8230;&#8230;&#8230;&#8230;&#8230;&#8230;&#8230;&#8230;&#8230;&#8230;&#8230;&#8230;&#8230;&#8230;&#8230;&#8230;&#8230;&#8230;.. bzzz<\/span><\/p>\n<p>Na koniec przychodzi decyzja (oczywi\u015bcie w\u0142a\u015bciwa):<br \/>\n<span style=\"color: #ffff99;\"> &#8211; <span style=\"color: #ffffff;\"><em>lubi\u0119 go, wi\u0119c zrobi\u0119 to dla niego<\/em><\/span> &#8230;&#8230;&#8230;&#8230;&#8230;&#8230;&#8230;&#8230;&#8230;&#8230;&#8230;&#8230;. wrrr <\/span>(dzia\u0142anie)<\/p>\n<p>Wyrzucenie (wyplucie, podanie, ci\u015bni\u0119cie) wynik\u00f3w wcale nie ko\u0144czy serii proces\u00f3w:<br \/>\n<span style=\"color: #ffff99;\"> &#8211; <span style=\"color: #ffffff;\"><em>\u017cebym tylko potem nie \u017ca\u0142owa\u0142<\/em> <\/span>&#8230;&#8230;&#8230;&#8230;&#8230;&#8230;&#8230;&#8230;&#8230;&#8230;&#8230;&#8230;&#8230;&#8230; cyk cyk cyk <\/span>(proces nieprzewidziany)<br \/>\n<span style=\"color: #ffff99;\"> &#8211; <span style=\"color: #ffffff;\"><em>a mo\u017ce to by\u0142 b\u0142\u0105d z mojej strony?<\/em><\/span> &#8230;&#8230;&#8230;&#8230;&#8230;&#8230;&#8230;&#8230;&#8230;&#8230;&#8230;&#8230; bzzz\u00a0<\/span>(proces niepo\u017c\u0105dany)<\/p>\n<p style=\"text-align: justify;\">Ludzki m\u00f3zg, kiedy si\u0119 go zdyscyplinuje i podda \u0107wiczeniu w logice oraz elastyczno\u015bci ogl\u0105du, potrafi bardzo wiele. Jedno spojrzenie na lamp\u0119 stoj\u0105c\u0105 na stole mo\u017ce przerodzi\u0107 si\u0119 w mentaln\u0105 podr\u00f3\u017c nad, pod i w \u015brodek zdarzenia. W ten spos\u00f3b cz\u0142owiek spostrze\u017ce warstw\u0119 kurzu na aba\u017curze (trzeba szybko sprz\u0105tn\u0105\u0107, \u017ceby mama si\u0119 nie czepia\u0142a), przetarty kabel zasilania (jak go oblepi\u0107 plastrem, to lampa nie b\u0119dzie miga\u0107) oraz wymy\u015bli nowe rozwi\u0105zanie mocowania wspomnianego aba\u017cura, tak \u017ce da si\u0119 on zamocowa\u0107 na\u00a0 \u017car\u00f3wce dowolnego kszta\u0142tu.<\/p>\n<p style=\"text-align: justify;\">Survivalowe oko ma jednak swoj\u0105 istotn\u0105 cech\u0119 \u2014\u00a0nie zajmuje si\u0119 sprawami trzeciorz\u0119dnymi. Raczej zwraca si\u0119 ku temu, co ma wp\u0142yw na nasze przetrwanie. <span style=\"color: #ffffff;\">Dlatego:<\/span> widzi warstw\u0119 kurzu na aba\u017curze (problem z kichaniem rozwi\u0105zany), przetarty kabel zasilania (grozi pora\u017ceniem) oraz wymy\u015bli, \u017ce ten\u017ce aba\u017cur nada si\u0119 jako cz\u0119\u015b\u0107 wpustowa do pu\u0142apki na ryby.<\/p>\n<hr width=\"50%\" \/>\n<p style=\"text-align: justify;\">Istnieje mistyka survivalu. To osi\u0105ganie i prze\u017cywanie stan\u00f3w niedost\u0119pnych dla tzw. &#8222;zwyk\u0142ych ludzi&#8221;. To spostrzeganie oraz rozumienie rzeczy niewidzialnych dla&#8230; innych. To dorastanie g\u0142\u0119bokie.<\/p>\n<p style=\"text-align: justify;\">Zwyk\u0142e ludzkie oko spogl\u0105da na zegarek i widzi wskaz\u00f3wki, a ponadto wie, \u017ce ich uk\u0142ad pokazuje konkretn\u0105 por\u0119 dnia. To za\u015b uruchamia radosn\u0105 konstatacj\u0119, \u017ce \u2014\u00a0przyk\u0142adowo \u2014\u00a0jest w\u0142a\u015bnie to koniec dnia pracy i mo\u017cna i\u015b\u0107 do domu&#8230;<\/p>\n<p style=\"text-align: justify;\">W por\u00f3wnaniu z tym rodzajem widzenia \u015bwiata, up\u0142ywu czasu, jego znaczenia dla jednostki \u2014\u00a0oko zegarmistrza b\u0119dzie przypomina\u0107 oko survivalowe. Trzeba jednak do tego doda\u0107 jeszcze sporo innych mo\u017cliwo\u015bci. Zach\u0119cam&#8230;<\/p>\n","protected":false},"excerpt":{"rendered":"<p>Survivalowe oko ma w sobie co\u015b z magii.\u00a0To oczywiste, \u017ce\u00a0dobre wyt\u0142umaczenie pozwala poj\u0105\u0107\u00a0na czym to polega. Je\u015bli wprowadzi\u0107 dane do komputera, otrzyma si\u0119 zawsze ten sam wynik. Rzecz w tym, \u017ce ka\u017cdy cz\u0142owiek ma m\u00f3zg. Te same dane w m\u00f3zgu &hellip; <a class=\"more-link\" href=\"https:\/\/www.survival.edu.pl\/wp-index.php\/?page_id=2178\">Czytaj dalej <span class=\"meta-nav\">&rarr;<\/span><\/a><\/p>\n","protected":false},"author":2,"featured_media":0,"parent":0,"menu_order":110,"comment_status":"closed","ping_status":"closed","template":"","meta":[],"_links":{"self":[{"href":"https:\/\/www.survival.edu.pl\/wp-index.php\/index.php?rest_route=\/wp\/v2\/pages\/2178"}],"collection":[{"href":"https:\/\/www.survival.edu.pl\/wp-index.php\/index.php?rest_route=\/wp\/v2\/pages"}],"about":[{"href":"https:\/\/www.survival.edu.pl\/wp-index.php\/index.php?rest_route=\/wp\/v2\/types\/page"}],"author":[{"embeddable":true,"href":"https:\/\/www.survival.edu.pl\/wp-index.php\/index.php?rest_route=\/wp\/v2\/users\/2"}],"replies":[{"embeddable":true,"href":"https:\/\/www.survival.edu.pl\/wp-index.php\/index.php?rest_route=%2Fwp%2Fv2%2Fcomments&post=2178"}],"version-history":[{"count":63,"href":"https:\/\/www.survival.edu.pl\/wp-index.php\/index.php?rest_route=\/wp\/v2\/pages\/2178\/revisions"}],"predecessor-version":[{"id":3411,"href":"https:\/\/www.survival.edu.pl\/wp-index.php\/index.php?rest_route=\/wp\/v2\/pages\/2178\/revisions\/3411"}],"wp:attachment":[{"href":"https:\/\/www.survival.edu.pl\/wp-index.php\/index.php?rest_route=%2Fwp%2Fv2%2Fmedia&parent=2178"}],"curies":[{"name":"wp","href":"https:\/\/api.w.org\/{rel}","templated":true}]}}