{"id":183,"date":"2012-09-26T17:18:11","date_gmt":"2012-09-26T15:18:11","guid":{"rendered":"http:\/\/www.survival.edu.pl\/wp-index.php\/?page_id=183"},"modified":"2015-12-09T20:25:40","modified_gmt":"2015-12-09T18:25:40","slug":"skutecznosc","status":"publish","type":"page","link":"https:\/\/www.survival.edu.pl\/wp-index.php\/?page_id=183","title":{"rendered":"Skuteczno\u015b\u0107"},"content":{"rendered":"<p style=\"text-align: justify;\">Skuteczno\u015b\u0107 dzia\u0142ania powinni\u015bmy rozumie\u0107 nie tylko jako &#8222;dobry wynik&#8221;, ale jak taki w\u0142a\u015bnie wynik uzyskany poprzez optymalny wydatek czasu, zasob\u00f3w materialnych i ludzkich, oraz energii.<\/p>\n<p style=\"text-align: justify;\">Elementy, kt\u00f3re decyduj\u0105 o skuteczno\u015bci w survivalu, opisane zosta\u0142y w g\u0142\u00f3wnym temacie &#8222;Prakseologia&#8221;. Nie s\u0105 jednak wszystkie czynniki. Powinni\u015bmy bowiem m\u00f3wi\u0107, \u017ce o naszej skuteczno\u015bci decyduj\u0105:<\/p>\n<ul>\n<li><span style=\"color: #ffffff;\">w\u0142asne mo\u017cliwo\u015bci percepcyjne<\/span><\/li>\n<li><span style=\"color: #ffffff;\">zdolno\u015b\u0107 identyfikacji zagro\u017cenia wynikaj\u0105ca z wiedzy<\/span><\/li>\n<li><span style=\"color: #ffffff;\">szybko\u015b\u0107 reakcji i sprawno\u015b\u0107<\/span><\/li>\n<li><span style=\"color: #ffffff;\">rozumienie zadania<\/span><\/li>\n<li><span style=\"color: #ffffff;\">koncentracja na zadaniu<\/span><\/li>\n<li><span style=\"color: #ffffff;\">znajomo\u015b\u0107 technik i w\u0142asne umiej\u0119tno\u015bci<\/span><\/li>\n<li><span style=\"color: #ffffff;\">motywacja do dzia\u0142ania<\/span><\/li>\n<li><span style=\"color: #ffffff;\">dob\u00f3r narz\u0119dzi<\/span><\/li>\n<li><span style=\"color: #ffffff;\">dob\u00f3r materia\u0142\u00f3w<\/span><\/li>\n<li><span style=\"color: #ffffff;\">dob\u00f3r techniki<\/span><\/li>\n<li><span style=\"color: #ffffff;\">dob\u00f3r pomocnik\u00f3w<\/span><\/li>\n<li><span style=\"color: #ffffff;\">umiej\u0119tno\u015b\u0107 wsp\u00f3\u0142pracy<\/span><\/li>\n<li><span style=\"color: #ffffff;\">organizacja pola roboczego<\/span><\/li>\n<li><span style=\"color: #ffffff;\">organizacja dzia\u0142a\u0144<\/span><\/li>\n<li><span style=\"color: #ffffff;\">unikanie b\u0142\u0119d\u00f3w i poprawek<\/span><\/li>\n<li><span style=\"color: #ffffff;\">gospodarowanie energi\u0105 i czasem<\/span><\/li>\n<\/ul>\n<p><span style=\"color: #ffff99;\"><em>Elementy te nie s\u0105 u\u0142o\u017cone wed\u0142ug stopnia wa\u017cno\u015bci&#8230;<\/em><\/span><\/p>\n","protected":false},"excerpt":{"rendered":"<p>Skuteczno\u015b\u0107 dzia\u0142ania powinni\u015bmy rozumie\u0107 nie tylko jako &#8222;dobry wynik&#8221;, ale jak taki w\u0142a\u015bnie wynik uzyskany poprzez optymalny wydatek czasu, zasob\u00f3w materialnych i ludzkich, oraz energii. Elementy, kt\u00f3re decyduj\u0105 o skuteczno\u015bci w survivalu, opisane zosta\u0142y w g\u0142\u00f3wnym temacie &#8222;Prakseologia&#8221;. Nie s\u0105 &hellip; <a class=\"more-link\" href=\"https:\/\/www.survival.edu.pl\/wp-index.php\/?page_id=183\">Czytaj dalej <span class=\"meta-nav\">&rarr;<\/span><\/a><\/p>\n","protected":false},"author":2,"featured_media":0,"parent":175,"menu_order":0,"comment_status":"closed","ping_status":"closed","template":"","meta":[],"_links":{"self":[{"href":"https:\/\/www.survival.edu.pl\/wp-index.php\/index.php?rest_route=\/wp\/v2\/pages\/183"}],"collection":[{"href":"https:\/\/www.survival.edu.pl\/wp-index.php\/index.php?rest_route=\/wp\/v2\/pages"}],"about":[{"href":"https:\/\/www.survival.edu.pl\/wp-index.php\/index.php?rest_route=\/wp\/v2\/types\/page"}],"author":[{"embeddable":true,"href":"https:\/\/www.survival.edu.pl\/wp-index.php\/index.php?rest_route=\/wp\/v2\/users\/2"}],"replies":[{"embeddable":true,"href":"https:\/\/www.survival.edu.pl\/wp-index.php\/index.php?rest_route=%2Fwp%2Fv2%2Fcomments&post=183"}],"version-history":[{"count":7,"href":"https:\/\/www.survival.edu.pl\/wp-index.php\/index.php?rest_route=\/wp\/v2\/pages\/183\/revisions"}],"predecessor-version":[{"id":2616,"href":"https:\/\/www.survival.edu.pl\/wp-index.php\/index.php?rest_route=\/wp\/v2\/pages\/183\/revisions\/2616"}],"up":[{"embeddable":true,"href":"https:\/\/www.survival.edu.pl\/wp-index.php\/index.php?rest_route=\/wp\/v2\/pages\/175"}],"wp:attachment":[{"href":"https:\/\/www.survival.edu.pl\/wp-index.php\/index.php?rest_route=%2Fwp%2Fv2%2Fmedia&parent=183"}],"curies":[{"name":"wp","href":"https:\/\/api.w.org\/{rel}","templated":true}]}}