{"id":98,"date":"2012-09-26T10:33:52","date_gmt":"2012-09-26T08:33:52","guid":{"rendered":"http:\/\/www.survival.edu.pl\/wp-index.php\/?page_id=98"},"modified":"2017-04-06T12:47:51","modified_gmt":"2017-04-06T10:47:51","slug":"pustynna-burza","status":"publish","type":"page","link":"http:\/\/www.survival.edu.pl\/wp-index.php\/?page_id=98","title":{"rendered":"Pustynna Burza"},"content":{"rendered":"<h3 style=\"text-align: justify;\"><span style=\"color: #ff9900;\">Wspominka (bardzo napuszona)<\/span><\/h3>\n<p style=\"text-align: justify;\">Wreszcie mnie to trafi\u0142o! Zawsze by\u0142em samotnym wilkiem b\u0142\u0105dz\u0105cym po kniei, z nikim nie zwi\u0105zany, z nikim nie stowarzyszony&#8230; W survivalu oczywi\u015bcie. I oto nagle zosta\u0142em zaproszony \u2014 jak to najstarszy g\u00f3ral \u2014 do podzielenia si\u0119 swoj\u0105 niezwyk\u0142\u0105 m\u0105dro\u015bci\u0105. Napisa\u0142a do mnie Joanna, szefowa imprezy <em>Pustynna Burza &#8217;99<\/em> czyli imprezy harcersko-survivalowej na Pustyni B\u0142\u0119dowskiej i w okolicach. Oczywi\u015bcie, \u017ce si\u0119 zgodzi\u0142em. Prawd\u0119 powie-dziawszy by\u0142em ciekaw, jak to robi\u0105 inni, a i zosta\u0142em mile po\u0142echtany (hmmm&#8230;)<\/p>\n<p style=\"text-align: justify;\">Pr\u00f3cz mnie do Katowic pojechali \u201emoi ludzie\u201d, czyli Ma\u0142y, Majkel i \u201eDJ\u201d. Wszelkie manewry mia\u0142y odbywa\u0107 si\u0119 grupowo. Poniewa\u017c Mario zachorowa\u0142 i\u00a0nie pojecha\u0142, by\u0142o nas zbyt ma\u0142o. Do\u0142\u0105czono do nas Wilka i Shaolina, obu z Wroc\u0142awia. Rewelacja! W\u0142a\u015bciwie od razu by\u0142o wiadomo, \u017ce jeste\u015bmy skazani na sukces, cho\u0107 nazywali\u015bmy si\u0119 jako zesp\u00f3\u0142: <em>Jedna Wielka Pora\u017cka<\/em>. Teraz chcia\u0142bym wspomnie\u0107 jedynie o tym, co prze\u017cy\u0142em i&#8230; jaki by\u0142em \u015bwietny.<\/p>\n<p style=\"text-align: justify;\">Zaczn\u0119 od tego, \u017ce ruszyli\u015bmy w miejskie labirynty bez zegark\u00f3w, pieni\u0119dzy, dokument\u00f3w i wszelkich kart kredytowych czy telefonicznych. Dostali\u015bmy cztery dolary (!) jak ka\u017cdy przyzwoity szpiegowski zesp\u00f3\u0142. Mieli\u015bmy za to prze\u017cy\u0107 do pierwszego i wykona\u0107 wszelkie zlecone zadania. Oczywi\u015bcie, \u017ce\u00a0m\u00f3j geniusz \u2014 wsparty geniuszem mojego rewelacyjnego zespo\u0142u \u2014 spowodowa\u0142, \u017ce prawie natychmiast rozszyfrowali\u015bmy, i\u017c na negatywie (ukrytym w\u00a0kopercie) znajduj\u0105 si\u0119 r\u00f3\u017cne uj\u0119cia Filharmonii \u015al\u0105skiej. Tam o 12.oo mia\u0142 czeka\u0107 \u0142\u0105cznik. Mieli\u015bmy do\u015b\u0107 czasu, by wykona\u0107 inne zadania.<\/p>\n<p style=\"text-align: justify;\">Zastanawiali\u015bmy si\u0119 tylko, czy punktowane b\u0119dzie bycie i czekanie w um\u00f3wionym miejscu o om\u00f3wionej godzinie, czy te\u017c pojawienie si\u0119 w\u0142a\u015bnie wtedy. Na wszelki wypadek wyja\u015bni\u0142em wszystkim, \u017ce dla nas wa\u017cne jest znalezienie wszelkich zegar\u00f3w i zegark\u00f3w znajduj\u0105cych si\u0119 w pobli\u017cu (nie mieli\u015bmy przecie\u017c w\u0142asnych). Szcz\u0119\u015bcie nam towarzyszy\u0142o \u2014 obok filharmonii znajdowa\u0142 si\u0119 warsztat zegarmistrzowski z zegarem na wystawie. Wida\u0107\u00a0go\u00a0by\u0142o\u00a0z\u00a0daleka.<\/p>\n<p style=\"text-align: justify;\">Zadanie numer 2 by\u0142o proste. Dla nas. Trzeba by\u0142o okre\u015bli\u0107 jakie miasto znajduje si\u0119 na przeci\u0119ciu po\u0142udnika i r\u00f3wnole\u017cnika, kt\u00f3rych warto\u015bci mieli\u015bmy wypisane na kartce. O tym, \u017ce chodzi\u0142o o Berlin dowiedzieli\u015bmy si\u0119 wkr\u00f3tce w pobliskiej ksi\u0119garni. Pani by\u0142a bardzo mi\u0142a i sama wodzi\u0142a palcem po\u00a0kartach atlasu, nie wiedz\u0105c nawet, \u017ce pomaga gro\u017anym szpiegom. Ka\u017cdy by to zrobi\u0142 na jej miejscu&#8230;<\/p>\n<p style=\"text-align: justify;\">Zadanie numer 3 polega\u0142o na tym, \u017ce trzeba by\u0142o&#8230; po\u0142\u0105czy\u0107 si\u0119 z internetem. Kiedy siedz\u0119 w domu, jest to banalnie proste. W obcym mie\u015bcie trzeba by\u0142o znale\u017a\u0107 odpowiednie miejsce. Moi kompadrosi zaraz pomy\u015bleli o Internetowej Kawiarence. Ale to nie dla mnie (tu si\u0119 chwal\u0119 po raz kolejny)! Kto\u00a0mo\u017ce mie\u0107 internetow\u0105 \u0142\u0105czno\u015b\u0107? Biuro podr\u00f3\u017cy! I faktycznie, nie uszli\u015bmy nawet 200 metr\u00f3w i ju\u017c byli\u015bmy w takim biurze. Panie by\u0142y bardzo sympatyczne i prawie natychmiast mogli\u015bmy przeczyta\u0107, \u017ce \u0142\u0105cznik czeka za par\u0119 godzin w MacDonald\u2019sie. By\u0142o troch\u0119 czasu, wi\u0119c poszli\u015bmy sobie pospacerowa\u0107, nogi poprowadzi\u0142y nas w pobli\u017ce autobusu PCK, w kt\u00f3rym pobierano krew. Pobranie trwa\u0142o raptem p\u00f3\u0142 godziny. Wilk i ja wzbogacili\u015bmy nasz patrol o 16 czekolad i 2 paczki kawy. Ponadto wci\u0105\u017c mieli\u015bmy 4 dolary.<\/p>\n<p style=\"text-align: justify;\">Zadanie numer&#8230; kt\u00f3ry\u015b tam: pomijam inne zadania, by skr\u00f3ci\u0107 oczekiwania na opowie\u015b\u0107 o moich wyczynach.<\/p>\n<p style=\"text-align: justify;\">Trzeba by\u0142o przebiec par\u0119set metr\u00f3w, znale\u017a\u0107 \u0142\u0105cznika pod wie\u017c\u0105 spadochronow\u0105, pos\u0142ucha\u0107 d\u0142ugiego tekstu, zapami\u0119ta\u0107 go, wr\u00f3ci\u0107 na punkt startowy, powt\u00f3rzy\u0107 tekst nie roni\u0105c ani s\u0142owa. Ot co! Wszystkie patrole pobieg\u0142y przebada\u0107 tras\u0119. My te\u017c. Zatrzyma\u0142em ch\u0142opak\u00f3w nad skarp\u0105. Do\u0142em bieg\u0142a czteropasm\u00f3wka, ruchliwa jak diabli. Wszystkie patrole zbiega\u0142y w d\u00f3\u0142 i pr\u00f3bowa\u0142y przebiec na drug\u0105 stron\u0119 drogi. Powiedzia\u0142em: <span style=\"color: #ffffff;\"><em>Poczekajmy chwil\u0119. Niech przestan\u0105 biega\u0107, to sprawdzimy w\u0142asn\u0105 tras\u0119. Po co maj\u0105 podejrze\u0107, \u017ce znale\u017ali\u015bmy lepsze miejsce do biegu?<\/em> <\/span>Bo znale\u017ali\u015bmy. Nad drog\u0105 bieg\u0142 mostek pozbawiony por\u0119czy. By\u0142 w remoncie. Kiedy ju\u017c wszyscy zrobili rozpoznanie, przysz\u0142a kolej na nas: mostek by\u0142 g\u0142adziutki i nie mia\u0142 ani jednej dziury. Powiedzia\u0142em: <span style=\"color: #ffffff;\"><em>Tekst kt\u00f3ry nale\u017cy zapami\u0119ta\u0107 podzielcie mi\u0119dzy siebie. Nie r\u00f3bcie tak, jak to si\u0119 zwykle robi, \u017ce ka\u017cdy b\u0119dzie stara\u0142 si\u0119 zapami\u0119ta\u0107 ca\u0142o\u015b\u0107. Pierwszy niech zapami\u0119ta pierwsze pi\u0119\u0107 s\u0142\u00f3w, drugi drugie pi\u0119\u0107, i tak dalej<\/em>.<\/span> Wiedzieli\u015bmy, \u017ce tekst mo\u017ce mie\u0107 d\u0142ugo\u015b\u0107 w\u00a0przybli\u017ceniu daj\u0105cy taki w\u0142a\u015bnie podzia\u0142. Uda\u0142o si\u0119. Wci\u0105\u017c byli\u015bmy na II miejscu!<\/p>\n<p style=\"text-align: justify;\">Kolejne zadanie polega\u0142o na wielokrotnym pokonywaniu \u015bciany wspinaczkowej. Czy wiesz, \u017ce maj\u0105c przetr\u0105cony kr\u0119gos\u0142up (ja) i kup\u0119 lat na karku (ja) mo\u017cna \u015bmiga\u0107 w te i wewte (te\u017c ja) b\u0119d\u0105c przyczepionym jakim\u015b szpagatem i przytrzymywanym z do\u0142u przez niepe\u0142noletniego <em>malczika<\/em> i nie spa\u015b\u0107 na\u00a0cztery litery?! Wygrali\u015bmy t\u0119 \u015bciank\u0119!!!<\/p>\n<p style=\"text-align: justify;\">A potem by\u0142a Pustynia B\u0142\u0119dowska! I tu te\u017c nie dali\u015bmy tego, co&#8230; j.w. Ostatecznie <em>Jedna Wielka Pora\u017cka<\/em> sko\u0144czy\u0142a imprez\u0119 na licz\u0105cym si\u0119 III miejscu.<\/p>\n<p style=\"text-align: justify;\">I pisali o tym w gazecie!<\/p>\n<p style=\"text-align: justify;\">PS. Potem by\u0142a Pustynna Burza 2000, i nast\u0119pna. W 2000 roku jednak sta\u0142a si\u0119 rzecz wa\u017cna \u2014 pozna\u0142o si\u0119 trzech pisz\u0105cych survivalowc\u00f3w: Andrzej Trembaczowski (<em>Zanim wyruszysz czyli co\u015b o survivalu<\/em>), Krzysztof Petek (seria ksi\u0105\u017cek przygodowych dla m\u0142odzie\u017cy) i ja.<\/p>\n","protected":false},"excerpt":{"rendered":"<p>Wspominka (bardzo napuszona) Wreszcie mnie to trafi\u0142o! Zawsze by\u0142em samotnym wilkiem b\u0142\u0105dz\u0105cym po kniei, z nikim nie zwi\u0105zany, z nikim nie stowarzyszony&#8230; W survivalu oczywi\u015bcie. I oto nagle zosta\u0142em zaproszony \u2014 jak to najstarszy g\u00f3ral \u2014 do podzielenia si\u0119 swoj\u0105 &hellip; <a class=\"more-link\" href=\"http:\/\/www.survival.edu.pl\/wp-index.php\/?page_id=98\">Czytaj dalej <span class=\"meta-nav\">&rarr;<\/span><\/a><\/p>\n","protected":false},"author":2,"featured_media":0,"parent":84,"menu_order":50,"comment_status":"closed","ping_status":"closed","template":"","meta":[],"_links":{"self":[{"href":"http:\/\/www.survival.edu.pl\/wp-index.php\/index.php?rest_route=\/wp\/v2\/pages\/98"}],"collection":[{"href":"http:\/\/www.survival.edu.pl\/wp-index.php\/index.php?rest_route=\/wp\/v2\/pages"}],"about":[{"href":"http:\/\/www.survival.edu.pl\/wp-index.php\/index.php?rest_route=\/wp\/v2\/types\/page"}],"author":[{"embeddable":true,"href":"http:\/\/www.survival.edu.pl\/wp-index.php\/index.php?rest_route=\/wp\/v2\/users\/2"}],"replies":[{"embeddable":true,"href":"http:\/\/www.survival.edu.pl\/wp-index.php\/index.php?rest_route=%2Fwp%2Fv2%2Fcomments&post=98"}],"version-history":[{"count":20,"href":"http:\/\/www.survival.edu.pl\/wp-index.php\/index.php?rest_route=\/wp\/v2\/pages\/98\/revisions"}],"predecessor-version":[{"id":5431,"href":"http:\/\/www.survival.edu.pl\/wp-index.php\/index.php?rest_route=\/wp\/v2\/pages\/98\/revisions\/5431"}],"up":[{"embeddable":true,"href":"http:\/\/www.survival.edu.pl\/wp-index.php\/index.php?rest_route=\/wp\/v2\/pages\/84"}],"wp:attachment":[{"href":"http:\/\/www.survival.edu.pl\/wp-index.php\/index.php?rest_route=%2Fwp%2Fv2%2Fmedia&parent=98"}],"curies":[{"name":"wp","href":"https:\/\/api.w.org\/{rel}","templated":true}]}}