{"id":971,"date":"2012-10-18T09:56:48","date_gmt":"2012-10-18T07:56:48","guid":{"rendered":"http:\/\/www.survival.edu.pl\/wp-index.php\/?page_id=971"},"modified":"2017-10-09T12:28:23","modified_gmt":"2017-10-09T10:28:23","slug":"glod","status":"publish","type":"page","link":"http:\/\/www.survival.edu.pl\/wp-index.php\/?page_id=971","title":{"rendered":"G\u0142\u00f3d"},"content":{"rendered":"<p style=\"text-align: justify;\">Opowiem o czym\u015b, o czym nie spodziewacie si\u0119 przeczyta\u0107. \u017byjemy w takim miejscu na naszej planecie, \u017ce g\u0142\u00f3d nam specjalnie nie grozi. Owszem, na skutek naszego zaniedbania lub szczeg\u00f3lnych brak\u00f3w finansowych, mo\u017cemy by\u0107 niedo\u017cywieni lub mie\u0107 znacz\u0105ce braki jakiego\u015b sk\u0142adnika w organizmie. W obu przypadkach \u2014\u00a0je\u017celi nadal mieszkamy w\u015br\u00f3d ludzi, w miejscach ma\u0142o oddalonych od cywilizacji, trudno jest m\u00f3wi\u0107 o g\u0142odzie, tym chronicznym. Mam na my\u015bli bowiem <span style=\"color: #ff9900;\">g\u0142\u00f3d d\u0142ugotrwa\u0142y, os\u0142abiaj\u0105cy i niszcz\u0105cy<\/span>. Pozwol\u0119 sobie tu wspomnie\u0107 g\u0142\u00f3d obl\u0119\u017conego miasta (np. Piotrogr\u00f3d) lub g\u0142\u00f3d powszechny (jak g\u0142\u00f3d na Ukrainie).<\/p>\n<p style=\"text-align: justify;\">Jak wspomnia\u0142em, g\u0142\u00f3d w naszych warunkach mo\u017ce by\u0107 \u0142atwo opanowany, chyba \u017ce kto\u015b ma ewidentny problem z\u00a0prze\u0142amaniem si\u0119, aby je\u015b\u0107 to, czego nie zjad\u0142by w czasach zasobnego portfela i przestrzegania <em>bon tonu<\/em>.<\/p>\n<hr width=\"50%\" \/>\n<p style=\"text-align: justify;\">Istnieje g\u0142\u00f3d czasowy. Faktycznie nazywajmy go tak jak nale\u017cy: <span style=\"color: #ff9900;\">chwilowe poczucie g\u0142odu<\/span>. To ten w\u0142a\u015bnie moment, kiedy powinni\u015bmy ju\u017c by\u0107 po obiedzie, ale jeszcze nie jeste\u015bmy. Ma on dwa aspekty: fizjologiczny oraz psychiczny. Pierwszy ma zwi\u0105zek z sygna\u0142ami organizmu, \u017ce poziom substancji od\u017cywczych we krwi jest obni\u017cony, za\u015b przew\u00f3d pokarmowy z \u017co\u0142\u0105dkiem na czele s\u0105 ju\u017c od d\u0142u\u017cszego czasu w gotowo\u015bci do trawienia, co nadal nie nast\u0119puje. \u015awiadomo\u015b\u0107 wie, \u017ce poczucie g\u0142odu jest jedynie czasowe (jako, \u017ce&#8230; to zwyczajnie wiadomo) i nie istnieje \u017caden powa\u017cny pow\u00f3d, aby to mia\u0142o nadal trwa\u0107 i budzi\u0107 podenerwowanie z tytu\u0142u dyskomfortu&#8230;<\/p>\n<hr width=\"50%\" \/>\n<p style=\"text-align: justify;\">Sam uwa\u017cam, \u017ce demonstrowanie poczucia g\u0142odu ma swoje uzasadnienie w komunikacji spo\u0142ecznej, kiedy chcemy swym bli\u017anim przekaza\u0107, \u017ce w\u0142a\u015bnie czujemy to samo co oni (sygnalizowanie poczucia wsp\u00f3lnoty) lub zaznaczy\u0107 sw\u00f3j odr\u0119bny status (jako nieszcz\u0119\u015bnika, ofiary, niezaradnego dziecka) przez ukazanie, \u017ce np. <span style=\"color: #ffffff;\"><em>&#8222;wy jeste\u015bcie najedzeni a ja nie; nie my\u015blicie o mnie&#8221;<\/em><\/span>&#8230; Jakby tego nie ujmowa\u0107, ta druga wersja jest mi niemi\u0142a. Zw\u0142aszcza, \u017ce mam w g\u0142owie owo spostrze\u017cenie r\u00f3\u017cni\u0105ce jednego g\u0142odnego od drugiego&#8230;<\/p>\n<p>&nbsp;<\/p>\n","protected":false},"excerpt":{"rendered":"<p>Opowiem o czym\u015b, o czym nie spodziewacie si\u0119 przeczyta\u0107. \u017byjemy w takim miejscu na naszej planecie, \u017ce g\u0142\u00f3d nam specjalnie nie grozi. Owszem, na skutek naszego zaniedbania lub szczeg\u00f3lnych brak\u00f3w finansowych, mo\u017cemy by\u0107 niedo\u017cywieni lub mie\u0107 znacz\u0105ce braki jakiego\u015b sk\u0142adnika &hellip; <a class=\"more-link\" href=\"http:\/\/www.survival.edu.pl\/wp-index.php\/?page_id=971\">Czytaj dalej <span class=\"meta-nav\">&rarr;<\/span><\/a><\/p>\n","protected":false},"author":2,"featured_media":0,"parent":957,"menu_order":0,"comment_status":"closed","ping_status":"closed","template":"","meta":[],"_links":{"self":[{"href":"http:\/\/www.survival.edu.pl\/wp-index.php\/index.php?rest_route=\/wp\/v2\/pages\/971"}],"collection":[{"href":"http:\/\/www.survival.edu.pl\/wp-index.php\/index.php?rest_route=\/wp\/v2\/pages"}],"about":[{"href":"http:\/\/www.survival.edu.pl\/wp-index.php\/index.php?rest_route=\/wp\/v2\/types\/page"}],"author":[{"embeddable":true,"href":"http:\/\/www.survival.edu.pl\/wp-index.php\/index.php?rest_route=\/wp\/v2\/users\/2"}],"replies":[{"embeddable":true,"href":"http:\/\/www.survival.edu.pl\/wp-index.php\/index.php?rest_route=%2Fwp%2Fv2%2Fcomments&post=971"}],"version-history":[{"count":13,"href":"http:\/\/www.survival.edu.pl\/wp-index.php\/index.php?rest_route=\/wp\/v2\/pages\/971\/revisions"}],"predecessor-version":[{"id":5991,"href":"http:\/\/www.survival.edu.pl\/wp-index.php\/index.php?rest_route=\/wp\/v2\/pages\/971\/revisions\/5991"}],"up":[{"embeddable":true,"href":"http:\/\/www.survival.edu.pl\/wp-index.php\/index.php?rest_route=\/wp\/v2\/pages\/957"}],"wp:attachment":[{"href":"http:\/\/www.survival.edu.pl\/wp-index.php\/index.php?rest_route=%2Fwp%2Fv2%2Fmedia&parent=971"}],"curies":[{"name":"wp","href":"https:\/\/api.w.org\/{rel}","templated":true}]}}