{"id":7565,"date":"2019-10-28T21:55:03","date_gmt":"2019-10-28T19:55:03","guid":{"rendered":"http:\/\/www.survival.edu.pl\/wp-index.php\/?page_id=7565"},"modified":"2019-10-28T22:04:33","modified_gmt":"2019-10-28T20:04:33","slug":"survivalowy-kurs","status":"publish","type":"page","link":"http:\/\/www.survival.edu.pl\/wp-index.php\/?page_id=7565","title":{"rendered":"Survivalowy kurs"},"content":{"rendered":"\n<p class=\"has-text-color has-luminous-vivid-amber-color\">Moja bardzo osobista uwaga: kiedy ju\u017c marzy Ci si\u0119 survivalowe my\u015blenie, no i w og\u00f3le <em>&#8222;bycie survivalowcem&#8221;<\/em>, to zacznij od my\u015blenia\u2026<br> Kiedy ju\u017c poczujesz si\u0119 w tym silnym, kiedy poczujesz o co chodzi w survivalu, kiedy b\u0119dziesz wiedzia\u0142, \u017ce wcale nie chcesz by\u0107 Rozpalaczem Ognia, ani Budowaczem Schronie\u0144, ani Mistrzem No\u017ca, ani Cz\u0142ekiem Lasu, tylko b\u0119dziesz chcia\u0142 sprawnie radzi\u0107 sobie z problemami w \u017cyciu \u2014 zacznij si\u0119 doskonali\u0107 dodatkowo. <\/p>\n\n\n\n<p>Znam takich, kt\u00f3rych przygoda survivalowa, ta prawdziwa, kt\u00f3ra by\u0142a \u017cyciowym egzaminem, wcale nie zdarzy\u0142a si\u0119 w lesie. Nie trzeba by\u0142o rozpala\u0107 ognia i budowa\u0107 sza\u0142asu. Ale kiedy ju\u017c umiesz my\u015ble\u0107, to teraz znajd\u017a dla siebie Mistrza Rozpalania Ognia, bo jego nauki mog\u0105 Ci si\u0119 przyda\u0107; znajd\u017a sobie Mistrza Budowania Schronie\u0144 a tak\u017ce Wielkiego Znawc\u0119 Lasu, itp\u2026<\/p>\n\n\n\n<p>Ja na pewno nie jestem mistrzem tego wszystkiego. Wiem dobrze, \u017ce kiedy zaczn\u0119 rozpala\u0107 ogie\u0144 nie b\u0119d\u0119 tak doskona\u0142y, jak niekt\u00f3rzy znani mi survivalowcy. Ale dokonam tego. <\/p>\n\n\n\n<p>M\u00f3j sza\u0142as b\u0119dzie powstawa\u0142 wolniej i nie b\u0119dzie taki wspania\u0142y, ale dobrze mnie ochroni przed deszczem i zimnem. Natomiast \u2014 jak s\u0105dz\u0119 \u2014 b\u0119d\u0119 szybszy w rozumieniu sytuacji, b\u0119d\u0119 umia\u0142 prognozowac jej rozw\u00f3j, b\u0119d\u0119 przewidywa\u0142 wi\u0119kszo\u015b\u0107 w\u0142asnych dzia\u0142a\u0144, jakie b\u0119d\u0105 potrzebne. B\u0119d\u0119 m\u00f3g\u0142 to przekaza\u0107 innym ludziom, zw\u0142aszcza, \u017ce b\u0119d\u0119 odczytywa\u0142 pe\u0142nione przez nich role, b\u0119d\u0119 rozumia\u0142 ich l\u0119ki i niemo\u017cno\u015bci. Ale razem sobie poradzimy\u2026<\/p>\n\n\n\n<p>Tylko nie zapisuj si\u0119 na zdalny kurs survivalu on-line.<\/p>\n\n\n\n<p><\/p>\n\n\n\n<p><\/p>\n\n\n\n<p><\/p>\n","protected":false},"excerpt":{"rendered":"<p>Moja bardzo osobista uwaga: kiedy ju\u017c marzy Ci si\u0119 survivalowe my\u015blenie, no i w og\u00f3le &#8222;bycie survivalowcem&#8221;, to zacznij od my\u015blenia\u2026 Kiedy ju\u017c poczujesz si\u0119 w tym silnym, kiedy poczujesz o co chodzi w survivalu, kiedy b\u0119dziesz wiedzia\u0142, \u017ce wcale &hellip; <a class=\"more-link\" href=\"http:\/\/www.survival.edu.pl\/wp-index.php\/?page_id=7565\">Czytaj dalej <span class=\"meta-nav\">&rarr;<\/span><\/a><\/p>\n","protected":false},"author":2,"featured_media":0,"parent":6524,"menu_order":0,"comment_status":"closed","ping_status":"closed","template":"","meta":[],"_links":{"self":[{"href":"http:\/\/www.survival.edu.pl\/wp-index.php\/index.php?rest_route=\/wp\/v2\/pages\/7565"}],"collection":[{"href":"http:\/\/www.survival.edu.pl\/wp-index.php\/index.php?rest_route=\/wp\/v2\/pages"}],"about":[{"href":"http:\/\/www.survival.edu.pl\/wp-index.php\/index.php?rest_route=\/wp\/v2\/types\/page"}],"author":[{"embeddable":true,"href":"http:\/\/www.survival.edu.pl\/wp-index.php\/index.php?rest_route=\/wp\/v2\/users\/2"}],"replies":[{"embeddable":true,"href":"http:\/\/www.survival.edu.pl\/wp-index.php\/index.php?rest_route=%2Fwp%2Fv2%2Fcomments&post=7565"}],"version-history":[{"count":4,"href":"http:\/\/www.survival.edu.pl\/wp-index.php\/index.php?rest_route=\/wp\/v2\/pages\/7565\/revisions"}],"predecessor-version":[{"id":7570,"href":"http:\/\/www.survival.edu.pl\/wp-index.php\/index.php?rest_route=\/wp\/v2\/pages\/7565\/revisions\/7570"}],"up":[{"embeddable":true,"href":"http:\/\/www.survival.edu.pl\/wp-index.php\/index.php?rest_route=\/wp\/v2\/pages\/6524"}],"wp:attachment":[{"href":"http:\/\/www.survival.edu.pl\/wp-index.php\/index.php?rest_route=%2Fwp%2Fv2%2Fmedia&parent=7565"}],"curies":[{"name":"wp","href":"https:\/\/api.w.org\/{rel}","templated":true}]}}