{"id":7267,"date":"2019-01-18T12:01:25","date_gmt":"2019-01-18T10:01:25","guid":{"rendered":"http:\/\/www.survival.edu.pl\/wp-index.php\/?page_id=7267"},"modified":"2019-08-31T15:11:38","modified_gmt":"2019-08-31T13:11:38","slug":"rozmowa-na-lawce","status":"publish","type":"page","link":"http:\/\/www.survival.edu.pl\/wp-index.php\/?page_id=7267","title":{"rendered":"Rozmowa na \u0142awce"},"content":{"rendered":"<p>Dopadni\u0119to mnie i wymuszono. Dawno nie prze\u017cy\u0142em tak fajnego wymuszenia \u2014 mog\u0142em si\u0119 wygada\u0107. I to jak: <a href=\"https:\/\/www.youtube.com\/watch?v=RFHhfx3EtmY&amp;t=3s\" target=\"_blank\" rel=\"noopener noreferrer\"><span style=\"text-decoration: underline;\">KLIKNIJ<\/span><\/a> &#8230; o survivalu i jak go widz\u0119&#8230; ale by\u0142o te\u017c i <a href=\"https:\/\/www.youtube.com\/watch?v=Z5pouFgzjyU&amp;t=372s\" target=\"_blank\" rel=\"noopener noreferrer\"><span style=\"text-decoration: underline;\">CO\u015a TAKIEGO<\/span><\/a>&#8230; a potem jeszcze troch\u0119, tylko w innym miejscu (o psychologii nieco, lajtowo raczej, ale na serio) \u2014 <a href=\"https:\/\/www.youtube.com\/watch?v=tyBi9IkP58E\" target=\"_blank\" rel=\"noopener noreferrer\"><span style=\"text-decoration: underline;\">PROSZ\u0118 BARDZO<\/span><\/a><\/p>\n","protected":false},"excerpt":{"rendered":"<p>Dopadni\u0119to mnie i wymuszono. Dawno nie prze\u017cy\u0142em tak fajnego wymuszenia \u2014 mog\u0142em si\u0119 wygada\u0107. I to jak: KLIKNIJ &#8230; o survivalu i jak go widz\u0119&#8230; ale by\u0142o te\u017c i CO\u015a TAKIEGO&#8230; a potem jeszcze troch\u0119, tylko w innym miejscu (o &hellip; <a class=\"more-link\" href=\"http:\/\/www.survival.edu.pl\/wp-index.php\/?page_id=7267\">Czytaj dalej <span class=\"meta-nav\">&rarr;<\/span><\/a><\/p>\n","protected":false},"author":2,"featured_media":0,"parent":5807,"menu_order":50,"comment_status":"closed","ping_status":"closed","template":"","meta":[],"_links":{"self":[{"href":"http:\/\/www.survival.edu.pl\/wp-index.php\/index.php?rest_route=\/wp\/v2\/pages\/7267"}],"collection":[{"href":"http:\/\/www.survival.edu.pl\/wp-index.php\/index.php?rest_route=\/wp\/v2\/pages"}],"about":[{"href":"http:\/\/www.survival.edu.pl\/wp-index.php\/index.php?rest_route=\/wp\/v2\/types\/page"}],"author":[{"embeddable":true,"href":"http:\/\/www.survival.edu.pl\/wp-index.php\/index.php?rest_route=\/wp\/v2\/users\/2"}],"replies":[{"embeddable":true,"href":"http:\/\/www.survival.edu.pl\/wp-index.php\/index.php?rest_route=%2Fwp%2Fv2%2Fcomments&post=7267"}],"version-history":[{"count":5,"href":"http:\/\/www.survival.edu.pl\/wp-index.php\/index.php?rest_route=\/wp\/v2\/pages\/7267\/revisions"}],"predecessor-version":[{"id":7501,"href":"http:\/\/www.survival.edu.pl\/wp-index.php\/index.php?rest_route=\/wp\/v2\/pages\/7267\/revisions\/7501"}],"up":[{"embeddable":true,"href":"http:\/\/www.survival.edu.pl\/wp-index.php\/index.php?rest_route=\/wp\/v2\/pages\/5807"}],"wp:attachment":[{"href":"http:\/\/www.survival.edu.pl\/wp-index.php\/index.php?rest_route=%2Fwp%2Fv2%2Fmedia&parent=7267"}],"curies":[{"name":"wp","href":"https:\/\/api.w.org\/{rel}","templated":true}]}}