{"id":7256,"date":"2019-01-15T18:35:48","date_gmt":"2019-01-15T16:35:48","guid":{"rendered":"http:\/\/www.survival.edu.pl\/wp-index.php\/?page_id=7256"},"modified":"2021-02-07T12:29:40","modified_gmt":"2021-02-07T10:29:40","slug":"ale","status":"publish","type":"page","link":"http:\/\/www.survival.edu.pl\/wp-index.php\/?page_id=7256","title":{"rendered":"Ale&#8230;"},"content":{"rendered":"<h3><span style=\"color: #ffcc00;\"><strong>Bywaj\u0105 ludzie, z kt\u00f3rymi wymiany my\u015bli nie lubi\u0119 \u2014 zawsze mam poczucie, \u017ce na tym trac\u0119&#8230;<\/strong><\/span><\/h3>\n<p style=\"text-align: right;\">(na podstawie wypowiedzi Antoniego S\u0142onimskiego)<\/p>\n<hr \/>\n<p>Mia\u0142em nadziej\u0119, \u017ce tego nie trzeba wyja\u015bnia\u0107, ale&#8230; trzeba. Z\u0142odziejstwo istnieje od dawna, zatem traktuj\u0119 je jako zjawisko naturalne. Nie denerwuj\u0119 si\u0119 za nadto: co\u015b by\u0142o, ale teraz nie ma. Kupi\u0119 sobie nowe.<\/p>\n<p style=\"text-align: justify;\">Jak z kim\u015b rozmawiam i kto\u015b pyta, czy mo\u017ce z tej mojej koncepcji skorzysta\u0107, to zapewne nie odm\u00f3wi\u0119. Ale nie znosz\u0119 kradzie\u017cy.<\/p>\n<p style=\"text-align: justify;\">W\u0142asno\u015b\u0107 intelektualna ma szczeg\u00f3lne znaczenie. Je\u015bli post\u0119puj\u0119 w \u017cyciu na podstawie tego, co ja w \u017cyciu zrozumia\u0142em \u2014 jest to moje. Je\u015bli to opublikowa\u0142em dla innych, to mo\u017cna u\u017cywa\u0107 bez stresu. Je\u017celi jednak si\u0119 to w\u0142a\u015bnie wzi\u0119te od kogo\u015b samemu publikuje, to wypada poda\u0107 \u017ar\u00f3d\u0142o. Je\u015bli si\u0119 co\u015b zebranego u innych opublikowa\u0142o si\u0119 jako &#8222;ludow\u0105 m\u0105dro\u015b\u0107&#8221; (niby \u017ce niczyje), to przynajmniej warto co\u015b jeszcze poczyta\u0107, by dowiedzie\u0107, \u017ce to cytowane-niecytowane bywa ju\u017c passe. Bo na przyk\u0142ad ja potrafi\u0119 zakomunikowa\u0107, \u017ce m\u00f3j stary pogl\u0105d, przemy\u015blany, znalaz\u0142 u mnie lepsz\u0105 wersj\u0119, czyli \u017ce jest ju\u017c nieaktualny&#8230;<\/p>\n<hr \/>\n<p>Dosta\u0142em w prezencie, w r\u00f3\u017cnym czasie, trzy wypowiedzi na temat mojego funkcjonowania. Ka\u017cda pochodzi z innego \u017ar\u00f3d\u0142a (mojej przynale\u017cno\u015bci do jakiej\u015b grupy). Zastanawiam si\u0119, jak to mog\u0142o wygl\u0105da\u0107&#8230;<\/p>\n<p><em>&#8222;Kwiatek by\u0142 typem podobnym do Lipy (dyrektora). Obaj mieli potrzeb\u0119 wspinania si\u0119 wy\u017cej. Poza tym r\u00f3\u017cnic mi\u0119dzy nimi by\u0142o bardzo du\u017co, ale przez nas (wychowawc\u00f3w) mocno zauwa\u017calna by\u0142a ta jedna \u2014 Lipa lubi\u0142 wspina\u0107 si\u0119 po to, \u017ceby mie\u0107 satysfakcj\u0119 z tego, \u017ce patrzy na nas z tak wysoka; Kwiatka ci\u0105gn\u0119\u0142o na wy\u017cyny, bo taka by\u0142a jego natura, tyle, \u017ce on stara\u0142 si\u0119 nas wci\u0105ga\u0107 za sob\u0105 na szczyt\u2026&#8221;<br \/>\n&#8222;Postanowi\u0142em napisa\u0107 Ci to, co powiedzia\u0142 mi Jarek na dwa miesi\u0105ce przed tym, jak si\u0119 przeni\u00f3s\u0142 do Krainy Wiecznych \u0141ow\u00f3w. Sam wiedzia\u0142em o tym, jak bardzo nas wspiera\u0142e\u015b. Niewielu to rozumia\u0142o, bo w ich poj\u0119ciu ka\u017cdy pracowa\u0142 na samego siebie i po to \u017ceby Lipa ich widzia\u0142 w jak najlepszym \u015bwietle, a kiedy ich nie widzia\u0142, to olewali wszystko. Uwa\u017cali, \u017ce jeste\u015b szurni\u0119ty. Teraz, kiedy rozwalono O\u015brodek, postanowi\u0142em Ci przekaza\u0107, \u017ce bez Ciebie ta praca by\u0142aby przesrana.&#8221; <span style=\"color: #800000;\"><strong> (pocz\u0105tek wieku XXI) <\/strong><\/span><\/em><span style=\"color: #800000;\"><strong>Wychowawca z MOW \u0141\u00f3d\u017a<\/strong><\/span><\/p>\n<p><em>&#8222;Krisek d\u0105\u017cy\u0142 do tego, \u017ceby si\u0119 rozwija\u0107 i tym w\u0142asnym rozwini\u0119ciem zach\u0119ca\u0107 innych. Kiedy odszed\u0142 z prezesowania, ka\u017cdy w sumie kombinowa\u0142 sam \u2014 lepiej lub gorzej, ale my\u015bl przewodnia pozosta\u0142a ta sama, tyle, \u017ce bez Kriska by\u0142a jaka\u015b taka jakby tylko symboliczna? Krisek potrafi\u0142 inspirowa\u0107, nawet samego siebie <\/em>&#x1f60a;<em>&#8222;<span style=\"color: #800000;\"><strong> (2016)<\/strong><\/span>\u00a0<\/em><span style=\"color: #800000;\"><strong>SPSS<\/strong><\/span><\/p>\n<p><em>&#8222;Poniewa\u017c znam Ci\u0119 d\u0142u\u017cej ni\u017c oni wszyscy, to powiem tak: kiedy \u201eby\u0142e\u015b razem\u201d, to wszyscy mieli poczucie, \u017ce stawiasz za du\u017ce wymagania, nie nie nie \u2014 \u017ce masz za du\u017ce oczekiwania, a oni nie poradz\u0105 sobie z tym. Bali si\u0119, \u017ce dostan\u0105 zadanie z tej dzia\u0142ki, kt\u00f3rej nie znaj\u0105. Nigdy nie pomy\u015bleli, \u017ce nie zostawisz ich z tym samych. Ch\u0142opaki z o\u015brodka byli od Ciebie kilka pi\u0119ter ni\u017cej, wi\u0119c nie obawiali si\u0119, \u017ce to b\u0119dzie dla nich wstyd. Ale &#8222;nasi&#8221; chcieli si\u0119 czu\u0107 mistrzami, ale mieli z tym k\u0142opot, bo zawsze im ucieka\u0142e\u015b. W ich poj\u0119ciu. Bo Ty nie mia\u0142e\u015b prza\u015bnych pomys\u0142\u00f3w, za\u015b oni potrafili dzia\u0142a\u0107 wy\u0142\u0105cznie prza\u015bnie. Jak wi\u0119c mogli do Ciebie si\u0119 pod\u0142\u0105czy\u0107? Znika\u0142e\u015b szybko za horyzontem. A faktycznie, od innych \u201e\u015bcigaczy\u201d r\u00f3\u017cni\u0142e\u015b si\u0119 tym, \u017ce za tym horyzontem Ty jednak potrafi\u0142e\u015b poczeka\u0107 na pozosta\u0142ych. Ale tylko niekt\u00f3rzy zrozumieli o co tu chodzi.&#8221; <span style=\"color: #800000;\"><strong>(2017) <\/strong><\/span><\/em><span style=\"color: #800000;\"><strong>Tw\u00f3j Prawie Bli\u017aniak w Duchu, mam nadziej\u0119\u00a0<\/strong><\/span><\/p>\n","protected":false},"excerpt":{"rendered":"<p>Bywaj\u0105 ludzie, z kt\u00f3rymi wymiany my\u015bli nie lubi\u0119 \u2014 zawsze mam poczucie, \u017ce na tym trac\u0119&#8230; (na podstawie wypowiedzi Antoniego S\u0142onimskiego) Mia\u0142em nadziej\u0119, \u017ce tego nie trzeba wyja\u015bnia\u0107, ale&#8230; trzeba. Z\u0142odziejstwo istnieje od dawna, zatem traktuj\u0119 je jako zjawisko naturalne. &hellip; <a class=\"more-link\" href=\"http:\/\/www.survival.edu.pl\/wp-index.php\/?page_id=7256\">Czytaj dalej <span class=\"meta-nav\">&rarr;<\/span><\/a><\/p>\n","protected":false},"author":2,"featured_media":0,"parent":1252,"menu_order":100,"comment_status":"closed","ping_status":"closed","template":"","meta":[],"_links":{"self":[{"href":"http:\/\/www.survival.edu.pl\/wp-index.php\/index.php?rest_route=\/wp\/v2\/pages\/7256"}],"collection":[{"href":"http:\/\/www.survival.edu.pl\/wp-index.php\/index.php?rest_route=\/wp\/v2\/pages"}],"about":[{"href":"http:\/\/www.survival.edu.pl\/wp-index.php\/index.php?rest_route=\/wp\/v2\/types\/page"}],"author":[{"embeddable":true,"href":"http:\/\/www.survival.edu.pl\/wp-index.php\/index.php?rest_route=\/wp\/v2\/users\/2"}],"replies":[{"embeddable":true,"href":"http:\/\/www.survival.edu.pl\/wp-index.php\/index.php?rest_route=%2Fwp%2Fv2%2Fcomments&post=7256"}],"version-history":[{"count":18,"href":"http:\/\/www.survival.edu.pl\/wp-index.php\/index.php?rest_route=\/wp\/v2\/pages\/7256\/revisions"}],"predecessor-version":[{"id":7709,"href":"http:\/\/www.survival.edu.pl\/wp-index.php\/index.php?rest_route=\/wp\/v2\/pages\/7256\/revisions\/7709"}],"up":[{"embeddable":true,"href":"http:\/\/www.survival.edu.pl\/wp-index.php\/index.php?rest_route=\/wp\/v2\/pages\/1252"}],"wp:attachment":[{"href":"http:\/\/www.survival.edu.pl\/wp-index.php\/index.php?rest_route=%2Fwp%2Fv2%2Fmedia&parent=7256"}],"curies":[{"name":"wp","href":"https:\/\/api.w.org\/{rel}","templated":true}]}}