{"id":715,"date":"2012-10-12T09:37:36","date_gmt":"2012-10-12T07:37:36","guid":{"rendered":"http:\/\/www.survival.edu.pl\/wp-index.php\/?page_id=715"},"modified":"2019-03-05T11:08:42","modified_gmt":"2019-03-05T09:08:42","slug":"survival-wysokiego-poziomu","status":"publish","type":"page","link":"http:\/\/www.survival.edu.pl\/wp-index.php\/?page_id=715","title":{"rendered":"Survival wysokiego poziomu"},"content":{"rendered":"<p style=\"text-align: justify;\"><a href=\"http:\/\/www.survival.edu.pl\/wp-content\/uploads\/2012\/09\/need-head.jpg\"><img loading=\"lazy\" class=\"alignright\" title=\"caput indigebat\" src=\"http:\/\/www.survival.edu.pl\/wp-content\/uploads\/2012\/09\/need-head-150x150.jpg\" alt=\"potrzebna g\u0142owa\" width=\"58\" height=\"58\" \/><\/a>Podstawowy etap edukacji szkolnej zawiera w sobie wiedz\u0119 o energii, o dzia\u0142aj\u0105cych si\u0142ach, o ruchu, o\u00a0przyci\u0105ganiu i odpychaniu, o tarciu, o\u00a0elektryczno\u015bci, o optyce, o d\u017awi\u0119ku&#8230;\u00a0Podstawowa wiedza fizyczna wi\u0105\u017ce si\u0119 niewidzialnymi ni\u0107mi z podstawow\u0105 wiedz\u0105 chemiczn\u0105 oraz biologiczn\u0105. W tym \u2014\u00a0z\u00a0fizjologi\u0105 cz\u0142owieka. Jest tu zatem\u00a0chemia i fizjologia zwi\u0105zanej z ruchem cia\u0142a, wykonywan\u0105 prac\u0105, zm\u0119czeniem i wytrzyma\u0142o\u015bci\u0105&#8230;<\/p>\n<p style=\"text-align: justify;\">Survival w swoim g\u0142\u00f3wnym dzia\u0142aniu \u2014\u00a0czerpie z tej wiedzy gar\u015bciami. Ma\u0142o tego, to w\u0142a\u015bnie ta podstawowa wiedza czyni survivalowca skutecznym w dzia\u0142aniu wobec niebezpiecze\u0144stw.<\/p>\n<hr width=\"50%\" \/>\n<p style=\"text-align: justify;\"><span style=\"color: #ffffff;\">Tymczasem&#8230; istnieje te\u017c fizyka kwantowa&#8230; S\u0105 mikroskopy. I mikrochirurgia o jakiej nigdy si\u0119 nie \u015bni\u0142o. Jest teleskop Huble&#8217;a. S\u0105 endoprotezy. Jest akcelerator cz\u0105stek. M\u00f3zg ma swoje specjalizowane obszary, w starczym wieku mog\u0105 powstawa\u0107 zupe\u0142nie nowe po\u0142\u0105czenia neuron\u00f3w. Neurony bli\u017aniacze tworz\u0105 nowe rzeczywisto\u015bci&#8230; Nie\u00a0urojone, ale realne.<\/span><\/p>\n<p style=\"text-align: justify;\">Je\u015bli kto\u015b nigdy nie wzi\u0105\u0142 do r\u0119ki\u00a0wiertarki, raczej nie wype\u0142ni zadania, w kt\u00f3rym wiertarka jest niezb\u0119dna. <span style=\"color: #ff9900;\">Survival wysokiego poziomu jest tym zadaniem stoj\u0105cym przed ka\u017cdym z nas, w kt\u00f3rym materia\u0142em i narz\u0119dziem jeste\u015bmy my sami osobi\u015bcie<\/span>. Oczywi\u015bcie, \u017ce nikt nie musi niczego robi\u0107 na si\u0142\u0119. To podstawowe prawo survivalu.<\/p>\n<hr width=\"50%\" \/>\n<p style=\"text-align: justify;\">St\u0105d my\u015bl, \u017ce mo\u017ce warto si\u0119 zastanowi\u0107, \u017ce je\u015bli si\u0119 zajmujemy <span style=\"color: #ff9900;\">jakim\u015b<\/span> survivalem, to czy jest to <em>&#8222;co\u015b co mi si\u0119 podoba i lubi\u0119 to robi\u0107&#8221;<\/em>, czy mo\u017ce jest to\u00a0<span style=\"color: #ff9900;\">sama esencja survivalu<\/span>, czy te\u017c\u00a0\u2014 istnieje jeszcze co\u015b, czego jeszcze nie ogarn\u0119li\u015bmy. Bo dla wielu &#8222;otoczka&#8221; bywa czasem wa\u017cniejsza od &#8222;\u015brodka&#8221;.<\/p>\n<p style=\"text-align: justify;\">Lub odwrotnie&#8230;<\/p>\n","protected":false},"excerpt":{"rendered":"<p>Podstawowy etap edukacji szkolnej zawiera w sobie wiedz\u0119 o energii, o dzia\u0142aj\u0105cych si\u0142ach, o ruchu, o\u00a0przyci\u0105ganiu i odpychaniu, o tarciu, o\u00a0elektryczno\u015bci, o optyce, o d\u017awi\u0119ku&#8230;\u00a0Podstawowa wiedza fizyczna wi\u0105\u017ce si\u0119 niewidzialnymi ni\u0107mi z podstawow\u0105 wiedz\u0105 chemiczn\u0105 oraz biologiczn\u0105. W tym \u2014\u00a0z\u00a0fizjologi\u0105 &hellip; <a class=\"more-link\" href=\"http:\/\/www.survival.edu.pl\/wp-index.php\/?page_id=715\">Czytaj dalej <span class=\"meta-nav\">&rarr;<\/span><\/a><\/p>\n","protected":false},"author":2,"featured_media":0,"parent":7,"menu_order":1000,"comment_status":"closed","ping_status":"closed","template":"","meta":[],"_links":{"self":[{"href":"http:\/\/www.survival.edu.pl\/wp-index.php\/index.php?rest_route=\/wp\/v2\/pages\/715"}],"collection":[{"href":"http:\/\/www.survival.edu.pl\/wp-index.php\/index.php?rest_route=\/wp\/v2\/pages"}],"about":[{"href":"http:\/\/www.survival.edu.pl\/wp-index.php\/index.php?rest_route=\/wp\/v2\/types\/page"}],"author":[{"embeddable":true,"href":"http:\/\/www.survival.edu.pl\/wp-index.php\/index.php?rest_route=\/wp\/v2\/users\/2"}],"replies":[{"embeddable":true,"href":"http:\/\/www.survival.edu.pl\/wp-index.php\/index.php?rest_route=%2Fwp%2Fv2%2Fcomments&post=715"}],"version-history":[{"count":29,"href":"http:\/\/www.survival.edu.pl\/wp-index.php\/index.php?rest_route=\/wp\/v2\/pages\/715\/revisions"}],"predecessor-version":[{"id":7281,"href":"http:\/\/www.survival.edu.pl\/wp-index.php\/index.php?rest_route=\/wp\/v2\/pages\/715\/revisions\/7281"}],"up":[{"embeddable":true,"href":"http:\/\/www.survival.edu.pl\/wp-index.php\/index.php?rest_route=\/wp\/v2\/pages\/7"}],"wp:attachment":[{"href":"http:\/\/www.survival.edu.pl\/wp-index.php\/index.php?rest_route=%2Fwp%2Fv2%2Fmedia&parent=715"}],"curies":[{"name":"wp","href":"https:\/\/api.w.org\/{rel}","templated":true}]}}