{"id":7,"date":"2012-06-24T18:30:34","date_gmt":"2012-06-24T18:30:34","guid":{"rendered":"http:\/\/www.survival.edu.pl\/?page_id=7"},"modified":"2016-11-30T21:57:05","modified_gmt":"2016-11-30T19:57:05","slug":"abc-surwiwalu","status":"publish","type":"page","link":"http:\/\/www.survival.edu.pl\/wp-index.php\/?page_id=7","title":{"rendered":"ABC survivalu"},"content":{"rendered":"<p style=\"text-align: justify;\"><img loading=\"lazy\" class=\"alignright\" title=\"caput indigebat\" src=\"http:\/\/www.survival.edu.pl\/wp-content\/uploads\/2012\/09\/need-head-150x150.jpg\" alt=\"potrzebna g\u0142owa\" width=\"58\" height=\"58\" \/>Nie jestem do ko\u0144ca przekonany, czy na pewno znajdziecie tu pe\u0142ne i doskona\u0142e ABC. Pr\u00f3buj\u0119 tylko dostarczy\u0107 wiedz\u0119, kt\u00f3ra mo\u017ce okaza\u0107 si\u0119 przydatna. Po prostu wierz\u0119, \u017ce sami sobie uzupe\u0142nicie informacje i wzbogacicie je w\u0142asnym do\u015bwiadczeniem. Zreszt\u0105 sporo ju\u017c ich macie&#8230;<\/p>\n<p style=\"text-align: justify;\">Mam w\u0142asn\u0105 wizj\u0119 sztuki przetrwania i nierzadko w og\u00f3le nie pasuj\u0119 do tych najbardziej popularnych. W og\u00f3le nie lubi\u0119 zajmowa\u0107 si\u0119 rzeczami, kt\u00f3rymi zajmuj\u0105 si\u0119 wszyscy dooko\u0142a. Akcentuj\u0119 mocno sprawy, kt\u00f3re wi\u0105\u017c\u0105 si\u0119 z\u00a0funkcjonowaniem cz\u0142owieka, a nie wy\u0142\u0105cznie z technikami i\u00a0narz\u0119dziami. Wiem, \u017ce cz\u0142owiek sprawnie funkcjonuj\u0105cy i nieustannie gromadz\u0105cy wiedz\u0119 przyrodnicz\u0105, rozwijaj\u0105cy na tej podstawie swoj\u0105 kreatywno\u015b\u0107 jest w\u00a0stanie niemal na poczekaniu wytworzy\u0107 nowe techniki i nowe narz\u0119dzia.<\/p>\n<p><img loading=\"lazy\" class=\"size-full wp-image-2772 alignnone\" src=\"http:\/\/www.survival.edu.pl\/wp-content\/uploads\/DSC03922.jpg\" alt=\"DSC03922\" width=\"2048\" height=\"1536\" srcset=\"http:\/\/www.survival.edu.pl\/wp-content\/uploads\/DSC03922.jpg 2048w, http:\/\/www.survival.edu.pl\/wp-content\/uploads\/DSC03922-300x225.jpg 300w, http:\/\/www.survival.edu.pl\/wp-content\/uploads\/DSC03922-768x576.jpg 768w, http:\/\/www.survival.edu.pl\/wp-content\/uploads\/DSC03922-1024x768.jpg 1024w, http:\/\/www.survival.edu.pl\/wp-content\/uploads\/DSC03922-400x300.jpg 400w\" sizes=\"(max-width: 2048px) 100vw, 2048px\" \/>Wiedz\u0105c to, co wiem \u2014\u00a0staram si\u0119 tu, na mojej stronie, prowokowa\u0107.<\/p>\n<p style=\"text-align: justify;\">Widz\u0119 to tak, \u017ce <span style=\"color: #ff9900;\">ludzkie my\u015blenie przypomina rzek\u0119<\/span>:<br \/>\nnajpierw wystrzela rado\u015bnie, podniecona i rozgadana, z jakich\u015b niewidocznych, ciemnych g\u0142\u0119bin.\u00a0P\u0142ynie wartko robi\u0105c du\u017co szumu i gromadzi w pobli\u017cu\u00a0siebie osiedla tych, kt\u00f3rzy pragn\u0105 wody.<\/p>\n<p style=\"text-align: justify;\">Potem zaczyna gromadzi\u0107 i zaw\u0142aszcza\u0107. Gryma\u015bna&#8230;<br \/>\nA ludzie staraj\u0105 si\u0119 regulowa\u0107 jej bieg, czasem stawiaj\u0105 tamy.\u00a0Rzeka tymczasem toczy ponuro bure wody, a\u00a0w\u00a0nich czasem \u015bmigaj\u0105 ryby,\u00a0ale i unosz\u0105 si\u0119 bezwolnie r\u00f3\u017cne szcz\u0105tki i truch\u0142a&#8230;<\/p>\n<p style=\"text-align: justify;\">Czasem zalega w trwaniu, bez nurtu g\u0142\u00f3wnego, czasem bez jakiegokolwiek dop\u0142ywu,\u00a0podgniwaj\u0105c, wypuszczaj\u0105c smrodliwe b\u0105ble fermentacji, bagniej\u0105c&#8230;<\/p>\n<p style=\"text-align: justify;\">Dla siebie znalaz\u0142em t\u0119 form\u0119, z kt\u00f3rej wyp\u0142ywa my\u015bl, \u017ce powinienem m\u00f3c dostarcza\u0107 czystej wody,\u00a0cho\u0107 cz\u0119sto porw\u0119 to czy tamto, podmyj\u0119 brzeg. Nie wiem jak bardzo jestem niezno\u015bny i krn\u0105brny.\u00a0Na pewno nie chc\u0119 jednak by\u0107 bagniskiem&#8230;<\/p>\n<hr \/>\n<p style=\"text-align: justify;\"><span style=\"color: #ffffff;\">Jest kwestia, kt\u00f3ra mnie wszelako dr\u0119czy, gdy my\u015bl\u0119 o mocnych argumentach my\u015bli przetrwaniowej i zdobywaniu tej wiedzy. Mo\u017cna przygotowa\u0107 nies\u0142ychanie z\u0142o\u017cone, m\u0105dre i kosztowne szkolenie dla ps\u00f3w, a w jego wyniku chwali\u0107 si\u0119 rezultatami i pokazywa\u0107 psy siedz\u0105ce w rz\u0119dzie, wed\u0142ug rozmiar\u00f3w, w tej samej pozie, patrz\u0105ce w\u00a0oczy swego pana z oczekiwaniem na polecenie&#8230; Ale i tak kto\u015b mo\u017ce nagle z boku wrzuci\u0107 pomi\u0119dzy nie cudownie woniej\u0105c\u0105 ko\u015b\u0107&#8230;<\/span><br \/>\n<span style=\"color: #ffffff;\"> Albo kota&#8230;<\/span><\/p>\n","protected":false},"excerpt":{"rendered":"<p>Nie jestem do ko\u0144ca przekonany, czy na pewno znajdziecie tu pe\u0142ne i doskona\u0142e ABC. Pr\u00f3buj\u0119 tylko dostarczy\u0107 wiedz\u0119, kt\u00f3ra mo\u017ce okaza\u0107 si\u0119 przydatna. Po prostu wierz\u0119, \u017ce sami sobie uzupe\u0142nicie informacje i wzbogacicie je w\u0142asnym do\u015bwiadczeniem. Zreszt\u0105 sporo ju\u017c ich &hellip; <a class=\"more-link\" href=\"http:\/\/www.survival.edu.pl\/wp-index.php\/?page_id=7\">Czytaj dalej <span class=\"meta-nav\">&rarr;<\/span><\/a><\/p>\n","protected":false},"author":2,"featured_media":0,"parent":0,"menu_order":100,"comment_status":"closed","ping_status":"closed","template":"","meta":[],"_links":{"self":[{"href":"http:\/\/www.survival.edu.pl\/wp-index.php\/index.php?rest_route=\/wp\/v2\/pages\/7"}],"collection":[{"href":"http:\/\/www.survival.edu.pl\/wp-index.php\/index.php?rest_route=\/wp\/v2\/pages"}],"about":[{"href":"http:\/\/www.survival.edu.pl\/wp-index.php\/index.php?rest_route=\/wp\/v2\/types\/page"}],"author":[{"embeddable":true,"href":"http:\/\/www.survival.edu.pl\/wp-index.php\/index.php?rest_route=\/wp\/v2\/users\/2"}],"replies":[{"embeddable":true,"href":"http:\/\/www.survival.edu.pl\/wp-index.php\/index.php?rest_route=%2Fwp%2Fv2%2Fcomments&post=7"}],"version-history":[{"count":37,"href":"http:\/\/www.survival.edu.pl\/wp-index.php\/index.php?rest_route=\/wp\/v2\/pages\/7\/revisions"}],"predecessor-version":[{"id":4079,"href":"http:\/\/www.survival.edu.pl\/wp-index.php\/index.php?rest_route=\/wp\/v2\/pages\/7\/revisions\/4079"}],"wp:attachment":[{"href":"http:\/\/www.survival.edu.pl\/wp-index.php\/index.php?rest_route=%2Fwp%2Fv2%2Fmedia&parent=7"}],"curies":[{"name":"wp","href":"https:\/\/api.w.org\/{rel}","templated":true}]}}