{"id":6524,"date":"2018-02-03T13:18:25","date_gmt":"2018-02-03T11:18:25","guid":{"rendered":"http:\/\/www.survival.edu.pl\/wp-index.php\/?page_id=6524"},"modified":"2018-02-03T13:21:24","modified_gmt":"2018-02-03T11:21:24","slug":"survivalowe-myslenie","status":"publish","type":"page","link":"http:\/\/www.survival.edu.pl\/wp-index.php\/?page_id=6524","title":{"rendered":"Survivalowe my\u015blenie"},"content":{"rendered":"<p>My\u015blenie survivalowe?<br \/>\nCo\u015b, do czego trzeba d\u0105\u017cy\u0107. Co\u015b, na co trzeba zwa\u017ca\u0107, by potem mam si\u0119 nie pomyli\u0142o ze &#8222;starym my\u015bleniem&#8221;.<\/p>\n<p style=\"padding-left: 30px;\">Odej\u015bcie od reakcji: <span style=\"color: #ffffff;\">&#8222;No to mam problem&#8230;&#8221;<\/span><\/p>\n<p style=\"padding-left: 30px;\">Pe\u0142na spokoju i rozwagi reakcja: <span style=\"color: #ff9900;\">&#8222;Mam zadanie do rozwi\u0105zania!&#8221;<\/span><\/p>\n","protected":false},"excerpt":{"rendered":"<p>My\u015blenie survivalowe? Co\u015b, do czego trzeba d\u0105\u017cy\u0107. Co\u015b, na co trzeba zwa\u017ca\u0107, by potem mam si\u0119 nie pomyli\u0142o ze &#8222;starym my\u015bleniem&#8221;. Odej\u015bcie od reakcji: &#8222;No to mam problem&#8230;&#8221; Pe\u0142na spokoju i rozwagi reakcja: &#8222;Mam zadanie do rozwi\u0105zania!&#8221; &hellip; <a class=\"more-link\" href=\"http:\/\/www.survival.edu.pl\/wp-index.php\/?page_id=6524\">Czytaj dalej <span class=\"meta-nav\">&rarr;<\/span><\/a><\/p>\n","protected":false},"author":2,"featured_media":0,"parent":1252,"menu_order":6,"comment_status":"closed","ping_status":"closed","template":"","meta":[],"_links":{"self":[{"href":"http:\/\/www.survival.edu.pl\/wp-index.php\/index.php?rest_route=\/wp\/v2\/pages\/6524"}],"collection":[{"href":"http:\/\/www.survival.edu.pl\/wp-index.php\/index.php?rest_route=\/wp\/v2\/pages"}],"about":[{"href":"http:\/\/www.survival.edu.pl\/wp-index.php\/index.php?rest_route=\/wp\/v2\/types\/page"}],"author":[{"embeddable":true,"href":"http:\/\/www.survival.edu.pl\/wp-index.php\/index.php?rest_route=\/wp\/v2\/users\/2"}],"replies":[{"embeddable":true,"href":"http:\/\/www.survival.edu.pl\/wp-index.php\/index.php?rest_route=%2Fwp%2Fv2%2Fcomments&post=6524"}],"version-history":[{"count":3,"href":"http:\/\/www.survival.edu.pl\/wp-index.php\/index.php?rest_route=\/wp\/v2\/pages\/6524\/revisions"}],"predecessor-version":[{"id":6528,"href":"http:\/\/www.survival.edu.pl\/wp-index.php\/index.php?rest_route=\/wp\/v2\/pages\/6524\/revisions\/6528"}],"up":[{"embeddable":true,"href":"http:\/\/www.survival.edu.pl\/wp-index.php\/index.php?rest_route=\/wp\/v2\/pages\/1252"}],"wp:attachment":[{"href":"http:\/\/www.survival.edu.pl\/wp-index.php\/index.php?rest_route=%2Fwp%2Fv2%2Fmedia&parent=6524"}],"curies":[{"name":"wp","href":"https:\/\/api.w.org\/{rel}","templated":true}]}}