{"id":6298,"date":"2017-12-01T15:49:27","date_gmt":"2017-12-01T13:49:27","guid":{"rendered":"http:\/\/www.survival.edu.pl\/wp-index.php\/?page_id=6298"},"modified":"2017-12-01T17:40:08","modified_gmt":"2017-12-01T15:40:08","slug":"myslenie-obok","status":"publish","type":"page","link":"http:\/\/www.survival.edu.pl\/wp-index.php\/?page_id=6298","title":{"rendered":"My\u015blenie obok"},"content":{"rendered":"<p><span style=\"color: #ff9900;\"><strong>My\u015blenie lateralne<\/strong><\/span><\/p>\n<p style=\"text-align: justify;\"><a href=\"http:\/\/www.survival.edu.pl\/wp-content\/uploads\/2012\/09\/need-head.jpg\"><img loading=\"lazy\" class=\" wp-image-124 alignleft\" src=\"http:\/\/www.survival.edu.pl\/wp-content\/uploads\/2012\/09\/need-head.jpg\" alt=\"potrzebna g\u0142owa\" width=\"62\" height=\"77\" \/><\/a>Istnieje taki spos\u00f3b operowania procesami poznawczymi i decyzyjnymi, kt\u00f3rym wi\u0119kszo\u015b\u0107 ludzi nie pos\u0142uguje si\u0119, bowiem trzymaj\u0105 si\u0119 oni osobistej logiki (jakkolwiek by j\u0105 nazwa\u0107) i sztampy, podczas gdy my\u015blenie lateralne odsuwa si\u0119 od logiki. Nie odrzuca jej. Tylko w\u0142\u0105cza sw\u00f3j w\u0142asny tryb, kiedy ju\u017c tryb logiczny zosta\u0142 zweryfikowany. Sztampa za\u015b z regu\u0142y od pocz\u0105tku le\u017cy na p\u00f3\u0142ce jako <span style=\"color: #ffffff;\"><strong>&#8222;kontrpropozycja nie do wykorzystania&#8221;<\/strong><\/span>, bowiem automatycznie weryfikowana by\u0142a wraz z trybem logicznym. Ten przecie\u017c bardzo cz\u0119sto opiera si\u0119 na gotowych wzorcach i nie szuka nowych rozwi\u0105za\u0144.<\/p>\n<p style=\"text-align: justify;\">Mo\u017cna by powiedzie\u0107, \u017ce sztampowo post\u0119puje cz\u0142owiek, kt\u00f3ry gasi ogie\u0144 lej\u0105c obficie wod\u0119 nawet wtedy, gdy pali si\u0119 t\u0142uszcz na patelni, albo pal\u0105cy si\u0119 przedmiot jest pod napi\u0119ciem (to tylko skr\u00f3t my\u015blowy&#8230;). Inni ludzie na\u015bladuj\u0105 to s\u0105dz\u0105c, \u017ce &#8222;tak si\u0119 robi&#8221;. Dzieje si\u0119 tak, poniewa\u017c oni wszyscy chodzili do nowoczesnej szko\u0142y, a\u00a0ponadto korzystali z podpowiadania koleg\u00f3w.<\/p>\n<blockquote>\n<p style=\"text-align: justify;\">&#8222;Czy mamy jak\u0105\u015b ustalon\u0105 umiej\u0119tno\u015b\u0107 my\u015blenia, czy le\u017c mamy jej tyle, ile jej w sobie rozwin\u0119li\u015bmy? Tylko niewiele os\u00f3b ma wrodzon\u0105 zdolno\u015b\u0107 pos\u0142ugiwania si\u0119 my\u015bleniem lateralnym, ale ka\u017cdy mo\u017ce j\u0105 wykszta\u0142ci\u0107, je\u015bli \u015bwiadomie si\u0119 tego podejmie. <span style=\"color: #ff9900;\">Tradycyjny system kszta\u0142cenia zwykle w \u017caden spos\u00f3b nie pobudza nawyk\u00f3w my\u015blenia lateralnego, a nawet je czynnie hamuje. Jest tak dlatego, \u017ce ucze\u0144 musi zrezygnowa\u0107 ze swojej indywidualno\u015bci, aby przebrn\u0105\u0107 przez ca\u0142\u0105 seri\u0119 egzamin\u00f3w.<\/span><\/p>\n<p style=\"text-align: justify;\">My\u015blenie lateralne nie jest magicznym zakl\u0119ciem, kt\u00f3rego mo\u017cna si\u0119 szybko nauczy\u0107, aby je potem skutecznie stosowa\u0107. To raczej pewna postawa i nastawienie umys\u0142u.&#8221;<\/p>\n<\/blockquote>\n<p style=\"text-align: justify;\">Tak napisa\u0142 Edward De Bono w <em>&#8222;Jak stosowa\u0107 my\u015blenie lateralne. Rozwi\u0105zywanie problem\u00f3w metod\u0105 pozalogiczn\u0105&#8221;<\/em>. Ja sporo w moim \u017cyciu wagarowa\u0142em&#8230; A ksi\u0105\u017ck\u0119 kupi\u0142em niedawno. Tymczasem w czasie ca\u0142ej mojej kariery pedagogicznej, kiedy by\u0142a potrzeba rozwi\u0105zania trudnych problem\u00f3w z wychowankami, mia\u0142em swoj\u0105 zasad\u0119 z pytaniem i odpowiedzi\u0105:<\/p>\n<h3 style=\"text-align: center;\"><span style=\"color: #ff9900;\">Jak post\u0105pi\u0142by typowy wychowawca \/ nauczyciel&#8230;?<\/span><br \/>\n<span style=\"color: #ff9900;\">Post\u0119powa\u0142em zupe\u0142nie inaczej<\/span><\/h3>\n<p style=\"text-align: justify;\">W swoim <em>&#8222;Survivalu po polsku&#8221;<\/em> (v. 4 z 2017 roku), w tomie <em>&#8222;\u015acie\u017cki&#8221;,<\/em> umie\u015bci\u0142em kilka opowiada\u0144 bazuj\u0105cych na wydarzeniach w o\u015brodku wychowawczym, w kt\u00f3rym pracowa\u0142em. U\u015bwiadomi\u0142em sobie, \u017ce w niekt\u00f3rych sytuacjach moi wychowankowie odbierali moje zachowania niemal\u017ce jak szczeniak w <a href=\"https:\/\/www.cda.pl\/video\/112382953\" target=\"_blank\" rel=\"noopener\"><span style=\"text-decoration: underline;\">filmie<\/span><\/a>\u00a0\u2014 by\u0142y dla nich tak odmienne w stosunku do tych, kt\u00f3re napotykali w \u017cyciu. Nie b\u0119d\u0119 ukrywa\u0142, \u017ce prawdopodobnie ich losy mog\u0142y by\u0107 w jakim\u015b momencie do\u015b\u0107 podobne, za\u015b kiedy je wspominam \u2014 mam w oczach \u0142zy.<\/p>\n<p>&nbsp;<\/p>\n","protected":false},"excerpt":{"rendered":"<p>My\u015blenie lateralne Istnieje taki spos\u00f3b operowania procesami poznawczymi i decyzyjnymi, kt\u00f3rym wi\u0119kszo\u015b\u0107 ludzi nie pos\u0142uguje si\u0119, bowiem trzymaj\u0105 si\u0119 oni osobistej logiki (jakkolwiek by j\u0105 nazwa\u0107) i sztampy, podczas gdy my\u015blenie lateralne odsuwa si\u0119 od logiki. Nie odrzuca jej. Tylko &hellip; <a class=\"more-link\" href=\"http:\/\/www.survival.edu.pl\/wp-index.php\/?page_id=6298\">Czytaj dalej <span class=\"meta-nav\">&rarr;<\/span><\/a><\/p>\n","protected":false},"author":2,"featured_media":0,"parent":5307,"menu_order":10,"comment_status":"closed","ping_status":"closed","template":"","meta":[],"_links":{"self":[{"href":"http:\/\/www.survival.edu.pl\/wp-index.php\/index.php?rest_route=\/wp\/v2\/pages\/6298"}],"collection":[{"href":"http:\/\/www.survival.edu.pl\/wp-index.php\/index.php?rest_route=\/wp\/v2\/pages"}],"about":[{"href":"http:\/\/www.survival.edu.pl\/wp-index.php\/index.php?rest_route=\/wp\/v2\/types\/page"}],"author":[{"embeddable":true,"href":"http:\/\/www.survival.edu.pl\/wp-index.php\/index.php?rest_route=\/wp\/v2\/users\/2"}],"replies":[{"embeddable":true,"href":"http:\/\/www.survival.edu.pl\/wp-index.php\/index.php?rest_route=%2Fwp%2Fv2%2Fcomments&post=6298"}],"version-history":[{"count":14,"href":"http:\/\/www.survival.edu.pl\/wp-index.php\/index.php?rest_route=\/wp\/v2\/pages\/6298\/revisions"}],"predecessor-version":[{"id":6312,"href":"http:\/\/www.survival.edu.pl\/wp-index.php\/index.php?rest_route=\/wp\/v2\/pages\/6298\/revisions\/6312"}],"up":[{"embeddable":true,"href":"http:\/\/www.survival.edu.pl\/wp-index.php\/index.php?rest_route=\/wp\/v2\/pages\/5307"}],"wp:attachment":[{"href":"http:\/\/www.survival.edu.pl\/wp-index.php\/index.php?rest_route=%2Fwp%2Fv2%2Fmedia&parent=6298"}],"curies":[{"name":"wp","href":"https:\/\/api.w.org\/{rel}","templated":true}]}}