{"id":5853,"date":"2017-09-23T09:51:02","date_gmt":"2017-09-23T07:51:02","guid":{"rendered":"http:\/\/www.survival.edu.pl\/wp-index.php\/?page_id=5853"},"modified":"2018-08-15T14:16:21","modified_gmt":"2018-08-15T12:16:21","slug":"dzialanie","status":"publish","type":"page","link":"http:\/\/www.survival.edu.pl\/wp-index.php\/?page_id=5853","title":{"rendered":"Dzia\u0142anie"},"content":{"rendered":"<p style=\"text-align: justify;\">B\u0119dzie to opowie\u015b\u0107. Kr\u00f3tka (zapewne; tak s\u0105dz\u0119, bo dopiero zaczynam pisanie \u015bledz\u0105c wydarzenia \u2014 to jak reporta\u017c z pola bitwy).\u00a0Na osiedlu przeprowadzono remont sieci grzewczej. Wczorajszego dnia \u2014 by\u0142 pi\u0105tek \u2014 znienacka w\u0142\u0105czono wszystko co trzeba i w kaloryferach zabulgota\u0142o. R\u00f3wnolegle pojawi\u0142a si\u0119 ciep\u0142a woda w\u00a0kranach. J\u00f3zek wspomnia\u0142 mi o tym, gdy\u017c \u017cona zarzuci\u0142a mu w\u0142a\u015bnie, \u017ce si\u0119 tydzie\u0144 nie my\u0142. &#8222;<em>I gadaj tu z bab\u0105, kt\u00f3ra lata\u0142a si\u0119 k\u0105pa\u0107 do siostry, \u017ce ja przecie\u017c nauczony mycia w zimnym g\u00f3rskim strumieniu&#8230;&#8221;<\/em><\/p>\n<p style=\"text-align: justify;\">A wieczorem jego \u017cona wpad\u0142a do pokoju (a udawa\u0142 w\u0142a\u015bnie, \u017ce jest bardzo zaj\u0119ty, \u017ceby mu g\u0142owy nie zawracano) krzycz\u0105c: <span style=\"color: #ffffff;\"><strong><em>Id\u017a do kuchni zobacz&#8230; Co\u015b ty tam narobi\u0142&#8230;?!<\/em><\/strong><\/span><\/p>\n<p style=\"text-align: justify;\">Jako \u017cywo J\u00f3zek niczego w kuchni nie robi\u0142, ale gdy wszed\u0142, zobaczy\u0142 \u017con\u0119 stoj\u0105c\u0105 nad czym\u015b, co wygl\u0105da\u0142o na &#8222;widok z lotniczego bulaju na niziutko po\u0142o\u017cone ogromne pojezierze&#8221;. By\u0142o mn\u00f3stwo b\u0142yszcz\u0105cych oczek wodnych, kt\u00f3re gdzieniegdzie zlewa\u0142y si\u0119 w malownicze obszary, zapewne jeziora.<\/p>\n<p style=\"text-align: justify;\">Poniewa\u017c dzisiejszego dnia J\u00f3zek nie zajmowa\u0142 si\u0119 akurat kreacj\u0105 kolejnych \u015bwiat\u00f3w, uzna\u0142, \u017ce warto stwierdzi\u0107 przyczyn\u0119. Spojrza\u0142 w g\u00f3r\u0119. Po wisz\u0105cej u \u015bciany szafce \u015bcieka\u0142a woda, kt\u00f3ra skapywa\u0142a na blat, st\u0105d za\u015b woda rozbryzgiwa\u0142a si\u0119 na &#8222;sztuczne ognie&#8221;, r\u00f3wnie\u017c widziane jakby z samolotu&#8230;<\/p>\n<p style=\"text-align: justify;\">Spojrza\u0142 wy\u017cej. <span style=\"color: #ffffff;\">&#8222;<strong><em><span style=\"color: #ffffff;\">P<\/span>odla\u0142a\u015b zanadto mocno ten sw\u00f3j kwiatek&#8221;<\/em><\/strong><\/span> \u2014 powiedzia\u0142 i chcia\u0142 wyj\u015b\u0107, bo w ko\u0144cu to nie jego kwiatek, ale w momencie, kiedy \u017cona zacz\u0119\u0142a m\u00f3wi\u0107, \u017ce nie podlewa\u0142a kwiatka, krzykn\u0119\u0142a patrz\u0105c na sufit: <span style=\"color: #ffffff;\">&#8222;<strong><em>Zobacz!&#8221;<\/em><\/strong><\/span><\/p>\n<p style=\"text-align: justify;\">Ze szczeliny mi\u0119dzy p\u0142ytami (dla J\u00f3zka \u2014 sufitowymi, ale s\u0105siad z g\u00f3ry mia\u0142 inny pogl\u0105d) r\u00f3wniutko sobie kapa\u0142o. Przeszed\u0142 do pokoju obok\u00a0 \u017cony&#8230; Tam r\u00f3wnie\u017c by\u0142y niez\u0142e widoki na widoki z samolotu&#8230; Mo\u017cliwe, \u017ce J\u00f3zek mia\u0142 przez moment potrzeb\u0119 poczekania na te wizje. Ale \u017cona zacz\u0119\u0142a si\u0119 miota\u0107.<\/p>\n<p style=\"text-align: justify;\">Kiedy poszed\u0142 zobaczy\u0107 sufit w swm pokoju, s\u0142ysza\u0142 wszelkie d\u017awi\u0119ki zwi\u0105zane z tym miotaniem. Mo\u017cliwe, \u017ce \u017cona pr\u00f3bowa\u0142a opanowa\u0107 sytuacj\u0119 na spos\u00f3b wied\u017ami\u0144ski, bo s\u0142ysza\u0142 mas\u0119 zakl\u0119\u0107. Ale na pewno skorzysta\u0142a z zawsze skutecznych \u015brodk\u00f3w, z gazet. Gazeta zawsze by\u0142a dobra na wszystko. Kiedy wszed\u0142 do kuchni \u2014 a chodzi\u0142 po mieszkaniu zawsze na boso \u2014 od razu gazety przyklei\u0142y mu si\u0119 do st\u00f3p. Ka\u017cdy mo\u017ce sobie to wypr\u00f3bowa\u0107, a\u00a0zw\u0142aszcza &#8222;jazd\u0119 swobodn\u0105&#8221; po mokrej pod\u0142odze. Pod\u0142o\u017cy\u0142 wi\u0119c wsz\u0119dzie r\u0119czniki zamiast gazet. To najlepszy system: mo\u017cna je wy\u017cyma\u0107 i uk\u0142ada\u0107 na nowo, p\u00f3ki trzeba. A\u00a0potem zadzwoni\u0142 do s\u0105siada z g\u00f3ry, kt\u00f3ry by\u0142 na swojej dzia\u0142ce. Tan za\u015b wsiad\u0142 w samoch\u00f3d i w ci\u0105gu p\u00f3\u0142 godziny uratowa\u0142 sytuacj\u0119.<\/p>\n<p style=\"text-align: justify;\">Wtedy w\u0142a\u015bnie J\u00f3zka odwiedzili s\u0105siedzi z r\u00f3\u017cnych mieszka\u0144 z do\u0142u. Pan s\u0105siad przej\u0119tym g\u0142osem poprosi\u0142, by sprawdzi\u0142, czy po jego rurze kaloryferowej sp\u0142ywa woda. Wyja\u015bni\u0142 sytuacj\u0119 najlepiej jak m\u00f3g\u0142. Sednem tej wypowiedzi by\u0142o, \u017ce woda ju\u017c zatamowana, \u017ce w szczelinach konstrukcyjnych mo\u017ce jeszcze zalega\u0107, wi\u0119c jej resztki b\u0119d\u0105 si\u0119 jeszcze pojawia\u0107. S\u0105siad ponowi\u0142 jednak pro\u015bb\u0119 o sprawdzenie rury. J\u00f3zek zacz\u0105\u0142 t\u0142umaczy\u0107, \u017ce woda zebra\u0142a si\u0119 na pod\u0142odze nad jego mieszkaniem, \u017ce przez kolejne pomieszczenia dotar\u0142a do najodleglejszego pokoju, natrafi\u0142a na otw\u00f3r przy rurze, wi\u0119c \u015bcieka. Za\u017c\u0105da\u0142, aby J\u00f3zek jednak sprawdzi\u0142. Tymczasem po s\u0105siadce (z innego mieszkania) J\u00f3zek zauwa\u017cy\u0142, \u017ce ona ju\u017c zrozumia\u0142a. Podszed\u0142 do k\u0105ta swego pokoju, si\u0119gn\u0105\u0142 ostentacyjnie, pomi\u0119dzy meblami, w k\u0105t pokoju, odnalaz\u0142 rur\u0119 i popatrzy\u0142 na swoje palce. By\u0142a na nich drobina wilgoci. Wyja\u015bni\u0142 wi\u0119c, \u017ce woda zawsze sp\u0142ywa w d\u00f3\u0142, zatem je\u015bli z 4 pi\u0119tra pojawi\u0142a si\u0119 u niego na parterze, przy rurze, tej samej, co przebiega przez ten pok\u00f3j, to nie musia\u0142 sprawdza\u0107, czy ta rura jest mokra.<\/p>\n<p style=\"text-align: justify;\">Wtedy s\u0105siad pouczy\u0142 go, \u017ce powinienem pousuwa\u0107 sterty ksi\u0105\u017cek, potem odsun\u0105\u0107 ogromniasty rega\u0142 i dopiero wtedy sprawdzi\u0107 wilgotno\u015b\u0107 rury. J\u00f3zek tylko prychn\u0105\u0142 z niech\u0119ci\u0105&#8230; S\u0105siad jednak uzna\u0142, \u017ce trzeba koniecznie co\u015b zrobi\u0107. Wezwa\u0107 pogotowie hydrauliczne. J\u00f3zek powt\u00f3rzy\u0142, \u017ce s\u0105siad z g\u00f3ry przecie\u017c ju\u017c wr\u00f3ci\u0142 i woda ju\u017c nie leci. Us\u0142ysza\u0142 na to kilka pomys\u0142\u00f3w, na kt\u00f3re m\u00f3g\u0142 odpowiedzie\u0107 tylko to, \u017ce pozostaje jedynie czeka\u0107, a\u017c resztka wody sp\u0142ynie do ko\u0144ca i na to, \u017ce po trochu wilgo\u0107 odparuje&#8230;<\/p>\n<p style=\"text-align: justify;\">Popatrzy\u0142 na J\u00f3zka jakbm zupe\u0142nie i nigdy nie by\u0142 cz\u0142owiekiem czynu. Szcz\u0119\u015bliwie s\u0105siadka o\u015bwiadczy\u0142a, \u017ce wraca do domu zobaczy\u0107, czy tam czego\u015b nie trzeba uratowa\u0107 przed wilgoci\u0105 i \u017ce w zasadzie ju\u017c po wszystkim. Odeszli.<\/p>\n<p style=\"text-align: justify;\">J\u00f3zek uda\u0142 si\u0119 zobaczy\u0107 jak tam u niego&#8230; Podczas rozmowy z s\u0105siadami jego \u017cona uzna\u0142a, \u017ce J\u00f3zek nie rozumie zagro\u017cenia. W kuchni na r\u0119cznikach sta\u0142y g\u0142\u0119bokie talerze, na pod\u0142odze wielka micha. Wsz\u0119dzie dooko\u0142a masa naczy\u0144. A w nich wszystkich&#8230; mo\u017ce z \u0142y\u017cka wody jedynie. I do tego komentarz, \u017ce J\u00f3zek \u2014 jak zawsze \u2014 zlekcewa\u017cy\u0142 problem&#8230; Westchn\u0105\u0142 g\u0142\u0119boko.<\/p>\n<hr width=\"50%\" \/>\n<p style=\"text-align: justify;\">Najpierw pojawi\u0142o si\u0119 zdarzenie. Z pewno\u015bci\u0105 wymaga\u0142o dzia\u0142ania. No to by\u0142o i dzia\u0142anie \u2014 w pierwszej kolejno\u015bci wskazanie winnego. By\u0142 nim akurat J\u00f3zek. Potem nast\u0105pi\u0142o odwr\u00f3cenie r\u00f3l, czyli wykazanie, \u017ce kwiatek by\u0142 podlany nadmiernie. To by\u0142 to ewidentny rewan\u017c.<\/p>\n<p style=\"text-align: justify;\">Potem zacz\u0119\u0142y si\u0119 dzia\u0142ania skierowane ju\u017c na samo sedno. Jedno z nich by\u0142o odruchowe (gazety), drugie \u2014 dopasowane do sytuacji (r\u0119czniki i telefon do s\u0105siada). Wszystkiemu &#8222;odruchowemu&#8221; towarzyszy\u0142o biadolenie, poczucie krzywdy oraz wizja odmalowywania ca\u0142ej kuchni. Wej\u015bcie s\u0105siad\u00f3w (zw\u0142aszcza jednego) pokaza\u0142o, \u017ce samo wyja\u015bnienie zjawiska, zapewnienie, \u017ce sytuacja jest ju\u017c opanowana, to jednak za ma\u0142o.<\/p>\n<p style=\"text-align: justify;\">Uwidoczni\u0142a si\u0119 za to potrzeba s\u0105siada, aby sta\u0107 si\u0119 znacz\u0105cym uczestnikiem wydarzenia, aby mie\u0107 poczucie wsp\u00f3lnoty z\u00a0innymi, z ich emocjami. J\u00f3zek za\u015b, b\u0119d\u0105c ch\u0142odnym i opanowanym, wiele popsu\u0142.<\/p>\n<hr width=\"50%\" \/>\n<p style=\"text-align: justify;\">W tym momencie pojawi\u0142o si\u0119 u mnie jedno wspomnienie. Jako ma\u0142y kajtek by\u0142em na wakacjach. Mieszkali\u015bmy w\u00a0wiejskiej cha\u0142upie. Nagle kot skoczy\u0142 na st\u00f3\u0142, potem na piec i wyskoczy\u0142 do przedsionka, ale&#8230; miska ze \u015bmietan\u0105 spad\u0142a ze sto\u0142u na pod\u0142og\u0119.<\/p>\n<p style=\"text-align: justify;\"><span style=\"color: #ffffff;\"><em><strong>\u2014 \u0141omatkoboska, \u0142omatkoboska, \u0142omatkoboska, \u0142omatkoboska&#8230;!\u00a0<\/strong><\/em><\/span><\/p>\n<p style=\"text-align: justify;\">Tak zacz\u0119\u0142a zajmowa\u0107 si\u0119 problemem babula. Dziadek wsta\u0142, pochyli\u0142 si\u0119&#8230; <span style=\"color: #ffffff;\"><em><strong>\u0142omatkoboska, \u0142omatkoboska&#8230; <\/strong><\/em><\/span>podni\u00f3\u0142 misk\u0119 i postawi\u0142 na stole&#8230;<span style=\"color: #ffffff;\"><em>\u00a0<strong>\u0142omatkoboska, \u0142omatkoboska&#8230; tyle \u015bmietany!<\/strong><\/em><\/span><\/p>\n<p style=\"text-align: justify;\"><span style=\"color: #ffffff;\"><em><strong>\u2014 Co tak matka j\u0119czysz&#8230;? Miska nawet si\u0119 nie st\u0142uk\u0142a, m\u00f3j ojciec j\u0105 jeszcze wypala\u0142&#8230; A i \u015bmietana si\u0119 nie wyla\u0142a, ot tylko tyle, \u017ce kot wyli\u017ce do czysta.<\/strong><\/em><\/span><\/p>\n<p style=\"text-align: justify;\"><em><strong>\u2014 .<span style=\"color: #ffffff;\">.. \u0142omatkoboska, \u0142omatkoboska&#8230;!<\/span><\/strong><\/em><\/p>\n<hr width=\"50%\" \/>\n<p style=\"text-align: justify;\">A w\u0142\u0105czenie ogrzewania w bloku J\u00f3zka zapowiedziane by\u0142o na poniedzia\u0142ek. &#8222;Na pojutrze&#8221;&#8230;<\/p>\n<p style=\"text-align: justify;\">Nazajutrz odby\u0142o si\u0119 domowe konsylium. J\u00f3zek zosta\u0142 poprowadzony do \u015bciany, popatrzy\u0142 (zgodnie z instrukcj\u0105) na wyschni\u0119te ju\u017c wodne \u015bcie\u017cki pod sufitem, wys\u0142ucha\u0142 diagnozy oraz zalece\u0144 zaczynaj\u0105cych si\u0119 od: <span style=\"color: #ffffff;\"><em><strong>&#8230; za\u0142atwisz jak\u0105\u015b farb\u0119 i&#8230;\u00a0<\/strong><\/em><\/span>d\u0142ugi zestaw czynno\u015bci w sprawie \u2014 na najbli\u017cszy tydzie\u0144.<\/p>\n<p style=\"text-align: justify;\">Oznajmi\u0142 wi\u0119c, \u017ce w obecnej sytuacji przetarcie wilgotn\u0105 \u015bciereczk\u0105 jest absolutnie wystarczaj\u0105ce i w ramach zaledwie 25-sekundowego DEMO za\u0142atwi\u0142 problem.<\/p>\n<hr \/>\n<p>Wiem, \u017ce z\u0142o\u015bliwo\u015b\u0107 ze mnie wychodzi, kiedy mam do czynienia z takimi opowie\u015bciami&#8230; Ale jak ma nie wychodzi\u0107? Znacie co\u015b podobnego?<\/p>\n<blockquote><p><em><strong>\u2014<\/strong> Zegar w moim samochodzie si\u0119 rozregulowa\u0142, dobrze pokazywa\u0142, a teraz: nie wiadomo co&#8230; Pewnie to trzeba znale\u017a\u0107 w instrukcji, bo ka\u017cdy samoch\u00f3d ma inny zegar&#8230;?<\/em><\/p>\n<p><span style=\"color: #ffffff;\"><em><strong>\u2014<\/strong> Owszem&#8230;<\/em><\/span><\/p>\n<p><em><strong>\u2014<\/strong> To ja chyba, jak b\u0119d\u0119 zmienia\u0142a opony na letnie, poprosz\u0119 pan\u00f3w w serwisie wulkanizacyjnym&#8230; <span style=\"color: #ffffff;\">(manipulacja na ambicji)<\/span><\/em><\/p><\/blockquote>\n<p>Po chwili do mej r\u0119ki trafia gruba\u015bna instrukcja. Szukam, czytam&#8230; Oddaj\u0119.<\/p>\n<blockquote><p><span style=\"color: #ffffff;\"><em><strong>\u2014<\/strong> Zegar jest w indeksie pod liter\u0105 'Z&#8217;. Opis jest prosty akurat jak dla przedszkolaka&#8230; nawet bez przypis\u00f3w i odno\u015bnik\u00f3w.<\/em><\/span><\/p><\/blockquote>\n<p>Tak trzeba rozmawia\u0107 z naukowcami.<\/p>\n","protected":false},"excerpt":{"rendered":"<p>B\u0119dzie to opowie\u015b\u0107. Kr\u00f3tka (zapewne; tak s\u0105dz\u0119, bo dopiero zaczynam pisanie \u015bledz\u0105c wydarzenia \u2014 to jak reporta\u017c z pola bitwy).\u00a0Na osiedlu przeprowadzono remont sieci grzewczej. Wczorajszego dnia \u2014 by\u0142 pi\u0105tek \u2014 znienacka w\u0142\u0105czono wszystko co trzeba i w kaloryferach zabulgota\u0142o. &hellip; <a class=\"more-link\" href=\"http:\/\/www.survival.edu.pl\/wp-index.php\/?page_id=5853\">Czytaj dalej <span class=\"meta-nav\">&rarr;<\/span><\/a><\/p>\n","protected":false},"author":2,"featured_media":0,"parent":3034,"menu_order":20,"comment_status":"closed","ping_status":"closed","template":"","meta":[],"_links":{"self":[{"href":"http:\/\/www.survival.edu.pl\/wp-index.php\/index.php?rest_route=\/wp\/v2\/pages\/5853"}],"collection":[{"href":"http:\/\/www.survival.edu.pl\/wp-index.php\/index.php?rest_route=\/wp\/v2\/pages"}],"about":[{"href":"http:\/\/www.survival.edu.pl\/wp-index.php\/index.php?rest_route=\/wp\/v2\/types\/page"}],"author":[{"embeddable":true,"href":"http:\/\/www.survival.edu.pl\/wp-index.php\/index.php?rest_route=\/wp\/v2\/users\/2"}],"replies":[{"embeddable":true,"href":"http:\/\/www.survival.edu.pl\/wp-index.php\/index.php?rest_route=%2Fwp%2Fv2%2Fcomments&post=5853"}],"version-history":[{"count":47,"href":"http:\/\/www.survival.edu.pl\/wp-index.php\/index.php?rest_route=\/wp\/v2\/pages\/5853\/revisions"}],"predecessor-version":[{"id":7051,"href":"http:\/\/www.survival.edu.pl\/wp-index.php\/index.php?rest_route=\/wp\/v2\/pages\/5853\/revisions\/7051"}],"up":[{"embeddable":true,"href":"http:\/\/www.survival.edu.pl\/wp-index.php\/index.php?rest_route=\/wp\/v2\/pages\/3034"}],"wp:attachment":[{"href":"http:\/\/www.survival.edu.pl\/wp-index.php\/index.php?rest_route=%2Fwp%2Fv2%2Fmedia&parent=5853"}],"curies":[{"name":"wp","href":"https:\/\/api.w.org\/{rel}","templated":true}]}}