{"id":57,"date":"2012-09-25T19:24:09","date_gmt":"2012-09-25T19:24:09","guid":{"rendered":"http:\/\/www.survival.edu.pl\/wp-index.php\/?page_id=57"},"modified":"2017-01-30T10:55:23","modified_gmt":"2017-01-30T08:55:23","slug":"techniki","status":"publish","type":"page","link":"http:\/\/www.survival.edu.pl\/wp-index.php\/?page_id=57","title":{"rendered":"Dziedziny, metody, techniki"},"content":{"rendered":"<p>Dziedziny, obszary b\u0119d\u0105ce w zasi\u0119gu zainteresowania survivalu, obejmuj\u0105&#8230; wszystko, co dotyczy cz\u0142owieka. Z\u00a0grubsza mo\u017cna je umie\u015bci\u0107 w czterech istotnych grupach:<\/p>\n<ol>\n<li><span style=\"color: #ffffff;\">Natura<\/span><\/li>\n<li><span style=\"color: #ffffff;\">Cywilizacja<\/span><\/li>\n<li><span style=\"color: #ffffff;\">\u017bycie w\u015br\u00f3d ludzi<\/span><\/li>\n<li><span style=\"color: #ffffff;\">Ja sam<\/span><\/li>\n<\/ol>\n<p>Techniki s\u0105 dorobkiem my\u015bli cz\u0142owieczej. Wynikiem jego wypracowanej i przyswojonej zdolno\u015bci adaptacyjnej.\u00a0Mog\u0105 one by\u0107 przystosowane do ka\u017cdej z wy\u017cej wymienionych grup.<\/p>\n<p>Korzystne jest pos\u0142ugiwanie si\u0119 niekt\u00f3rymi, zapoznanymi *), technikami naszych ojc\u00f3w i dziad\u00f3w. Niekt\u00f3rzy survivalowcy si\u0119gaj\u0105 do wiedzy prehistorycznej. I okazuje si\u0119, \u017ce \u017ale na tym nie wychodz\u0105.<\/p>\n<pre>*) S\u0142owo prawie nieu\u017cywane a znacz\u0105ce. \"Zapomniany\" to... zapomniany. \"Zapoznany\" okre\u015bla r\u00f3wnie\u017c co\u015b zapomnianego, tyle, \u017ce to co\u015b by\u0142o kiedy\u015b bardzo znane, a nawet uznawane za wa\u017cne<\/pre>\n","protected":false},"excerpt":{"rendered":"<p>Dziedziny, obszary b\u0119d\u0105ce w zasi\u0119gu zainteresowania survivalu, obejmuj\u0105&#8230; wszystko, co dotyczy cz\u0142owieka. Z\u00a0grubsza mo\u017cna je umie\u015bci\u0107 w czterech istotnych grupach: Natura Cywilizacja \u017bycie w\u015br\u00f3d ludzi Ja sam Techniki s\u0105 dorobkiem my\u015bli cz\u0142owieczej. Wynikiem jego wypracowanej i przyswojonej zdolno\u015bci adaptacyjnej.\u00a0Mog\u0105 one &hellip; <a class=\"more-link\" href=\"http:\/\/www.survival.edu.pl\/wp-index.php\/?page_id=57\">Czytaj dalej <span class=\"meta-nav\">&rarr;<\/span><\/a><\/p>\n","protected":false},"author":2,"featured_media":0,"parent":7,"menu_order":50,"comment_status":"closed","ping_status":"closed","template":"","meta":[],"_links":{"self":[{"href":"http:\/\/www.survival.edu.pl\/wp-index.php\/index.php?rest_route=\/wp\/v2\/pages\/57"}],"collection":[{"href":"http:\/\/www.survival.edu.pl\/wp-index.php\/index.php?rest_route=\/wp\/v2\/pages"}],"about":[{"href":"http:\/\/www.survival.edu.pl\/wp-index.php\/index.php?rest_route=\/wp\/v2\/types\/page"}],"author":[{"embeddable":true,"href":"http:\/\/www.survival.edu.pl\/wp-index.php\/index.php?rest_route=\/wp\/v2\/users\/2"}],"replies":[{"embeddable":true,"href":"http:\/\/www.survival.edu.pl\/wp-index.php\/index.php?rest_route=%2Fwp%2Fv2%2Fcomments&post=57"}],"version-history":[{"count":18,"href":"http:\/\/www.survival.edu.pl\/wp-index.php\/index.php?rest_route=\/wp\/v2\/pages\/57\/revisions"}],"predecessor-version":[{"id":5027,"href":"http:\/\/www.survival.edu.pl\/wp-index.php\/index.php?rest_route=\/wp\/v2\/pages\/57\/revisions\/5027"}],"up":[{"embeddable":true,"href":"http:\/\/www.survival.edu.pl\/wp-index.php\/index.php?rest_route=\/wp\/v2\/pages\/7"}],"wp:attachment":[{"href":"http:\/\/www.survival.edu.pl\/wp-index.php\/index.php?rest_route=%2Fwp%2Fv2%2Fmedia&parent=57"}],"curies":[{"name":"wp","href":"https:\/\/api.w.org\/{rel}","templated":true}]}}