{"id":566,"date":"2012-10-11T11:34:44","date_gmt":"2012-10-11T09:34:44","guid":{"rendered":"http:\/\/www.survival.edu.pl\/wp-index.php\/?page_id=566"},"modified":"2016-12-07T18:37:09","modified_gmt":"2016-12-07T16:37:09","slug":"motywy-1989","status":"publish","type":"page","link":"http:\/\/www.survival.edu.pl\/wp-index.php\/?page_id=566","title":{"rendered":"Motywy 1979"},"content":{"rendered":"<p>M\u00f3j pierwszy, powa\u017cniejszy opublikowany artyku\u0142 \u2014\u00a0by\u0142em wtedy jeszcze studentem&#8230;\u00a0Zosta\u0142em zach\u0119cony przez \u00f3wcze\u015bnie \u015bwie\u017co upieczonego magistra, a obecnie profesora, Bogus\u0142awa \u015aliwerskiego. Dzi\u0119kuj\u0119 Ci&#8230; to dzia\u0142a nadal!<\/p>\n<hr \/>\n<p><span style=\"color: #ff9900;\">Kliknij, aby powi\u0119kszy\u0107 &#8212;&#8212;&#8212;&#8212;&#8212;&#8212;&#8212;&#8212;&#8212;&#8212;&#8212;&#8212;&#8212;&#8212;&#8212;&#8212;&#8212;&#8212;&#8212;&#8212;&#8212;&#8212;&#8212;&#8212;&#8212;&#8212;&#8212;&#8212;&#8212;&#8212;&#8212;&#8212;&#8212;&#8212;&#8212;&#8212;&#8212;&#8212;&#8212;&#8211;&gt;<\/span><a href=\"http:\/\/www.survival.edu.pl\/wp-index.php\/?attachment_id=866\" rel=\"attachment wp-att-866\"><img loading=\"lazy\" class=\"wp-image-866 alignright\" title=\"Falszywe karty\" src=\"http:\/\/www.survival.edu.pl\/wp-content\/uploads\/Falszywe-karty-133x300.jpg\" alt=\"\" width=\"163\" height=\"346\" \/><\/a><\/p>\n<p style=\"text-align: justify;\">Ca\u0142a rzecz polega na tym, \u017ce czasy zmieni\u0142y si\u0119. Kiedy pisa\u0142em \u00f3w artyku\u0142 (koniec lat 80&#8242;), by\u0142em jeszcze studentem pedagogiki opieku\u0144czej i mia\u0142em za sob\u0105 kilka \u0142adnych lat w\u0142asnej praktyki jako wychowawca podw\u00f3rkowo-uliczny. Moje patrzenie na dawanie klapsa w tym wydaniu, o jakim pisz\u0119 \u2014 nie zmieni\u0142y si\u0119. Nie chcia\u0142bym jednak, aby kto\u015b uzna\u0142, \u017ce jestem &#8222;obecnym, z XXI wieku&#8221; przeciwnikiem klapsa.<\/p>\n<p style=\"text-align: justify;\">Uwa\u017ca\u0142em, \u017ce dawanie klapsa b\u0119d\u0105cego wy\u0142\u0105cznie rodzajem odruchowej reakcji (odreagowaniem), mo\u017ce by\u0107 krzywdz\u0105ce i \u017ale rozumiane. W moim przekonaniu powinno si\u0119 temu dzia\u0142aniu nada\u0107 g\u0142\u0119boki, pe\u0142en m\u0105dro\u015bci sens. Nadal tak uwa\u017cam.<\/p>\n<p style=\"text-align: justify;\">Problem pojawi\u0142 si\u0119 z chwil\u0105, kiedy my, Polacy, nar\u00f3d w tej kwestii niegdy\u015b rozs\u0105dny, znienacka uznali\u015bmy, \u017ce podej\u015bcie, \u017ce <span style=\"color: #ff6600;\">jakiekolwiek<\/span> u\u017cycie fizyczno\u015bci w stosunku do dziecka staje si\u0119 zagro\u017ceniem. Inaczej m\u00f3wi\u0105c: <span style=\"color: #ff6600;\">wi\u0119kszo\u015b\u0107 z tego, co fizyczne, staje si\u0119 z\u0142ym dotykiem<\/span>.<\/p>\n<p style=\"text-align: justify;\">Nie sta\u0142o si\u0119 nasz\u0105 powszechn\u0105 m\u0105dro\u015bci\u0105 obserwowanie, jak nieobecno\u015b\u0107 dotyku w kontaktach z w\u0142asnym dzieckiem, zdegenerowa\u0142o m\u0142ode pokolenia zza oceanu lub kraj\u00f3w skandynawskich. Kupili\u015bmy to z ca\u0142ym dobrodziejstwem inwentarza, mimo \u017ce \u015bmieli\u015bmy si\u0119 wcze\u015bniej z takiej g\u0142upoty. Dlaczego tak?<\/p>\n<p style=\"text-align: justify;\">Nie chc\u0119 si\u0119 bawi\u0107 w wioskowego m\u0119drka. Jedno jest pewne i zauwa\u017cone przez naukowc\u00f3w, nawet przez niekt\u00f3re media. Ale to media nie potrafi\u0105ce ludzi niczym zaciekawi\u0107, przedstawiaj\u0105 koncepcje trafiaj\u0105ce do przekonania wszystkim tym, kt\u00f3rzy czarowi podniecaj\u0105cych informacji na zawo\u0142anie ulegli. <span style=\"text-decoration: underline;\"><a href=\"https:\/\/pl.wikipedia.org\/wiki\/Karen_Horney\" target=\"_blank\">Karen Horney<\/a><\/span> wiele lat temu, bo w 1937 roku, pisa\u0142a o neurotycznej osobowo\u015bci naszych czas\u00f3w. Zacytuj\u0119 tylko fragment wspomniany w Wikipedii:<\/p>\n<p style=\"text-align: justify;\"><span style=\"color: #ffffff;\">Przyczyn\u0105 kszta\u0142towania si\u0119 <i>nerwicy charakteru<\/i> jest zdaniem Karen Horney <i>frustracja potrzeby bezpiecze\u0144stwa<\/i>, kt\u00f3ra jest skutkiem niesprzyjaj\u0105cych warunk\u00f3w w \u015brodowisku domowym np.:<\/span><\/p>\n<ul>\n<li><span style=\"color: #ffffff;\">niekonsekwencja rodzic\u00f3w<\/span><\/li>\n<li><span style=\"color: #ffffff;\">faworyzowanie kt\u00f3rego\u015b z rodze\u0144stwa<\/span><\/li>\n<li><span style=\"color: #ffffff;\">brak prawdziwych uczu\u0107, szczerych i otwartych<\/span><\/li>\n<li><span style=\"color: #ffffff;\">nadopieku\u0144czo\u015b\u0107 rodzic\u00f3w<\/span><\/li>\n<li><span style=\"color: #ffffff;\">zbyt ma\u0142a opieku\u0144czo\u015b\u0107<\/span><\/li>\n<\/ul>\n<p style=\"text-align: justify;\"><span style=\"color: #ffffff;\">Skutkiem tej frustracji jest pojawienie si\u0119 <i><a style=\"color: #ffffff;\" title=\"L\u0119k\" href=\"https:\/\/pl.wikipedia.org\/wiki\/L%C4%99k\">l\u0119ku<\/a><\/i> i <i>wrogo\u015bci<\/i>. Wrogo\u015b\u0107 jest naturaln\u0105 reakcj\u0105 na frustracj\u0119 potrzeb. W tym jednak wypadku musi zosta\u0107 wyparta, gdy\u017c ujawnienie jej godzi\u0142oby w bezpiecze\u0144stwo dziecka. S\u0105 cztery przyczyny wyparcia wrogo\u015bci:<\/span><\/p>\n<ul>\n<li style=\"text-align: justify;\"><span style=\"color: #ffffff;\"><b>bezradno\u015b\u0107<\/b>\u00a0\u2014 dziecko musi wypiera\u0107 wrogo\u015b\u0107 gdy\u017c potrzebuje rodzic\u00f3w<\/span><\/li>\n<li style=\"text-align: justify;\"><span style=\"color: #ffffff;\"><b>strach<\/b> \u2014 musi wypiera\u0107 wrogo\u015b\u0107, gdy\u017c boi si\u0119 kary za okazywanie wrogo\u015bci<\/span><\/li>\n<li style=\"text-align: justify;\"><span style=\"color: #ffffff;\"><b>mi\u0142o\u015b\u0107<\/b> \u2014 dziecko wypiera wrogo\u015b\u0107, gdy\u017c chce trzyma\u0107 si\u0119 z\u0142udnych namiastek mi\u0142o\u015bci dawanej przez rodzic\u00f3w<\/span><\/li>\n<li style=\"text-align: justify;\"><span style=\"color: #ffffff;\"><b>poczucie winy<\/b> \u2014 dziecko wypiera wrogo\u015b\u0107, gdy\u017c gdyby j\u0105 okazywa\u0142o \u2014 by\u0142oby z\u0142ym, niekochanym dzieckiem<\/span><\/li>\n<\/ul>\n<p style=\"text-align: justify;\"><span style=\"color: #ffffff;\"><i>Wyparta wrogo\u015b\u0107<\/i> i <i>l\u0119k<\/i> wynik\u0142e z frustracji potrzeby bezpiecze\u0144stwa przyczyniaj\u0105 si\u0119 do rozwijania <i>l\u0119ku podstawowego<\/i>, kt\u00f3ry jest osi\u0105 nerwicy i g\u0142\u00f3wnym motorem nap\u0119dowym. Dziecko musi \u0142agodzi\u0107 ten l\u0119k. S\u0105 cztery g\u0142\u00f3wne sposoby obrony przed <i>l\u0119kiem podstawowym<\/i>:<\/span><\/p>\n<ul>\n<li><span style=\"color: #ffffff;\"><b>uleg\u0142o\u015b\u0107<\/b> \u2014 dlatego aby nie da\u0107 powodu do wyrz\u0105dzenia krzywdy<\/span><\/li>\n<li><span style=\"color: #ffffff;\"><b>mi\u0142o\u015b\u0107<\/b> \u2014 bo gdy dziecko zdob\u0119dzie mi\u0142o\u015b\u0107 to nie b\u0119dzie krzywdzone<\/span><\/li>\n<li><span style=\"color: #ffffff;\"><b>w\u0142adza<\/b> \u2014 aby mo\u017cna by\u0142o si\u0119 samemu broni\u0107 przed spodziewan\u0105 krzywd\u0105<\/span><\/li>\n<li><span style=\"color: #ffffff;\"><b>izolacja<\/b> \u2014 minimalizacja potrzeb i maksymalizacja samodzielno\u015bci<\/span><\/li>\n<\/ul>\n<p style=\"text-align: justify;\">Karen nie wspomnia\u0142a tutaj o nadu\u017cyciach rodzic\u00f3w w stosunku do w\u0142asnych dzieci, a nadu\u017cyciem jest agresja fizyczna i psychiczna, oszustwo i manipulacja, r\u00f3\u017cnego typu wykorzystywanie swojej przewagi.<\/p>\n<p style=\"text-align: justify;\">Ludzie zara\u017ceni l\u0119kiem przed z\u0142ym\u00a0dotykiem stali si\u0119 purytanami i narzucili my\u015blenie o wszystkich doros\u0142ych, jako o ludziach ska\u017conych brakiem mi\u0142o\u015bci i odpowiedzialno\u015bci. <span style=\"color: #ff6600;\">Tym samym odebrali im godno\u015b\u0107 rodzicielsk\u0105 wraz zakazem dotyku \u2014\u00a0bez orzeczenia s\u0105dowego<\/span>. Tym samym wszyscy stracili\u015bmy dzia\u0142anie zasady &#8222;p\u00f3ki nie udowodniono winy \u2014\u00a0jeste\u015b niewinny&#8221;.<\/p>\n","protected":false},"excerpt":{"rendered":"<p>M\u00f3j pierwszy, powa\u017cniejszy opublikowany artyku\u0142 \u2014\u00a0by\u0142em wtedy jeszcze studentem&#8230;\u00a0Zosta\u0142em zach\u0119cony przez \u00f3wcze\u015bnie \u015bwie\u017co upieczonego magistra, a obecnie profesora, Bogus\u0142awa \u015aliwerskiego. Dzi\u0119kuj\u0119 Ci&#8230; to dzia\u0142a nadal! Kliknij, aby powi\u0119kszy\u0107 &#8212;&#8212;&#8212;&#8212;&#8212;&#8212;&#8212;&#8212;&#8212;&#8212;&#8212;&#8212;&#8212;&#8212;&#8212;&#8212;&#8212;&#8212;&#8212;&#8212;&#8212;&#8212;&#8212;&#8212;&#8212;&#8212;&#8212;&#8212;&#8212;&#8212;&#8212;&#8212;&#8212;&#8212;&#8212;&#8212;&#8212;&#8212;&#8212;&#8211;&gt; Ca\u0142a rzecz polega na tym, \u017ce czasy zmieni\u0142y si\u0119. Kiedy pisa\u0142em &hellip; <a class=\"more-link\" href=\"http:\/\/www.survival.edu.pl\/wp-index.php\/?page_id=566\">Czytaj dalej <span class=\"meta-nav\">&rarr;<\/span><\/a><\/p>\n","protected":false},"author":2,"featured_media":0,"parent":2461,"menu_order":0,"comment_status":"closed","ping_status":"closed","template":"","meta":[],"_links":{"self":[{"href":"http:\/\/www.survival.edu.pl\/wp-index.php\/index.php?rest_route=\/wp\/v2\/pages\/566"}],"collection":[{"href":"http:\/\/www.survival.edu.pl\/wp-index.php\/index.php?rest_route=\/wp\/v2\/pages"}],"about":[{"href":"http:\/\/www.survival.edu.pl\/wp-index.php\/index.php?rest_route=\/wp\/v2\/types\/page"}],"author":[{"embeddable":true,"href":"http:\/\/www.survival.edu.pl\/wp-index.php\/index.php?rest_route=\/wp\/v2\/users\/2"}],"replies":[{"embeddable":true,"href":"http:\/\/www.survival.edu.pl\/wp-index.php\/index.php?rest_route=%2Fwp%2Fv2%2Fcomments&post=566"}],"version-history":[{"count":30,"href":"http:\/\/www.survival.edu.pl\/wp-index.php\/index.php?rest_route=\/wp\/v2\/pages\/566\/revisions"}],"predecessor-version":[{"id":4136,"href":"http:\/\/www.survival.edu.pl\/wp-index.php\/index.php?rest_route=\/wp\/v2\/pages\/566\/revisions\/4136"}],"up":[{"embeddable":true,"href":"http:\/\/www.survival.edu.pl\/wp-index.php\/index.php?rest_route=\/wp\/v2\/pages\/2461"}],"wp:attachment":[{"href":"http:\/\/www.survival.edu.pl\/wp-index.php\/index.php?rest_route=%2Fwp%2Fv2%2Fmedia&parent=566"}],"curies":[{"name":"wp","href":"https:\/\/api.w.org\/{rel}","templated":true}]}}